{"id":9992,"date":"2020-07-10T19:23:48","date_gmt":"2020-07-10T12:23:48","guid":{"rendered":"https:\/\/thucpham.com\/?post_type=product&#038;p=9992"},"modified":"2022-05-23T12:01:22","modified_gmt":"2022-05-23T05:01:22","slug":"may-say-cong-nghiep-imesa-es-34","status":"publish","type":"product","link":"https:\/\/thucpham.com\/vinacom\/may-say-cong-nghiep-imesa-es-34\/","title":{"rendered":"M\u00e1y S\u1ea5y C\u00f4ng Nghi\u1ec7p Imesa ES-34"},"content":{"rendered":"<h2><strong><span style=\"font-size: 85%;\">Th\u00f4ng tin s\u1ea3n ph\u1ea9m<\/span><\/strong><\/h2>\n<p style=\"text-align: justify;\"><b>M\u00e1y s\u1ea5y c\u00f4ng nghi\u1ec7p Imesa ES-34<\/b><span style=\"font-weight: 400;\"> l\u00e0 d\u00f2ng m\u00e1y s\u1ea5y ch\u1ea5t l\u01b0\u1ee3ng \u0111\u01b0\u1ee3c s\u1ea3n xu\u1ea5t t\u1ea1i \u00dd v\u1edbi &nbsp;v\u1edbi c\u00f4ng ngh\u1ec7 ti\u00ean ti\u1ebfn b\u1eadc nh\u1ea5t theo ti\u00eau chu\u1ea9n ch\u1ea5t l\u01b0\u1ee3ng ISO 9001. M\u00e1y s\u1ea5y Imesa ES-34 l\u00e0 gi\u1ea3i ph\u00e1p l\u00fd t\u01b0\u1edfng \u0111\u00e1p \u1ee9ng m\u1ecdi nhu c\u1ea7u gi\u1eb7t l\u00e0 t\u1ea1i c\u00e1c b\u1ec7nh vi\u1ec7n, khu resort, kh\u00e1ch s\u1ea1n,\u2026 v\u1edbi nh\u1eefng t\u00ednh n\u0103ng v\u01b0\u1ee3t tr\u1ed9i. M\u00e1y s\u1ea5y c\u00f3 c\u00f4ng su\u1ea5t s\u1ea5y kh\u00f4 l\u00ean \u0111\u1ebfn 34kg v\u1ea3i\/l\u1ea7n v\u1edbi t\u1ed1c \u0111\u1ed9 s\u1ea5y \u0111\u1ea1t 40 v\u00f2ng\/ph\u00fat. V\u1edbi \u0111\u01b0\u1eddng k\u00ednh l\u1ed7 tho\u00e1t h\u01a1i r\u1ed9ng 20cm, qu\u1ea7n \u00e1o s\u1ebd \u0111\u01b0\u1ee3c s\u1ea5y kh\u00f4 ho\u00e0n to\u00e0n.&nbsp;<\/span><\/p>\n<p><img class=\"aligncenter wp-image-12053 size-full\" src=\"https:\/\/thucpham.com\/wp-content\/uploads\/2020\/07\/may-say-cong-nghiep-imesa-es-34-banner.jpg\" alt=\"M\u00e1y S\u1ea5y C\u00f4ng Nghi\u1ec7p Imesa ES-34\" width=\"820\" height=\"656\" srcset=\"https:\/\/thucpham.com\/vinacom\/wp-content\/uploads\/2020\/07\/may-say-cong-nghiep-imesa-es-34-banner.jpg 820w, https:\/\/thucpham.com\/vinacom\/wp-content\/uploads\/2020\/07\/may-say-cong-nghiep-imesa-es-34-banner-300x240.jpg 300w, https:\/\/thucpham.com\/vinacom\/wp-content\/uploads\/2020\/07\/may-say-cong-nghiep-imesa-es-34-banner-768x614.jpg 768w, https:\/\/thucpham.com\/vinacom\/wp-content\/uploads\/2020\/07\/may-say-cong-nghiep-imesa-es-34-banner-24x19.jpg 24w, https:\/\/thucpham.com\/vinacom\/wp-content\/uploads\/2020\/07\/may-say-cong-nghiep-imesa-es-34-banner-36x29.jpg 36w, https:\/\/thucpham.com\/vinacom\/wp-content\/uploads\/2020\/07\/may-say-cong-nghiep-imesa-es-34-banner-48x38.jpg 48w, https:\/\/thucpham.com\/vinacom\/wp-content\/uploads\/2020\/07\/may-say-cong-nghiep-imesa-es-34-banner-510x408.jpg 510w\" sizes=\"(max-width: 820px) 100vw, 820px\" title=\"\"><\/p>\n<p style=\"text-align: center;\"><em>Th\u00f4ng tin s\u1ea3n ph\u1ea9m m\u00e1y s\u1ea5y c\u00f4ng nghi\u1ec7p Imesa ES-34<\/em><\/p>\n<h2><span style=\"font-size: 85%;\"><b>\u01afu \u0111i\u1ec3m m\u00e1y s\u1ea5y c\u00f4ng nghi\u1ec7p Imesa ES-34<\/b><\/span><\/h2>\n<p><b>M\u00e1y s\u1ea5y c\u00f4ng nghi\u1ec7p Imesa ES-34 <\/b>\u0111\u01b0\u1ee3c c\u1ea5u t\u1ea1o t\u1eeb nh\u1eefng linh ki\u1ec7n \u0111\u1ea1t ti\u00eau chu\u1ea9n Ch\u00e2u \u00c2u, c\u00e1c g\u00f3c c\u1ea1nh \u0111\u01b0\u1ee3c \u00e9p th\u1ee7y l\u1ef1c vu\u00f4ng v\u1eafn b\u00ean \u0111\u1eb9p. Ngo\u00e0i ra to\u00e0n b\u1ed9 th\u00e2n m\u00e1y \u0111\u01b0\u1ee3c l\u00e0m b\u1eb1ng <a href=\"https:\/\/vi.wikipedia.org\/wiki\/Th%C3%A9p_kh%C3%B4ng_g%E1%BB%89\" target=\"_blank\" rel=\"noopener nofollow\" data-schema-attribute=\"\">inox cao c\u1ea5p<\/a> gi\u00fap ch\u1ed1ng tr\u1ea7y x\u01b0\u1edbc, \u0111\u1ed9 b\u1ec1n b\u1ec9 cao, truy\u1ec1n nhi\u1ec7t t\u1ed1t, th\u00e2n thi\u1ec7n v\u1edbi m\u00f4i tr\u01b0\u1eddng.<\/p>\n<p style=\"text-align: justify;\"><b>M\u00e1y s\u1ea5y c\u00f4ng nghi\u1ec7p Imesa ES-34<\/b><span style=\"font-weight: 400;\"> \u0111\u01b0\u1ee3c c\u00e0i \u0111\u1eb7t s\u1eb5n 10 ch\u01b0\u01a1ng tr\u00ecnh s\u1ea5y kh\u00f4 v\u1edbi 10 ng\u00f4n ng\u1eef Ch\u00e2u \u00c2u. C\u00e1c ch\u01b0\u01a1ng tr\u00ecnh ho\u1ea1t \u0111\u1ed9ng b\u1eb1ng b\u1ed9 vi x\u1eed l\u00fd th\u00f4ng minh, gi\u00fap qu\u1ea3n l\u00fd th\u1eddi gian v\u00e0 nhi\u1ec7t \u0111\u1ed9 c\u1ea7n thi\u1ebft \u0111\u1ec3 s\u1ea5y, c\u0169ng nh\u01b0 qu\u00e1 tr\u00ecnh l\u00e0m ngu\u1ed9i m\u00e1t sau khi k\u1ebft th\u00fac. Th\u00eam v\u00e0o \u0111\u00f3, m\u00e1y \u0111\u01b0\u1ee3c trang b\u1ecb b\u1ed9 c\u1ea3m \u1ee9ng t\u1eeb v\u1edbi thi\u1ebft b\u1ecb b\u1ea3o v\u1ec7 IP67 s\u1ebd l\u00e0m m\u00e1y ng\u1eebng ho\u1ea1t \u0111\u1ed9ng n\u1ebfu c\u1eeda b\u1ecb m\u1edf trong qu\u00e1 tr\u00ecnh m\u00e1y \u0111ang v\u1eadn h\u00e0nh.<\/span><\/p>\n<p style=\"text-align: justify;\"><span style=\"font-weight: 400;\">Ngo\u00e0i ra, l\u1ed3ng s\u1ea5y \u0111\u1ea3o chi\u1ec1u c\u1ee7a <b>m\u00e1y s\u1ea5y c\u00f4ng nghi\u1ec7p Imesa ES-34 <\/b>cho ph\u00e9p xoay c\u1ea3 hai chi\u1ec1u, ng\u0103n kh\u00f4ng cho qu\u1ea7n \u00e1o qu\u1ea5n v\u00e0o nhau. B\u1ed9 ph\u1eadn c\u1eeda m\u1edf c\u00f3 k\u00edch th\u01b0\u1edbc r\u1ed9ng r\u00e3i, c\u00f3 th\u1ec3 m\u1edf 180\u00b0, gi\u00fap vi\u1ec7c cho \u0111\u1ed3 v\u00e0o v\u00e0 l\u1ea5y \u0111\u1ed3 ra tr\u1edf n\u00ean \u0111\u01a1n gi\u1ea3n, nhanh ch\u00f3ng h\u01a1n.<\/span><\/p>\n<p style=\"text-align: justify;\"><span style=\"font-weight: 400;\">Vi\u1ec7c \u0111\u1ea7u t\u01b0 v\u00e0o s\u1ea3n ph\u1ea9m m<em>\u00e1y s\u1ea5y c\u00f4ng nghi\u1ec7p Imesa ES-34 <\/em>\u0111em l\u1ea1i gi\u1ea3i ph\u00e1p mang t\u00ednh kinh t\u1ebf cao. B\u1ea1n c\u0169ng c\u00f3 th\u1ec3 \u0111\u01b0a ra nh\u1eefng l\u1ef1a ch\u1ecdn ph\u00f9 h\u1ee3p v\u1edbi m\u00f4 h\u00ecnh kinh doanh c\u1ee7a m\u00ecnh b\u1eb1ng c\u00e1ch tham kh\u1ea3o th\u00eam nhi\u1ec1u model <a href=\"https:\/\/thucpham.com\/may-giat-say-cong-nghiep\/\">m\u00e1y gi\u1eb7t s\u1ea5y c\u00f4ng nghi\u1ec7p<\/a> kh\u00e1c nh\u01b0: <span data-sheets-value=\"{&quot;1&quot;:2,&quot;2&quot;:&quot;M\u00e1y L\u00e0 Ph\u1eb3ng C\u00f4ng Nghi\u1ec7p Imesa FI-2000&quot;}\" data-sheets-userformat=\"{&quot;2&quot;:14466,&quot;4&quot;:{&quot;1&quot;:2,&quot;2&quot;:16777215},&quot;10&quot;:2,&quot;14&quot;:{&quot;1&quot;:2,&quot;2&quot;:3358280},&quot;15&quot;:&quot;Arial&quot;,&quot;16&quot;:10}\"><a href=\"https:\/\/thucpham.com\/may-la-phang-cong-nghiep-imesa-fi-2000\/\">M\u00e1y L\u00e0 Ph\u1eb3ng C\u00f4ng Nghi\u1ec7p Imesa FI-2000<\/a>, <a href=\"https:\/\/thucpham.com\/may-giat-vat-cong-nghiep-imesa-rc-40\/\">M\u00e1y Gi\u1eb7t V\u1eaft C\u00f4ng Nghi\u1ec7p Imesa RC-40<\/a>,&#8230;<\/span><\/span><\/p>\n","protected":false},"excerpt":{"rendered":"<ul>\n<li style=\"font-weight: 400;\"><span style=\"font-weight: 400;\">S\u1eed d\u1ee5ng \u0111\u01a1n gi\u1ea3n, an to\u00e0n, \u00edt ti\u1ebfng \u1ed3n<\/span><\/li>\n<li style=\"font-weight: 400;\"><span style=\"font-weight: 400;\">C\u1eeda m\u00e1y r\u1ed9ng, v\u00e0 c\u00f3 th\u1ec3 m\u1edf c\u1eeda 180 \u0111\u1ed9<\/span><\/li>\n<li style=\"font-weight: 400;\"><span style=\"font-weight: 400;\">T\u00edch h\u1ee3p nhi\u1ec1u ch\u01b0\u01a1ng tr\u00ecnh s\u1ea5y linh ho\u1ea1t<\/span><\/li>\n<li style=\"font-weight: 400;\"><span style=\"font-weight: 400;\">S\u1ea3n xu\u1ea5t theo c\u00f4ng ngh\u1ec7 ti\u00ean ti\u1ebfn b\u1eadc nh\u1ea5t theo ti\u00eau chu\u1ea9n ch\u1ea5t l\u01b0\u1ee3ng ISO 9001<\/span><\/li>\n<li style=\"font-weight: 400;\"><span style=\"font-weight: 400;\">M\u00e0n h\u00ecnh hi\u1ec3n th\u1ecb ngang t\u1ea7m m\u1eaft, ti\u1ec7n l\u1ee3i cho ng\u01b0\u1eddi s\u1eed d\u1ee5ng<\/span><\/li>\n<\/ul>\n","protected":false},"featured_media":37259,"comment_status":"open","ping_status":"closed","template":"","meta":[],"product_cat":[219],"product_tag":[],"_links":{"self":[{"href":"https:\/\/thucpham.com\/vinacom\/wp-json\/wp\/v2\/product\/9992"}],"collection":[{"href":"https:\/\/thucpham.com\/vinacom\/wp-json\/wp\/v2\/product"}],"about":[{"href":"https:\/\/thucpham.com\/vinacom\/wp-json\/wp\/v2\/types\/product"}],"replies":[{"embeddable":true,"href":"https:\/\/thucpham.com\/vinacom\/wp-json\/wp\/v2\/comments?post=9992"}],"wp:featuredmedia":[{"embeddable":true,"href":"https:\/\/thucpham.com\/vinacom\/wp-json\/wp\/v2\/media\/37259"}],"wp:attachment":[{"href":"https:\/\/thucpham.com\/vinacom\/wp-json\/wp\/v2\/media?parent=9992"}],"wp:term":[{"taxonomy":"product_cat","embeddable":true,"href":"https:\/\/thucpham.com\/vinacom\/wp-json\/wp\/v2\/product_cat?post=9992"},{"taxonomy":"product_tag","embeddable":true,"href":"https:\/\/thucpham.com\/vinacom\/wp-json\/wp\/v2\/product_tag?post=9992"}],"curies":[{"name":"wp","href":"https:\/\/api.w.org\/{rel}","templated":true}]}}