{"id":9989,"date":"2020-07-10T19:17:53","date_gmt":"2020-07-10T12:17:53","guid":{"rendered":"https:\/\/thucpham.com\/?post_type=product&#038;p=9989"},"modified":"2022-05-23T13:36:59","modified_gmt":"2022-05-23T06:36:59","slug":"may-say-khan-1-canh-kinh-kingsun","status":"publish","type":"product","link":"https:\/\/thucpham.com\/vinacom\/may-say-khan-1-canh-kinh-kingsun\/","title":{"rendered":"M\u00e1y S\u1ea5y Kh\u0103n 1 C\u00e1nh K\u00ednh Kingsun"},"content":{"rendered":"<h2><strong><span style=\"font-size: 85%;\">Th\u00f4ng tin s\u1ea3n ph\u1ea9m<\/span><\/strong><\/h2>\n<p style=\"text-align: justify;\"><span style=\"font-weight: 400;\">V\u1edbi <\/span>chi\u1ebfc <strong>m\u00e1y s\u1ea5y kh\u0103n 1 c\u00e1nh k\u00ednh Kingsun<\/strong><span style=\"font-weight: 400;\"> n\u00e0y th\u00ec gi\u1edd \u0111\u00e2y b\u1ea1n s\u1ebd kh\u00f4ng ph\u1ea3i m\u1ea5t th\u1eddi gian gi\u1eb7t kh\u0103n xong \u0111em ph\u01a1i r\u1ed3i ch\u1edd ch\u00fang kh\u00f4 n\u1eefa. Nh\u1edd thi\u1ebft b\u1ecb n\u00e0y m\u00e0 nh\u1eefng chi\u1ebfc kh\u0103n lau b\u00e0n, lau tay,\u2026s\u1ebd lu\u00f4n kh\u00f4 r\u00e1o, s\u1ea1ch s\u1ebd, ti\u1ec7t tr\u00f9ng, g\u00f3p ph\u1ea7n ng\u0103n ch\u1eb7n vi r\u00fat, vi khu\u1ea9n c\u00f3 h\u1ea1i x\u00e2m nh\u1eadp v\u00e0o c\u01a1 th\u1ec3. M\u00e1y s\u1ea5y kh\u0103n Kingsun v\u00f4 c\u00f9ng ti\u1ec7n d\u1ee5ng cho nh\u00e0 h\u00e0ng, qu\u00e1n \u0103n l\u1edbn, kh\u00e1ch s\u1ea1n; qu\u00e1 tr\u00ecnh l\u00e0m vi\u1ec7c ho\u00e0n to\u00e0n t\u1ef1 \u0111\u1ed9ng, s\u1eed d\u1ee5ng c\u00f4ng ngh\u1ec7 di\u1ec7t khu\u1ea9n v\u00e0 n\u1ea5m m\u1ed1c theo ti\u00eau chu\u1ea9n Ch\u00e2u \u00c2u.<\/span><\/p>\n<p><img class=\"size-full wp-image-12116 aligncenter\" src=\"https:\/\/thucpham.com\/wp-content\/uploads\/2020\/07\/may-say-khan-1-canh-kinh-kingsun-banner.jpg\" alt=\"may-say-khan-1-canh-kinh-kingsun\" width=\"820\" height=\"656\" srcset=\"https:\/\/thucpham.com\/vinacom\/wp-content\/uploads\/2020\/07\/may-say-khan-1-canh-kinh-kingsun-banner.jpg 820w, https:\/\/thucpham.com\/vinacom\/wp-content\/uploads\/2020\/07\/may-say-khan-1-canh-kinh-kingsun-banner-300x240.jpg 300w, https:\/\/thucpham.com\/vinacom\/wp-content\/uploads\/2020\/07\/may-say-khan-1-canh-kinh-kingsun-banner-768x614.jpg 768w, https:\/\/thucpham.com\/vinacom\/wp-content\/uploads\/2020\/07\/may-say-khan-1-canh-kinh-kingsun-banner-24x19.jpg 24w, https:\/\/thucpham.com\/vinacom\/wp-content\/uploads\/2020\/07\/may-say-khan-1-canh-kinh-kingsun-banner-36x29.jpg 36w, https:\/\/thucpham.com\/vinacom\/wp-content\/uploads\/2020\/07\/may-say-khan-1-canh-kinh-kingsun-banner-48x38.jpg 48w, https:\/\/thucpham.com\/vinacom\/wp-content\/uploads\/2020\/07\/may-say-khan-1-canh-kinh-kingsun-banner-510x408.jpg 510w\" sizes=\"(max-width: 820px) 100vw, 820px\" title=\"\"><\/p>\n<p style=\"text-align: center;\"><em>Th\u00f4ng tin s\u1ea3n ph\u1ea9m m\u00e1y s\u1ea5y kh\u0103n 1 c\u00e1nh k\u00ednh Kingsun<\/em><\/p>\n<h2><span style=\"font-size: 85%;\"><strong>\u01afu \u0111i\u1ec3m m\u00e1y s\u1ea5y kh\u0103n 1 c\u00e1nh k\u00ednh Kingsun<\/strong><\/span><\/h2>\n<p style=\"text-align: justify;\"><span style=\"font-weight: 400;\">Th\u00e2n m\u00e1y \u0111\u01b0\u1ee3c s\u1ea3n xu\u1ea5t v\u00e0 l\u1eafp r\u00e1p b\u1eb1ng <a href=\"https:\/\/vi.wikipedia.org\/wiki\/Th%C3%A9p_kh%C3%B4ng_g%E1%BB%89\" target=\"_blank\" rel=\"noopener nofollow\" data-schema-attribute=\"\">inox cao c\u1ea5p<\/a>, b\u1ec1n b\u1ec9, kh\u00f4ng b\u1ecb han g\u1ec9 hay s\u1ea3n sinh nh\u1eefng ch\u1ea5t \u0111\u1ed9c h\u1ea1i khi ti\u1ebfp x\u00fac v\u1edbi nhi\u1ec7t \u0111\u1ed9 cao. H\u01a1n th\u1ebf n\u1eefa, ph\u1ea7n c\u00e1nh c\u1eeda \u0111\u01b0\u1ee3c l\u00e0m b\u1eb1ng k\u00ednh 2 l\u1edbp, \u1edf gi\u1eefa \u0111\u01b0\u1ee3c \u0111\u1ed5 keo b\u1ecdt \u0111\u1ec3 t\u1ea1o ra s\u1ef1 li\u00ean k\u1ebft ch\u1eafc ch\u1eafn cho thi\u1ebft b\u1ecb v\u00e0 c\u0169ng gi\u00fap h\u1ea1n ch\u1ebf s\u1ef1 th\u1ea5t tho\u00e1t nhi\u1ec7t<\/span><b><i>.<\/i><\/b><\/p>\n<p style=\"text-align: justify;\"><b>M\u00e1y <\/b><b>s\u1ea5y kh\u0103n 1 c\u00e1nh k\u00ednh Kingsun<\/b> <span style=\"font-weight: 400;\">\u0111\u01b0\u1ee3c t\u00edch h\u1ee3p qu\u1ea1t t\u1ea3n nhi\u1ec7t gi\u00fap nhi\u1ec7t lan t\u1ecfa \u0111\u1ed3ng \u0111\u1ec1u trong khoang s\u1ea5y k\u1ebft h\u1ee3p v\u1edbi c\u00f2ng \u0111\u1ed1t chuy\u00ean d\u1ee5ng gi\u00fap nhi\u1ec7t \u0111\u1ed9 t\u0103ng nhanh \u0111\u1ea1t chu\u1ea9n 100 \u0111\u1ed9 C. V\u1edbi m\u00e1y s\u1ea5y Kingsun<\/span><span style=\"font-weight: 400;\"> MTD-560A<\/span><span style=\"font-weight: 400;\">, c\u00e1c lo\u1ea1i kh\u0103n d\u00f9ng cho c\u00f4ng vi\u1ec7c ph\u1ee5c v\u1ee5 s\u1ebd lu\u00f4n s\u1eb5n s\u00e0ng \u0111\u1ec3 s\u1eed d\u1ee5ng b\u1ea5t k\u1ef3 l\u00fac n\u00e0o.<\/span><\/p>\n<p><em>M\u00e1y s\u1ea5y kh\u0103n 1 c\u00e1nh k\u00ednh Kingsun <\/em>gi\u00fap cho b\u1ea1n \u0111\u1ea3m b\u1ea3o an to\u00e0n v\u1ec7 sinh cho nh\u1eefng chi\u1ebfc kh\u0103n d\u00f9ng trong vi\u1ec7c kinh doanh c\u1ee7a b\u1ea1n. N\u1ebfu b\u1ea1n c\u1ea7n c\u00f4ng su\u1ea5t l\u1edbn h\u01a1n th\u00ec b\u1ea1n c\u0169ng c\u00f3 th\u1ec3 tham kh\u1ea3o <span data-sheets-value=\"{&quot;1&quot;:2,&quot;2&quot;:&quot;M\u00e1y S\u1ea5y Kh\u0103n 2 C\u00e1nh K\u00ednh Kingsun&quot;}\" data-sheets-userformat=\"{&quot;2&quot;:14466,&quot;4&quot;:{&quot;1&quot;:2,&quot;2&quot;:16777215},&quot;10&quot;:2,&quot;14&quot;:{&quot;1&quot;:2,&quot;2&quot;:3358280},&quot;15&quot;:&quot;Arial&quot;,&quot;16&quot;:10}\"><a href=\"https:\/\/thucpham.com\/may-say-khan-2-canh-kinh-kingsun\/\">M\u00e1y S\u1ea5y Kh\u0103n 2 C\u00e1nh K\u00ednh Kingsun<\/a>, <a href=\"https:\/\/thucpham.com\/may-say-cong-nghiep-kingsun-ks-hg\/\">M\u00e1y S\u1ea5y C\u00f4ng Nghi\u1ec7p Kingsun KS-HG<\/a>,&#8230; \u0111\u1ec3 c\u00f3 l\u1ef1a ch\u1ecdn ph\u00f9 h\u1ee3p v\u1edbi b\u1ea1n nh\u1ea5t.<\/span><\/p>\n","protected":false},"excerpt":{"rendered":"<ul>\n<li style=\"font-weight: 400;\"><span style=\"font-weight: 400;\">Quy tr\u00ecnh s\u1ea5y kh\u00f4 ho\u00e0n to\u00e0n t\u1ef1 \u0111\u1ed9ng<\/span><\/li>\n<li style=\"font-weight: 400;\"><span style=\"font-weight: 400;\">C\u1eeda k\u00ednh 2 l\u1edbp ch\u1eafc ch\u1eafn v\u1edbi b\u1ecdt keo \u1edf gi\u1eefa h\u1ea1n ch\u1ebf tho\u00e1t nhi\u1ec7t ra ngo\u00e0i<\/span><\/li>\n<li style=\"font-weight: 400;\"><span style=\"font-weight: 400;\">Ch\u1ea5t li\u1ec7u inox cao c\u1ea5p, c\u00e1ch nhi\u1ec7t c\u00e1ch \u0111i\u1ec7n t\u1ed1t, c\u00f3 \u0111\u1ed9 b\u1ec1n cao<\/span><\/li>\n<li style=\"font-weight: 400;\"><span style=\"font-weight: 400;\">Thi\u1ebft k\u1ebf g\u1ecdn g\u00e0ng, ph\u00f9 h\u1ee3p c\u1ea3 v\u1edbi kh\u00f4ng gian ch\u1eadt h\u1eb9p<\/span><\/li>\n<li style=\"font-weight: 400;\"><span style=\"font-weight: 400;\">Nhi\u1ec7t \u0111\u1ed9 s\u1ea5y \u0111\u1ea1t chu\u1ea9n 100 \u0111\u1ed9 C<\/span><\/li>\n<\/ul>\n","protected":false},"featured_media":37327,"comment_status":"open","ping_status":"closed","template":"","meta":[],"product_cat":[219],"product_tag":[],"_links":{"self":[{"href":"https:\/\/thucpham.com\/vinacom\/wp-json\/wp\/v2\/product\/9989"}],"collection":[{"href":"https:\/\/thucpham.com\/vinacom\/wp-json\/wp\/v2\/product"}],"about":[{"href":"https:\/\/thucpham.com\/vinacom\/wp-json\/wp\/v2\/types\/product"}],"replies":[{"embeddable":true,"href":"https:\/\/thucpham.com\/vinacom\/wp-json\/wp\/v2\/comments?post=9989"}],"wp:featuredmedia":[{"embeddable":true,"href":"https:\/\/thucpham.com\/vinacom\/wp-json\/wp\/v2\/media\/37327"}],"wp:attachment":[{"href":"https:\/\/thucpham.com\/vinacom\/wp-json\/wp\/v2\/media?parent=9989"}],"wp:term":[{"taxonomy":"product_cat","embeddable":true,"href":"https:\/\/thucpham.com\/vinacom\/wp-json\/wp\/v2\/product_cat?post=9989"},{"taxonomy":"product_tag","embeddable":true,"href":"https:\/\/thucpham.com\/vinacom\/wp-json\/wp\/v2\/product_tag?post=9989"}],"curies":[{"name":"wp","href":"https:\/\/api.w.org\/{rel}","templated":true}]}}