{"id":9983,"date":"2020-07-10T18:25:12","date_gmt":"2020-07-10T11:25:12","guid":{"rendered":"https:\/\/thucpham.com\/?post_type=product&#038;p=9983"},"modified":"2024-10-11T14:35:57","modified_gmt":"2024-10-11T07:35:57","slug":"may-say-cong-nghiep-powerline-pd-75","status":"publish","type":"product","link":"https:\/\/thucpham.com\/vinacom\/may-say-cong-nghiep-powerline-pd-75\/","title":{"rendered":"M\u00e1y S\u1ea5y C\u00f4ng Nghi\u1ec7p Powerline PD-75"},"content":{"rendered":"<h2><strong><span style=\"font-size: 85%;\">Th\u00f4ng tin s\u1ea3n ph\u1ea9m<\/span><\/strong><\/h2>\n<p style=\"text-align: justify;\"><span style=\"font-weight: 400;\">D\u00f2ng m\u00e1y s\u1ea5y c\u00f4ng nghi\u1ec7p c\u1ee7a th\u01b0\u01a1ng hi\u1ec7u Powerline th\u01b0\u1eddng c\u00f3 thi\u1ebft k\u1ebf h\u01b0\u1edbng \u0111\u1ebfn s\u1ef1 b\u1ec1n b\u1ec9, ch\u1eafc ch\u1eafn, an to\u00e0n cho kh\u00e1ch h\u00e0ng. V\u00e0 t\u1ea5t nhi\u00ean s\u1ea3n ph\u1ea9m <\/span><b>m\u00e1y s\u1ea5y c\u00f4ng nghi\u1ec7p Powerline PD-75<\/b><span style=\"font-weight: 400;\"> c\u0169ng kh\u00f4ng ngo\u1ea1i l\u1ec7 v\u1edbi k\u1ebft c\u1ea5u v\u1eefng ch\u1eafc, \u0111\u1ed9ng c\u01a1 ho\u1ea1t \u0111\u1ed9ng m\u1ea1nh m\u1ebd, tu\u1ed5i th\u1ecd l\u00e2u d\u00e0i.<\/span><\/p>\n<p><img class=\"size-full wp-image-12148 aligncenter\" src=\"https:\/\/thucpham.com\/wp-content\/uploads\/2020\/07\/may-say-cong-nghiep-powerline-pd-75t-banner.jpg\" alt=\"may-say-cong-nghiep-powerline-pd-75\" width=\"820\" height=\"656\" srcset=\"https:\/\/thucpham.com\/vinacom\/wp-content\/uploads\/2020\/07\/may-say-cong-nghiep-powerline-pd-75t-banner.jpg 820w, https:\/\/thucpham.com\/vinacom\/wp-content\/uploads\/2020\/07\/may-say-cong-nghiep-powerline-pd-75t-banner-300x240.jpg 300w, https:\/\/thucpham.com\/vinacom\/wp-content\/uploads\/2020\/07\/may-say-cong-nghiep-powerline-pd-75t-banner-768x614.jpg 768w, https:\/\/thucpham.com\/vinacom\/wp-content\/uploads\/2020\/07\/may-say-cong-nghiep-powerline-pd-75t-banner-24x19.jpg 24w, https:\/\/thucpham.com\/vinacom\/wp-content\/uploads\/2020\/07\/may-say-cong-nghiep-powerline-pd-75t-banner-36x29.jpg 36w, https:\/\/thucpham.com\/vinacom\/wp-content\/uploads\/2020\/07\/may-say-cong-nghiep-powerline-pd-75t-banner-48x38.jpg 48w, https:\/\/thucpham.com\/vinacom\/wp-content\/uploads\/2020\/07\/may-say-cong-nghiep-powerline-pd-75t-banner-510x408.jpg 510w\" sizes=\"(max-width: 820px) 100vw, 820px\" title=\"\"><\/p>\n<p style=\"text-align: center;\"><em>Th\u00f4ng tin s\u1ea3n ph\u1ea9m m\u00e1y s\u1ea5y c\u00f4ng nghi\u1ec7p Powerline PD-75<\/em><\/p>\n<h2 style=\"text-align: justify;\"><span style=\"font-size: 85%;\"><b>\u01afu \u0111i\u1ec3m m\u00e1y s\u1ea5y c\u00f4ng nghi\u1ec7p Powerline PD-75<\/b><\/span><\/h2>\n<p style=\"text-align: justify;\"><span style=\"font-weight: 400;\">Ph\u1ea7n th\u00e2n c\u1ee7a <b>m\u00e1y s\u1ea5y c\u00f4ng nghi\u1ec7p Powerline PD-75<\/b> \u0111\u01b0\u1ee3c l\u00e0m b\u1eb1ng ch\u1ea5t li\u1ec7u <a href=\"https:\/\/vi.wikipedia.org\/wiki\/Th%C3%A9p_kh%C3%B4ng_g%E1%BB%89\" target=\"_blank\" rel=\"noopener nofollow\" data-schema-attribute=\"\">th\u00e9p kh\u00f4ng g\u1ec9<\/a>, kh\u00f4ng b\u1ecb oxy h\u00f3a hay \u0103n m\u00f2n khi ti\u1ebfp x\u00fac v\u1edbi h\u00f3a ch\u1ea5t t\u1ea9y r\u1eeda hay nhi\u1ec7t \u0111\u1ed9 cao. \u0110\u1eb7c bi\u1ec7t, m\u00e1y s\u1ea5y c\u00f4ng nghi\u1ec7p c\u00f3 th\u1ec3 ghi nh\u1edb 10 ch\u01b0\u01a1ng tr\u00ecnh s\u1ea5y kh\u00e1c nhau, b\u1ea1n ch\u1ec9 c\u1ea7n l\u1ef1a ch\u1ecdn ch\u01b0\u01a1ng tr\u00ecnh s\u1ea5y c\u00e0i \u0111\u1eb7t tr\u01b0\u1edbc v\u00e0 nh\u1ea5n n\u00fat Start. <\/span><span style=\"font-weight: 400;\">Ngo\u00e0i ra, m\u00e1y c\u00f2n s\u1eed d\u1ee5ng h\u1ec7 th\u1ed1ng truy\u1ec1n \u0111\u1ed9ng b\u1eb1ng d\u00e2y \u0111ai tr\u1ef1c ti\u1ebfp, gi\u00fap cho qu\u00e1 tr\u00ecnh s\u1ea5y m\u1ea1nh m\u1ebd v\u00e0 hi\u1ec7u qu\u1ea3 h\u01a1n.<\/span><\/p>\n<p style=\"text-align: justify;\"><b>M\u00e1y s\u1ea5y c\u00f4ng nghi\u1ec7p Powerline PD-75<\/b><span style=\"font-weight: 400;\"> c\u00f2n \u0111\u01b0\u1ee3c trang b\u1ecb b\u1ed9 vi x\u1eed l\u00fd ti\u00ean ti\u1ebfn, cho ph\u00e9p ng\u01b0\u1eddi d\u00f9ng d\u1ec5 d\u00e0ng theo d\u00f5i nhi\u1ec7t \u0111\u1ed9 s\u1ea5y v\u1ea3i b\u00ean trong th\u00f4ng qua m\u00e0n h\u00ecnh LCD \u1edf tr\u00ean th\u00e2n m\u00e1y. Ch\u1ebf \u0111\u1ed9 l\u00e0m m\u00e1t \u0111\u1ec3 gi\u00fap b\u1ea3o v\u1ec7 \u0111\u1ed9ng c\u01a1 khi th\u1ea5y qu\u00e1 t\u1ea3i. Th\u00eam v\u00e0o \u0111\u00f3, s\u1ea3n ph\u1ea9m n\u00e0y \u0111\u01b0\u1ee3c trang b\u1ecb c\u00e1c n\u00fat t\u1eaft kh\u1ea9n c\u1ea5p khi c\u1ea7n thi\u1ebft nh\u1ea5t c\u00f9ng v\u1edbi nhi\u1ec1u t\u00edn hi\u1ec7u c\u1ea3nh b\u00e1o khi c\u00f3 s\u1ef1 c\u1ed1 x\u1ea3y ra n\u00ean b\u1ea1n ho\u00e0n to\u00e0n c\u00f3 th\u1ec3 y\u00ean t\u00e2m khi s\u1eed d\u1ee5ng.<\/span><\/p>\n<p>V\u1edbi v\u1ebb ngo\u00e0i sang tr\u1ecdng, b\u1eaft m\u1eaft, v\u1eadn h\u00e0nh t\u1ed1i \u01b0u, \u00eam \u00e1i, \u0111a ch\u1ee9c n\u0103ng th\u00ec <em><span style=\"font-weight: 400;\">m\u00e1y s\u1ea5y c\u00f4ng nghi\u1ec7p Powerline PD-75 <\/span><\/em><span style=\"font-weight: 400;\">lu\u00f4n l\u00e0 l\u1ef1a ch\u1ecdn h\u00e0ng \u0111\u1ea7u tr\u00ean th\u1ecb tr\u01b0\u1eddng <a href=\"https:\/\/thucpham.com\/may-giat-say-cong-nghiep\/\">m\u00e1y gi\u1eb7t s\u1ea5y c\u00f4ng nghi\u1ec7p<\/a> hi\u1ec7n nay. B\u1ea1n c\u0169ng c\u00f3 th\u1ec3 c\u00f3 nh\u1eefng l\u1ef1a ch\u1ecdn ph\u00f9 h\u1ee3p h\u01a1n khi tham kh\u1ea3o th\u00eam nhi\u1ec1u model kh\u00e1c nh\u01b0: <span data-sheets-value=\"{&quot;1&quot;:2,&quot;2&quot;:&quot;M\u00e1y S\u1ea5y C\u00f4ng Nghi\u1ec7p Powerline PD-50&quot;}\" data-sheets-userformat=\"{&quot;2&quot;:14466,&quot;4&quot;:{&quot;1&quot;:2,&quot;2&quot;:16777215},&quot;10&quot;:2,&quot;14&quot;:{&quot;1&quot;:2,&quot;2&quot;:3358280},&quot;15&quot;:&quot;Arial&quot;,&quot;16&quot;:10}\"><a href=\"https:\/\/thucpham.com\/may-say-cong-nghiep-powerline-pd-50\/\">M\u00e1y S\u1ea5y C\u00f4ng Nghi\u1ec7p Powerline PD-50<\/a>, <a href=\"https:\/\/thucpham.com\/may-giat-cong-nghiep-powerline-he-40\/\">M\u00e1y Gi\u1eb7t C\u00f4ng Nghi\u1ec7p Powerline HE-40<\/a>,&#8230;<\/span><\/span><\/p>\n","protected":false},"excerpt":{"rendered":"<ul>\n<li style=\"font-weight: 400;\"><span style=\"font-weight: 400;\">H\u1ec7 th\u1ed1ng c\u00f3 th\u1ec3 ghi nh\u1edb 10 ch\u01b0\u01a1ng tr\u00ecnh s\u1ea5y kh\u00e1c nhau<\/span><\/li>\n<li style=\"font-weight: 400;\"><span style=\"font-weight: 400;\">H\u1eb9n gi\u1edd k\u00e9p: s\u1ea5y kh\u00f4 v\u00e0 l\u00e0m m\u00e1t<\/span><\/li>\n<li style=\"font-weight: 400;\"><span style=\"font-weight: 400;\">M\u1edf c\u1eeda l\u1edbn, xoay 180 \u0111\u1ed9 v\u00e0 kh\u00f3a c\u1eeda an to\u00e0n<\/span><\/li>\n<li style=\"font-weight: 400;\"><span style=\"font-weight: 400;\">Trang b\u1ecb ch\u1ebf \u0111\u1ed9 t\u1ef1 l\u00e0m s\u1ea1ch qu\u1ea1t<\/span><\/li>\n<li style=\"font-weight: 400;\"><span style=\"font-weight: 400;\">Th\u00e2n m\u00e1y b\u1eb1ng th\u00e9p kh\u00f4ng g\u1ec9, c\u00f3 tu\u1ed5i th\u1ecd l\u00e2u b\u1ec1n<\/span><\/li>\n<li style=\"font-weight: 400;\"><span style=\"font-weight: 400;\">Theo d\u00f5i nhi\u1ec7t \u0111\u1ed9 b\u1eb1ng b\u1ed9 vi x\u1eed l\u00fd ti\u00ean ti\u1ebfn<\/span><\/li>\n<\/ul>\n","protected":false},"featured_media":37300,"comment_status":"open","ping_status":"closed","template":"","meta":[],"product_cat":[219],"product_tag":[],"_links":{"self":[{"href":"https:\/\/thucpham.com\/vinacom\/wp-json\/wp\/v2\/product\/9983"}],"collection":[{"href":"https:\/\/thucpham.com\/vinacom\/wp-json\/wp\/v2\/product"}],"about":[{"href":"https:\/\/thucpham.com\/vinacom\/wp-json\/wp\/v2\/types\/product"}],"replies":[{"embeddable":true,"href":"https:\/\/thucpham.com\/vinacom\/wp-json\/wp\/v2\/comments?post=9983"}],"wp:featuredmedia":[{"embeddable":true,"href":"https:\/\/thucpham.com\/vinacom\/wp-json\/wp\/v2\/media\/37300"}],"wp:attachment":[{"href":"https:\/\/thucpham.com\/vinacom\/wp-json\/wp\/v2\/media?parent=9983"}],"wp:term":[{"taxonomy":"product_cat","embeddable":true,"href":"https:\/\/thucpham.com\/vinacom\/wp-json\/wp\/v2\/product_cat?post=9983"},{"taxonomy":"product_tag","embeddable":true,"href":"https:\/\/thucpham.com\/vinacom\/wp-json\/wp\/v2\/product_tag?post=9983"}],"curies":[{"name":"wp","href":"https:\/\/api.w.org\/{rel}","templated":true}]}}