{"id":9974,"date":"2020-07-10T18:06:17","date_gmt":"2020-07-10T11:06:17","guid":{"rendered":"https:\/\/thucpham.com\/?post_type=product&#038;p=9974"},"modified":"2022-05-23T13:21:47","modified_gmt":"2022-05-23T06:21:47","slug":"may-giat-vat-cong-nghiep-kingsun-ks-xtq","status":"publish","type":"product","link":"https:\/\/thucpham.com\/vinacom\/may-giat-vat-cong-nghiep-kingsun-ks-xtq\/","title":{"rendered":"M\u00e1y Gi\u1eb7t V\u1eaft C\u00f4ng Nghi\u1ec7p KingSun KS-XTQ-20\/25\/30F\/50F"},"content":{"rendered":"<h2><span style=\"font-family: arial, helvetica, sans-serif;\"><strong><span style=\"font-size: 85%;\">Th\u00f4ng tin s\u1ea3n ph\u1ea9m<\/span><\/strong><\/span><\/h2>\n<p style=\"text-align: justify;\"><b>M\u00e1y gi\u1eb7t v\u1eaft c\u00f4ng nghi\u1ec7p Kingsun KS-XTQ<\/b><span style=\"font-weight: 400;\"> ho\u1ea1t \u0111\u1ed9ng v\u1edbi c\u00f4ng su\u1ea5t l\u1edbn t\u1eeb c\u00f4ng su\u1ea5t t\u1eeb 20 \u0111\u1ebfn 50kg v\u1ea3i\/m\u1ebb gi\u1eb7t, chuy\u00ean d\u1ee5ng d\u00f9ng cho c\u00e1c kh\u00e1ch s\u1ea1n, nh\u00e0 h\u00e0ng hay c\u00e1c khu resort, c\u00f4ng nghi\u1ec7p, b\u1ec7nh vi\u1ec7n c\u00f3 nhu c\u1ea7u gi\u1eb7t s\u1ea5y v\u1edbi s\u1ed1 l\u01b0\u1ee3ng nhi\u1ec1u. M\u00e1y \u0111\u01b0\u1ee3c thi\u1ebft k\u1ebf theo phong c\u00e1ch Ch\u00e2u \u00c2u, c\u1ea5u tr\u00fac nh\u1ecf g\u1ecdn, k\u00edch th\u01b0\u1edbc c\u1eeda l\u1edbn d\u1ec5 d\u00e0ng cho vi\u1ec7c b\u1ecf \u0111\u1ed3 v\u00e0o v\u00e0 l\u1ea5y \u0111\u1ed3 ra m\u1ed9t c\u00e1ch nhanh ch\u00f3ng.&nbsp;<\/span><\/p>\n<p><img class=\"aligncenter wp-image-12117 size-full\" src=\"https:\/\/thucpham.com\/wp-content\/uploads\/2020\/07\/may-giat-vat-cong-nghiep-kingsun-ks-xtq-20-banner.jpg\" alt=\"M\u00e1y gi\u1eb7t v\u1eaft c\u00f4ng nghi\u1ec7p Kingsun KS-XTQ\" width=\"820\" height=\"656\" srcset=\"https:\/\/thucpham.com\/vinacom\/wp-content\/uploads\/2020\/07\/may-giat-vat-cong-nghiep-kingsun-ks-xtq-20-banner.jpg 820w, https:\/\/thucpham.com\/vinacom\/wp-content\/uploads\/2020\/07\/may-giat-vat-cong-nghiep-kingsun-ks-xtq-20-banner-300x240.jpg 300w, https:\/\/thucpham.com\/vinacom\/wp-content\/uploads\/2020\/07\/may-giat-vat-cong-nghiep-kingsun-ks-xtq-20-banner-768x614.jpg 768w, https:\/\/thucpham.com\/vinacom\/wp-content\/uploads\/2020\/07\/may-giat-vat-cong-nghiep-kingsun-ks-xtq-20-banner-24x19.jpg 24w, https:\/\/thucpham.com\/vinacom\/wp-content\/uploads\/2020\/07\/may-giat-vat-cong-nghiep-kingsun-ks-xtq-20-banner-36x29.jpg 36w, https:\/\/thucpham.com\/vinacom\/wp-content\/uploads\/2020\/07\/may-giat-vat-cong-nghiep-kingsun-ks-xtq-20-banner-48x38.jpg 48w, https:\/\/thucpham.com\/vinacom\/wp-content\/uploads\/2020\/07\/may-giat-vat-cong-nghiep-kingsun-ks-xtq-20-banner-510x408.jpg 510w\" sizes=\"(max-width: 820px) 100vw, 820px\" title=\"\"><\/p>\n<p style=\"text-align: center;\"><em>Th\u00f4ng tin s\u1ea3n ph\u1ea9m m\u00e1y gi\u1eb7t v\u1eaft c\u00f4ng nghi\u1ec7p Kingsun KS-XTQ<\/em><\/p>\n<h2><span style=\"font-size: 85%;\"><b>\u01afu \u0111i\u1ec3m m\u00e1y gi\u1eb7t v\u1eaft c\u00f4ng nghi\u1ec7p Kingsun KS-XTQ<\/b><\/span><\/h2>\n<p><span style=\"font-weight: 400;\"><b>M\u00e1y gi\u1eb7t v\u1eaft c\u00f4ng nghi\u1ec7p Kingsun KS-XTQ<\/b> c\u00f3 thi\u1ebft k\u1ebf b\u1eb1ng <a href=\"https:\/\/vi.wikipedia.org\/wiki\/Th%C3%A9p_kh%C3%B4ng_g%E1%BB%89\" target=\"_blank\" rel=\"noopener nofollow\" data-schema-attribute=\"\">inox<\/a> c\u1ea3 b\u00ean ngo\u00e0i l\u1eabn b\u00ean trong n\u00ean lu\u00f4n gi\u1eef \u0111\u01b0\u1ee3c v\u1ebb ngo\u00e0i s\u00e1ng b\u00f3ng, b\u1ec1n \u0111\u1eb9p. Ch\u1ea5t li\u1ec7u inox gi\u00fap l\u1ed3ng m\u00e1y gi\u1eb7t, kh\u00f4ng b\u1ecb \u0103n m\u00f2n, \u0111\u1ea3m b\u1ea3o \u0111\u1ea1t chu\u1ea9n v\u1ec7 sinh, kh\u00f4ng g\u00e2y b\u1ea9n, h\u01b0 h\u1ea1i cho s\u1ea3n ph\u1ea9m trong qu\u00e1 tr\u00ecnh v\u1eadn h\u00e0nh.<\/span><\/p>\n<p style=\"text-align: justify;\"><b>M\u00e1y gi\u1eb7t v\u1eaft c\u00f4ng nghi\u1ec7p Kingsun KS-XTQ<\/b><span style=\"font-weight: 400;\"> c\u00f2n \u0111\u01b0\u1ee3c trang b\u1ecb \u0111\u1ed9ng c\u01a1 quay gi\u1eb7t m\u1ea1nh m\u1ebd, t\u1ed1c \u0111\u1ed9 quay \u0111\u01b0\u1ee3c \u0111i\u1ec1u ch\u1ec9nh b\u1eb1ng h\u1ec7 th\u1ed1ng bi\u1ebfn t\u1ea7n, gi\u00fap m\u00e1y ch\u1ea1y \u1ed5n \u0111\u1ecbnh, gi\u1ea3m thi\u1ec3u \u0111\u01b0\u1ee3c ti\u1ebfng \u1ed3n khi ho\u1ea1t \u0111\u1ed9ng. Th\u00eam v\u00e0o \u0111\u00f3, thi\u1ebft b\u1ecb s\u1eed d\u1ee5ng h\u1ec7 th\u1ed1ng l\u1ef1c v\u1eaft ly t\u00e2m G-Force nh\u1eb1m gi\u00fap n\u00e2ng cao hi\u1ec7u qu\u1ea3 v\u1eaft kh\u00f4 v\u1ea3i ngay khi k\u1ebft th\u00fac chu tr\u00ecnh gi\u1eb7t. B\u1ea3ng \u0111i\u1ec1u khi\u1ec3n m\u00e0n h\u00ecnh LCD hi\u1ec3n th\u1ecb r\u00f5 r\u00e0ng, cho ph\u00e9p ch\u1ecdn m\u1ee9c n\u01b0\u1edbc kh\u00e1c nhau, gi\u00fap ti\u1ebft ki\u1ec7m l\u01b0\u1ee3ng n\u01b0\u1edbc ti\u00eau th\u1ee5.<\/span><\/p>\n<p><em>M\u00e1y gi\u1eb7t v\u1eaft c\u00f4ng nghi\u1ec7p Kingsun KS-XTQ <\/em>v\u1edbi c\u00f4ng su\u1ea5t l\u1edbn, v\u1ebb ngo\u00e0i b\u1eaft m\u1eaft n\u00e0y \u0111ang \u0111\u01b0\u1ee3c gi\u1edbi thi\u1ec7u b\u1edfi ThucPham.com, n\u1ebfu c\u1ea7n t\u01b0 v\u1ea5n hay c\u00f3 th\u1eafc m\u1eafc g\u00ec h\u00e3y li\u00ean h\u1ec7 ngay v\u1edbi ch\u00fang t\u00f4i. B\u1ea1n c\u00f3 th\u1ec3 tham kh\u1ea3o th\u00eam nhi\u1ec1u model <a href=\"https:\/\/thucpham.com\/may-giat-say-cong-nghiep\/\">m\u00e1y gi\u1eb7t s\u1ea5y c\u00f4ng nghi\u1ec7p<\/a> kh\u00e1c m\u00e0 ch\u00fang t\u00f4i \u0111ang cung c\u1ea5p \u0111\u1ec3 c\u00f3 l\u1ef1a ch\u1ecdn ph\u00f9 h\u1ee3p nh\u1ea5t nh\u01b0: <span data-sheets-value=\"{&quot;1&quot;:2,&quot;2&quot;:&quot;M\u00e1y Gi\u1eb7t V\u1eaft C\u00f4ng Nghi\u1ec7p Imesa RC-40&quot;}\" data-sheets-userformat=\"{&quot;2&quot;:14466,&quot;4&quot;:{&quot;1&quot;:2,&quot;2&quot;:16777215},&quot;10&quot;:2,&quot;14&quot;:{&quot;1&quot;:2,&quot;2&quot;:3358280},&quot;15&quot;:&quot;Arial&quot;,&quot;16&quot;:10}\"><a href=\"https:\/\/thucpham.com\/may-giat-vat-cong-nghiep-imesa-rc-40\/\">M\u00e1y Gi\u1eb7t V\u1eaft C\u00f4ng Nghi\u1ec7p Imesa RC-40<\/a>, <a href=\"https:\/\/thucpham.com\/may-giat-cong-nghiep-powerline-he-80\/\">M\u00e1y Gi\u1eb7t C\u00f4ng Nghi\u1ec7p Powerline HE-80<\/a>,&#8230;<\/span><\/p>\n","protected":false},"excerpt":{"rendered":"<ul>\n<li style=\"font-weight: 400;\"><span style=\"font-weight: 400;\">Ho\u1ea1t \u0111\u1ed9ng \u1ed5n \u0111\u1ecbnh, c\u00f4ng su\u1ea5t cao<\/span><\/li>\n<li style=\"font-weight: 400;\"><span style=\"font-weight: 400;\">L\u1ed3ng s\u1ea5y b\u1eb1ng inox cao c\u1ea5p, b\u1ec1n \u0111\u1eb9p<\/span><\/li>\n<li style=\"font-weight: 400;\"><span style=\"font-weight: 400;\">H\u1ec7 th\u1ed1ng l\u1ef1c v\u1eaft ly t\u00e2m G-Force hi\u1ec7u qu\u1ea3 cao<\/span><\/li>\n<li style=\"font-weight: 400;\"><span style=\"font-weight: 400;\">Cho ph\u00e9p l\u1eadp tr\u00ecnh m\u1ee9c n\u01b0\u1edbc v\u00e0 nhi\u1ec7t \u0111\u1ed9 n\u01b0\u1edbc<\/span><\/li>\n<li style=\"font-weight: 400;\"><span style=\"font-weight: 400;\">\u0110i\u1ec1u ch\u1ec9nh t\u1ed1c \u0111\u1ed9 b\u1edfi h\u1ec7 th\u1ed1ng bi\u1ebfn t\u1ea7n<\/span><\/li>\n<li style=\"font-weight: 400;\"><span style=\"font-weight: 400;\">K\u00edch th\u01b0\u1edbc c\u1eeda l\u1edbn d\u1ec5 d\u00e0ng cho vi\u1ec7c b\u1ecf v\u00e0o v\u00e0 l\u1ea5y ra<\/span><\/li>\n<\/ul>\n","protected":false},"featured_media":37305,"comment_status":"open","ping_status":"closed","template":"","meta":[],"product_cat":[219],"product_tag":[],"_links":{"self":[{"href":"https:\/\/thucpham.com\/vinacom\/wp-json\/wp\/v2\/product\/9974"}],"collection":[{"href":"https:\/\/thucpham.com\/vinacom\/wp-json\/wp\/v2\/product"}],"about":[{"href":"https:\/\/thucpham.com\/vinacom\/wp-json\/wp\/v2\/types\/product"}],"replies":[{"embeddable":true,"href":"https:\/\/thucpham.com\/vinacom\/wp-json\/wp\/v2\/comments?post=9974"}],"wp:featuredmedia":[{"embeddable":true,"href":"https:\/\/thucpham.com\/vinacom\/wp-json\/wp\/v2\/media\/37305"}],"wp:attachment":[{"href":"https:\/\/thucpham.com\/vinacom\/wp-json\/wp\/v2\/media?parent=9974"}],"wp:term":[{"taxonomy":"product_cat","embeddable":true,"href":"https:\/\/thucpham.com\/vinacom\/wp-json\/wp\/v2\/product_cat?post=9974"},{"taxonomy":"product_tag","embeddable":true,"href":"https:\/\/thucpham.com\/vinacom\/wp-json\/wp\/v2\/product_tag?post=9974"}],"curies":[{"name":"wp","href":"https:\/\/api.w.org\/{rel}","templated":true}]}}