{"id":9971,"date":"2020-07-10T18:00:24","date_gmt":"2020-07-10T11:00:24","guid":{"rendered":"https:\/\/thucpham.com\/?post_type=product&#038;p=9971"},"modified":"2022-05-23T11:18:53","modified_gmt":"2022-05-23T04:18:53","slug":"may-giat-cong-nghiep-powerline-he-80","status":"publish","type":"product","link":"https:\/\/thucpham.com\/vinacom\/may-giat-cong-nghiep-powerline-he-80\/","title":{"rendered":"M\u00e1y Gi\u1eb7t C\u00f4ng Nghi\u1ec7p Powerline HE-80"},"content":{"rendered":"<p style=\"text-align: justify;\"><b>M\u00e1y gi\u1eb7t c\u00f4ng nghi\u1ec7p Powerline HE-80<\/b><span style=\"font-weight: 400;\"> \u0111\u01b0\u1ee3c s\u1ea3n xu\u1ea5t v\u00e0 l\u1eafp r\u00e1p t\u1ea1i Th\u00e1i Lan, c\u00f3 c\u00f4ng su\u1ea5t gi\u1eb7t t\u1ea9y l\u1edbn, l\u00ean m\u1ee9c t\u1ed1i \u0111a 36kg qu\u1ea7n \u00e1o\/l\u1ea7n gi\u1eb7t. M\u00e1y ph\u00f9 h\u1ee3p v\u1edbi c\u00e1c kh\u00e1ch s\u1ea1n, nh\u00e0 h\u00e0ng c\u00f3 l\u01b0\u1ee3ng qu\u1ea7n \u00e1o ch\u0103n ga l\u1edbn c\u1ea7n gi\u1eb7t li\u00ean t\u1ee5c ho\u1eb7c nh\u1eefng c\u1eeda h\u00e0ng gi\u1eb7t \u1ee7i thu\u00ea. M\u1ed9t trong nh\u1eefng \u01b0u \u0111i\u1ec3m n\u1ed5i b\u1eadt c\u1ee7a m\u00e1y gi\u1eb7t Powerline HE-80 l\u00e0 s\u1eed d\u1ee5ng c\u00f4ng ngh\u1ec7 gi\u1eb7t b\u1eb1ng kh\u00f4ng kh\u00ed di\u1ec7t khu\u1ea9n nh\u1edd s\u1ee9c m\u1ea1nh Ozon (AIR WASH), cho ph\u00e9p gi\u1eb7t s\u1ea1ch hi\u1ec7u qu\u1ea3, \u0111\u00e1nh bay nh\u1eefng v\u1ebft b\u1ea9n c\u1ee9ng \u0111\u1ea7u m\u00e0 kh\u00f4ng th\u1ec3 gi\u1eb7t b\u1eb1ng n\u01b0\u1edbc.&nbsp;<\/span><\/p>\n<p><img class=\"aligncenter wp-image-12122 size-full\" src=\"https:\/\/thucpham.com\/wp-content\/uploads\/2020\/07\/may-giat-cong-nghiep-powerline-he-80-banner.jpg\" alt=\"M\u00e1y Gi\u1eb7t C\u00f4ng Nghi\u1ec7p Powerline HE-80\" width=\"820\" height=\"656\" srcset=\"https:\/\/thucpham.com\/vinacom\/wp-content\/uploads\/2020\/07\/may-giat-cong-nghiep-powerline-he-80-banner.jpg 820w, https:\/\/thucpham.com\/vinacom\/wp-content\/uploads\/2020\/07\/may-giat-cong-nghiep-powerline-he-80-banner-300x240.jpg 300w, https:\/\/thucpham.com\/vinacom\/wp-content\/uploads\/2020\/07\/may-giat-cong-nghiep-powerline-he-80-banner-768x614.jpg 768w, https:\/\/thucpham.com\/vinacom\/wp-content\/uploads\/2020\/07\/may-giat-cong-nghiep-powerline-he-80-banner-24x19.jpg 24w, https:\/\/thucpham.com\/vinacom\/wp-content\/uploads\/2020\/07\/may-giat-cong-nghiep-powerline-he-80-banner-36x29.jpg 36w, https:\/\/thucpham.com\/vinacom\/wp-content\/uploads\/2020\/07\/may-giat-cong-nghiep-powerline-he-80-banner-48x38.jpg 48w, https:\/\/thucpham.com\/vinacom\/wp-content\/uploads\/2020\/07\/may-giat-cong-nghiep-powerline-he-80-banner-510x408.jpg 510w\" sizes=\"(max-width: 820px) 100vw, 820px\" title=\"\"><\/p>\n<p style=\"text-align: center;\"><em>Th\u00f4ng tin s\u1ea3n ph\u1ea9m m\u00e1y gi\u1eb7t c\u00f4ng nghi\u1ec7p Powerline HE-80<\/em><\/p>\n<h2><span style=\"font-size: 85%;\"><b>\u01afu \u0111i\u1ec3m m\u00e1y gi\u1eb7t c\u00f4ng nghi\u1ec7p Powerline HE-80<\/b><\/span><\/h2>\n<p style=\"text-align: justify;\"><span style=\"font-weight: 400;\">B\u00ean c\u1ea1nh \u0111\u00f3, v\u1edbi 10 ch\u1ebf \u0111\u1ed9 gi\u1eb7t t\u1ef1 \u0111\u1ed9ng, \u0111\u1eb7c bi\u1ec7t c\u00f3 ch\u1ebf \u0111\u1ed9 gi\u1eb7t n\u01b0\u1edbc n\u00f3ng, <\/span><b>m\u00e1y gi\u1eb7t c\u00f4ng nghi\u1ec7p powerline HE-80<\/b><span style=\"font-weight: 400;\"> cho ph\u00e9p ng\u01b0\u1eddi d\u00f9ng ch\u1ecdn ch\u1ebf \u0111\u1ed9 gi\u1eb7t ph\u00f9 h\u1ee3p v\u1edbi t\u1eebng lo\u1ea1i qu\u1ea7n \u00e1o, v\u1ea3i v\u00f3c. T\u1ea5t c\u1ea3 c\u00e1c b\u1ed9 ph\u1eadn li\u00ean quan \u0111\u1ebfn qu\u00e1 tr\u00ecnh gi\u1eb7t \u0111\u1ec1u \u0111\u01b0\u1ee3c s\u1ea3n xu\u1ea5t t\u1eeb <a href=\"https:\/\/vi.wikipedia.org\/wiki\/Th%C3%A9p_kh%C3%B4ng_g%E1%BB%89\" target=\"_blank\" rel=\"noopener nofollow\" data-schema-attribute=\"\">inox 304<\/a>, cho \u0111\u1ed9 b\u1ec1n cao, kh\u1ea3 n\u0103ng ch\u1ecbu l\u1ef1c, ch\u1ecbu nhi\u1ec7t t\u1ed1t, l\u1ed3ng gi\u1eb7t b\u1eb1ng inox, b\u1ec1n b\u1ec9 v\u1edbi th\u1eddi gian, kh\u00f4ng b\u1ecb b\u00f3p m\u00e9o trong khi v\u1eadn h\u00e0nh, v\u00e0 d\u1ec5 d\u00e0ng v\u1ec7 sinh.<\/span><\/p>\n<p style=\"text-align: justify;\"><span style=\"font-weight: 400;\">H\u1ec7 th\u1ed1ng \u0111i\u1ec1u khi\u1ec3n ti\u1ec7n l\u1ee3i, t\u00edch h\u1ee3p m\u00e0n h\u00ecnh hi\u1ec3n th\u1ecb LCD gi\u00fap b\u1ea1n d\u1ec5 d\u00e0ng \u0111i\u1ec1u ch\u1ec9nh. <b>M\u00e1y gi\u1eb7t c\u00f4ng nghi\u1ec7p Powerline HE-80<\/b> c\u00f2n \u0111\u01b0\u1ee3c trang b\u1ecb b\u1ed9 ng\u1eaft \u0111i\u1ec7n ch\u00e2n kh\u00f4ng, v\u1eeba gi\u00fap ti\u1ebft ki\u1ec7m \u0111i\u1ec7n v\u1eeba \u0111\u1ea3m b\u1ea3o an to\u00e0n khi m\u00e1y ho\u1ea1t \u0111\u1ed9ng.<\/span><\/p>\n<p style=\"text-align: justify;\"><span style=\"font-weight: 400;\">H\u00e3y li\u00ean h\u1ec7 v\u1edbi ThucPham.com \u0111\u1ec3 c\u00f3 t\u01b0 v\u1ea5n mi\u1ec5n ph\u00ed v\u1ec1 ch\u1ea5t l\u01b0\u1ee3ng <em>m\u00e1y gi\u1eb7t c\u00f4ng nghi\u1ec7p Powerline HE-80<\/em>. Ch\u00fang t\u00f4i \u0111\u1ea3m b\u1ea3o gi\u00e1 th\u00e0nh t\u1ed1t nh\u1ea5t c\u00f9ng v\u1edbi ch\u1ebf \u0111\u1ed9 b\u1ea3o tr\u00ec, b\u1ea3o h\u00e0nh uy t\u00edn. B\u1ea1n h\u00e3y tham kh\u1ea3o th\u00eam c\u00e1c model <a href=\"https:\/\/thucpham.com\/may-giat-say-cong-nghiep\/\">m\u00e1y gi\u1eb7t s\u1ea5y c\u00f4ng nghi\u1ec7p<\/a> kh\u00e1c m\u00e0 Powerline cung c\u1ea5p tr\u00ean th\u1ecb tr\u01b0\u1eddng \u0111\u1ec3 \u0111\u01b0a ra c\u00e1c l\u1ef1a ch\u1ecdn \u0111\u00fang \u0111\u1eafn nh\u1ea5t nh\u01b0: <span data-sheets-value=\"{&quot;1&quot;:2,&quot;2&quot;:&quot;M\u00e1y Gi\u1eb7t C\u00f4ng Nghi\u1ec7p Powerline HE-40&quot;}\" data-sheets-userformat=\"{&quot;2&quot;:14466,&quot;4&quot;:{&quot;1&quot;:2,&quot;2&quot;:16777215},&quot;10&quot;:2,&quot;14&quot;:{&quot;1&quot;:2,&quot;2&quot;:3358280},&quot;15&quot;:&quot;Arial&quot;,&quot;16&quot;:10}\"><a href=\"http:\/\/thucpham.com\/may-giat-cong-nghiep-powerline-he-40\/\">M\u00e1y Gi\u1eb7t C\u00f4ng Nghi\u1ec7p Powerline HE-40<\/a>, <\/span><span data-sheets-value=\"{&quot;1&quot;:2,&quot;2&quot;:&quot;M\u00e1y S\u1ea5y C\u00f4ng Nghi\u1ec7p Powerline PD-50&quot;}\" data-sheets-userformat=\"{&quot;2&quot;:14466,&quot;4&quot;:{&quot;1&quot;:2,&quot;2&quot;:16777215},&quot;10&quot;:2,&quot;14&quot;:{&quot;1&quot;:2,&quot;2&quot;:3358280},&quot;15&quot;:&quot;Arial&quot;,&quot;16&quot;:10}\"><a href=\"http:\/\/thucpham.com\/may-say-cong-nghiep-powerline-pd-50\/\">M\u00e1y S\u1ea5y C\u00f4ng Nghi\u1ec7p Powerline PD-50<\/a>,&#8230;<\/span><\/span><\/p>\n","protected":false},"excerpt":{"rendered":"<ul>\n<li style=\"font-weight: 400;\"><span style=\"font-weight: 400;\">T\u1ef1 \u0111\u1ed9ng gi\u1ea3m nhi\u1ec7t sau qu\u00e1 tr\u00ecnh s\u1ea5y<\/span><\/li>\n<li style=\"font-weight: 400;\"><span style=\"font-weight: 400;\">L\u1ed3ng gi\u1eb7t \u0111\u01b0\u1ee3c l\u00e0m b\u1eb1ng inox 304<\/span><\/li>\n<li style=\"font-weight: 400;\"><span style=\"font-weight: 400;\">4 khoang cung c\u1ea5p h\u00f3a ch\u1ea5t d\u1ea1ng b\u1ed9t\/ l\u1ecfng<\/span><\/li>\n<li style=\"font-weight: 400;\"><span style=\"font-weight: 400;\">T\u00edch h\u1ee3p 10 ch\u1ebf \u0111\u1ed9 gi\u1eb7t \u0111\u01b0\u1ee3c c\u00e0i \u0111\u1eb7t tr\u01b0\u1edbc<\/span><\/li>\n<li style=\"font-weight: 400;\"><span style=\"font-weight: 400;\">V\u1ecf m\u00e1y s\u01a1n t\u0129nh \u0111i\u1ec7n k\u1ebft h\u1ee3p b\u1ed9 ng\u1eaft \u0111i\u1ec7n ch\u00e2n kh\u00f4ng an to\u00e0n<\/span><\/li>\n<li style=\"font-weight: 400;\"><span style=\"font-weight: 400;\">M\u00e0n h\u00ecnh hi\u1ec3n th\u1ecb LCD gi\u00fap \u0111i\u1ec1u khi\u1ec3n d\u1ec5 d\u00e0ng<\/span><\/li>\n<\/ul>\n","protected":false},"featured_media":37269,"comment_status":"open","ping_status":"closed","template":"","meta":[],"product_cat":[219],"product_tag":[],"_links":{"self":[{"href":"https:\/\/thucpham.com\/vinacom\/wp-json\/wp\/v2\/product\/9971"}],"collection":[{"href":"https:\/\/thucpham.com\/vinacom\/wp-json\/wp\/v2\/product"}],"about":[{"href":"https:\/\/thucpham.com\/vinacom\/wp-json\/wp\/v2\/types\/product"}],"replies":[{"embeddable":true,"href":"https:\/\/thucpham.com\/vinacom\/wp-json\/wp\/v2\/comments?post=9971"}],"wp:featuredmedia":[{"embeddable":true,"href":"https:\/\/thucpham.com\/vinacom\/wp-json\/wp\/v2\/media\/37269"}],"wp:attachment":[{"href":"https:\/\/thucpham.com\/vinacom\/wp-json\/wp\/v2\/media?parent=9971"}],"wp:term":[{"taxonomy":"product_cat","embeddable":true,"href":"https:\/\/thucpham.com\/vinacom\/wp-json\/wp\/v2\/product_cat?post=9971"},{"taxonomy":"product_tag","embeddable":true,"href":"https:\/\/thucpham.com\/vinacom\/wp-json\/wp\/v2\/product_tag?post=9971"}],"curies":[{"name":"wp","href":"https:\/\/api.w.org\/{rel}","templated":true}]}}