{"id":9961,"date":"2020-07-10T17:34:53","date_gmt":"2020-07-10T10:34:53","guid":{"rendered":"https:\/\/thucpham.com\/?post_type=product&#038;p=9961"},"modified":"2022-05-23T10:54:07","modified_gmt":"2022-05-23T03:54:07","slug":"may-la-phang-cong-nghiep-imesa-fi-2000","status":"publish","type":"product","link":"https:\/\/thucpham.com\/vinacom\/may-la-phang-cong-nghiep-imesa-fi-2000\/","title":{"rendered":"M\u00e1y L\u00e0 Ph\u1eb3ng C\u00f4ng Nghi\u1ec7p Imesa FI-2000"},"content":{"rendered":"<h2><strong><span style=\"font-size: 85%; font-family: arial, helvetica, sans-serif;\">Th\u00f4ng tin s\u1ea3n ph\u1ea9m<\/span><\/strong><\/h2>\n<p style=\"text-align: justify;\"><b>M\u00e1y l\u00e0 ph\u1eb3ng c\u00f4ng nghi\u1ec7p Imesa FI-2000<\/b><span style=\"font-weight: 400;\"> \u0111\u01b0\u1ee3c nh\u1eadp kh\u1ea9u 100% t\u1eeb \u00dd l\u00e0 s\u1ea3n ph\u1ea9m m\u00e1y c\u00f4ng nghi\u1ec7p \u0111\u01b0\u1ee3c \u01b0a chu\u1ed9ng hi\u1ec7n nay v\u1edbi kh\u1ea3 n\u0103ng v\u1eadn h\u00e0nh ho\u00e0n h\u1ea3o. Thi\u1ebft b\u1ecb lu\u00f4n \u0111\u1ea3m b\u1ea3o ho\u1ea1t \u0111\u1ed9ng an to\u00e0n cho ng\u01b0\u1eddi d\u00f9ng, kh\u00f4ng ch\u1ec9 gi\u00fap b\u1ea3o v\u1ec7 tay kh\u00f4ng b\u1ecb \u0111\u01b0a v\u00e0o m\u00e1y m\u00e0 c\u00f2n ng\u0103n c\u00e1c s\u1ea3n ph\u1ea9m \u0111\u01b0a v\u00e0o kh\u00f4ng \u0111\u00fang h\u01b0\u1edbng. B\u00ean c\u1ea1nh \u0111\u00f3, m\u00e1y t\u00edch h\u1ee3p m\u00e0n h\u00ecnh c\u1ea3m \u1ee9ng l\u1edbn, hi\u1ec3n th\u1ecb c\u00e1c th\u00f4ng tin v\u1ec1 ho\u1ea1t \u0111\u1ed9ng c\u1ee7a m\u00e1y ch\u00ednh x\u00e1c, gi\u00fap ng\u01b0\u1eddi d\u00f9ng \u0111i\u1ec1u ch\u1ec9nh m\u00e1y d\u1ec5 d\u00e0ng h\u01a1n.<\/span><\/p>\n<p><img class=\"aligncenter wp-image-12124 size-full\" src=\"https:\/\/thucpham.com\/wp-content\/uploads\/2020\/07\/may-la-phang-cong-nghiep-imesa-fi-2000-banner.jpg\" alt=\"M\u00e1y L\u00e0 Ph\u1eb3ng C\u00f4ng Nghi\u1ec7p Imesa FI-2000\" width=\"820\" height=\"656\" srcset=\"https:\/\/thucpham.com\/vinacom\/wp-content\/uploads\/2020\/07\/may-la-phang-cong-nghiep-imesa-fi-2000-banner.jpg 820w, https:\/\/thucpham.com\/vinacom\/wp-content\/uploads\/2020\/07\/may-la-phang-cong-nghiep-imesa-fi-2000-banner-300x240.jpg 300w, https:\/\/thucpham.com\/vinacom\/wp-content\/uploads\/2020\/07\/may-la-phang-cong-nghiep-imesa-fi-2000-banner-768x614.jpg 768w, https:\/\/thucpham.com\/vinacom\/wp-content\/uploads\/2020\/07\/may-la-phang-cong-nghiep-imesa-fi-2000-banner-24x19.jpg 24w, https:\/\/thucpham.com\/vinacom\/wp-content\/uploads\/2020\/07\/may-la-phang-cong-nghiep-imesa-fi-2000-banner-36x29.jpg 36w, https:\/\/thucpham.com\/vinacom\/wp-content\/uploads\/2020\/07\/may-la-phang-cong-nghiep-imesa-fi-2000-banner-48x38.jpg 48w, https:\/\/thucpham.com\/vinacom\/wp-content\/uploads\/2020\/07\/may-la-phang-cong-nghiep-imesa-fi-2000-banner-510x408.jpg 510w\" sizes=\"(max-width: 820px) 100vw, 820px\" title=\"\"><\/p>\n<p style=\"text-align: center;\"><em>Th\u00f4ng tin s\u1ea3n ph\u1ea9m m\u00e1y l\u00e0 ph\u1eb3ng c\u00f4ng nghi\u1ec7p Imesa FI-2000<\/em><\/p>\n<h2><span style=\"font-size: 85%;\"><strong>\u01afu \u0111i\u1ec3m<\/strong> <span style=\"font-weight: 400;\"><strong>m\u00e1y l\u00e0 ph\u1eb3ng c\u00f4ng nghi\u1ec7p Imesa FI-2000<\/strong><\/span><\/span><\/h2>\n<p style=\"text-align: justify;\"><span style=\"font-weight: 400;\">H\u1ec7 th\u1ed1ng rulo c\u1ee7a <strong>m\u00e1y l\u00e0 ph\u1eb3ng c\u00f4ng nghi\u1ec7p Imesa FI-2000<\/strong> c\u00f3 \u0111\u01b0\u1eddng k\u00ednh l\u1edbn 33cm \u0111\u01b0\u1ee3c b\u1ecdc b\u1edfi b\u1ed1n l\u1edbp bao quanh: l\u1edbp l\u01b0\u1edbi kim lo\u1ea1i, l\u1edbp b\u00f9i nh\u00f9i th\u00e9p, l\u1edbp <\/span><span style=\"font-weight: 400;\">linen<\/span><span style=\"font-weight: 400;\"> d\u00e0y, v\u1ea3i b\u1ecdc ngo\u00e0i, m\u1ed7i l\u1edbp c\u00f3 ch\u1ee9c n\u0103ng kh\u00e1c nhau; \u0111\u1ea3m b\u1ea3o \u0111\u1ed9 b\u1ec1n c\u0169ng nh\u01b0 ch\u1ea5t l\u01b0\u1ee3ng c\u1ee7a m\u00e1y. C\u00e1c b\u1ed9 ph\u1eadn l\u00e0m b\u1eb1ng th\u00e9p m\u1ea1 <a href=\"https:\/\/vi.wikipedia.org\/wiki\/Chromi\" target=\"_blank\" rel=\"noopener nofollow\" data-schema-attribute=\"\">crom<\/a> c\u00f3 \u0111\u1ed9 b\u1ec1n cao, ch\u1ed1ng tr\u1ea7y x\u01b0\u1edbc, truy\u1ec1n nhi\u1ec7t t\u1ed1t.<\/span><\/p>\n<p style=\"text-align: justify;\"><span style=\"font-weight: 400;\">Vi\u1ec7c chuy\u1ec3n \u0111\u1ed9ng c\u1ee7a thi\u1ebft b\u1ecb \u0111\u01b0\u1ee3c th\u1ef1c hi\u1ec7n nh\u1edd m\u1ed9t b\u1ed9 bi\u1ebfn t\u1ea7n gi\u00fap ki\u1ec3m so\u00e1t t\u1ed1c \u0111\u1ed9 v\u00e0 nhi\u1ec7t \u0111\u1ed9 l\u00e0 \u1ee7i ch\u00ednh x\u00e1c v\u00e0 cho ph\u00e9p ng\u01b0\u1eddi d\u00f9ng linh ho\u1ea1t \u0111i\u1ec1u ch\u1ec9nh theo nhu c\u1ea7u s\u1eed d\u1ee5ng. <strong>M\u00e1y l\u00e0 ph\u1eb3ng c\u00f4ng nghi\u1ec7p Imesa FI-2000<\/strong> c\u00f2n \u0111\u01b0\u1ee3c t\u00edch h\u1ee3p ph\u1ea7n m\u1ec1m s\u1eed d\u1ee5ng d\u1ecbch v\u1ee5 GSM \u0111\u1ec3 gi\u00fap l\u01b0u l\u1ea1i c\u00e1c ch\u01b0\u01a1ng tr\u00ecnh l\u00e0 \u0111\u00e3 c\u00e0i \u0111\u1eb7t gi\u00fap b\u1ea1n kh\u00f4ng c\u1ea7n ph\u1ea3i c\u00e0i \u0111\u1eb7t l\u1ea1i khi s\u1eed d\u1ee5ng l\u1ea7n ti\u1ebfp theo.<\/span><\/p>\n<p style=\"text-align: justify;\"><span style=\"font-weight: 400;\">L\u1ef1a ch\u1ecdn <\/span><i>m\u00e1y l\u00e0 ph\u1eb3ng c\u00f4ng nghi\u1ec7p Imesa FI-2000<\/i><span style=\"font-weight: 400;\"> ngh\u0129a l\u00e0 b\u1ea1n \u0111\u00e3 l\u1ef1a ch\u1ecdn m\u1ed9t s\u1ea3n ph\u1ea9m c\u00f3 ch\u1ea5t l\u01b0\u1ee3ng tuy\u1ec7t v\u1eddi, \u0111\u1ed9 b\u1ec1n cao v\u00e0 an to\u00e0n khi v\u1eadn h\u00e0nh. B\u1ea1n c\u0169ng c\u00f3 th\u1ec3 tham kh\u1ea3o th\u00eam nhi\u1ec1u s\u1ea3n ph\u1ea9m kh\u00e1c c\u1ee7a Imesa trong d\u00f2ng <a href=\"https:\/\/thucpham.com\/may-giat-say-cong-nghiep\/\">m\u00e1y gi\u1eb7t s\u1ea5y c\u00f4ng nghi\u1ec7p<\/a> \u0111\u1ec3 c\u00f3 nhi\u1ec1u l\u1ef1a ch\u1ecdn h\u01a1n cho m\u00ecnh nh\u01b0: <span data-sheets-value=\"{&quot;1&quot;:2,&quot;2&quot;:&quot;M\u00e1y Gi\u1eb7t V\u1eaft C\u00f4ng Nghi\u1ec7p Imesa RC-40&quot;}\" data-sheets-userformat=\"{&quot;2&quot;:14466,&quot;4&quot;:{&quot;1&quot;:2,&quot;2&quot;:16777215},&quot;10&quot;:2,&quot;14&quot;:{&quot;1&quot;:2,&quot;2&quot;:3358280},&quot;15&quot;:&quot;Arial&quot;,&quot;16&quot;:10}\"><a href=\"https:\/\/thucpham.com\/may-giat-vat-cong-nghiep-imesa-rc-40\/\">M\u00e1y Gi\u1eb7t V\u1eaft C\u00f4ng Nghi\u1ec7p Imesa RC-40<\/a>, <a href=\"https:\/\/thucpham.com\/may-giat-vat-cong-nghiep-imesa-rc-23\/\">M\u00e1y Gi\u1eb7t V\u1eaft C\u00f4ng Nghi\u1ec7p Imesa RC-23<\/a>,&#8230;<\/span><\/span><\/p>\n","protected":false},"excerpt":{"rendered":"<ul>\n<li style=\"font-weight: 400;\"><span style=\"font-weight: 400;\">Linh ho\u1ea1t \u0111i\u1ec1u ch\u1ec9nh \u0111\u01b0\u1ee3c b\u00e0n cho \u0111\u1ed3 v\u00e0o ra ph\u00eda tr\u01b0\u1edbc\/ ph\u00eda sau<\/span><\/li>\n<li style=\"font-weight: 400;\"><span style=\"font-weight: 400;\">H\u1ec7 th\u1ed1ng ki\u1ec3m so\u00e1t t\u1ed1c \u0111\u1ed9 ti\u00eau chu\u1ea9n cho ph\u00e9p \u0111i\u1ec1u ch\u1ec9nh t\u1ed1c \u0111\u1ed9 theo \u00fd mu\u1ed1n<\/span><\/li>\n<li style=\"font-weight: 400;\"><span style=\"font-weight: 400;\">Trang b\u1ecb n\u00fat d\u1eebng kh\u1ea9n c\u1ea5p khi c\u00f3 s\u1ef1 c\u1ed1 x\u1ea3y ra<\/span><\/li>\n<li style=\"font-weight: 400;\"><span style=\"font-weight: 400;\">M\u00f4 t\u01a1 ho\u1ea1t \u0111\u1ed9ng m\u1ea1nh m\u1ebd,\u00a0 b\u1ec1n b\u1ec9<\/span><\/li>\n<li style=\"font-weight: 400;\"><span style=\"font-weight: 400;\">B\u1ed9 ph\u1eadn l\u00e0 b\u1eb1ng th\u00e9p m\u1ea1 crom, v\u1eefng ch\u1eafc, trao \u0111\u1ed5i nhi\u1ec7t t\u1ed1t, d\u1ec5 d\u00e0ng v\u1ec7 sinh<\/span><\/li>\n<li style=\"font-weight: 400;\"><span style=\"font-weight: 400;\">M\u00e1y t\u1ef1 \u0111\u1ed9ng ng\u1eaft khi \u0111\u1ea1t \u0111\u1ebfn nhi\u1ec7t \u0111\u1ed9 an to\u00e0n<\/span><\/li>\n<\/ul>\n","protected":false},"featured_media":37238,"comment_status":"open","ping_status":"closed","template":"","meta":[],"product_cat":[219],"product_tag":[],"_links":{"self":[{"href":"https:\/\/thucpham.com\/vinacom\/wp-json\/wp\/v2\/product\/9961"}],"collection":[{"href":"https:\/\/thucpham.com\/vinacom\/wp-json\/wp\/v2\/product"}],"about":[{"href":"https:\/\/thucpham.com\/vinacom\/wp-json\/wp\/v2\/types\/product"}],"replies":[{"embeddable":true,"href":"https:\/\/thucpham.com\/vinacom\/wp-json\/wp\/v2\/comments?post=9961"}],"wp:featuredmedia":[{"embeddable":true,"href":"https:\/\/thucpham.com\/vinacom\/wp-json\/wp\/v2\/media\/37238"}],"wp:attachment":[{"href":"https:\/\/thucpham.com\/vinacom\/wp-json\/wp\/v2\/media?parent=9961"}],"wp:term":[{"taxonomy":"product_cat","embeddable":true,"href":"https:\/\/thucpham.com\/vinacom\/wp-json\/wp\/v2\/product_cat?post=9961"},{"taxonomy":"product_tag","embeddable":true,"href":"https:\/\/thucpham.com\/vinacom\/wp-json\/wp\/v2\/product_tag?post=9961"}],"curies":[{"name":"wp","href":"https:\/\/api.w.org\/{rel}","templated":true}]}}