{"id":9916,"date":"2020-07-10T16:14:43","date_gmt":"2020-07-10T16:14:43","guid":{"rendered":"https:\/\/thucpham.com\/?post_type=product&#038;p=9916"},"modified":"2023-07-22T16:45:21","modified_gmt":"2023-07-22T09:45:21","slug":"may-cat-xuong-berjaya","status":"publish","type":"product","link":"https:\/\/thucpham.com\/vinacom\/may-cat-xuong-berjaya\/","title":{"rendered":"M\u00e1y C\u1eaft X\u01b0\u01a1ng Berjaya BJY-BSM650"},"content":{"rendered":"<h2><strong><span style=\"font-size: 85%;\">Th\u00f4ng tin s\u1ea3n ph\u1ea9m<\/span><\/strong><\/h2>\n<p style=\"text-align: justify;\"><b>M\u00e1y c\u1eaft x\u01b0\u01a1ng Berjaya BJY-BSM650<\/b><span style=\"font-weight: 400;\"> \u0111\u01b0\u1ee3c nh\u00e2\u0323p kh\u00e2\u0309u 100% chi\u0301nh ha\u0303ng t\u01b0\u0300 nha\u0300 sa\u0309n xu\u00e2\u0301t Berjaya, Malaysia. M\u00e1y c\u00f3 thi\u1ebft k\u1ebf \u0111\u1eb9p, c\u00f4ng su\u1ea5t l\u00e0m vi\u1ec7c cao, \u1ed5n \u0111\u1ecbnh, cho nh\u1eefng \u0111\u01b0\u1eddng c\u1eaft chu\u1ea9n x\u00e1c, m\u1ecbn \u0111\u1ec1u gi\u00fap c\u00e1c \u0111\u1ea7u b\u1ebfp kh\u00f4ng c\u1ea7n ph\u1ea3i t\u1ed1n nhi\u1ec1u th\u1eddi gian v\u00e0 c\u00f4ng s\u1ee9c cho vi\u1ec7c c\u1eaft x\u01b0\u01a1ng n\u1eefa. Do v\u1eady, s\u1ea3n ph\u1ea9m n\u00e0y \u0111\u01b0\u1ee3c \u01b0a chu\u1ed9ng v\u00e0 s\u1eed d\u1ee5ng r\u1ed9ng r\u00e3i t\u1ea1i c\u00e1c nh\u00e0 h\u00e0ng, c\u00e1c qu\u00e1n \u0103n, kh\u00e1ch s\u1ea1n, v\u00e0 b\u1ebfp c\u00f4ng nghi\u1ec7p.<\/span><\/p>\n<p><img class=\"aligncenter wp-image-12051 size-full\" src=\"https:\/\/thucpham.com\/wp-content\/uploads\/2020\/07\/may-cat-xuong-Berjaya-BJY-BSM650-banner.jpg\" alt=\"M\u00e1y C\u1eaft X\u01b0\u01a1ng Berjaya BJY-BSM650\" width=\"820\" height=\"656\" srcset=\"https:\/\/thucpham.com\/vinacom\/wp-content\/uploads\/2020\/07\/may-cat-xuong-Berjaya-BJY-BSM650-banner.jpg 820w, https:\/\/thucpham.com\/vinacom\/wp-content\/uploads\/2020\/07\/may-cat-xuong-Berjaya-BJY-BSM650-banner-300x240.jpg 300w, https:\/\/thucpham.com\/vinacom\/wp-content\/uploads\/2020\/07\/may-cat-xuong-Berjaya-BJY-BSM650-banner-768x614.jpg 768w, https:\/\/thucpham.com\/vinacom\/wp-content\/uploads\/2020\/07\/may-cat-xuong-Berjaya-BJY-BSM650-banner-24x19.jpg 24w, https:\/\/thucpham.com\/vinacom\/wp-content\/uploads\/2020\/07\/may-cat-xuong-Berjaya-BJY-BSM650-banner-36x29.jpg 36w, https:\/\/thucpham.com\/vinacom\/wp-content\/uploads\/2020\/07\/may-cat-xuong-Berjaya-BJY-BSM650-banner-48x38.jpg 48w, https:\/\/thucpham.com\/vinacom\/wp-content\/uploads\/2020\/07\/may-cat-xuong-Berjaya-BJY-BSM650-banner-510x408.jpg 510w\" sizes=\"(max-width: 820px) 100vw, 820px\" title=\"\"><\/p>\n<p style=\"text-align: center;\"><em>Th\u00f4ng tin s\u1ea3n ph\u1ea9m m\u00e1y c\u1eaft x\u01b0\u01a1ng Berjaya BJY-BSM650<\/em><\/p>\n<h2 style=\"text-align: justify;\"><span style=\"font-size: 85%;\"><b>\u01afu \u0111i\u1ec3m m\u00e1y c\u1eaft x\u01b0\u01a1ng Berjaya BJY-BSM650<\/b><\/span><\/h2>\n<p style=\"text-align: justify;\"><span style=\"font-weight: 400;\">To\u00e0n b\u1ed9 <b>m\u00e1y c\u1eaft x\u01b0\u01a1ng Berjaya BJY-BSM650<\/b> \u0111\u01b0\u1ee3c bao b\u1ecdc b\u1eb1ng <a href=\"https:\/\/vi.wikipedia.org\/wiki\/Th%C3%A9p_kh%C3%B4ng_g%E1%BB%89\" target=\"_blank\" rel=\"noopener nofollow\" data-schema-attribute=\"\">th\u00e9p kh\u00f4ng g\u1ec9<\/a> n\u00ean cho \u0111\u1ed9 b\u1ec1n cao \u0111\u1ed3ng th\u1eddi c\u0169ng \u0111\u00e1p \u1ee9ng \u0111\u01b0\u1ee3c nhu c\u1ea7u v\u1ec7 sinh an to\u00e0n th\u1ef1c ph\u1ea9m. L\u01b0\u1ee1i dao c\u00f3 \u0111\u1ed9 d\u00e0y 5-155mm cho ph\u00e9p ng\u01b0\u1eddi d\u00f9ng d\u1ec5 d\u00e0ng \u0111i\u1ec1u ch\u1ec9nh \u0111\u1ed9 d\u00e0y m\u1ecfng c\u1ee7a c\u00e1c l\u00e1t c\u1eaft \u0111\u1ec3 ph\u00f9 h\u1ee3p v\u1edbi nhu c\u1ea7u s\u1eed d\u1ee5ng.<\/span><\/p>\n<p style=\"text-align: justify;\"><span style=\"font-weight: 400;\">Thi\u1ebft b\u1ecb c\u00f3 kh\u1ea3 n\u0103ng l\u00e0m vi\u1ec7c trong nhi\u1ec1u gi\u1edd li\u00ean t\u1ee5c, \u00edt ti\u00eau t\u1ed1n \u0111i\u1ec7n n\u0103ng, v\u00e0 an to\u00e0n khi s\u1eed d\u1ee5ng. Ngo\u00e0i ra, c\u00e1c b\u1ed9 ph\u1eadn c\u1ee7a m\u00e1y c\u0169ng d\u1ec5 d\u00e0ng th\u00e1o l\u1eafp n\u00ean vi\u1ec7c v\u1ec7 sinh, lau r\u1eeda, b\u1ea3o tr\u00ec c\u0169ng \u0111\u01a1n gi\u1ea3n v\u00e0 nhanh ch\u00f3ng h\u01a1n. Ph\u1ea7n ch\u00e2n \u0111\u1ebf c\u1ee7a <\/span><b>m\u00e1y c\u1eaft x\u01b0\u01a1ng Berjaya BJY-BSM650<\/b><span style=\"font-weight: 400;\"> \u0111\u01b0\u1ee3c thi\u1ebft k\u1ebf ch\u1eafc ch\u1eafn, c\u00f3 l\u1edbp cao su h\u00fat ch\u1ed1ng tr\u01b0\u1ee3t n\u00ean \u0111\u1ea3m b\u1ea3o \u0111\u1ed9 an to\u00e0n cao trong qu\u00e1 tr\u00ecnh c\u1eaft x\u01b0\u01a1ng hay c\u00e1 \u0111\u00f4ng l\u1ea1nh m\u00e0 kh\u00f4ng s\u1ee3 m\u00e1y b\u1ecb x\u00ea d\u1ecbch, tr\u01a1n tr\u01b0\u1ee3t. <\/span><\/p>\n","protected":false},"excerpt":{"rendered":"<ul>\n<li style=\"font-weight: 400;\"><span style=\"font-weight: 400;\">Ch\u1ea5t li\u1ec7u <\/span><span style=\"font-weight: 400;\">th\u00e9p<\/span><span style=\"font-weight: 400;\"> ch\u1ed1ng g\u1ec9, \u0111\u1ed9 b\u1ec1n cao, ch\u1eafc ch\u1eafn, sang tr\u1ecdng<\/span><\/li>\n<li style=\"font-weight: 400;\"><span style=\"font-weight: 400;\">L\u01b0\u1ee1i c\u01b0a s\u1eafc n\u00e9t, \u1ed5n \u0111\u1ecbnh, c\u00f3 th\u1ec3 \u0111i\u1ec1u ch\u1ec9nh l\u01b0\u1ee1i c\u1eaft d\u1ec5 d\u00e0ng<\/span><\/li>\n<li style=\"font-weight: 400;\"><span style=\"font-weight: 400;\">D\u1ec5 d\u00e0ng s\u1eed d\u1ee5ng v\u00e0 v\u1ec7 sinh<\/span><\/li>\n<li style=\"font-weight: 400;\"><span style=\"font-weight: 400;\">Ch\u00e2n \u0111\u1ebf thi\u1ebft k\u1ebf ch\u1ed1ng tr\u01b0\u1ee3t, v\u1eefng ch\u1eafc<\/span><\/li>\n<li style=\"font-weight: 400;\"><span style=\"font-weight: 400;\">Nh\u1eadp kh\u1ea9u ch\u00ednh h\u00e3ng t\u1eeb nh\u00e0 s\u1ea3n xu\u1ea5t<\/span><\/li>\n<\/ul>\n","protected":false},"featured_media":37017,"comment_status":"open","ping_status":"closed","template":"","meta":[],"product_cat":[217,256],"product_tag":[],"_links":{"self":[{"href":"https:\/\/thucpham.com\/vinacom\/wp-json\/wp\/v2\/product\/9916"}],"collection":[{"href":"https:\/\/thucpham.com\/vinacom\/wp-json\/wp\/v2\/product"}],"about":[{"href":"https:\/\/thucpham.com\/vinacom\/wp-json\/wp\/v2\/types\/product"}],"replies":[{"embeddable":true,"href":"https:\/\/thucpham.com\/vinacom\/wp-json\/wp\/v2\/comments?post=9916"}],"wp:featuredmedia":[{"embeddable":true,"href":"https:\/\/thucpham.com\/vinacom\/wp-json\/wp\/v2\/media\/37017"}],"wp:attachment":[{"href":"https:\/\/thucpham.com\/vinacom\/wp-json\/wp\/v2\/media?parent=9916"}],"wp:term":[{"taxonomy":"product_cat","embeddable":true,"href":"https:\/\/thucpham.com\/vinacom\/wp-json\/wp\/v2\/product_cat?post=9916"},{"taxonomy":"product_tag","embeddable":true,"href":"https:\/\/thucpham.com\/vinacom\/wp-json\/wp\/v2\/product_tag?post=9916"}],"curies":[{"name":"wp","href":"https:\/\/api.w.org\/{rel}","templated":true}]}}