{"id":9910,"date":"2020-07-10T16:07:30","date_gmt":"2020-07-10T16:07:30","guid":{"rendered":"https:\/\/thucpham.com\/?post_type=product&#038;p=9910"},"modified":"2022-05-09T11:08:30","modified_gmt":"2022-05-09T04:08:30","slug":"may-cua-xuong-sirman-so-1650-f3","status":"publish","type":"product","link":"https:\/\/thucpham.com\/vinacom\/may-cua-xuong-sirman-so-1650-f3\/","title":{"rendered":"M\u00e1y C\u01b0a X\u01b0\u01a1ng Sirman SO 1650 F3"},"content":{"rendered":"<p>&nbsp;<\/p>\n<p style=\"text-align: justify;\"><span style=\"font-weight: 400;\">M\u1ed9t trong nh\u1eefng thi\u1ebft b\u1ecb kh\u00f4ng th\u1ec3 thi\u1ebfu trong c\u00e1c khu b\u1ebfp c\u00f4ng nghi\u1ec7p l\u00e0 m\u00e1y c\u01b0a x\u01b0\u01a1ng, c\u1eaft c\u00e1 \u0111\u00f4ng l\u1ea1nh. Khi n\u00f3i \u0111\u1ebfn m\u00e1y c\u01b0a x\u01b0\u01a1ng t\u1ed1t nh\u1ea5t hi\u1ec7n nay th\u00ec kh\u00f4ng th\u1ec3 kh\u00f4ng nh\u1eafc \u0111\u1ebfn d\u00f2ng s\u1ea3n ph\u1ea9m <\/span><b>m\u00e1y c\u01b0a x\u01b0\u01a1ng Sirman SO 1650 F3<\/b><span style=\"font-weight: 400;\">. Ngo\u00e0i c\u01b0a ch\u00e2n gi\u00f2, c\u1eaft x\u01b0\u01a1ng, m\u00e1y c\u00f2n c\u00f3 th\u1ec3 c\u1eaft \u0111\u01b0\u1ee3c c\u00e1 \u0111\u00f4ng l\u1ea1nh, \u0111\u00e1p \u1ee9ng \u0111\u1ea7y \u0111\u1ee7 nhu c\u1ea7u s\u1eed d\u1ee5ng c\u1ee7a c\u00e1c c\u1eeda h\u00e0ng th\u1ef1c ph\u1ea9m \u0111\u00f4ng l\u1ea1nh. N\u1ebfu b\u1ea1n mu\u1ed1n trang b\u1ecb cho gian b\u1ebfp c\u1ee7a m\u00ecnh m\u1ed9t thi\u1ebft b\u1ecb v\u1eeba c\u1eaft x\u01b0\u01a1ng c\u1ee9ng t\u1ed1t, n\u0103ng su\u1ea5t cao, tu\u1ed5i th\u1ecd b\u1ec1n v\u00e0 \u0111\u01b0\u1ee3c s\u1ea3n xu\u1ea5t b\u1edfi th\u01b0\u01a1ng hi\u1ec7u uy t\u00edn th\u00ec h\u00e3y ch\u1ecdn ngay chi\u1ebfc m\u00e1y n\u00e0y.&nbsp;<\/span><\/p>\n<p><img class=\"aligncenter wp-image-12135 size-full\" src=\"https:\/\/thucpham.com\/wp-content\/uploads\/2020\/07\/may-cua-xuong-sirman-so-1650-f3-banner.jpg\" alt=\"M\u00e1y C\u01b0a X\u01b0\u01a1ng Sirman SO 1650 F3\" width=\"820\" height=\"656\" srcset=\"https:\/\/thucpham.com\/vinacom\/wp-content\/uploads\/2020\/07\/may-cua-xuong-sirman-so-1650-f3-banner.jpg 820w, https:\/\/thucpham.com\/vinacom\/wp-content\/uploads\/2020\/07\/may-cua-xuong-sirman-so-1650-f3-banner-300x240.jpg 300w, https:\/\/thucpham.com\/vinacom\/wp-content\/uploads\/2020\/07\/may-cua-xuong-sirman-so-1650-f3-banner-768x614.jpg 768w, https:\/\/thucpham.com\/vinacom\/wp-content\/uploads\/2020\/07\/may-cua-xuong-sirman-so-1650-f3-banner-24x19.jpg 24w, https:\/\/thucpham.com\/vinacom\/wp-content\/uploads\/2020\/07\/may-cua-xuong-sirman-so-1650-f3-banner-36x29.jpg 36w, https:\/\/thucpham.com\/vinacom\/wp-content\/uploads\/2020\/07\/may-cua-xuong-sirman-so-1650-f3-banner-48x38.jpg 48w, https:\/\/thucpham.com\/vinacom\/wp-content\/uploads\/2020\/07\/may-cua-xuong-sirman-so-1650-f3-banner-510x408.jpg 510w\" sizes=\"(max-width: 820px) 100vw, 820px\" title=\"\"><\/p>\n<p style=\"text-align: center;\"><em>Th\u00f4ng tin s\u1ea3n ph\u1ea9m m\u00e1y c\u01b0a x\u01b0\u01a1ng Sirman SO 1650 F3<\/em><\/p>\n<h2><span style=\"font-size: 85%;\"><b>\u01afu \u0111i\u1ec3m m\u00e1y c\u01b0a x\u01b0\u01a1ng Sirman SO 1650 F3<\/b><\/span><\/h2>\n<p style=\"text-align: justify;\"><span style=\"font-weight: 400;\">S\u1edf h\u1eefu thi\u1ebft k\u1ebf kh\u00e1 \u0111\u01a1n gi\u1ea3n, kh\u00f4ng c\u1ea7u k\u1ef3, nh\u01b0ng <\/span><b>m\u00e1y c\u01b0a x\u01b0\u01a1ng Sirman SO 1650 F3<\/b><span style=\"font-weight: 400;\"> l\u1ea1i s\u1edf h\u1eefu t\u00ednh n\u0103ng c\u1eaft x\u01b0\u01a1ng&nbsp; \u201cng\u1ecdt\u201d, chuy\u00ean nghi\u1ec7p, c\u00e1c kh\u1ed1i x\u01b0\u01a1ng \u0111\u01b0\u1ee3c c\u1eaft kh\u00f4ng b\u1ecb v\u1ee5n n\u00e1t v\u00e0 \u0111\u01b0\u1eddng c\u1eaft m\u1ecbn. Ch\u1ea5t li\u1ec7u m\u00e1y to\u00e0n b\u1ed9 l\u00e0m b\u1eb1ng <a href=\"https:\/\/vi.wikipedia.org\/wiki\/Th%C3%A9p_kh%C3%B4ng_g%E1%BB%89\" target=\"_blank\" rel=\"noopener nofollow\" data-schema-attribute=\"\">inox cao c\u1ea5p<\/a>, d\u1ec5 d\u00e0ng v\u1ec7 sinh, kh\u00f4ng b\u1ecb han g\u1ec9 hay sinh ra c\u00e1c ch\u1ea5t \u0111\u1ed9c h\u1ea1i. Ph\u1ea7n l\u01b0\u1ee1i c\u01b0a c\u1ee7a thi\u1ebft b\u1ecb c\u00f3 chi\u1ec1u d\u00e0i 1650mm, d\u1ec5 d\u00e0ng c\u01b0a \u0111\u01b0\u1ee3c c\u00e1c kh\u00fac x\u01b0\u01a1ng cao, d\u00e0i.<\/span><\/p>\n<p style=\"text-align: justify;\"><span style=\"font-weight: 400;\">Th\u00eam v\u00e0o \u0111\u00f3, ch\u1ec9 c\u1ea7n d\u1ecbch chuy\u1ec3n th\u01b0\u1edbc \u0111o ngay tr\u00ean b\u00e0n c\u1eaft l\u00e0 b\u1ea1n c\u00f3 th\u1ec3 \u0111i\u1ec1u ch\u1ec9nh \u0111\u1ed9 d\u00e0i l\u00e1t c\u1eaft t\u00f9y theo nhu c\u1ea7u s\u1eed d\u1ee5ng. Tay \u0111\u1ea9y x\u01b0\u01a1ng c\u1ee7a m\u00e1y v\u1edbi thi\u1ebft k\u1ebf b\u1ecdc l\u1ea5y l\u01b0\u1ee1i dao khi \u0111\u01b0a x\u01b0\u01a1ng qua n\u00ean \u0111\u1eb7c bi\u1ec7t an to\u00e0n cho ng\u01b0\u1eddi s\u1eed d\u1ee5ng.<\/span><\/p>\n<p style=\"text-align: justify;\"><span style=\"font-weight: 400;\">Li\u00ean h\u1ec7 ngay v\u1edbi ThucPham.com \u0111\u1ec3 \u0111\u01b0\u1ee3c t\u01b0 v\u1ea5n v\u00e0 b\u00e1o gi\u00e1 chi ti\u1ebft v\u1ec1 s\u1ea3n ph\u1ea9m <\/span><i>m\u00e1y c\u01b0a x\u01b0\u01a1ng Sirman SO 1650 F3<\/i><span style=\"font-weight: 400;\">. Ch\u00fang t\u00f4i cam k\u1ebft ph\u00e2n ph\u1ed1i s\u1ea3n ph\u1ea9m ch\u00ednh h\u00e3ng, ch\u1ea5t l\u01b0\u1ee3ng v\u1edbi m\u1ee9c gi\u00e1 th\u00e0nh r\u1ebb nh\u1ea5t c\u00f9ng ch\u1ebf \u0111\u1ed9 b\u1ea3o h\u00e0nh t\u1ed1t nh\u1ea5t. <\/span><\/p>\n","protected":false},"excerpt":{"rendered":"<ul>\n<li style=\"font-weight: 400;\"><span style=\"font-weight: 400;\">Xu\u1ea5t x\u1ee9 t\u1eeb th\u01b0\u01a1ng hi\u1ec7u Sirman, \u00dd, n\u1ed5i ti\u1ebfng tr\u00ean to\u00e0n th\u1ebf gi\u1edbi<\/span><\/li>\n<li style=\"font-weight: 400;\"><span style=\"font-weight: 400;\">To\u00e0n b\u1ed9 m\u00e1y \u0111\u01b0\u1ee3c l\u00e0m t\u1eeb inox cao c\u1ea5p, d\u00e0y d\u1eb7n, ch\u1eafc ch\u1eafn<\/span><\/li>\n<li style=\"font-weight: 400;\"><span style=\"font-weight: 400;\">C\u1eaft \u0111\u01b0\u1ee3c c\u00e1c kh\u00fac x\u01b0\u01a1ng d\u00e0i v\u1edbi k\u00edch th\u01b0\u1edbc l\u00ean \u0111\u1ebfn 430 x 475mm<\/span><\/li>\n<li style=\"font-weight: 400;\"><span style=\"font-weight: 400;\">Trang b\u1ecb tay \u0111\u1ea9y x\u01b0\u01a1ng v\u1edbi thi\u1ebft k\u1ebf b\u1ecdc l\u1ea5y l\u01b0\u1ee1i dao, an to\u00e0n khi s\u1eed d\u1ee5ng<\/span><\/li>\n<li style=\"font-weight: 400;\"><span style=\"font-weight: 400;\">C\u1eaft \u0111a d\u1ea1ng t\u1eeb x\u01b0\u01a1ng \u0111\u1ebfn c\u00e1 \u0111\u00f4ng l\u1ea1nh<\/span><\/li>\n<\/ul>\n","protected":false},"featured_media":37007,"comment_status":"open","ping_status":"closed","template":"","meta":[],"product_cat":[217,256],"product_tag":[],"_links":{"self":[{"href":"https:\/\/thucpham.com\/vinacom\/wp-json\/wp\/v2\/product\/9910"}],"collection":[{"href":"https:\/\/thucpham.com\/vinacom\/wp-json\/wp\/v2\/product"}],"about":[{"href":"https:\/\/thucpham.com\/vinacom\/wp-json\/wp\/v2\/types\/product"}],"replies":[{"embeddable":true,"href":"https:\/\/thucpham.com\/vinacom\/wp-json\/wp\/v2\/comments?post=9910"}],"wp:featuredmedia":[{"embeddable":true,"href":"https:\/\/thucpham.com\/vinacom\/wp-json\/wp\/v2\/media\/37007"}],"wp:attachment":[{"href":"https:\/\/thucpham.com\/vinacom\/wp-json\/wp\/v2\/media?parent=9910"}],"wp:term":[{"taxonomy":"product_cat","embeddable":true,"href":"https:\/\/thucpham.com\/vinacom\/wp-json\/wp\/v2\/product_cat?post=9910"},{"taxonomy":"product_tag","embeddable":true,"href":"https:\/\/thucpham.com\/vinacom\/wp-json\/wp\/v2\/product_tag?post=9910"}],"curies":[{"name":"wp","href":"https:\/\/api.w.org\/{rel}","templated":true}]}}