{"id":9840,"date":"2020-07-09T22:20:42","date_gmt":"2020-07-09T15:20:42","guid":{"rendered":"https:\/\/thucpham.com\/?post_type=product&#038;p=9840"},"modified":"2021-12-04T14:32:23","modified_gmt":"2021-12-04T07:32:23","slug":"may-cat-lat-hoa-qua-dremax","status":"publish","type":"product","link":"https:\/\/thucpham.com\/vinacom\/may-cat-lat-hoa-qua-dremax\/","title":{"rendered":"M\u00e1y C\u1eaft L\u00e1t Hoa Qu\u1ea3 Dremax"},"content":{"rendered":"<p style=\"text-align: justify\"><span style=\"font-weight: 400\">N\u1ebfu b\u1ea1n mu\u1ed1n c\u00f3 nh\u1eefng l\u00e1t hoa qu\u1ea3 \u0111\u1eb9p \u0111\u1ec3 trang tr\u00ed th\u00ec kh\u00f4ng th\u1ec3 thi\u1ebfu tr\u1ee3 th\u1ee7 \u0111\u1eafc l\u1ef1c l\u00e0 <\/span><em><strong>m\u00e1y c\u1eaft l\u00e1t hoa qu\u1ea3 Dremax<\/strong><\/em><span style=\"font-weight: 400\"><em><strong> 005<\/strong><\/em>. Chi\u1ebfc m\u00e1y n\u00e0y l\u00e0 s\u1ef1 l\u1ef1a ch\u1ecdn ho\u00e0n h\u1ea3o cho b\u1ea1n gi\u00fap b\u1ea1n c\u1eaft ra nh\u1eefng l\u00e1t hoa qu\u1ea3 v\u1eeba \u0111\u1eb9p m\u1eaft v\u1eeba ch\u00ednh x\u00e1c \u0111\u1ebfn t\u1eebng milimet. S\u1ea3n ph\u1ea9m n\u00e0y c\u0169ng gi\u00fap b\u1ea1n ti\u1ebft ki\u1ec7m v\u00f4 s\u1ed1 th\u1eddi gian v\u00e0 ph\u1ee5c v\u1ee5 kh\u00e1ch h\u00e0ng c\u1ee7a m\u00ecnh t\u1ed1t h\u01a1n, nh\u1ea5t l\u00e0 v\u00e0o gi\u1edd cao \u0111i\u1ec3m.&nbsp;<\/span><\/p>\n<p style=\"text-align: justify\"><img class=\"size-full wp-image-11652 aligncenter\" src=\"https:\/\/thucpham.com\/wp-content\/uploads\/2020\/07\/may-cat-lat-hoa-qua-dremax-005-banner.jpg\" alt=\"may-cat-lat-hoa-qua-dremax-005\" width=\"820\" height=\"656\" srcset=\"https:\/\/thucpham.com\/vinacom\/wp-content\/uploads\/2020\/07\/may-cat-lat-hoa-qua-dremax-005-banner.jpg 820w, https:\/\/thucpham.com\/vinacom\/wp-content\/uploads\/2020\/07\/may-cat-lat-hoa-qua-dremax-005-banner-300x240.jpg 300w, https:\/\/thucpham.com\/vinacom\/wp-content\/uploads\/2020\/07\/may-cat-lat-hoa-qua-dremax-005-banner-768x614.jpg 768w, https:\/\/thucpham.com\/vinacom\/wp-content\/uploads\/2020\/07\/may-cat-lat-hoa-qua-dremax-005-banner-24x19.jpg 24w, https:\/\/thucpham.com\/vinacom\/wp-content\/uploads\/2020\/07\/may-cat-lat-hoa-qua-dremax-005-banner-36x29.jpg 36w, https:\/\/thucpham.com\/vinacom\/wp-content\/uploads\/2020\/07\/may-cat-lat-hoa-qua-dremax-005-banner-48x38.jpg 48w, https:\/\/thucpham.com\/vinacom\/wp-content\/uploads\/2020\/07\/may-cat-lat-hoa-qua-dremax-005-banner-510x408.jpg 510w\" sizes=\"(max-width: 820px) 100vw, 820px\" title=\"\"><\/p>\n<p style=\"text-align: center\"><em>Th\u00f4ng tin s\u1ea3n ph\u1ea9m m\u00e1y c\u1eaft l\u00e1t hoa qu\u1ea3 Dremax<\/em><\/p>\n<p style=\"text-align: justify\"><span style=\"font-weight: 400\"><em><strong>M\u00e1y c\u1eaft l\u00e1t hoa qu\u1ea3 Dremax<\/strong><\/em> l\u00e0m t\u1eeb ch\u1ea5t li\u1ec7u an to\u00e0n nh\u1ef1a v\u00e0 h\u1ee3p kim nh\u00f4m, khi ti\u1ebfp x\u00fac v\u1edbi th\u1ef1c ph\u1ea9m, ch\u00fang kh\u00f4ng l\u00e0m s\u1ea3n sinh c\u00e1c ch\u1ea5t \u0111\u1ed9c h\u1ea1i g\u00e2y \u1ea3nh h\u01b0\u1edfng \u0111\u1ebfn s\u1ee9c kh\u1ecfe ng\u01b0\u1eddi d\u00f9ng. M\u00e1y c\u1eaft l\u00e1t hoa qu\u1ea3 ho\u00e0n to\u00e0n c\u00f3 th\u1ec3 \u0111i\u1ec1u ch\u1ec9nh \u0111\u1ed9 d\u00e0y, m\u1ecfng l\u00e1t c\u1eaft kh\u00e1c nhau, gi\u00fap c\u1eaft l\u00e1t nhanh ch\u00f3ng ch\u1ec9 v\u1edbi thao t\u00e1c \u0111\u01a1n gi\u1ea3n.<\/span> <span style=\"font-weight: 400\">M\u00e1y c\u00f3 thi\u1ebft k\u1ebf nh\u1ecf g\u1ecdn v\u1edbi tr\u1ecdng l\u01b0\u1ee3ng 1,8kg, kh\u00f4ng chi\u1ebfm di\u1ec7n t\u00edch, v\u00e0 th\u00edch h\u1ee3p v\u1edbi m\u1ecdi kh\u00f4ng gian nh\u00e0 b\u1ebfp c\u0169ng nh\u01b0 nh\u00e0 h\u00e0ng, qu\u1ea7y bar, d\u1ec5 d\u00e0ng di chuy\u1ec3n theo \u00fd b\u1ea1n.&nbsp;<\/span><\/p>\n<p style=\"text-align: justify\"><span style=\"font-weight: 400\">N\u1ebfu b\u1ea1n mu\u1ed1n mua&nbsp;m\u00e1y c\u1eaft l\u00e1t hoa qu\u1ea3 Dremax ch\u1ea5t l\u01b0\u1ee3ng, ch\u00ednh h\u00e3ng v\u1edbi gi\u00e1 t\u1ed1t nh\u1ea5t; h\u00e3y li\u00ean h\u1ec7 v\u1edbi ThucPham.com ngay h\u00f4m nay \u0111\u1ec3 \u0111\u01b0\u1ee3c t\u01b0 v\u1ea5n nh\u00e9!<\/span><\/p>\n","protected":false},"excerpt":{"rendered":"<ul>\n<li style=\"font-weight: 400\"><span style=\"font-weight: 400\">Thi\u1ebft k\u1ebf b\u1eb1ng ch\u1ea5t li\u1ec7u an to\u00e0n, kh\u00f4ng ph\u00e1t sinh c\u00e1c ch\u1ea5t \u0111\u1ed9c h\u1ea1i<\/span><\/li>\n<li style=\"font-weight: 400\"><span style=\"font-weight: 400\">Linh ho\u1ea1t \u0111i\u1ec1u ch\u1ec9nh \u0111\u1ed9 d\u00e0y l\u00e1t c\u1eaft kh\u00e1c nhau<\/span><\/li>\n<li style=\"font-weight: 400\"><span style=\"font-weight: 400\">C\u1eaft l\u00e1t nhanh ch\u00f3ng ch\u1ec9 v\u1edbi thao t\u00e1c \u0111\u01a1n gi\u1ea3n<\/span><\/li>\n<li style=\"font-weight: 400\"><span style=\"font-weight: 400\">L\u1eafp \u0111\u1eb7t \u0111\u01a1n gi\u1ea3n, v\u1ec7 sinh d\u1ec5 d\u00e0ng kh\u00f4ng t\u1ed1n c\u00f4ng t\u1ed1n s\u1ee9c<\/span><\/li>\n<li style=\"font-weight: 400\"><span style=\"font-weight: 400\">Tr\u1ecdng l\u01b0\u1ee3ng kho\u1ea3ng 1,8kg gi\u00fap b\u1ea1n di chuy\u1ec3n kh\u00f4ng qu\u00e1 kh\u00f3 kh\u0103n<\/span><\/li>\n<\/ul>\n","protected":false},"featured_media":36925,"comment_status":"open","ping_status":"closed","template":"","meta":[],"product_cat":[216],"product_tag":[],"_links":{"self":[{"href":"https:\/\/thucpham.com\/vinacom\/wp-json\/wp\/v2\/product\/9840"}],"collection":[{"href":"https:\/\/thucpham.com\/vinacom\/wp-json\/wp\/v2\/product"}],"about":[{"href":"https:\/\/thucpham.com\/vinacom\/wp-json\/wp\/v2\/types\/product"}],"replies":[{"embeddable":true,"href":"https:\/\/thucpham.com\/vinacom\/wp-json\/wp\/v2\/comments?post=9840"}],"wp:featuredmedia":[{"embeddable":true,"href":"https:\/\/thucpham.com\/vinacom\/wp-json\/wp\/v2\/media\/36925"}],"wp:attachment":[{"href":"https:\/\/thucpham.com\/vinacom\/wp-json\/wp\/v2\/media?parent=9840"}],"wp:term":[{"taxonomy":"product_cat","embeddable":true,"href":"https:\/\/thucpham.com\/vinacom\/wp-json\/wp\/v2\/product_cat?post=9840"},{"taxonomy":"product_tag","embeddable":true,"href":"https:\/\/thucpham.com\/vinacom\/wp-json\/wp\/v2\/product_tag?post=9840"}],"curies":[{"name":"wp","href":"https:\/\/api.w.org\/{rel}","templated":true}]}}