{"id":9813,"date":"2020-07-09T21:43:13","date_gmt":"2020-07-09T14:43:13","guid":{"rendered":"https:\/\/thucpham.com\/?post_type=product&#038;p=9813"},"modified":"2024-03-13T08:45:32","modified_gmt":"2024-03-13T01:45:32","slug":"may-tao-bot-sua-nong-gemilai","status":"publish","type":"product","link":"https:\/\/thucpham.com\/vinacom\/may-tao-bot-sua-nong-gemilai\/","title":{"rendered":"M\u00e1y T\u1ea1o B\u1ecdt S\u1eefa N\u00f3ng Gemilai"},"content":{"rendered":"<p style=\"text-align: justify\"><em><strong>M\u00e1y t\u1ea1o b\u1ecdt s\u1eefa n\u00f3ng <\/strong><\/em><span style=\"font-weight: 400\"><em><strong>Gemilai<\/strong><\/em> l\u00e0 s\u1ea3n ph\u1ea9m \u0111ang \u0111\u01b0\u1ee3c s\u1eed d\u1ee5ng r\u1ed9ng r\u00e3i t\u1ea1i c\u00e1c c\u1eeda h\u00e0ng cafe, tr\u00e0 s\u1eefa \u2026 <\/span><span style=\"font-weight: 400\">c\u00f4ng c\u1ee5 h\u1ed7 tr\u1ee3 \u0111\u1eafc l\u1ef1c \u0111\u1ec3 t\u1ea1o ra s\u1ef1 kh\u00e1c bi\u1ec7t tr\u00ean nh\u1eefng ly c\u00e0 ph\u00ea khi ch\u00fang c\u00f3 th\u1ec3 \u0111\u00e1nh s\u1eefa t\u1ea1o b\u1ecdt v\u00f4 c\u00f9ng \u0111\u1eb9p m\u1eaft, h\u1ea5p d\u1eabn. M\u00e1y t\u1ea1o b\u1ecdt s\u1eefa n\u00f3ng d\u1ec5 d\u00e0ng cho ra nh\u1eefng l\u1edbp b\u1ecdt s\u1eefa m\u1ec1m m\u1ea1i, c\u1ea5u tr\u00fac v\u1eefng v\u00e0ng \u0111\u1ec3 t\u1ea1o h\u00ecnh trang tr\u00ed \u0111\u1eb9p m\u1eaft. \u0110\u1eb7c bi\u1ec7t, m\u00e1y v\u1eadn h\u00e0nh ho\u00e0n to\u00e0n t\u1ef1 \u0111\u1ed9ng, d\u1ec5 d\u00e0ng thao t\u00e1c, <\/span><span style=\"font-weight: 400\">th\u1eddi gian ho\u00e0n th\u00e0nh \u0111\u1ed3 u\u1ed1ng si\u00eau nhanh.<\/span><\/p>\n<p><img class=\"size-full wp-image-11599 aligncenter\" src=\"https:\/\/thucpham.com\/wp-content\/uploads\/2020\/07\/may-tao-bot-sua-nong-gemilai-banner.jpg\" alt=\"may-tao-bot-sua-nong-gemilai-banner\" width=\"820\" height=\"656\" srcset=\"https:\/\/thucpham.com\/vinacom\/wp-content\/uploads\/2020\/07\/may-tao-bot-sua-nong-gemilai-banner.jpg 820w, https:\/\/thucpham.com\/vinacom\/wp-content\/uploads\/2020\/07\/may-tao-bot-sua-nong-gemilai-banner-300x240.jpg 300w, https:\/\/thucpham.com\/vinacom\/wp-content\/uploads\/2020\/07\/may-tao-bot-sua-nong-gemilai-banner-768x614.jpg 768w, https:\/\/thucpham.com\/vinacom\/wp-content\/uploads\/2020\/07\/may-tao-bot-sua-nong-gemilai-banner-24x19.jpg 24w, https:\/\/thucpham.com\/vinacom\/wp-content\/uploads\/2020\/07\/may-tao-bot-sua-nong-gemilai-banner-36x29.jpg 36w, https:\/\/thucpham.com\/vinacom\/wp-content\/uploads\/2020\/07\/may-tao-bot-sua-nong-gemilai-banner-48x38.jpg 48w, https:\/\/thucpham.com\/vinacom\/wp-content\/uploads\/2020\/07\/may-tao-bot-sua-nong-gemilai-banner-510x408.jpg 510w\" sizes=\"(max-width: 820px) 100vw, 820px\" title=\"\"><\/p>\n<p style=\"text-align: center\"><em>Th\u00f4ng tin s\u1ea3n ph\u1ea9m M\u00e1y t\u1ea1o b\u1ecdt s\u1eefa n\u00f3ng Gemilai <\/em><\/p>\n<p style=\"text-align: justify\"><strong><em>M\u00e1y t\u1ea1o b\u1ecdt s\u1eefa n\u00f3ng Gemilai <\/em><\/strong><span style=\"font-weight: 400\">\u0111\u01b0\u1ee3c s\u1ea3n xu\u1ea5t b\u1eb1ng inox cao c\u1ea5p 304, d\u00e0y d\u1eb7n, ch\u1ed1ng han g\u1ec9. Th\u00eam v\u00e0o \u0111\u00f3, b\u1ec1 m\u1eb7t inox \u0111\u01b0\u1ee3c ph\u1ee7 l\u1edbp ch\u1ed1ng d\u00ednh gi\u00fap b\u1ea1n d\u1ec5 d\u00e0ng lau r\u1eeda, v\u1ec7 sinh. S\u1ea3n ph\u1ea9m t\u00edch h\u1ee3p 3 ch\u1ee9c n\u0103ng: t\u1ea1o b\u1ecdt s\u1eefa, h\u00e2m n\u00f3ng \u0111\u1ed3 u\u1ed1ng, v\u00e0 pha ch\u1ebf th\u00f4ng minh, di\u1ec5n ra ho\u00e0n to\u00e0n t\u1ef1 \u0111\u1ed9ng ch\u1ec9 trong 1 ph\u00fat v\u1edbi m\u1ed9t c\u00e1i nh\u1ea5n n\u00fat. Thanh khu\u1ea5y l\u00e0m b\u1eb1ng inox 304 ch\u1ea5t l\u01b0\u1ee3ng cao k\u1ebft h\u1ee3p c\u00f4ng su\u1ea5t m\u1ea1nh m\u1ebd gi\u00fap pha ch\u1ebf \u0111\u1ed3 u\u1ed1ng v\u00e0 t\u1ea1o b\u1ecdt s\u1eefa si\u00eau nhanh. B\u00ean c\u1ea1nh \u0111\u00f3, ph\u1ea7n tay c\u1ea7m c\u1ee7a m\u00e1y thi\u1ebft k\u1ebf b\u1eb1ng nh\u1ef1a cao c\u1ea5p, ch\u1eafc ch\u1eafn, an to\u00e0n khi c\u1ea7m n\u1eafm. M\u00e1y t\u1ea1o b\u1ecdt s\u1eefa <\/span><span style=\"font-weight: 400\">c\u00f2n <\/span><span style=\"font-weight: 400\">\u0111\u01b0\u1ee3c trang b\u1ecb t\u00ednh n\u0103ng t\u1ef1 ng\u1eaft kho\u1ea3ng 5 ph\u00fat sau 5 l\u1ea7n ho\u1ea1t \u0111\u1ed9ng li\u00ean t\u1ee5c, gi\u00fap m\u00e1y \u0111\u01b0\u1ee3c ngh\u1ec9 ng\u01a1i, k\u00e9o d\u00e0i tu\u1ed5i th\u1ecd.<\/span><\/p>\n<p style=\"text-align: justify\"><span style=\"font-weight: 400\">Qu\u00fd kh\u00e1ch c\u00f3 b\u1ea5t c\u1ee9 th\u1eafc m\u1eafc n\u00e0o v\u1ec1 m\u00e1y t\u1ea1o b\u1ecdt s\u1eefa n\u00f3ng Gemilai; h\u00e3y li\u00ean h\u1ec7 v\u1edbi ThucPham.com \u0111\u1ec3 \u0111\u01b0\u1ee3c t\u01b0 v\u1ea5n t\u1eadn t\u00ecnh nh\u00e9!<\/span><\/p>\n","protected":false},"excerpt":{"rendered":"<ul>\n<li style=\"font-weight: 400\"><span style=\"font-weight: 400\">T\u00edch h\u1ee3p 3 t\u00ednh n\u0103ng: t\u1ea1o b\u1ecdt s\u1eefa, h\u00e2m n\u00f3ng, pha ch\u1ebf\u00a0<\/span><\/li>\n<li style=\"font-weight: 400\"><span style=\"font-weight: 400\">Thi\u1ebft k\u1ebf b\u1eb1ng inox cao c\u1ea5p 304, d\u00e0y d\u1eb7n, si\u00eau b\u1ec1n b\u1ec9<\/span><\/li>\n<li style=\"font-weight: 400\"><span style=\"font-weight: 400\">Tay c\u1ea7m nh\u1ef1a cao c\u1ea5p v\u00e0 ti\u1ec7n d\u1ee5ng<\/span><\/li>\n<li style=\"font-weight: 400\"><span style=\"font-weight: 400\">Thanh khu\u1ea5y l\u00e0m b\u1eb1ng inox 304 kh\u00f4ng han g\u1ec9<\/span><\/li>\n<li style=\"font-weight: 400\"><span style=\"font-weight: 400\">V\u1eadn h\u00e0nh ho\u00e0n to\u00e0n t\u1ef1 \u0111\u1ed9ng, s\u1eed d\u1ee5ng \u0111\u01a1n gi\u1ea3n<\/span><\/li>\n<li style=\"font-weight: 400\"><span style=\"font-weight: 400\">S\u1eed d\u1ee5ng l\u00e0m cappuccino, cacao s\u1eefa n\u00f3ng hay d\u00f9ng t\u1ea1o b\u1ecdt s\u1eefa, h\u00e2m n\u00f3ng s\u1eefa<\/span><\/li>\n<\/ul>\n","protected":false},"featured_media":36863,"comment_status":"open","ping_status":"closed","template":"","meta":[],"product_cat":[213],"product_tag":[],"_links":{"self":[{"href":"https:\/\/thucpham.com\/vinacom\/wp-json\/wp\/v2\/product\/9813"}],"collection":[{"href":"https:\/\/thucpham.com\/vinacom\/wp-json\/wp\/v2\/product"}],"about":[{"href":"https:\/\/thucpham.com\/vinacom\/wp-json\/wp\/v2\/types\/product"}],"replies":[{"embeddable":true,"href":"https:\/\/thucpham.com\/vinacom\/wp-json\/wp\/v2\/comments?post=9813"}],"wp:featuredmedia":[{"embeddable":true,"href":"https:\/\/thucpham.com\/vinacom\/wp-json\/wp\/v2\/media\/36863"}],"wp:attachment":[{"href":"https:\/\/thucpham.com\/vinacom\/wp-json\/wp\/v2\/media?parent=9813"}],"wp:term":[{"taxonomy":"product_cat","embeddable":true,"href":"https:\/\/thucpham.com\/vinacom\/wp-json\/wp\/v2\/product_cat?post=9813"},{"taxonomy":"product_tag","embeddable":true,"href":"https:\/\/thucpham.com\/vinacom\/wp-json\/wp\/v2\/product_tag?post=9813"}],"curies":[{"name":"wp","href":"https:\/\/api.w.org\/{rel}","templated":true}]}}