{"id":9791,"date":"2020-07-09T21:08:02","date_gmt":"2020-07-09T21:08:02","guid":{"rendered":"https:\/\/thucpham.com\/?post_type=product&#038;p=9791"},"modified":"2021-12-04T13:02:18","modified_gmt":"2021-12-04T06:02:18","slug":"may-dinh-luong-duong-16-phim-fest","status":"publish","type":"product","link":"https:\/\/thucpham.com\/vinacom\/may-dinh-luong-duong-16-phim-fest\/","title":{"rendered":"M\u00e1y \u0110\u1ecbnh L\u01b0\u1ee3ng \u0110\u01b0\u1eddng 16 Ph\u00edm Fest"},"content":{"rendered":"<p style=\"text-align: justify\"><span style=\"font-weight: 400\">V\u1edbi chi\u1ebfc <\/span><em><strong>m\u00e1y \u0111\u1ecbnh l\u01b0\u1ee3ng \u0111\u01b0\u1eddng 16 ph\u00edm Fest<\/strong><\/em><span style=\"font-weight: 400\"><em><strong> RC-16<\/strong><\/em> n\u00e0y th\u00ec m\u1ed9t t\u00e1ch cafe, m\u1ed9t ly tr\u00e0 s\u1eefa qu\u00e1 nh\u1ea1t hay qu\u00e1 ng\u1ecdt s\u1ebd kh\u00f4ng xu\u1ea5t hi\u1ec7n trong c\u1eeda h\u00e0ng c\u1ee7a b\u1ea1n. \u0110\u00e2y l\u00e0 m\u1ed9t lo\u1ea1i m\u00e1y \u0111\u01b0\u1ee3c s\u1eed d\u1ee5ng ph\u1ed5 bi\u1ebfn v\u00e0 l\u00e0 tr\u1ee3 th\u1ee7 \u0111\u1eafc l\u1ef1c trong c\u00e1c qu\u00e1n c\u00e0 ph\u00ea, n\u01b0\u1edbc gi\u1ea3i kh\u00e1t hay chu\u1ed7i c\u1eeda h\u00e0ng tr\u00e0 s\u1eefa. S\u1eed d\u1ee5ng m\u00e1y \u0111\u1ecbnh l\u01b0\u1ee3ng \u0111\u01b0\u1eddng Fest s\u1ebd gi\u00fap n\u0103ng su\u1ea5t pha ch\u1ebf \u0111\u1ed3 u\u1ed1ng c\u1ee7a b\u1ea1n t\u0103ng l\u00ean, v\u1eeba \u0111\u1ea3m b\u1ea3o \u0111\u1ed3 u\u1ed1ng chu\u1ea9n v\u1ecb v\u1eeba \u0111\u1ea3m b\u1ea3o ph\u1ee5c v\u1ee5 kh\u00e1ch khi c\u1eeda h\u00e0ng \u0111\u00f4ng kh\u00e1ch.&nbsp; M\u00e1y c\u00f3 k\u00edch th\u01b0\u1edbc r\u1ea5t nh\u1ecf g\u1ecdn 25\u00d735.5\u00d741.5 cm, v\u1edbi kh\u1ed1i l\u01b0\u1ee3ng ch\u1ec9 kho\u1ea3ng 5kg, thu\u1eadn ti\u1ec7n l\u1eafp \u0111\u1eb7t t\u1ea1i b\u1ea5t k\u1ef3 v\u1ecb tr\u00ed n\u00e0o m\u00e0 kh\u00f4ng chi\u1ebfm nhi\u1ec1u di\u1ec7n t\u00edch v\u00e0 \u0111\u1ed3ng th\u1eddi c\u0169ng r\u1ea5t d\u1ec5 d\u00e0ng d\u1ecbch chuy\u1ec3n.<\/span><\/p>\n<p style=\"text-align: justify\"><img class=\"size-full wp-image-11648 aligncenter\" src=\"https:\/\/thucpham.com\/wp-content\/uploads\/2020\/07\/may-dinh-luong-duong-16-phim-fest-rc-16-banner.jpg\" alt=\"may-dinh-luong-duong-16-phim-fest-rc-16-banner\" width=\"820\" height=\"656\" srcset=\"https:\/\/thucpham.com\/vinacom\/wp-content\/uploads\/2020\/07\/may-dinh-luong-duong-16-phim-fest-rc-16-banner.jpg 820w, https:\/\/thucpham.com\/vinacom\/wp-content\/uploads\/2020\/07\/may-dinh-luong-duong-16-phim-fest-rc-16-banner-300x240.jpg 300w, https:\/\/thucpham.com\/vinacom\/wp-content\/uploads\/2020\/07\/may-dinh-luong-duong-16-phim-fest-rc-16-banner-768x614.jpg 768w, https:\/\/thucpham.com\/vinacom\/wp-content\/uploads\/2020\/07\/may-dinh-luong-duong-16-phim-fest-rc-16-banner-24x19.jpg 24w, https:\/\/thucpham.com\/vinacom\/wp-content\/uploads\/2020\/07\/may-dinh-luong-duong-16-phim-fest-rc-16-banner-36x29.jpg 36w, https:\/\/thucpham.com\/vinacom\/wp-content\/uploads\/2020\/07\/may-dinh-luong-duong-16-phim-fest-rc-16-banner-48x38.jpg 48w, https:\/\/thucpham.com\/vinacom\/wp-content\/uploads\/2020\/07\/may-dinh-luong-duong-16-phim-fest-rc-16-banner-510x408.jpg 510w\" sizes=\"(max-width: 820px) 100vw, 820px\" title=\"\"><\/p>\n<p style=\"text-align: center\"><em>Th\u00f4ng tin s\u1ea3n ph\u1ea9m m\u00e1y \u0111\u1ecbnh l\u01b0\u1ee3ng \u0111\u01b0\u1eddng 16 ph\u00edm Fest RC-16<\/em><\/p>\n<p style=\"text-align: justify\"><span style=\"font-weight: 400\"><em><strong>M\u00e1y \u0111\u1ecbnh l\u01b0\u1ee3ng \u0111\u01b0\u1eddng 16 ph\u00edm Fest<\/strong><\/em><em><strong> RC-16<\/strong><\/em> \u0111\u01b0\u1ee3c trang b\u1ecb hai h\u1ec7 th\u1ed1ng \u0111i\u1ec1u khi\u1ec3n t\u1ef1 \u0111\u1ed9ng v\u00e0 \u0111i\u1ec1u khi\u1ec3n b\u1eb1ng tay g\u1ed3m 16 m\u1ee9c \u0111\u1ecbnh l\u01b0\u1ee3ng ri\u00eang bi\u1ec7t. \u0110\u1ed1i v\u1edbi ch\u1ebf \u0111\u1ed9 \u0111\u1ecbnh l\u01b0\u1ee3ng \u0111\u01b0\u1eddng b\u1eb1ng tay, ng\u01b0\u1eddi d\u00f9ng ho\u00e0n to\u00e0n c\u00f3 th\u1ec3 l\u1ef1a ch\u1ecdn l\u01b0\u1ee3ng \u0111\u01b0\u1eddng theo c\u00f4ng th\u1ee9c pha ch\u1ebf ri\u00eang c\u1ee7a ch\u00ednh b\u1ea3n th\u00e2n, th\u1ecfa s\u1ee9c s\u00e1ng t\u1ea1o ra nh\u1eefng m\u00f3n \u0111\u1ed3 u\u1ed1ng \u0111\u1eb7c bi\u1ec7t nh\u1ea5t. C\u00f2n v\u1edbi ch\u1ebf \u0111\u1ed9 t\u1ef1 \u0111\u1ed9ng, ng\u01b0\u1eddi d\u00f9ng l\u1ef1a ch\u1ecdn nh\u1eefng m\u1ee9c \u0111\u01b0\u1eddng kh\u00e1c nhau trong qu\u00e1 tr\u00ecnh pha ch\u1ebf, gi\u00fap \u0111\u1ea3m b\u1ea3o t\u1ef7 l\u1ec7 \u0111\u01b0\u1eddng ch\u00ednh x\u00e1c cho t\u1eebng lo\u1ea1i \u0111\u1ed3 u\u1ed1ng. Ngo\u00e0i ra, m\u00e1y \u0111\u01b0\u1ee3c c\u1ea5u t\u1ea1o t\u1eeb th\u00e9p kh\u00f4ng g\u1ec9, ch\u1eafc ch\u1eafn, b\u1ec1n b\u1ec9, gi\u00fap gi\u1eef nguy\u00ean h\u01b0\u01a1ng v\u1ecb cho \u0111\u1ed3 u\u1ed1ng, trong qu\u00e1 tr\u00ecnh s\u1eed d\u1ee5ng kh\u00f4ng s\u1ea3n sinh ra ch\u1ea5t g\u00e2y h\u1ea1i cho s\u1ee9c kh\u1ecfe kh\u00e1ch h\u00e0ng. M\u00e1y \u0111\u1ecbnh l\u01b0\u1ee3ng \u0111\u01b0\u1eddng Fest 16 gi\u00fap b\u1ea1n r\u00fat ng\u1eafn th\u1eddi gian pha tr\u00e0, ti\u1ebft ki\u1ec7m c\u00f4ng s\u1ee9c b\u1eb1ng c\u00e1ch lo\u1ea1i b\u1ecf h\u1eb3n nh\u1eefng c\u00f4ng \u0111o\u1ea1n \u0111ong \u0111o th\u1ee7 c\u00f4ng.&nbsp;&nbsp;<\/span><\/p>\n","protected":false},"excerpt":{"rendered":"<ul>\n<li style=\"font-weight: 400\"><span style=\"font-weight: 400\">D\u1ec5 d\u00e0ng \u0111i\u1ec1u ch\u1ec9nh l\u01b0\u1ee3ng \u0111\u01b0\u1eddng v\u1edbi 16 m\u1ee9c \u0111\u1ecbnh l\u01b0\u1ee3ng \u0111\u01b0\u1eddng<\/span><\/li>\n<li style=\"font-weight: 400\"><span style=\"font-weight: 400\">T\u00edch h\u1ee3p hai ch\u1ebf \u0111\u1ed9 l\u1ea5y \u0111\u01b0\u1eddng th\u1ee7 c\u00f4ng v\u00e0 t\u1ef1 \u0111\u1ed9ng<\/span><\/li>\n<li style=\"font-weight: 400\"><span style=\"font-weight: 400\">K\u00edch th\u01b0\u1edbc nh\u1ecf g\u1ecdn, kh\u00f4ng chi\u1ebfm qu\u00e1 nhi\u1ec1u di\u1ec7n t\u00edch trong c\u1eeda h\u00e0ng<\/span><\/li>\n<li style=\"font-weight: 400\"><span style=\"font-weight: 400\">C\u1ea5u t\u1ea1o t\u1eeb th\u00e9p kh\u00f4ng g\u1ec9 c\u00f3 tu\u1ed5i th\u1ecd cao, ch\u1ecbu nhi\u1ec7t t\u1ed1t, ch\u1ed1ng m\u00e0i m\u00f2n<\/span><\/li>\n<li style=\"font-weight: 400\"><span style=\"font-weight: 400\">T\u1ed1c \u0111\u1ed9 \u0111o l\u01b0\u1eddng nhanh ch\u00f3ng v\u00e0 ch\u00ednh x\u00e1c<\/span><\/li>\n<li style=\"font-weight: 400\"><span style=\"font-weight: 400\">Ch\u00e2n m\u00e1y c\u00f3 \u0111\u1ec7m ch\u1ed1ng PVC ch\u1eafc v\u00e0 b\u1ec1n, gi\u00fap m\u00e1y kh\u00f4ng b\u1ecb tr\u01a1n tr\u01b0\u1ee3t\u00a0<\/span><\/li>\n<\/ul>\n","protected":false},"featured_media":36809,"comment_status":"open","ping_status":"closed","template":"","meta":[],"product_cat":[210],"product_tag":[],"_links":{"self":[{"href":"https:\/\/thucpham.com\/vinacom\/wp-json\/wp\/v2\/product\/9791"}],"collection":[{"href":"https:\/\/thucpham.com\/vinacom\/wp-json\/wp\/v2\/product"}],"about":[{"href":"https:\/\/thucpham.com\/vinacom\/wp-json\/wp\/v2\/types\/product"}],"replies":[{"embeddable":true,"href":"https:\/\/thucpham.com\/vinacom\/wp-json\/wp\/v2\/comments?post=9791"}],"wp:featuredmedia":[{"embeddable":true,"href":"https:\/\/thucpham.com\/vinacom\/wp-json\/wp\/v2\/media\/36809"}],"wp:attachment":[{"href":"https:\/\/thucpham.com\/vinacom\/wp-json\/wp\/v2\/media?parent=9791"}],"wp:term":[{"taxonomy":"product_cat","embeddable":true,"href":"https:\/\/thucpham.com\/vinacom\/wp-json\/wp\/v2\/product_cat?post=9791"},{"taxonomy":"product_tag","embeddable":true,"href":"https:\/\/thucpham.com\/vinacom\/wp-json\/wp\/v2\/product_tag?post=9791"}],"curies":[{"name":"wp","href":"https:\/\/api.w.org\/{rel}","templated":true}]}}