{"id":9784,"date":"2020-07-09T20:58:32","date_gmt":"2020-07-09T20:58:32","guid":{"rendered":"https:\/\/thucpham.com\/?post_type=product&#038;p=9784"},"modified":"2024-03-01T08:10:30","modified_gmt":"2024-03-01T01:10:30","slug":"may-dap-nap-coc-tu-dong-fest","status":"publish","type":"product","link":"https:\/\/thucpham.com\/vinacom\/may-dap-nap-coc-tu-dong-fest\/","title":{"rendered":"M\u00e1y D\u1eadp N\u1eafp C\u1ed1c T\u1ef1 \u0110\u1ed9ng Fest"},"content":{"rendered":"<p style=\"text-align: justify\"><span style=\"font-weight: 400\"><em><strong>M\u00e1y d\u1eadp n\u1eafp c\u1ed1c t\u1ef1 \u0111\u1ed9ng Fest RC-95<\/strong><\/em> \u0111\u01b0\u1ee3c ThucPham.com nh\u1eadp kh\u1ea9u tr\u1ef1c ti\u1ebfp t\u1eeb nh\u00e0 s\u1ea3n xu\u1ea5t Fest, \u0110\u00e0i Loan, l\u00e0 m\u1ed9t trong nh\u1eefng thi\u1ebft b\u1ecb d\u1eadp c\u1ed1c \u0111ang \u0111\u01b0\u1ee3c nhi\u1ec1u kh\u00e1ch h\u00e0ng tin d\u00f9ng. Thi\u1ebft b\u1ecb kh\u00f4ng ch\u1ec9 thu h\u00fat ng\u01b0\u1eddi d\u00f9ng b\u1edfi m\u1eabu m\u00e3 \u0111\u1eb9p, ki\u1ec3u d\u00e1ng sang tr\u1ecdng m\u00e0 c\u00f2n b\u1edfi nh\u1eefng t\u00ednh n\u0103ng n\u1ed5i tr\u1ed9i m\u00e0 s\u1ea3n ph\u1ea9m n\u00e0y mang l\u1ea1i. M\u00e1y c\u00f3 k\u00edch th\u01b0\u1edbc 58 x 25 x 36 cm v\u00e0 tr\u1ecdng l\u01b0\u1ee3ng 26kg, k\u1ebft c\u1ea5u nh\u1ecf g\u1ecdn, kh\u00f4ng qu\u00e1 c\u1ed3ng k\u1ec1nh, d\u1ec5 d\u00e0ng v\u1eadn chuy\u1ec3n, l\u1eafp \u0111\u1eb7t, v\u00e0 gi\u00fap ti\u1ebft ki\u1ec7m kh\u00f4ng gian.<\/span><\/p>\n<p style=\"text-align: justify\"><img class=\"size-full wp-image-11650 aligncenter\" src=\"https:\/\/thucpham.com\/wp-content\/uploads\/2020\/07\/may-dap-nap-coc-fest-rc-95-banner.jpg\" alt=\"may-dap-nap-coc-fest-rc-95\" width=\"820\" height=\"656\" srcset=\"https:\/\/thucpham.com\/vinacom\/wp-content\/uploads\/2020\/07\/may-dap-nap-coc-fest-rc-95-banner.jpg 820w, https:\/\/thucpham.com\/vinacom\/wp-content\/uploads\/2020\/07\/may-dap-nap-coc-fest-rc-95-banner-300x240.jpg 300w, https:\/\/thucpham.com\/vinacom\/wp-content\/uploads\/2020\/07\/may-dap-nap-coc-fest-rc-95-banner-768x614.jpg 768w, https:\/\/thucpham.com\/vinacom\/wp-content\/uploads\/2020\/07\/may-dap-nap-coc-fest-rc-95-banner-24x19.jpg 24w, https:\/\/thucpham.com\/vinacom\/wp-content\/uploads\/2020\/07\/may-dap-nap-coc-fest-rc-95-banner-36x29.jpg 36w, https:\/\/thucpham.com\/vinacom\/wp-content\/uploads\/2020\/07\/may-dap-nap-coc-fest-rc-95-banner-48x38.jpg 48w, https:\/\/thucpham.com\/vinacom\/wp-content\/uploads\/2020\/07\/may-dap-nap-coc-fest-rc-95-banner-510x408.jpg 510w\" sizes=\"(max-width: 820px) 100vw, 820px\" title=\"\"><\/p>\n<p style=\"text-align: center\"><em>Th\u00f4ng tin s\u1ea3n ph\u1ea9m M\u00e1y d\u1eadp n\u1eafp c\u1ed1c t\u1ef1 \u0111\u1ed9ng Fest RC-95<\/em><\/p>\n<p style=\"text-align: justify\"><span style=\"font-weight: 400\">M\u00e1y d\u1eadp n\u1eafp c\u1ed1c t\u1ef1 \u0111\u1ed9ng Fest \u0111\u01b0\u1ee3c l\u00e0m b\u1eb1ng h\u1ee3p kim th\u00e9p b\u1ec1n b\u1ec9, ch\u1eafc ch\u1eafn, bao ph\u1ee7 th\u00e2n m\u00e1y l\u00e0 m\u00e0u \u0111en \u1ea5n t\u01b0\u1ee3ng, \u0111em l\u1ea1i v\u1ebb m\u1ea1nh m\u1ebd, \u1ea5n t\u01b0\u1ee3ng cho t\u1ed5ng th\u1ec3 thi\u1ebft b\u1ecb. M\u00e1y \u0111\u01b0\u1ee3c thi\u1ebft k\u1ebf v\u00f4 c\u00f9ng th\u00f4ng minh, c\u00f3 2 m\u00e0n h\u00ecnh hi\u1ec3n th\u1ecb &#8211; 1 m\u00e0n h\u00ecnh hi\u1ec3n th\u1ecb s\u1ed1 n\u1eafp c\u1ed1c \u0111\u00e3 \u0111\u01b0\u1ee3c d\u1eadp, gi\u00fap ki\u1ec3m so\u00e1t s\u1ed1 l\u01b0\u1ee3ng \u0111\u1ed3 u\u1ed1ng b\u00e1n ra, m\u00e0n h\u00ecnh c\u00f2n l\u1ea1i hi\u1ec3n th\u1ecb nhi\u1ec7t \u0111\u1ed9 m\u00e1y gi\u00fap b\u1ea1n bi\u1ebft \u0111\u01b0\u1ee3c th\u1eddi \u0111i\u1ec3m m\u00e1y s\u1eb5n s\u00e0ng ho\u1ea1t \u0111\u1ed9ng. Th\u00eam m\u1ed9t \u01b0u \u0111i\u1ec3m n\u1ed5i tr\u1ed9i c\u1ee7a m\u00e1y n\u1eafp d\u1eadp c\u1ed1c Fest l\u00e0 v\u1eadn h\u00e0nh t\u1ef1 \u0111\u1ed9ng ho\u00e0n to\u00e0n nh\u01b0 kh\u00e2u \u0111\u1ea9y c\u1ed1c v\u00e0o khu\u00f4n, d\u1eadp c\u1ed1c, nh\u1ea3 c\u1ed1c, gi\u00fap b\u1ea1n ti\u1ebft ki\u1ec7m c\u00f4ng s\u1ee9c v\u00e0 th\u1eddi gian. Thi\u1ebft b\u1ecb c\u00f2n c\u00f3 ch\u1ebf \u0111\u1ed9 ng\u01b0ng d\u1eadp c\u1ed1c khi c\u00f3 s\u1ef1 c\u1ed1 v\u1edbi c\u1ed1c \u0111\u1ed3 u\u1ed1ng b\u1ea1n pha ch\u1ebf hay b\u1ea1n ph\u00e1t hi\u1ec7n thi\u1ebfu m\u1ed9t nguy\u00ean li\u1ec7u n\u00e0o \u0111\u00f3 th\u00ec b\u1ea1n ho\u00e0n to\u00e0n c\u00f3 th\u1ec3 b\u1ecf c\u1ed1c ra, \u0111i\u1ec1u ch\u1ec9nh l\u1ea1i, v\u00e0 ti\u1ebfp t\u1ee5c cho v\u00e0o m\u00e1y \u0111\u1ec3 d\u1eadp. <em><strong>M\u00e1y d\u1eadp n\u1eafp c\u1ed1c t\u1ef1 \u0111\u1ed9ng Fest RC-95<\/strong><\/em> \u0111\u01b0\u1ee3c s\u1ea3n xu\u1ea5t theo c\u00f4ng ngh\u1ec7 hi\u1ec7n \u0111\u1ea1i, hi\u1ec7u su\u1ea5t l\u00e0m vi\u1ec7c v\u01b0\u1ee3t tr\u1ed9i h\u01a1n h\u1eb3n c\u00e1c d\u00f2ng m\u00e1y kh\u00e1c, v\u00e0 gi\u00fap t\u0103ng c\u01b0\u1eddng hi\u1ec7u su\u1ea5t l\u00e0m vi\u1ec7c cho c\u1eeda h\u00e0ng, qu\u00e1n tr\u00e0 s\u1eefa, \u0111\u1eb7c bi\u1ec7t v\u00e0o gi\u1edd cao \u0111i\u1ec3m.<\/span><\/p>\n","protected":false},"excerpt":{"rendered":"<ul>\n<li style=\"font-weight: 400\"><span style=\"font-weight: 400\">K\u1ebft c\u1ea5u nh\u1ecf g\u1ecdn, ti\u1ebft ki\u1ec7m kh\u00f4ng gian, v\u1eadn chuy\u1ec3n, l\u1eafp \u0111\u1eb7t d\u1ec5 d\u00e0ng<\/span><\/li>\n<li style=\"font-weight: 400\"><span style=\"font-weight: 400\">V\u1eadn h\u00e0nh t\u1ef1 \u0111\u1ed9ng, gi\u00fap ti\u1ebft ki\u1ec7m th\u1eddi gian, c\u00f4ng s\u1ee9c cho ng\u01b0\u1eddi d\u00f9ng<\/span><\/li>\n<li style=\"font-weight: 400\"><span style=\"font-weight: 400\">H\u1ec7 th\u1ed1ng n\u00fat b\u1ea5m \u0111i\u1ec1u khi\u1ec3n t\u1ef1 \u0111\u1ed9ng chuy\u00ean nghi\u1ec7p<\/span><\/li>\n<li style=\"font-weight: 400\"><span style=\"font-weight: 400\">Thi\u1ebft k\u1ebf th\u00f4ng minh v\u1edbi hai m\u00e0n h\u00ecnh hi\u1ec3n th\u1ecb<\/span><\/li>\n<li style=\"font-weight: 400\"><span style=\"font-weight: 400\">Ho\u1ea1t \u0111\u1ed9ng \u00eam \u00e1i, kh\u00f4ng g\u00e2y ti\u1ebfng \u1ed3n<\/span><\/li>\n<li style=\"font-weight: 400\"><span style=\"font-weight: 400\">K\u1ebft c\u1ea7u t\u1eeb h\u1ee3p kim th\u00e9p b\u1ec1n b\u1ec9, cao c\u1ea5p<\/span><\/li>\n<li style=\"font-weight: 400\"><span style=\"font-weight: 400\">S\u1eed d\u1ee5ng \u0111a d\u1ea1ng cho nhi\u1ec1u lo\u1ea1i k\u00edch c\u1ee1 c\u1ed1c<\/span><\/li>\n<\/ul>\n","protected":false},"featured_media":36789,"comment_status":"open","ping_status":"closed","template":"","meta":[],"product_cat":[208],"product_tag":[],"_links":{"self":[{"href":"https:\/\/thucpham.com\/vinacom\/wp-json\/wp\/v2\/product\/9784"}],"collection":[{"href":"https:\/\/thucpham.com\/vinacom\/wp-json\/wp\/v2\/product"}],"about":[{"href":"https:\/\/thucpham.com\/vinacom\/wp-json\/wp\/v2\/types\/product"}],"replies":[{"embeddable":true,"href":"https:\/\/thucpham.com\/vinacom\/wp-json\/wp\/v2\/comments?post=9784"}],"wp:featuredmedia":[{"embeddable":true,"href":"https:\/\/thucpham.com\/vinacom\/wp-json\/wp\/v2\/media\/36789"}],"wp:attachment":[{"href":"https:\/\/thucpham.com\/vinacom\/wp-json\/wp\/v2\/media?parent=9784"}],"wp:term":[{"taxonomy":"product_cat","embeddable":true,"href":"https:\/\/thucpham.com\/vinacom\/wp-json\/wp\/v2\/product_cat?post=9784"},{"taxonomy":"product_tag","embeddable":true,"href":"https:\/\/thucpham.com\/vinacom\/wp-json\/wp\/v2\/product_tag?post=9784"}],"curies":[{"name":"wp","href":"https:\/\/api.w.org\/{rel}","templated":true}]}}