{"id":9780,"date":"2020-07-09T20:53:30","date_gmt":"2020-07-09T13:53:30","guid":{"rendered":"https:\/\/thucpham.com\/?post_type=product&#038;p=9780"},"modified":"2021-12-04T12:01:06","modified_gmt":"2021-12-04T05:01:06","slug":"binh-u-tra-co-dong-ho-trung-quoc","status":"publish","type":"product","link":"https:\/\/thucpham.com\/vinacom\/binh-u-tra-co-dong-ho-trung-quoc\/","title":{"rendered":"B\u00ecnh \u1ee6 Tr\u00e0 C\u00f3 \u0110\u1ed3ng H\u1ed3 Trung Qu\u1ed1c"},"content":{"rendered":"<p style=\"text-align: justify\"><span style=\"font-weight: 400\">Tr\u00e0 s\u1eefa l\u00e0 m\u1ed9t trong nh\u1eefng lo\u1ea1i \u0111\u1ed3 u\u1ed1ng \u0111\u01b0\u1ee3c \u01b0a chu\u1ed9ng b\u1edfi gi\u1edbi tr\u1ebb hi\u1ec7n nay. \u0110\u1ec3 c\u00f3 \u0111\u01b0\u1ee3c c\u1ed1c tr\u00e0 th\u01a1m ngon th\u00ec ngo\u00e0i vi\u1ec7c c\u00f3 tay ngh\u1ec1 pha chuy\u00ean nghi\u1ec7p, nguy\u00ean li\u1ec7u t\u1ed1t th\u00ec b\u1ea1n c\u0169ng c\u1ea7n \u0111\u1ebfn d\u1ee5ng c\u1ee5 pha tr\u00e0 n\u1eefa. <em><strong>B\u00ecnh \u1ee7 tr\u00e0 c\u00f3 \u0111\u1ed3ng h\u1ed3 Trung Qu\u1ed1c<\/strong><\/em> l\u00e0 m\u1ed9t trong nh\u1eefng th\u00e0nh ph\u1ea7n kh\u00f4ng th\u1ec3 thi\u1ebfu \u0111\u1ec3 g\u00f3p ph\u1ea7n t\u1ea1o ra m\u1ed9t c\u1ed1c tr\u00e0 h\u1ea5p d\u1eabn, h\u01b0\u01a1ng v\u1ecb kh\u00f3 qu\u00ean. Chi\u1ebfc b\u00ecnh n\u00e0y \u0111\u01b0\u1ee3c thi\u1ebft k\u1ebf kh\u00e1 \u0111\u01a1n gi\u1ea3n nh\u01b0ng kh\u00f4ng k\u00e9m ph\u1ea7n sang tr\u1ecdng, \u0111\u1eb9p m\u1eaft v\u1edbi m\u00e0u s\u1eafc ch\u00ednh l\u00e0 s\u00e1ng b\u1ea1c c\u1ee7a ch\u1ea5t li\u1ec7u nh\u1ef1a v\u00e0 inox cao c\u1ea5p.&nbsp;<\/span><\/p>\n<p><img class=\"size-full wp-image-11820 aligncenter\" src=\"https:\/\/thucpham.com\/wp-content\/uploads\/2020\/07\/binh-u-tra-co-dong-ho-trung-quoc-banner.jpg\" alt=\"binh-u-tra-co-dong-ho-trung-quoc\" width=\"820\" height=\"656\" srcset=\"https:\/\/thucpham.com\/vinacom\/wp-content\/uploads\/2020\/07\/binh-u-tra-co-dong-ho-trung-quoc-banner.jpg 820w, https:\/\/thucpham.com\/vinacom\/wp-content\/uploads\/2020\/07\/binh-u-tra-co-dong-ho-trung-quoc-banner-300x240.jpg 300w, https:\/\/thucpham.com\/vinacom\/wp-content\/uploads\/2020\/07\/binh-u-tra-co-dong-ho-trung-quoc-banner-768x614.jpg 768w, https:\/\/thucpham.com\/vinacom\/wp-content\/uploads\/2020\/07\/binh-u-tra-co-dong-ho-trung-quoc-banner-24x19.jpg 24w, https:\/\/thucpham.com\/vinacom\/wp-content\/uploads\/2020\/07\/binh-u-tra-co-dong-ho-trung-quoc-banner-36x29.jpg 36w, https:\/\/thucpham.com\/vinacom\/wp-content\/uploads\/2020\/07\/binh-u-tra-co-dong-ho-trung-quoc-banner-48x38.jpg 48w, https:\/\/thucpham.com\/vinacom\/wp-content\/uploads\/2020\/07\/binh-u-tra-co-dong-ho-trung-quoc-banner-510x408.jpg 510w\" sizes=\"(max-width: 820px) 100vw, 820px\" title=\"\"><\/p>\n<p style=\"text-align: center\"><em>Th\u00f4ng tin s\u1ea3n ph\u1ea9m b\u00ecnh \u1ee7 tr\u00e0 c\u00f3 \u0111\u1ed3ng h\u1ed3 Trung Qu\u1ed1c<\/em><\/p>\n<p style=\"text-align: justify\"><span style=\"font-weight: 400\">Ngo\u00e0i ra, ch\u1ea5t li\u1ec7u inox c\u00f3 tu\u1ed5i th\u1ecd cao, si\u00eau b\u1ec1n, d\u1ec5 lau ch\u00f9i, lu\u00f4n s\u00e1ng b\u00f3ng v\u00e0 \u0111\u1eb7c bi\u1ec7t l\u00e0 hi\u1ebfm khi b\u1ecb m\u00e9o m\u00f3, han g\u1ec9 trong qu\u00e1 tr\u00ecnh s\u1eed d\u1ee5ng. K\u1ebft c\u1ea5u 2 l\u1edbp c\u00e1ch nhi\u1ec7t ngo\u00e0i v\u00e0 trong d\u00e0y d\u1eb7n gi\u00fap nhi\u1ec7t \u0111\u1ed9 tr\u00e0 c\u00f3 th\u1ec3 gi\u1eef \u0111\u01b0\u1ee3c \u1ed5n \u0111\u1ecbnh trong su\u1ed1t nhi\u1ec1u gi\u1edd.&nbsp; L\u1edbp c\u00e1ch nhi\u1ec7t c\u0169ng gi\u00fap \u0111\u1ea3m b\u1ea3o an to\u00e0n cho ng\u01b0\u1eddi d\u00f9ng trong qu\u00e1 tr\u00ecnh pha ch\u1ebf. Th\u00eam v\u00e0o \u0111\u00f3, b\u00ecnh \u1ee7 tr\u00e0 c\u00f2n \u0111\u01b0\u1ee3c l\u1eafp \u0111\u1eb7t th\u00eam h\u1ec7 th\u1ed1ng \u0111o nhi\u1ec7t \u0111\u1ed9 n\u01b0\u1edbc, gi\u00fap b\u1ea1n ki\u1ec3m so\u00e1t v\u00e0 k\u1ecbp th\u1eddi b\u1ed5 sung n\u01b0\u1edbc khi c\u1ea7n thi\u1ebft. B\u00ean c\u1ea1nh \u0111\u00f3, quai x\u00e1ch \u0111\u01b0\u1ee3c l\u00e0m t\u1eeb ch\u1ea5t li\u1ec7u nh\u1ef1a cao c\u1ea5p n\u00ean d\u1ec5 d\u00e0ng di chuy\u1ec3n b\u00ecnh \u0111i m\u1ecdi n\u01a1i m\u00e0 kh\u00f4ng g\u1eb7p b\u1ea5t k\u1ef3 kh\u00f3 kh\u0103n n\u00e0o.<\/span><\/p>\n<p style=\"text-align: justify\"><span style=\"font-weight: 400\">N\u1ebfu b\u1ea1n \u0111ang c\u00f3 nhu c\u1ea7u mua <em><strong>b\u00ecnh \u1ee7 tr\u00e0 c\u00f3 \u0111\u1ed3ng h\u1ed3 Trung Qu\u1ed1c<\/strong><\/em> th\u00ec li\u00ean h\u1ec7 ngay v\u1edbi ThucPham.com \u0111\u1ec3 c\u00f3 m\u1ee9c gi\u00e1 \u01b0u \u0111\u00e3i nh\u1ea5t nh\u00e9.<\/span><\/p>\n","protected":false},"excerpt":{"rendered":"<ul>\n<li><span style=\"font-weight: 400\">Ki\u1ec3m so\u00e1t nhi\u1ec7t \u0111\u1ed9 c\u1ed1t tr\u00e0 li\u00ean t\u1ee5c trong th\u1eddi gian d\u00e0i<\/span><\/li>\n<li><span style=\"font-weight: 400\">Quai x\u00e1ch \u0111\u01b0\u1ee3c l\u00e0m t\u1eeb ch\u1ea5t li\u1ec7u nh\u1ef1a cao c\u1ea5p c\u00f3 \u0111\u1ed9 b\u1ec1n cao<\/span><\/li>\n<li><span style=\"font-weight: 400\">V\u1ecf ngo\u00e0i b\u1eb1ng v\u1eadt li\u1ec7u inox cao c\u1ea5p, si\u00eau b\u1ec1n<\/span><\/li>\n<li><span style=\"font-weight: 400\">Th\u00e2n b\u00ecnh v\u1edbi 2 l\u1edbp c\u00e1ch nhi\u1ec7t gi\u00fap gi\u1eef nhi\u1ec7t l\u00e2u h\u01a1n<\/span><\/li>\n<li><span style=\"font-weight: 400\">H\u1ec7 th\u1ed1ng \u0111o nhi\u1ec7t \u0111\u1ed9 n\u01b0\u1edbc tr\u00e0 ch\u00ednh x\u00e1c v\u00e0 th\u00f4ng minh<\/span><\/li>\n<li><span style=\"font-weight: 400\">Thi\u1ebft k\u1ebf v\u00f2i ti\u1ec7n l\u1ee3i, ch\u1ecbu nhi\u1ec7t t\u1ed1t<\/span><\/li>\n<\/ul>\n","protected":false},"featured_media":36783,"comment_status":"open","ping_status":"closed","template":"","meta":[],"product_cat":[207],"product_tag":[],"_links":{"self":[{"href":"https:\/\/thucpham.com\/vinacom\/wp-json\/wp\/v2\/product\/9780"}],"collection":[{"href":"https:\/\/thucpham.com\/vinacom\/wp-json\/wp\/v2\/product"}],"about":[{"href":"https:\/\/thucpham.com\/vinacom\/wp-json\/wp\/v2\/types\/product"}],"replies":[{"embeddable":true,"href":"https:\/\/thucpham.com\/vinacom\/wp-json\/wp\/v2\/comments?post=9780"}],"wp:featuredmedia":[{"embeddable":true,"href":"https:\/\/thucpham.com\/vinacom\/wp-json\/wp\/v2\/media\/36783"}],"wp:attachment":[{"href":"https:\/\/thucpham.com\/vinacom\/wp-json\/wp\/v2\/media?parent=9780"}],"wp:term":[{"taxonomy":"product_cat","embeddable":true,"href":"https:\/\/thucpham.com\/vinacom\/wp-json\/wp\/v2\/product_cat?post=9780"},{"taxonomy":"product_tag","embeddable":true,"href":"https:\/\/thucpham.com\/vinacom\/wp-json\/wp\/v2\/product_tag?post=9780"}],"curies":[{"name":"wp","href":"https:\/\/api.w.org\/{rel}","templated":true}]}}