{"id":9571,"date":"2020-07-03T22:23:18","date_gmt":"2020-07-03T15:23:18","guid":{"rendered":"https:\/\/thucpham.com\/?post_type=product&#038;p=9571"},"modified":"2023-12-19T13:33:54","modified_gmt":"2023-12-19T06:33:54","slug":"chau-rua-don-co-ban-viet-nam","status":"publish","type":"product","link":"https:\/\/thucpham.com\/vinacom\/chau-rua-don-co-ban-viet-nam\/","title":{"rendered":"Ch\u1eadu R\u1eeda \u0110\u01a1n C\u00f3 B\u00e0n Vi\u1ec7t Nam"},"content":{"rendered":"<h2><strong><span style=\"font-size: 85%;\">Th\u00f4ng tin s\u1ea3n ph\u1ea9m<\/span><\/strong><\/h2>\n<p style=\"text-align: justify;\"><span style=\"font-weight: 400;\">Thay v\u00ec ph\u1ea3i mua m\u1ed9t ch\u1eadu r\u1eeda v\u00e0 m\u1ed9t b\u00e0n th\u1edbt ri\u00eang bi\u1ec7t v\u1eeba t\u1ed1n chi ph\u00ed m\u00e0 v\u1eeba g\u00e2y ch\u1eadt ch\u1ed9i gian b\u1ebfp, th\u00ec gi\u1edd \u0111\u00e2y s\u1ef1 ra \u0111\u1eddi c\u1ee7a s\u1ea3n ph\u1ea9m <strong>ch\u1eadu r\u1eeda \u0111\u01a1n c\u00f3 b\u00e0n Vi\u1ec7t Nam<\/strong> s\u1ebd gi\u1ea3i quy\u1ebft h\u1ebft c\u00e1c v\u1ea5n \u0111\u1ec1 \u0111\u00f3. S\u1ea3n ph\u1ea9m ch\u1ec9 c\u00f3 m\u1ed9t h\u1ed1 ch\u1eadu r\u1eeda, nh\u01b0ng \u0111\u01b0\u1ee3c thi\u1ebft k\u1ebf th\u00eam m\u1ed9t b\u00e0n b\u00ean c\u1ea1nh; gi\u00fap b\u1ea1n ti\u1ec7n l\u1ee3i h\u01a1n trong qu\u00e1 tr\u00ecnh s\u01a1 ch\u1ebf th\u1ef1c ph\u1ea9m; d\u1ecdn r\u1eeda.&nbsp; Ch\u1eadu r\u1eeda \u0111\u01b0\u1ee3c s\u1ea3n xu\u1ea5t t\u1eeb ch\u1ea5t li\u1ec7u inox nh\u1eadp ngo\u1ea1i, c\u00f3 \u0111\u1ed9 b\u1ec1n cao, c\u1eaft s\u1ea5n b\u1eb1ng m\u00e1y th\u1ee7y l\u1ef1c, h\u00e0n b\u1eb1ng kh\u00ed Argon ch\u1ed1ng oxy h\u00f3a, \u0111\u1ea3m b\u1ea3o t\u00ednh th\u1ea9m m\u1ef9, v\u00e0 \u0111\u1ed9 an to\u00e0n.&nbsp;<\/span><\/p>\n<p><img class=\"aligncenter wp-image-11816 size-full\" src=\"https:\/\/thucpham.com\/wp-content\/uploads\/2020\/07\/chau-rua-don-co-ban-viet-nam-banner.jpg\" alt=\"Ch\u1eadu R\u1eeda \u0110\u01a1n C\u00f3 B\u00e0n Vi\u1ec7t Nam\" width=\"820\" height=\"656\" srcset=\"https:\/\/thucpham.com\/vinacom\/wp-content\/uploads\/2020\/07\/chau-rua-don-co-ban-viet-nam-banner.jpg 820w, https:\/\/thucpham.com\/vinacom\/wp-content\/uploads\/2020\/07\/chau-rua-don-co-ban-viet-nam-banner-300x240.jpg 300w, https:\/\/thucpham.com\/vinacom\/wp-content\/uploads\/2020\/07\/chau-rua-don-co-ban-viet-nam-banner-768x614.jpg 768w, https:\/\/thucpham.com\/vinacom\/wp-content\/uploads\/2020\/07\/chau-rua-don-co-ban-viet-nam-banner-24x19.jpg 24w, https:\/\/thucpham.com\/vinacom\/wp-content\/uploads\/2020\/07\/chau-rua-don-co-ban-viet-nam-banner-36x29.jpg 36w, https:\/\/thucpham.com\/vinacom\/wp-content\/uploads\/2020\/07\/chau-rua-don-co-ban-viet-nam-banner-48x38.jpg 48w, https:\/\/thucpham.com\/vinacom\/wp-content\/uploads\/2020\/07\/chau-rua-don-co-ban-viet-nam-banner-510x408.jpg 510w\" sizes=\"(max-width: 820px) 100vw, 820px\" title=\"\"><\/p>\n<p style=\"text-align: center;\"><em>Th\u00f4ng tin s\u1ea3n ph\u1ea9m ch\u1eadu r\u1eeda \u0111\u01a1n c\u00f3 b\u00e0n Vi\u1ec7t Nam<\/em><\/p>\n<h2><span style=\"font-weight: 400; font-size: 85%;\"><strong>\u01afu \u0111i\u1ec3m ch\u1eadu r\u1eeda \u0111\u01a1n c\u00f3 b\u00e0n Vi\u1ec7t Nam<\/strong><\/span><\/h2>\n<p style=\"text-align: justify;\"><span style=\"font-weight: 400;\"><strong>Ch\u1eadu r\u1eeda \u0111\u01a1n c\u00f3 b\u00e0n Vi\u1ec7t Nam<\/strong> \u0111\u01b0\u1ee3c l\u00e0m b\u1eb1ng <a href=\"https:\/\/vi.wikipedia.org\/wiki\/Th%C3%A9p_kh%C3%B4ng_g%E1%BB%89\" target=\"_blank\" rel=\"noopener nofollow\" data-schema-attribute=\"\">inox ch\u1ea5t l\u01b0\u1ee3ng cao<\/a> v\u1edbi kh\u1ea3 n\u0103ng ch\u1ecbu l\u1ef1c t\u1ed1t, ch\u1ed1ng han g\u1ec9 v\u00e0 lu\u00f4n s\u00e1ng \u0111\u1eb9p theo th\u1eddi gian. D\u00f9 ch\u1ec9 c\u00f3 1 h\u1ed1 ch\u1eadu nh\u01b0ng c\u00f3 k\u00edch th\u01b0\u1edbc kh\u00e1 r\u1ed9ng r\u00e3i 500x500x300mm, nh\u1edd v\u1eady c\u00f3 th\u1ec3 ch\u1ee9a \u0111\u01b0\u1ee3c nhi\u1ec1u \u0111\u1ed3 h\u01a1n. S\u1ea3n ph\u1ea9m c\u0169ng \u0111\u01b0\u1ee3c trang b\u1ecb t\u1ea5m ch\u1eafn v\u00e0 g\u1edd ch\u1eafn \u0111\u1ec3 h\u1ea1n ch\u1ebf n\u01b0\u1edbc b\u1eafn ra ngo\u00e0i trong qu\u00e1 tr\u00ecnh r\u1eeda, gi\u00fap kh\u00f4ng gian b\u1ebfp lu\u00f4n kh\u00f4 r\u00e1o v\u00e0 s\u1ea1ch s\u1ebd. Ch\u00e2n \u0111\u1ebf \u0111\u01b0\u1ee3c thi\u1ebft k\u1ebf v\u1eefng v\u00e0ng, c\u00f3 \u0111\u1ec7m cao su ch\u1ed1ng tr\u01b0\u1ee3t \u0111\u1ed3ng th\u1eddi c\u00f3 th\u1ec3 t\u00f9y ch\u1ec9nh chi\u1ec1u cao cho ph\u00f9 h\u1ee3p v\u1edbi nhu c\u1ea7u s\u1eed d\u1ee5ng.<\/span><\/p>\n<p style=\"text-align: justify;\"><span style=\"font-weight: 400;\">S\u1ea3n ph\u1ea9m <em>ch\u1eadu r\u1eeda \u0111\u01a1n c\u00f3 b\u00e0n Vi\u1ec7t Nam<\/em> c\u00f3 t\u00ednh \u1ee9ng d\u1ee5ng linh ho\u1ea1t v\u00e0 s\u1eed d\u1ee5ng ti\u1ec7n l\u1ee3i n\u00ean ng\u00e0y c\u00e0ng \u0111\u01b0\u1ee3c \u01b0a chu\u1ed9ng v\u00e0 tin d\u00f9ng. <\/span><\/p>\n","protected":false},"excerpt":{"rendered":"<ul>\n<li style=\"font-weight: 400;\"><span style=\"font-weight: 400;\">\u0110\u1ea1t ti\u00eau chu\u1ea9n ch\u1ea5t l\u01b0\u1ee3ng ISO 9001:2008<\/span><\/li>\n<li style=\"font-weight: 400;\"><span style=\"font-weight: 400;\">Ch\u1ea5t li\u1ec7u inox nh\u1eadp ngo\u1ea1i ch\u1ed1ng han g\u1ec9, lu\u00f4n s\u00e1ng \u0111\u1eb9p<\/span><\/li>\n<li style=\"font-weight: 400;\"><span style=\"font-weight: 400;\">H\u1ed1 ch\u1eadu s\u00e2u v\u00e0 r\u1ed9ng gi\u00fap ch\u1ee9a nhi\u1ec1u \u0111\u1ed3<\/span><\/li>\n<li style=\"font-weight: 400;\"><span style=\"font-weight: 400;\">H\u1ec7 th\u1ed1ng g\u00e2n tr\u1ee3 l\u1ef1c gi\u00fap t\u0103ng \u0111\u1ed9 b\u1ec1n<\/span><\/li>\n<li style=\"font-weight: 400;\"><span style=\"font-weight: 400;\">B\u00e0n ch\u1edd r\u1ed9ng v\u00e0 ti\u1ec7n l\u1ee3i<\/span><\/li>\n<li style=\"font-weight: 400;\"><span style=\"font-weight: 400;\">Ch\u00e2n \u0111\u1ebf \u0111\u01b0\u1ee3c thi\u1ebft k\u1ebf v\u1eefng v\u00e0ng, c\u00f3 \u0111\u1ec7m cao su ch\u1ed1ng tr\u01b0\u1ee3t<\/span><\/li>\n<\/ul>\n","protected":false},"featured_media":36737,"comment_status":"open","ping_status":"closed","template":"","meta":[],"product_cat":[204,467],"product_tag":[],"_links":{"self":[{"href":"https:\/\/thucpham.com\/vinacom\/wp-json\/wp\/v2\/product\/9571"}],"collection":[{"href":"https:\/\/thucpham.com\/vinacom\/wp-json\/wp\/v2\/product"}],"about":[{"href":"https:\/\/thucpham.com\/vinacom\/wp-json\/wp\/v2\/types\/product"}],"replies":[{"embeddable":true,"href":"https:\/\/thucpham.com\/vinacom\/wp-json\/wp\/v2\/comments?post=9571"}],"wp:featuredmedia":[{"embeddable":true,"href":"https:\/\/thucpham.com\/vinacom\/wp-json\/wp\/v2\/media\/36737"}],"wp:attachment":[{"href":"https:\/\/thucpham.com\/vinacom\/wp-json\/wp\/v2\/media?parent=9571"}],"wp:term":[{"taxonomy":"product_cat","embeddable":true,"href":"https:\/\/thucpham.com\/vinacom\/wp-json\/wp\/v2\/product_cat?post=9571"},{"taxonomy":"product_tag","embeddable":true,"href":"https:\/\/thucpham.com\/vinacom\/wp-json\/wp\/v2\/product_tag?post=9571"}],"curies":[{"name":"wp","href":"https:\/\/api.w.org\/{rel}","templated":true}]}}