{"id":9566,"date":"2020-07-03T22:17:15","date_gmt":"2020-07-03T15:17:15","guid":{"rendered":"https:\/\/thucpham.com\/?post_type=product&#038;p=9566"},"modified":"2023-12-19T13:34:10","modified_gmt":"2023-12-19T06:34:10","slug":"chau-rua-inox-doi-viet-nam","status":"publish","type":"product","link":"https:\/\/thucpham.com\/vinacom\/chau-rua-inox-doi-viet-nam\/","title":{"rendered":"Ch\u1eadu R\u1eeda Inox \u0110\u00f4i Vi\u1ec7t Nam"},"content":{"rendered":"<h2><span style=\"font-size: 85%;\"><strong>Th\u00f4ng tin s\u1ea3n ph\u1ea9m<\/strong><\/span><\/h2>\n<p style=\"text-align: justify;\"><b>Ch\u1eadu r\u1eeda inox \u0111\u00f4i Vi\u1ec7t Nam <\/b><span style=\"font-weight: 400;\">l\u00e0 thi\u1ebft b\u1ecb kh\u00f4ng th\u1ec3 thi\u1ebfu trong c\u00e1c b\u1ebfp \u0103n c\u00f4ng nghi\u1ec7p, chuy\u00ean d\u00f9ng \u0111\u1ec3 r\u1eeda th\u1ef1c ph\u1ea9m, b\u00e1t \u0111\u0129a, ly ch\u00e9n v\u00e0 d\u1ee5ng c\u1ee5 nh\u00e0 b\u1ebfp. V\u1edbi k\u00edch c\u1ee1 hai h\u1ed9c r\u1eeda s\u00e2u v\u00e0 r\u1ed9ng, \u0111\u00e2y \u0111\u01b0\u1ee3c xem l\u00e0 lo\u1ea1i ch\u1eadu r\u1eeda inox \u0111\u00e1p \u1ee9ng nhu c\u1ea7u c\u1ee7a nhi\u1ec1u kh\u00e1ch h\u00e0ng. Ng\u01b0\u1eddi d\u00f9ng d\u1ec5 d\u00e0ng chia h\u1ed9c \u0111\u1ec3 r\u1eeda th\u1ef1c ph\u1ea9m s\u1ed1ng ri\u00eang, r\u1eeda rau c\u1ee7 ri\u00eang, ho\u1eb7c b\u00e1t \u0111\u0129a, xoong n\u1ed3i ri\u00eang, kh\u00f4ng nh\u1eefng v\u1eeba \u0111\u1ea3m b\u1ea3o v\u1ec7 sinh m\u00e0 v\u1eeba ti\u1ebft ki\u1ec7m th\u1eddi gian khi l\u00e0m vi\u1ec7c.<\/span><\/p>\n<p><img class=\"aligncenter wp-image-11812 size-full\" src=\"https:\/\/thucpham.com\/wp-content\/uploads\/2020\/07\/chau-rua-inox-doi-viet-nam-banner.jpg\" alt=\"Ch\u1eadu R\u1eeda Inox \u0110\u00f4i Vi\u1ec7t Nam\" width=\"820\" height=\"656\" srcset=\"https:\/\/thucpham.com\/vinacom\/wp-content\/uploads\/2020\/07\/chau-rua-inox-doi-viet-nam-banner.jpg 820w, https:\/\/thucpham.com\/vinacom\/wp-content\/uploads\/2020\/07\/chau-rua-inox-doi-viet-nam-banner-300x240.jpg 300w, https:\/\/thucpham.com\/vinacom\/wp-content\/uploads\/2020\/07\/chau-rua-inox-doi-viet-nam-banner-768x614.jpg 768w, https:\/\/thucpham.com\/vinacom\/wp-content\/uploads\/2020\/07\/chau-rua-inox-doi-viet-nam-banner-24x19.jpg 24w, https:\/\/thucpham.com\/vinacom\/wp-content\/uploads\/2020\/07\/chau-rua-inox-doi-viet-nam-banner-36x29.jpg 36w, https:\/\/thucpham.com\/vinacom\/wp-content\/uploads\/2020\/07\/chau-rua-inox-doi-viet-nam-banner-48x38.jpg 48w, https:\/\/thucpham.com\/vinacom\/wp-content\/uploads\/2020\/07\/chau-rua-inox-doi-viet-nam-banner-510x408.jpg 510w\" sizes=\"(max-width: 820px) 100vw, 820px\" title=\"\"><\/p>\n<p style=\"text-align: center;\"><em>Th\u00f4ng tin s\u1ea3n ph\u1ea9m ch\u1eadu r\u1eeda inox \u0111\u00f4i Vi\u1ec7t Nam<\/em><\/p>\n<h2><span style=\"font-weight: 400; font-size: 85%;\"><b>\u01afu \u0111i\u1ec3m ch\u1eadu r\u1eeda inox \u0111\u00f4i Vi\u1ec7t Nam<\/b> <\/span><\/h2>\n<p style=\"text-align: justify;\"><span style=\"font-weight: 400;\"><b>Ch\u1eadu r\u1eeda inox \u0111\u00f4i Vi\u1ec7t Nam<\/b> \u0111\u01b0\u1ee3c k\u1ebft c\u1ea5u b\u1eb1ng <a href=\"https:\/\/vi.wikipedia.org\/wiki\/Th%C3%A9p_kh%C3%B4ng_g%E1%BB%89\" target=\"_blank\" rel=\"noopener nofollow\" data-schema-attribute=\"\">inox nh\u1eadp kh\u1ea9u<\/a> c\u00f3 \u0111\u1ed9 b\u1ec1n cao, ch\u1eafc ch\u1eafn n\u00ean kh\u00f4ng h\u1ec1 b\u1ecb bi\u1ebfn d\u1ea1ng, m\u00e9o m\u00f3 trong khi s\u1eed d\u1ee5ng. T\u1eebng chi ti\u1ebft c\u1ee7a s\u1ea3n ph\u1ea9m \u0111\u1ec1u \u0111\u01b0\u1ee3c c\u1eaft s\u1ea5n b\u1eb1ng m\u00e1y th\u1ee7y l\u1ef1c h\u00e0n kh\u00ed Argon, ch\u1ed1ng oxy h\u00f3a cao v\u00e0 m\u1ecdi g\u00f3c c\u1ea1nh \u0111\u01b0\u1ee3c m\u00e0i gi\u0169a c\u1ea9n th\u1eadn \u0111\u1ec3 \u0111\u1ea3m b\u1ea3o \u0111\u1ed9 an to\u00e0n cho ng\u01b0\u1eddi d\u00f9ng. C\u00e1c b\u1ed9 ph\u1eadn kh\u00e1c nh\u01b0 v\u00f2i n\u01b0\u1edbc, ch\u00e2n \u0111\u1ee9ng c\u0169ng \u0111\u01b0\u1ee3c thi\u1ebft k\u1ebf v\u00f4 c\u00f9ng ch\u1eafc ch\u1eafn, h\u1ea7u nh\u01b0 kh\u00f4ng h\u1ecfng h\u00f3c trong th\u1eddi gian d\u00e0i s\u1eed d\u1ee5ng.<\/span><\/p>\n<p style=\"text-align: justify;\"><span style=\"font-weight: 400;\"> Ngo\u00e0i ra, s\u1ea3n ph\u1ea9m c\u00f3 thi\u1ebft k\u1ebf r\u1ea5t \u0111\u01a1n gi\u1ea3n, g\u1ecdn g\u00e0ng, vu\u00f4ng v\u1ee9c, \u0111i\u1ec1u n\u00e0y v\u1eeba gi\u00fap ti\u1ebft ki\u1ec7m kh\u00f4ng gian khu b\u1ebfp v\u1eeba l\u00e0m t\u0103ng k\u00edch th\u01b0\u1edbc h\u1ed1 ch\u1eadu. N\u1ebfu kh\u00f4ng gian b\u1ebfp c\u1ee7a b\u1ea1n c\u00f3 di\u1ec7n t\u00edch nh\u1ecf h\u1eb9p th\u00ec \u0111\u1ea7u t\u01b0 m\u1ed9t chi\u1ebfc r\u1eeda inox \u0111\u00f4i Vi\u1ec7t Nam l\u00e0 m\u1ed9t gi\u1ea3i ph\u00e1p t\u1ed1i \u01b0u. Th\u00eam v\u00e0o \u0111\u00f3, ch\u00e2n \u0111\u1ee9ng c\u00f3 th\u1ec3&nbsp; linh ho\u1ea1t t\u0103ng ch\u1ec9nh chi\u1ec1u cao cho ph\u00f9 h\u1ee3p v\u1edbi nhu c\u1ea7u ng\u01b0\u1eddi d\u00f9ng. B\u00ean d\u01b0\u1edbi ch\u1eadu c\u00f2n \u0111\u01b0\u1ee3c trang b\u1ecb t\u1ea5m inox d\u00e0i cho ph\u00e9p b\u1ea1n t\u1eadn d\u1ee5ng kh\u00f4ng gian \u0111\u1ec3 \u0111\u1eb7t, treo c\u00e1c v\u1eadt d\u1ee5ng l\u00e0m b\u1ebfp kh\u00e1c. <\/span><\/p>\n","protected":false},"excerpt":{"rendered":"<ul>\n<li style=\"font-weight: 400;\"><span style=\"font-weight: 400;\">Hai h\u1ed9c r\u1eeda c\u00f3 thi\u1ebft k\u1ebf s\u00e2u v\u00e0 r\u1ed9ng, ch\u1ecbu l\u1ef1c t\u1ed1t, thu\u1eadn ti\u1ec7n khi s\u1eed d\u1ee5ng<\/span><\/li>\n<li style=\"font-weight: 400;\"><span style=\"font-weight: 400;\">Ch\u00e2n \u0111\u1ee9ng c\u00f3 th\u1ec3 linh ho\u1ea1t t\u0103ng ch\u1ec9nh chi\u1ec1u cao<\/span><\/li>\n<li style=\"font-weight: 400;\"><span style=\"font-weight: 400;\">Ch\u1ea5t li\u1ec7u inox 304 ch\u1ed1ng g\u1ec9, \u0111\u1ed9 b\u1ec1n cao, ch\u1ed1ng \u0103n m\u00f2n<\/span><\/li>\n<li style=\"font-weight: 400;\"><span style=\"font-weight: 400;\">Thi\u1ebft k\u1ebf nh\u1ecf g\u1ecdn, d\u1ec5 l\u1eafp \u0111\u1eb7t, di chuy\u1ec3n linh ho\u1ea1t\u00a0<\/span><\/li>\n<li style=\"font-weight: 400;\"><span style=\"font-weight: 400;\">Kh\u1ea3 n\u0103ng tho\u00e1t n\u01b0\u1edbc t\u1ed1t<\/span><\/li>\n<\/ul>\n","protected":false},"featured_media":36748,"comment_status":"open","ping_status":"closed","template":"","meta":[],"product_cat":[204,467],"product_tag":[],"_links":{"self":[{"href":"https:\/\/thucpham.com\/vinacom\/wp-json\/wp\/v2\/product\/9566"}],"collection":[{"href":"https:\/\/thucpham.com\/vinacom\/wp-json\/wp\/v2\/product"}],"about":[{"href":"https:\/\/thucpham.com\/vinacom\/wp-json\/wp\/v2\/types\/product"}],"replies":[{"embeddable":true,"href":"https:\/\/thucpham.com\/vinacom\/wp-json\/wp\/v2\/comments?post=9566"}],"wp:featuredmedia":[{"embeddable":true,"href":"https:\/\/thucpham.com\/vinacom\/wp-json\/wp\/v2\/media\/36748"}],"wp:attachment":[{"href":"https:\/\/thucpham.com\/vinacom\/wp-json\/wp\/v2\/media?parent=9566"}],"wp:term":[{"taxonomy":"product_cat","embeddable":true,"href":"https:\/\/thucpham.com\/vinacom\/wp-json\/wp\/v2\/product_cat?post=9566"},{"taxonomy":"product_tag","embeddable":true,"href":"https:\/\/thucpham.com\/vinacom\/wp-json\/wp\/v2\/product_tag?post=9566"}],"curies":[{"name":"wp","href":"https:\/\/api.w.org\/{rel}","templated":true}]}}