{"id":9560,"date":"2020-07-03T22:11:18","date_gmt":"2020-07-03T22:11:18","guid":{"rendered":"https:\/\/thucpham.com\/?post_type=product&#038;p=9560"},"modified":"2022-05-07T14:11:07","modified_gmt":"2022-05-07T07:11:07","slug":"chau-rua-doi-co-ban-viet-nam","status":"publish","type":"product","link":"https:\/\/thucpham.com\/vinacom\/chau-rua-doi-co-ban-viet-nam\/","title":{"rendered":"Ch\u1eadu R\u1eeda \u0110\u00f4i C\u00f3 B\u00e0n Vi\u1ec7t Nam"},"content":{"rendered":"<h2><strong><span style=\"font-size: 85%;\">Th\u00f4ng tin s\u1ea3n ph\u1ea9m<\/span><\/strong><\/h2>\n<p style=\"text-align: justify;\"><span style=\"font-weight: 400;\"><strong>Ch\u1eadu r\u1eeda \u0111\u00f4i c\u00f3 b\u00e0n Vi\u1ec7t Nam<\/strong> c\u00f3 thi\u1ebft k\u1ebf 2 b\u1ed3n v\u1edbi k\u00edch th\u01b0\u1edbc l\u1edbn, c\u00f3 k\u1ec7 d\u01b0\u1edbi l\u00e0 m\u1ed9t thi\u1ebft b\u1ecb c\u1ea7n thi\u1ebft v\u00e0 ti\u1ec7n l\u1ee3i \u0111\u1ec3 r\u1eeda th\u1ef1c ph\u1ea9m v\u1edbi s\u1ed1 l\u01b0\u1ee3ng l\u1edbn v\u1eeba s\u1ea1ch s\u1ebd v\u1eeba \u0111\u1ea3m b\u1ea3o ch\u1ea5t l\u01b0\u1ee3ng. Kh\u00e1c v\u1edbi lo\u1ea1i ch\u1eadu r\u1eeda th\u00f4ng th\u01b0\u1eddng kh\u00e1c th\u00ec thi\u1ebft b\u1ecb n\u00e0y c\u00f3 \u0111\u1ed9 b\u1ec1n cao, kh\u00f4ng b\u1ecb g\u1ec9 s\u00e9t, v\u00e0 ch\u1ecbu l\u1ef1c t\u1ed1t. S\u1ea3n ph\u1ea9m n\u00e0y c\u0169ng gi\u00fap ti\u1ebft ki\u1ec7m chi ph\u00ed v\u00ec ch\u1ec9 c\u1ea7n mua m\u1ed9t thi\u1ebft b\u1ecb m\u00e0 t\u00edch h\u1ee3p hai b\u1ed3n r\u1eeda v\u00e0 m\u1ed9t b\u00e0n ti\u1ec7n l\u1ee3i, th\u00edch h\u1ee3p l\u1eafp \u0111\u1eb7t \u1edf nhi\u1ec1u khu b\u1ebfp c\u00f3 di\u1ec7n t\u00edch nh\u1ecf nh\u01b0 b\u1ebfp \u0103n gia \u0111\u00ecnh.&nbsp;<\/span><\/p>\n<p><img class=\"aligncenter wp-image-11818 size-full\" src=\"https:\/\/thucpham.com\/wp-content\/uploads\/2020\/07\/chau-rua-doi-co-ban-viet-nam-banner.jpg\" alt=\"Ch\u1eadu R\u1eeda \u0110\u00f4i C\u00f3 B\u00e0n Vi\u1ec7t Nam\" width=\"820\" height=\"656\" srcset=\"https:\/\/thucpham.com\/vinacom\/wp-content\/uploads\/2020\/07\/chau-rua-doi-co-ban-viet-nam-banner.jpg 820w, https:\/\/thucpham.com\/vinacom\/wp-content\/uploads\/2020\/07\/chau-rua-doi-co-ban-viet-nam-banner-300x240.jpg 300w, https:\/\/thucpham.com\/vinacom\/wp-content\/uploads\/2020\/07\/chau-rua-doi-co-ban-viet-nam-banner-768x614.jpg 768w, https:\/\/thucpham.com\/vinacom\/wp-content\/uploads\/2020\/07\/chau-rua-doi-co-ban-viet-nam-banner-24x19.jpg 24w, https:\/\/thucpham.com\/vinacom\/wp-content\/uploads\/2020\/07\/chau-rua-doi-co-ban-viet-nam-banner-36x29.jpg 36w, https:\/\/thucpham.com\/vinacom\/wp-content\/uploads\/2020\/07\/chau-rua-doi-co-ban-viet-nam-banner-48x38.jpg 48w, https:\/\/thucpham.com\/vinacom\/wp-content\/uploads\/2020\/07\/chau-rua-doi-co-ban-viet-nam-banner-510x408.jpg 510w\" sizes=\"(max-width: 820px) 100vw, 820px\" title=\"\"><\/p>\n<p style=\"text-align: center;\"><em>Th\u00f4ng tin s\u1ea3n ph\u1ea9m ch\u1eadu r\u1eeda \u0111\u00f4i c\u00f3 b\u00e0n Vi\u1ec7t Nam<\/em><\/p>\n<h2><span style=\"font-size: 85%;\"><strong>\u01afu \u0111i\u1ec3m Ch\u1eadu r\u1eeda \u0111\u00f4i c\u00f3 b\u00e0n Vi\u1ec7t Nam<\/strong><\/span><\/h2>\n<p style=\"text-align: justify;\"><b>Ch\u1eadu r\u1eeda \u0111\u00f4i c\u00f3 b\u00e0n Vi\u1ec7t Nam<\/b><span style=\"font-weight: 400;\"> \u0111\u01b0\u1ee3c l\u00e0m t\u1eeb ch\u1ea5t li\u1ec7u <a href=\"https:\/\/vi.wikipedia.org\/wiki\/Th%C3%A9p_kh%C3%B4ng_g%E1%BB%89\" target=\"_blank\" rel=\"noopener nofollow\" data-schema-attribute=\"\">inox 304<\/a> cao c\u1ea5p, an to\u00e0n v\u1edbi s\u1ee9c kh\u1ecfe ng\u01b0\u1eddi ti\u00eau d\u00f9ng. V\u1edbi hai b\u1ed3n ch\u1eadu v\u1edbi k\u00edch th\u01b0\u1edbc m\u1ed7i b\u1ed3n l\u00e0 500x500x300mm gi\u00fap d\u1ec5 d\u00e0ng r\u1eeda rau, c\u1ee7, qu\u1ea3 hay th\u1ef1c ph\u1ea9m t\u01b0\u01a1i s\u1ed1ng ri\u00eang v\u00e0 b\u00e1t \u0111\u0129a ri\u00eang nh\u01b0 v\u1eady s\u1ebd \u0111\u1ea3m b\u1ea3o v\u1ec7 sinh h\u01a1n. Ch\u1eadu r\u1eeda \u0111i k\u00e8m l\u01b0\u1edbi l\u1ecdc r\u00e1c gi\u00fap kh\u00f4ng cho nh\u1eefng th\u1ee9c \u0103n th\u1eeba hay r\u00e1c nh\u1ecf l\u1ecdt xu\u1ed1ng \u0111\u01b0\u1eddng \u1ed1ng tho\u00e1t n\u01b0\u1edbc.<\/span><\/p>\n<p style=\"text-align: justify;\"><span style=\"font-weight: 400;\">Ngo\u00e0i ra, ch\u1eadu r\u1eeda \u0111\u00f4i c\u00f2n \u0111\u01b0\u1ee3c c\u1eaft s\u1ea5n v\u00e0 g\u1ea5p b\u1eb1ng m\u00e1y th\u1ee7y l\u1ef1c h\u00e0n kh\u00ed Argon, kh\u00f4ng han g\u1ec9 trong th\u1eddi gian s\u1eed d\u1ee5ng. Ch\u1eadu r\u1eeda c\u00f2n \u0111\u01b0\u1ee3c trang b\u1ecb b\u1ed1n ch\u00e2n \u0111\u1ee9ng v\u1eefng ch\u1eafc v\u00e0 \u0111\u1ed3ng th\u1eddi d\u1ec5 d\u00e0ng \u0111i\u1ec1u ch\u1ec9nh chi\u1ec1u cao ph\u00f9 h\u1ee3p v\u1edbi ng\u01b0\u1eddi d\u00f9ng.<\/span><\/p>\n<p style=\"text-align: justify;\"><span style=\"font-weight: 400;\"><em>Ch\u1eadu r\u1eeda \u0111\u00f4i c\u00f3 b\u00e0n Vi\u1ec7t Nam<\/em> v\u1edbi k\u00edch th\u01b0\u1edbc ph\u00f9 h\u1ee3p kh\u00f4ng ch\u1ec9 mang l\u1ea1i t\u00ednh th\u1ea9m m\u1ef9 cho kh\u00f4ng gian b\u1ebfp m\u00e0 c\u00f2n gi\u1ea3m nh\u00e2n l\u1ef1c l\u00e0m vi\u1ec7c.<\/span><\/p>\n","protected":false},"excerpt":{"rendered":"<ul>\n<li style=\"font-weight: 400;\"><span style=\"font-weight: 400;\">Ch\u00e2n \u0111\u1ee9ng v\u1eefng ch\u1eafc, d\u1ec5 d\u00e0ng \u0111i\u1ec1u ch\u1ec9nh \u0111\u1ed9 cao<\/span><\/li>\n<li style=\"font-weight: 400;\"><span style=\"font-weight: 400;\">Thi\u1ebft k\u1ebf tinh t\u1ebf theo ki\u1ec3u d\u00e1ng c\u00f4ng nghi\u1ec7p<\/span><\/li>\n<li style=\"font-weight: 400;\"><span style=\"font-weight: 400;\">S\u1ea3n xu\u1ea5t b\u1eb1ng inox 304, ch\u1ecbu l\u1ef1c t\u1ed1t, b\u1ec1n \u0111\u1eb9p<\/span><\/li>\n<li style=\"font-weight: 400;\"><span style=\"font-weight: 400;\">Hai b\u1ed3n r\u1eeda k\u00edch th\u01b0\u1edbc l\u1edbn v\u00e0 m\u1ed9t b\u00e0n ti\u1ec7n l\u1ee3i<\/span><\/li>\n<li style=\"font-weight: 400;\"><span style=\"font-weight: 400;\">Ti\u1ebft ki\u1ec7m chi ph\u00ed, an to\u00e0n cho ng\u01b0\u1eddi d\u00f9ng<\/span><\/li>\n<\/ul>\n","protected":false},"featured_media":36738,"comment_status":"open","ping_status":"closed","template":"","meta":[],"product_cat":[204,467],"product_tag":[],"_links":{"self":[{"href":"https:\/\/thucpham.com\/vinacom\/wp-json\/wp\/v2\/product\/9560"}],"collection":[{"href":"https:\/\/thucpham.com\/vinacom\/wp-json\/wp\/v2\/product"}],"about":[{"href":"https:\/\/thucpham.com\/vinacom\/wp-json\/wp\/v2\/types\/product"}],"replies":[{"embeddable":true,"href":"https:\/\/thucpham.com\/vinacom\/wp-json\/wp\/v2\/comments?post=9560"}],"wp:featuredmedia":[{"embeddable":true,"href":"https:\/\/thucpham.com\/vinacom\/wp-json\/wp\/v2\/media\/36738"}],"wp:attachment":[{"href":"https:\/\/thucpham.com\/vinacom\/wp-json\/wp\/v2\/media?parent=9560"}],"wp:term":[{"taxonomy":"product_cat","embeddable":true,"href":"https:\/\/thucpham.com\/vinacom\/wp-json\/wp\/v2\/product_cat?post=9560"},{"taxonomy":"product_tag","embeddable":true,"href":"https:\/\/thucpham.com\/vinacom\/wp-json\/wp\/v2\/product_tag?post=9560"}],"curies":[{"name":"wp","href":"https:\/\/api.w.org\/{rel}","templated":true}]}}