{"id":9556,"date":"2020-07-03T22:07:23","date_gmt":"2020-07-03T22:07:23","guid":{"rendered":"https:\/\/thucpham.com\/?post_type=product&#038;p=9556"},"modified":"2021-12-04T10:50:19","modified_gmt":"2021-12-04T03:50:19","slug":"bep-nuong-bbq-dung-gas-berjaya","status":"publish","type":"product","link":"https:\/\/thucpham.com\/vinacom\/bep-nuong-bbq-dung-gas-berjaya\/","title":{"rendered":"B\u1ebfp N\u01b0\u1edbng BBQ D\u00f9ng Gas Berjaya"},"content":{"rendered":"<p style=\"text-align: justify\"><b><i>B\u1ebfp n\u01b0\u1edbng BBQ d\u00f9ng gas Berjaya<\/i><\/b><span style=\"font-weight: 400\"> \u0111\u01b0\u1ee3c nh\u1eadp kh\u1ea9u nguy\u00ean \u0111ai nguy\u00ean ki\u1ec7n t\u1eeb nh\u00e0 s\u1ea3n xu\u1ea5t Berjaya t\u1ea1i Malaysia, l\u00e0 thi\u1ebft b\u1ecb ti\u1ec7n l\u1ee3i chuy\u00ean d\u00f9ng cho c\u00e1c b\u1eefa ti\u1ec7c n\u01b0\u1edbng BBQ ngo\u00e0i tr\u1eddi. S\u1ea3n ph\u1ea9m b\u1ebfp n\u01b0\u1edbng BBQ \u0111\u01b0\u1ee3c k\u1ebft c\u1ea5u ho\u00e0n to\u00e0n b\u1eb1ng inox ch\u1ea5t l\u01b0\u1ee3ng cao, ch\u1ed1ng oxy h\u00f3a, han g\u1ec9 khi ti\u1ebfp x\u00fac v\u1edbi d\u1ea7u m\u1ee1 \u0111\u1ed3ng th\u1eddi c\u0169ng \u0111em l\u1ea1i s\u1ef1 sang tr\u1ecdng, hi\u1ec7n \u0111\u1ea1i cho c\u0103n b\u1ebfp c\u1ee7a b\u1ea1n.&nbsp;<\/span><\/p>\n<p><img class=\"size-full wp-image-11828 aligncenter\" src=\"https:\/\/thucpham.com\/wp-content\/uploads\/2020\/07\/bep-nuong-bbq-berjaya-bbq-banner.jpg\" alt=\"bep-nuong-bbq-berjaya-bbq\" width=\"820\" height=\"656\" srcset=\"https:\/\/thucpham.com\/vinacom\/wp-content\/uploads\/2020\/07\/bep-nuong-bbq-berjaya-bbq-banner.jpg 820w, https:\/\/thucpham.com\/vinacom\/wp-content\/uploads\/2020\/07\/bep-nuong-bbq-berjaya-bbq-banner-300x240.jpg 300w, https:\/\/thucpham.com\/vinacom\/wp-content\/uploads\/2020\/07\/bep-nuong-bbq-berjaya-bbq-banner-768x614.jpg 768w, https:\/\/thucpham.com\/vinacom\/wp-content\/uploads\/2020\/07\/bep-nuong-bbq-berjaya-bbq-banner-24x19.jpg 24w, https:\/\/thucpham.com\/vinacom\/wp-content\/uploads\/2020\/07\/bep-nuong-bbq-berjaya-bbq-banner-36x29.jpg 36w, https:\/\/thucpham.com\/vinacom\/wp-content\/uploads\/2020\/07\/bep-nuong-bbq-berjaya-bbq-banner-48x38.jpg 48w, https:\/\/thucpham.com\/vinacom\/wp-content\/uploads\/2020\/07\/bep-nuong-bbq-berjaya-bbq-banner-510x408.jpg 510w\" sizes=\"(max-width: 820px) 100vw, 820px\" title=\"\"><\/p>\n<p style=\"text-align: center\"><em>Th\u00f4ng tin s\u1ea3n ph\u1ea9m b\u1ebfp n\u01b0\u1edbng BBQ d\u00f9ng gas Berjaya<\/em><\/p>\n<p style=\"text-align: justify\"><span style=\"font-weight: 400\"><em><strong>B\u1ebfp n\u01b0\u1edbng BBQ d\u00f9ng gas Berjaya<\/strong><\/em> c\u00f3 thi\u1ebft k\u1ebf nh\u1ecf g\u1ecdn, c\u00f3 th\u1ec3 di chuy\u1ec3n m\u1ecdi n\u01a1i nh\u1edd tr\u1ecdng l\u01b0\u1ee3ng nh\u1eb9 v\u00e0 c\u0169ng d\u1ec5 l\u1eafp \u0111\u1eb7t \u1edf m\u1ecdi kh\u00f4ng gian b\u1ebfp.&nbsp; B\u1ebfp bao g\u1ed3m v\u1ec9 n\u01b0\u1edbng, th\u00e2n b\u1ebfp, v\u00e0 khay h\u1ee9ng m\u1ee1 \u0111\u01b0\u1ee3c k\u1ebft c\u1ea5u ch\u1eafc ch\u1eafn n\u00ean r\u1ea5t an to\u00e0n cho ng\u01b0\u1eddi s\u1eed d\u1ee5ng. Th\u00eam v\u00e0o \u0111\u00f3, thi\u1ebft b\u1ecb \u0111\u01b0\u1ee3c trang b\u1ecb khay h\u1ee9ng m\u1ee1 v\u1eeba v\u1eb7n gi\u00fap h\u1ee9ng d\u1ea7u m\u1ee1 th\u1eeba trong qu\u00e1 tr\u00ecnh n\u01b0\u1edbng, \u0111\u1ea3m b\u1ea3o \u0111\u1ed3 n\u01b0\u1edbng kh\u00f4ng b\u1ecb ch\u00e1y kh\u00e9t. Ngo\u00e0i ra, chi\u1ebfc khay n\u00e0y c\u0169ng d\u1ec5 d\u00e0ng th\u00e1o r\u1eddi ra \u0111\u1ec3 c\u1ecd r\u1eeda v\u00e0 l\u00e0m s\u1ea1ch. N\u00fam \u0111i\u1ec1u khi\u1ec3n c\u1ee7a l\u00f2 n\u01b0\u1edbng \u0111\u01b0\u1ee3c thi\u1ebft k\u1ebf \u0111\u1ed9c l\u1eadp cho ph\u00e9p b\u1ea1n d\u1ec5 d\u00e0ng \u0111i\u1ec1u ch\u1ec9nh gas theo \u00fd mu\u1ed1n trong qu\u00e1 tr\u00ecnh n\u01b0\u1edbng \u0111\u1ed3 \u0103n. V\u1edbi ch\u1ea5t l\u01b0\u1ee3ng cao, gi\u00e1 th\u00e0nh r\u1ebb, d\u00f2ng s\u1ea3n ph\u1ea9m <em><strong>b\u1ebfp n\u01b0\u1edbng BBQ d\u00f9ng gas Berjaya<\/strong><\/em> s\u1ebd l\u00e0 m\u1ed9t trong nh\u1eefng thi\u1ebft b\u1ecb kh\u00f4ng th\u1ec3 thi\u1ebfu cho nh\u1eefng b\u1eefa ti\u1ec7c ngo\u00e0i tr\u1eddi c\u0169ng nh\u01b0 \u0111em l\u1ea1i l\u1ee3i nhu\u1eadn cao cho nh\u1eefng c\u1eeda h\u00e0ng b\u00e1n \u0111\u1ed3 n\u01b0\u1edbng.&nbsp;<\/span><\/p>\n<p style=\"text-align: justify\"><span style=\"font-weight: 400\">H\u00e3y li\u00ean h\u1ec7 ngay v\u1edbi ThucPham.com \u0111\u1ec3 l\u1ef1a ch\u1ecdn model b\u1ebfp n\u01b0\u1edbng BBQ ph\u00f9 h\u1ee3p v\u1edbi m\u00f4 h\u00ecnh kinh doanh c\u1ee7a b\u1ea1n. <\/span><\/p>\n","protected":false},"excerpt":{"rendered":"<ul>\n<li style=\"font-weight: 400\"><span style=\"font-weight: 400\">Thi\u1ebft k\u1ebf ho\u00e0n to\u00e0n b\u1eb1ng inox ch\u1ea5t l\u01b0\u1ee3ng cao<\/span><\/li>\n<li style=\"font-weight: 400\"><span style=\"font-weight: 400\">K\u00edch th\u01b0\u1edbc nh\u1ecf g\u1ecdn, ti\u1ec7n l\u1ee3i di chuy\u1ec3n m\u1ecdi n\u01a1i<\/span><\/li>\n<li style=\"font-weight: 400\"><span style=\"font-weight: 400\">Khay h\u1ee9ng m\u1ee1 th\u1eeba v\u1eeba v\u1eb7n, th\u00e1o r\u1eddi d\u1ec5 d\u00e0ng<\/span><\/li>\n<li style=\"font-weight: 400\"><span style=\"font-weight: 400\">N\u00fam \u0111i\u1ec1u khi\u1ec3n \u0111\u01b0\u1ee3c thi\u1ebft k\u1ebf \u0111\u1ed9c l\u1eadp, d\u1ec5 d\u00e0ng \u0111i\u1ec1u ch\u1ec9nh<\/span><\/li>\n<li style=\"font-weight: 400\"><span style=\"font-weight: 400\">H\u1ec7 th\u1ed1ng ng\u1eaft gas t\u1ef1 \u0111\u1ed9ng, an to\u00e0n cho ng\u01b0\u1eddi d\u00f9ng<\/span><\/li>\n<li style=\"font-weight: 400\"><span style=\"font-weight: 400\">Ch\u1ea5t l\u01b0\u1ee3ng cao, gi\u00e1 th\u00e0nh r\u1ebb<\/span><\/li>\n<\/ul>\n","protected":false},"featured_media":36711,"comment_status":"open","ping_status":"closed","template":"","meta":[],"product_cat":[202,247],"product_tag":[],"_links":{"self":[{"href":"https:\/\/thucpham.com\/vinacom\/wp-json\/wp\/v2\/product\/9556"}],"collection":[{"href":"https:\/\/thucpham.com\/vinacom\/wp-json\/wp\/v2\/product"}],"about":[{"href":"https:\/\/thucpham.com\/vinacom\/wp-json\/wp\/v2\/types\/product"}],"replies":[{"embeddable":true,"href":"https:\/\/thucpham.com\/vinacom\/wp-json\/wp\/v2\/comments?post=9556"}],"wp:featuredmedia":[{"embeddable":true,"href":"https:\/\/thucpham.com\/vinacom\/wp-json\/wp\/v2\/media\/36711"}],"wp:attachment":[{"href":"https:\/\/thucpham.com\/vinacom\/wp-json\/wp\/v2\/media?parent=9556"}],"wp:term":[{"taxonomy":"product_cat","embeddable":true,"href":"https:\/\/thucpham.com\/vinacom\/wp-json\/wp\/v2\/product_cat?post=9556"},{"taxonomy":"product_tag","embeddable":true,"href":"https:\/\/thucpham.com\/vinacom\/wp-json\/wp\/v2\/product_tag?post=9556"}],"curies":[{"name":"wp","href":"https:\/\/api.w.org\/{rel}","templated":true}]}}