{"id":9538,"date":"2020-07-03T20:27:54","date_gmt":"2020-07-03T20:27:54","guid":{"rendered":"https:\/\/thucpham.com\/?post_type=product&#038;p=9538"},"modified":"2024-03-13T08:45:52","modified_gmt":"2024-03-13T01:45:52","slug":"lo-nuong-gas-1-tang-berjaya","status":"publish","type":"product","link":"https:\/\/thucpham.com\/vinacom\/lo-nuong-gas-1-tang-berjaya\/","title":{"rendered":"L\u00f2 N\u01b0\u1edbng Gas 1 T\u1ea7ng Berjaya"},"content":{"rendered":"<p style=\"text-align: justify\"><span style=\"font-weight: 400\">\u0110\u1ed1i v\u1edbi nh\u1eefng nh\u00e0 b\u1ebfp hay qu\u1ea7y bar c\u00f3 di\u1ec7n t\u00edch nh\u1ecf, l\u00f2 n\u01b0\u1edbng&nbsp; d\u00f9ng gas l\u1ea1i l\u00e0 m\u1ed9t trong nh\u1eefng gi\u1ea3i ph\u00e1p ti\u1ec7n d\u1ee5ng, m\u1ed9t trong s\u1ed1 \u0111\u00f3 l\u00e0 s\u1ea3n ph\u1ea9m <em><strong>l\u00f2 n\u01b0\u1edbng gas 1 t\u1ea7ng Berjaya BJY-G30-1BD<\/strong><\/em>. Kh\u00f4ng ch\u1ec9 chi\u1ebfm di\u1ec7n t\u00edch nh\u1ecf, chi\u1ebfc l\u00f2 n\u01b0\u1edbng n\u00e0y c\u0169ng gi\u00fap ti\u1ebft ki\u1ec7m \u0111i\u1ec7n n\u0103ng, ch\u1ea5t li\u1ec7u inox s\u00e1ng b\u00f3ng s\u1ebd khi\u1ebfn kh\u00f4ng gian b\u1ebfp c\u1ee7a b\u1ea1n tr\u1edf n\u00ean sang tr\u1ecdng h\u01a1n.&nbsp; L\u00f2 n\u01b0\u1edbng c\u00f3 th\u1ec3 n\u01b0\u1edbng \u0111\u01b0\u1ee3c nhi\u1ec1u lo\u1ea1i b\u00e1nh ng\u1ecdt, b\u00e1nh m\u1eb7n hay c\u00e1c lo\u1ea1i th\u1ef1c ph\u1ea9m c\u00e1, th\u1ecbt. Thi\u1ebft b\u1ecb c\u00f2n \u0111\u01b0\u1ee3c trang b\u1ecb h\u1ec7 th\u1ed1ng \u0111\u00e1nh l\u1eeda xung quanh c\u00f9ng v\u1edbi c\u01b0\u1eddng \u0111\u1ed9 ng\u1ecdn l\u1eeda \u0111\u01b0\u1ee3c gi\u00e1m s\u00e1t n\u00ean \u0111\u1ea3m b\u1ea3o th\u1ef1c ph\u1ea9m ch\u00edn nhanh h\u01a1n. V\u1edbi k\u00ea\u0301t c\u00e2\u0301u ch\u0103\u0301c ch\u0103\u0301n c\u00f3 va\u0301ch ca\u0301ch nhi\u00ea\u0323t r\u00e2\u0301t da\u0300y, s\u1ea3n ph\u1ea9m giu\u0301p ti\u00ea\u0301t ki\u00ea\u0323m gas v\u00e0 chi ph\u00ed cho nh\u00e0 \u0111\u1ea7u t\u01b0.<\/span><\/p>\n<p><img class=\"size-full wp-image-11684 aligncenter\" src=\"https:\/\/thucpham.com\/wp-content\/uploads\/2020\/07\/lo-nuong-dung-gas-1-tang-BJY-G30-1BD-banner.jpg\" alt=\"lo-nuong-dung-gas-1-tang-BJY-G30-1BD\" width=\"820\" height=\"656\" srcset=\"https:\/\/thucpham.com\/vinacom\/wp-content\/uploads\/2020\/07\/lo-nuong-dung-gas-1-tang-BJY-G30-1BD-banner.jpg 820w, https:\/\/thucpham.com\/vinacom\/wp-content\/uploads\/2020\/07\/lo-nuong-dung-gas-1-tang-BJY-G30-1BD-banner-300x240.jpg 300w, https:\/\/thucpham.com\/vinacom\/wp-content\/uploads\/2020\/07\/lo-nuong-dung-gas-1-tang-BJY-G30-1BD-banner-768x614.jpg 768w, https:\/\/thucpham.com\/vinacom\/wp-content\/uploads\/2020\/07\/lo-nuong-dung-gas-1-tang-BJY-G30-1BD-banner-24x19.jpg 24w, https:\/\/thucpham.com\/vinacom\/wp-content\/uploads\/2020\/07\/lo-nuong-dung-gas-1-tang-BJY-G30-1BD-banner-36x29.jpg 36w, https:\/\/thucpham.com\/vinacom\/wp-content\/uploads\/2020\/07\/lo-nuong-dung-gas-1-tang-BJY-G30-1BD-banner-48x38.jpg 48w, https:\/\/thucpham.com\/vinacom\/wp-content\/uploads\/2020\/07\/lo-nuong-dung-gas-1-tang-BJY-G30-1BD-banner-510x408.jpg 510w\" sizes=\"(max-width: 820px) 100vw, 820px\" title=\"\"><\/p>\n<p style=\"text-align: center\"><em>Th\u00f4ng tin s\u1ea3n ph\u1ea9m l\u00f2 n\u01b0\u1edbng gas 1 t\u1ea7ng Berjaya BJY-G30-1BD<\/em><\/p>\n<p style=\"text-align: justify\"><span style=\"font-weight: 400\">Th\u00e2n l\u00f2 c\u1ee7a <em><strong>l\u00f2 n\u01b0\u1edbng gas 1 t\u1ea7ng Berjaya BJY-G30-1BD<\/strong><\/em> \u0111\u01b0\u1ee3c l\u00e0m t\u1eeb ch\u1ea5t li\u1ec7u th\u00e9p kh\u00f4ng g\u1ec9 b\u1ec1n b\u1ec9. B\u00ean trong l\u00f2 g\u1ed3m 1 khay c\u00f3 k\u00edch th\u01b0\u1edbc 40x60cm c\u00f9ng v\u1edbi 1 v\u1ec9 s\u1eaft l\u00f3t khay c\u00e1ch nhi\u1ec7t tr\u1ef1c ti\u1ebfp gi\u1eefa khay v\u00e0 s\u00e0n ch\u1ed1ng kh\u00e9t b\u00e1nh v\u00e0 d\u00ednh b\u00e1nh v\u00e0o nhau.&nbsp; B\u1ea3ng \u0111i\u1ec1u khi\u1ec3n nhi\u1ec7t \u0111\u1ed9 hi\u1ec7n \u0111\u1ea1i, hi\u1ec3n th\u1ecb r\u00f5 r\u00e0ng, n\u1eb1m b\u00ean c\u1ea1nh c\u1eeda l\u00f2 l\u00e0m b\u1eb1ng k\u00ednh ch\u1ecbu nhi\u1ec7t, v\u00e0 h\u1ec7 th\u1ed1ng \u0111\u00e8n chi\u1ebfu s\u00e1ng LED trong khoang l\u00f2 gi\u00fap ng\u01b0\u1eddi d\u00f9ng d\u1ec5 d\u00e0ng theo d\u00f5i, \u0111i\u1ec1u ch\u1ec9nh v\u00e0 ki\u1ec3m so\u00e1t m\u1ee9c nhi\u1ec7t ph\u00f9 h\u1ee3p v\u1edbi t\u00ecnh tr\u1ea1ng th\u1ef1c ph\u1ea9m.&nbsp;<\/span><\/p>\n<p style=\"text-align: justify\"><span style=\"font-weight: 400\">Hi\u1ec7n nay, <em><strong>l\u00f2 n\u01b0\u1edbng gas 1 t\u1ea7ng Berjaya BJY-G30-1BD<\/strong><\/em> \u0111\u00e3 \u0111\u01b0\u1ee3c ThucPham.com nh\u1eadp kh\u1ea9u ch\u00ednh h\u00e3ng v\u1ec1 Vi\u1ec7t Nam. N\u1ebfu qu\u00fd kh\u00e1ch mu\u1ed1n mua m\u1eabu l\u00f2 n\u01b0\u1edbng n\u00e0y, h\u00e3y li\u00ean h\u1ec7 ngay v\u1edbi ch\u00fang t\u00f4i nh\u00e9!<\/span><\/p>\n","protected":false},"excerpt":{"rendered":"<ul>\n<li style=\"font-weight: 400\"><span style=\"font-weight: 400\">Th\u00e2n l\u00f2 l\u00e0m b\u1eb1ng th\u00e9p v\u1edbi l\u1edbp c\u00e1ch nhi\u1ec7t d\u00e0y gi\u00fap ti\u1ebft ki\u1ec7m gas<\/span><\/li>\n<li style=\"font-weight: 400\"><span style=\"font-weight: 400\">H\u00ea\u0323 th\u00f4\u0301ng \u0111i\u00ea\u0300u chi\u0309nh nhi\u00ea\u0323t \u0111\u00f4\u0323 tr\u00ean, nhi\u1ec7t \u0111\u1ed9 d\u01b0\u1edbi d\u00ea\u0303 da\u0300ng s\u01b0\u0309 du\u0323ng<\/span><\/li>\n<li style=\"font-weight: 400\"><span style=\"font-weight: 400\">B\u1ea3ng \u0111i\u1ec1u khi\u1ec3n hi\u1ec3n th\u1ecb nhi\u1ec7t \u0111\u1ed9 r\u00f5 r\u00e0ng, ch\u00ednh x\u00e1c<\/span><\/li>\n<li style=\"font-weight: 400\"><span style=\"font-weight: 400\">Tr\u1ecdng l\u01b0\u1ee3ng nh\u1ecf, g\u1ecdn, kh\u00f4ng chi\u1ebfm nhi\u1ec1u di\u1ec7n t\u00edch<\/span><\/li>\n<li style=\"font-weight: 400\"><span style=\"font-weight: 400\">V\u1ecf ngo\u00e0i m\u00e1y ch\u1eafc ch\u1eafn, \u0111\u01a1n gi\u1ea3n, v\u00e0 sang tr\u1ecdng<\/span><\/li>\n<\/ul>\n","protected":false},"featured_media":36689,"comment_status":"open","ping_status":"closed","template":"","meta":[],"product_cat":[202,247],"product_tag":[],"_links":{"self":[{"href":"https:\/\/thucpham.com\/vinacom\/wp-json\/wp\/v2\/product\/9538"}],"collection":[{"href":"https:\/\/thucpham.com\/vinacom\/wp-json\/wp\/v2\/product"}],"about":[{"href":"https:\/\/thucpham.com\/vinacom\/wp-json\/wp\/v2\/types\/product"}],"replies":[{"embeddable":true,"href":"https:\/\/thucpham.com\/vinacom\/wp-json\/wp\/v2\/comments?post=9538"}],"wp:featuredmedia":[{"embeddable":true,"href":"https:\/\/thucpham.com\/vinacom\/wp-json\/wp\/v2\/media\/36689"}],"wp:attachment":[{"href":"https:\/\/thucpham.com\/vinacom\/wp-json\/wp\/v2\/media?parent=9538"}],"wp:term":[{"taxonomy":"product_cat","embeddable":true,"href":"https:\/\/thucpham.com\/vinacom\/wp-json\/wp\/v2\/product_cat?post=9538"},{"taxonomy":"product_tag","embeddable":true,"href":"https:\/\/thucpham.com\/vinacom\/wp-json\/wp\/v2\/product_tag?post=9538"}],"curies":[{"name":"wp","href":"https:\/\/api.w.org\/{rel}","templated":true}]}}