{"id":9534,"date":"2020-07-03T20:24:11","date_gmt":"2020-07-03T20:24:11","guid":{"rendered":"https:\/\/thucpham.com\/?post_type=product&#038;p=9534"},"modified":"2021-12-04T10:28:08","modified_gmt":"2021-12-04T03:28:08","slug":"lo-nuong-dien-3-tang-berjaya","status":"publish","type":"product","link":"https:\/\/thucpham.com\/vinacom\/lo-nuong-dien-3-tang-berjaya\/","title":{"rendered":"L\u00f2 N\u01b0\u1edbng \u0110i\u1ec7n 3 T\u1ea7ng Berjaya"},"content":{"rendered":"<p style=\"text-align: justify\"><span style=\"font-weight: 400\">\u0110\u01b0\u1ee3c s\u1ea3n xu\u1ea5t tr\u00ean d\u00e2y chuy\u1ec1n c\u00f4ng ngh\u1ec7 hi\u1ec7n \u0111\u1ea1i, an to\u00e0n cho ng\u01b0\u1eddi d\u00f9ng,<\/span><b><i> l\u00f2 n\u01b0\u1edbng \u0111i\u1ec7n 3 t\u1ea7ng Berjaya<\/i><\/b><span style=\"font-weight: 400\">&nbsp; \u0111\u01b0\u1ee3c s\u1eed d\u1ee5ng r\u1ed9ng r\u00e3i trong c\u00e1c nh\u00e0 h\u00e0ng b\u1ebfp \u00c1, \u00c2u v\u1edbi c\u00e1c m\u00f3n b\u00e1nh hay c\u00e1c m\u00f3n \u0103n m\u1eb7n ng\u1ecdt kh\u00e1c nhau, gi\u00fap \u0111\u1ea7u b\u1ebfp \u0111em l\u1ea1i nh\u1eefng m\u00f3n \u0103n h\u1ea5p d\u1eabn cho th\u1ef1c kh\u00e1ch. L\u00f2 n\u01b0\u1edbng \u0111i\u1ec7n mang \u0111\u1ebfn cho b\u1ea1n 2 s\u1ef1 l\u1ef1a ch\u1ecdn, model 6 khay (BJY-E20KW-3BD) ho\u1eb7c model 9 khay (BJY-E25KW-3BD), gi\u00fap b\u1ea1n c\u00f3 th\u1ec3 d\u1ec5 d\u00e0ng n\u01b0\u1edbng \u0111a d\u1ea1ng lo\u1ea1i b\u00e1nh.&nbsp; V\u1edbi ph\u1ea7n v\u1ecf ngo\u00e0i l\u00e0m b\u1eb1ng inox 304 v\u00e0 v\u1ecf s\u01a1n t\u0129nh \u0111i\u1ec7n ch\u1ed1ng gi\u1eadt mang l\u1ea1i cho thi\u1ebft b\u1ecb m\u1ed9t v\u1ebb sang tr\u1ecdng, s\u00e1ng b\u00f3ng l\u00e0m kh\u00f4ng gian b\u1ebfp tr\u1edf l\u00ean sang tr\u1ecdng, chuy\u00ean nghi\u1ec7p.&nbsp;<\/span><\/p>\n<p><img class=\"size-full wp-image-11705 aligncenter\" src=\"https:\/\/thucpham.com\/wp-content\/uploads\/2020\/07\/lo-nuong-dien-3-tang-banner.jpg\" alt=\"lo-nuong-dien-3-tang\" width=\"820\" height=\"656\" srcset=\"https:\/\/thucpham.com\/vinacom\/wp-content\/uploads\/2020\/07\/lo-nuong-dien-3-tang-banner.jpg 820w, https:\/\/thucpham.com\/vinacom\/wp-content\/uploads\/2020\/07\/lo-nuong-dien-3-tang-banner-300x240.jpg 300w, https:\/\/thucpham.com\/vinacom\/wp-content\/uploads\/2020\/07\/lo-nuong-dien-3-tang-banner-768x614.jpg 768w, https:\/\/thucpham.com\/vinacom\/wp-content\/uploads\/2020\/07\/lo-nuong-dien-3-tang-banner-24x19.jpg 24w, https:\/\/thucpham.com\/vinacom\/wp-content\/uploads\/2020\/07\/lo-nuong-dien-3-tang-banner-36x29.jpg 36w, https:\/\/thucpham.com\/vinacom\/wp-content\/uploads\/2020\/07\/lo-nuong-dien-3-tang-banner-48x38.jpg 48w, https:\/\/thucpham.com\/vinacom\/wp-content\/uploads\/2020\/07\/lo-nuong-dien-3-tang-banner-510x408.jpg 510w\" sizes=\"(max-width: 820px) 100vw, 820px\" title=\"\"><\/p>\n<p style=\"text-align: center\"><em>Th\u00f4ng tin s\u1ea3n ph\u1ea9m l\u00f2 n\u01b0\u1edbng \u0111i\u1ec7n 3 t\u1ea7ng Berjaya<\/em><\/p>\n<p style=\"text-align: justify\"><span style=\"font-weight: 400\">Ngo\u00e0i ra, v\u1edbi \u01b0u \u0111i\u1ec3m d\u00f9ng \u0111i\u1ec7n s\u1ebd gi\u00fap cho thi\u1ebft b\u1ecb \u0111\u01b0\u1ee3c ho\u1ea1t \u0111\u1ed9ng \u0111\u1ec1u \u0111\u1eb7n v\u00e0 \u1ed5n \u0111\u1ecbnh nh\u1ea5t. L\u00f2 n\u01b0\u1edbng ho\u1ea1t \u0111\u1ed9ng v\u1edbi c\u00f4ng su\u1ea5t c\u1ef1c l\u1edbn, c\u01a1 ch\u1ebf nhi\u1ec7t l\u01b0\u1ee3ng \u0111\u1ec1u \u0111\u1eb7n, \u1ed5n \u0111\u1ecbnh, cho b\u00e1nh ch\u00edn \u0111\u1ec1u m\u00e0 kh\u00f4ng b\u1ecb ch\u00e1y hay s\u1ed1ng b\u00ean trong.&nbsp; Th\u00eam v\u00e0o \u0111\u00f3, l\u00f2 n\u01b0\u1edbng \u0111i\u1ec7n 3 t\u1ea7ng Berjaya&nbsp; c\u00f2n \u0111\u01b0\u1ee3c thi\u1ebft k\u1ebf c\u00e1c n\u00fat \u0111i\u1ec1u ch\u1ec9nh b\u1eb1ng c\u01a1, gi\u00fap b\u1ea1n \u0111i\u1ec1u ch\u1ec9nh nhi\u1ec7t \u0111\u1ed9 cho t\u1eebng t\u1ea7ng d\u1ec5 d\u00e0ng, v\u00e0 c\u0169ng kh\u00f4ng qu\u00e1 kh\u00f3 cho ng\u01b0\u1eddi l\u1edbn tu\u1ed5i khi s\u1eed d\u1ee5ng.&nbsp; L\u00f2 n\u01b0\u1edbng s\u1eed d\u1ee5ng v\u1eadt li\u1ec7u inox n\u00ean gi\u00fap vi\u1ec7c v\u1ec7 sinh, lau ch\u00f9i tr\u1edf n\u00ean \u0111\u01a1n gi\u1ea3n v\u00e0 kh\u00f4ng g\u00e2y h\u1ea1i t\u1edbi s\u1ee9c kh\u1ecfe c\u1ee7a ng\u01b0\u1eddi d\u00f9ng.<\/span><\/p>\n<p style=\"text-align: justify\"><span style=\"font-weight: 400\">Hi\u1ec7n t\u1ea1i <em><strong>l\u00f2 n\u01b0\u1edbng \u0111i\u1ec7n 3 t\u1ea7ng Berjaya<\/strong><\/em>&nbsp; \u0111ang \u0111\u01b0\u1ee3c b\u00e1n t\u1ea1i ThucPham.com v\u1edbi gi\u00e1 th\u00e0nh h\u1ea5p h\u1eabn, ch\u1ea5t l\u01b0\u1ee3ng t\u1ed1t nh\u1ea5t,&nbsp; v\u00e0 ch\u1ebf \u0111\u1ed9 b\u1ea3o h\u00e0nh t\u1eadn t\u00e2m. B\u1ea1n c\u00f3 th\u1ec3 li\u00ean h\u1ec7 tr\u1ef1c ti\u1ebfp v\u1edbi ch\u00fang t\u00f4i \u0111\u1ec3 t\u00ecm hi\u1ec3u th\u00eam th\u00f4ng tin chi ti\u1ebft v\u1ec1 s\u1ea3n ph\u1ea9m.<\/span><\/p>\n","protected":false},"excerpt":{"rendered":"<ul>\n<li style=\"font-weight: 400\"><span style=\"font-weight: 400\">Thi\u1ebft k\u1ebf nh\u1ecf, g\u1ecdn gi\u00fap ti\u1ebft ki\u1ec7m di\u1ec7n t\u00edch nh\u00e0 b\u1ebfp<\/span><\/li>\n<li style=\"font-weight: 400\"><span style=\"font-weight: 400\">S\u01a1n t\u0129nh \u0111i\u1ec7n c\u00e1ch \u0111i\u1ec7n, c\u00e1ch nhi\u1ec7t \u0111\u1ed9 an to\u00e0n cao<\/span><\/li>\n<li style=\"font-weight: 400\"><span style=\"font-weight: 400\">Ch\u1ea5t li\u1ec7u inox 304 s\u00e1ng b\u00f3ng, an to\u00e0n cho s\u1ee9c kh\u1ecfe ng\u01b0\u1eddi d\u00f9ng<\/span><\/li>\n<li style=\"font-weight: 400\"><span style=\"font-weight: 400\">\u0110i\u1ec1u ch\u1ec9nh nhi\u1ec7t \u0111\u1ed9 d\u1ec5 d\u00e0ng gi\u00fap l\u00e0m ch\u00edn th\u1ef1c ph\u1ea9m nhanh, \u0111\u1ec1u<\/span><\/li>\n<li style=\"font-weight: 400\"><span style=\"font-weight: 400\">K\u00ea\u0301t c\u00e2\u0301u ch\u0103\u0301c ch\u0103\u0301n, va\u0301ch ca\u0301ch nhi\u00ea\u0323t r\u00e2\u0301t da\u0300y giu\u0301p ti\u00ea\u0301t ki\u00ea\u0323m \u0111i\u00ea\u0323n<\/span><\/li>\n<\/ul>\n","protected":false},"featured_media":36664,"comment_status":"open","ping_status":"closed","template":"","meta":[],"product_cat":[202,247],"product_tag":[],"_links":{"self":[{"href":"https:\/\/thucpham.com\/vinacom\/wp-json\/wp\/v2\/product\/9534"}],"collection":[{"href":"https:\/\/thucpham.com\/vinacom\/wp-json\/wp\/v2\/product"}],"about":[{"href":"https:\/\/thucpham.com\/vinacom\/wp-json\/wp\/v2\/types\/product"}],"replies":[{"embeddable":true,"href":"https:\/\/thucpham.com\/vinacom\/wp-json\/wp\/v2\/comments?post=9534"}],"wp:featuredmedia":[{"embeddable":true,"href":"https:\/\/thucpham.com\/vinacom\/wp-json\/wp\/v2\/media\/36664"}],"wp:attachment":[{"href":"https:\/\/thucpham.com\/vinacom\/wp-json\/wp\/v2\/media?parent=9534"}],"wp:term":[{"taxonomy":"product_cat","embeddable":true,"href":"https:\/\/thucpham.com\/vinacom\/wp-json\/wp\/v2\/product_cat?post=9534"},{"taxonomy":"product_tag","embeddable":true,"href":"https:\/\/thucpham.com\/vinacom\/wp-json\/wp\/v2\/product_tag?post=9534"}],"curies":[{"name":"wp","href":"https:\/\/api.w.org\/{rel}","templated":true}]}}