{"id":9527,"date":"2020-07-03T20:11:16","date_gmt":"2020-07-03T20:11:16","guid":{"rendered":"https:\/\/thucpham.com\/?post_type=product&#038;p=9527"},"modified":"2024-03-13T08:45:33","modified_gmt":"2024-03-13T01:45:33","slug":"lo-nuong-dien-1-tang-berjaya","status":"publish","type":"product","link":"https:\/\/thucpham.com\/vinacom\/lo-nuong-dien-1-tang-berjaya\/","title":{"rendered":"L\u00f2 N\u01b0\u1edbng \u0110i\u1ec7n 1 T\u1ea7ng Berjaya"},"content":{"rendered":"<p style=\"text-align: justify\"><span style=\"font-weight: 400\">\u0110\u1ec3&nbsp; ch\u1ebf bi\u1ebfn ra \u0111\u01b0\u1ee3c m\u1ed9t m\u00f3n n\u01b0\u1edbng th\u01a1m ngon th\u00ec ch\u1eafc ch\u1eafn t\u1ed1n kh\u00f4ng \u00edt th\u1eddi gian v\u00e0 c\u00f4ng s\u1ee9c c\u1ee7a c\u00e1c \u0111\u1ea7u b\u1ebfp. M\u1ed9t gi\u1ea3i ph\u00e1p tuy\u1ec7t v\u1eddi cho m\u00f3n n\u01b0\u1edbng m\u00e0 kh\u00f4ng m\u1ea5t qu\u00e1 nhi\u1ec1u th\u1eddi gian \u0111\u00f3 l\u00e0 chi\u1ebfc <\/span><b><i>l\u00f2 n\u01b0\u1edbng \u0111i\u1ec7n 1 t\u1ea7ng Berjaya <\/i><\/b><span style=\"font-weight: 400\">v\u1edbi hai model BJY-E3KW-1BD v\u00e0 BJY-E6KW-1BD.&nbsp; S\u1ea3n ph\u1ea9m n\u00e0y \u0111\u01b0\u1ee3c nh\u1eadp kh\u1ea9u tr\u1ef1c ti\u1ebfp t\u1eeb Malaysia, thi\u1ebft k\u1ebf hi\u1ec7n \u0111\u1ea1i, sang tr\u1ecdng, t\u00edch h\u1ee3p nhi\u1ec1u ch\u01b0\u01a1ng tr\u00ecnh n\u01b0\u1edbng th\u00f4ng minh, v\u00e0 s\u1eed d\u1ee5ng v\u00f4 c\u00f9ng d\u1ec5 d\u00e0ng. Lo\u0300 n\u01b0\u01a1\u0301ng co\u0301 k\u00ea\u0301t c\u00e2\u0301u v\u1eefng ch\u1eafc v\u01a1\u0301i va\u0301ch ca\u0301ch nhi\u00ea\u0323t da\u0300y kh\u00f4ng ch\u1ec9 giu\u0301p ti\u00ea\u0301t ki\u00ea\u0323m \u0111i\u00ea\u0323n m\u00e0 c\u00f2n an to\u00e0n cho ng\u01b0\u1eddi s\u1eed d\u1ee5ng. C\u00e1c c\u1eeda h\u00e0ng b\u00e1nh, nh\u00e0 h\u00e0ng, c\u1eeda h\u00e0ng \u0111\u1ed3 \u0103n nhanh \u2026 ch\u1edb b\u1ecf qua m\u1ed9t s\u1ea3n ph\u1ea9m ti\u1ec7n l\u1ee3i nh\u01b0 n\u00e0y.&nbsp;&nbsp;<\/span><\/p>\n<p><img class=\"size-full wp-image-11736 aligncenter\" src=\"https:\/\/thucpham.com\/wp-content\/uploads\/2020\/07\/lo-nuong-dien-1-tang-banner.jpg\" alt=\"lo-nuong-dien-1-tang\" width=\"820\" height=\"656\" srcset=\"https:\/\/thucpham.com\/vinacom\/wp-content\/uploads\/2020\/07\/lo-nuong-dien-1-tang-banner.jpg 820w, https:\/\/thucpham.com\/vinacom\/wp-content\/uploads\/2020\/07\/lo-nuong-dien-1-tang-banner-300x240.jpg 300w, https:\/\/thucpham.com\/vinacom\/wp-content\/uploads\/2020\/07\/lo-nuong-dien-1-tang-banner-768x614.jpg 768w, https:\/\/thucpham.com\/vinacom\/wp-content\/uploads\/2020\/07\/lo-nuong-dien-1-tang-banner-24x19.jpg 24w, https:\/\/thucpham.com\/vinacom\/wp-content\/uploads\/2020\/07\/lo-nuong-dien-1-tang-banner-36x29.jpg 36w, https:\/\/thucpham.com\/vinacom\/wp-content\/uploads\/2020\/07\/lo-nuong-dien-1-tang-banner-48x38.jpg 48w, https:\/\/thucpham.com\/vinacom\/wp-content\/uploads\/2020\/07\/lo-nuong-dien-1-tang-banner-510x408.jpg 510w\" sizes=\"(max-width: 820px) 100vw, 820px\" title=\"\"><\/p>\n<p style=\"text-align: center\"><em>Th\u00f4ng tin s\u1ea3n ph\u1ea9m l\u00f2 n\u01b0\u1edbng \u0111i\u1ec7n 1 t\u1ea7ng Berjaya<\/em><\/p>\n<p style=\"text-align: justify\"><span style=\"font-weight: 400\">L\u1edbp v\u1ecf b\u00ean ngo\u00e0i c\u1ee7a l\u00f2 n\u01b0\u1edbng l\u00e0m b\u1eb1ng ch\u1ea5t li\u1ec7u inox kh\u00f4ng g\u1ec9, c\u00f3 kh\u1ea3 n\u0103ng ch\u1ed1ng ch\u1ecbu \u0103n m\u00f2n cao, kh\u00f4ng b\u1ecb bi\u1ebfn d\u1ea1ng, bi\u1ebfn ch\u1ea5t\u2026 \u0111\u1ea3m b\u1ea3o s\u1eed d\u1ee5ng l\u00e2u d\u00e0i c\u0169ng kh\u00f4ng s\u1ea3n sinh c\u00e1c ch\u1ea5t c\u00f3 h\u1ea1i cho s\u1ee9c kh\u1ecfe. Th\u00eam v\u00e0o \u0111\u00f3, nhi\u00ea\u0323t \u0111\u00f4\u0323 c\u1ee7a <em><strong>l\u00f2<\/strong><\/em><\/span> <span style=\"font-weight: 400\"><em><strong>n\u01b0\u1edbng \u0111i\u1ec7n 1 t\u1ea7ng Berjaya<\/strong><\/em> l\u00ean \u0111\u00ea\u0301n 300\u00b0C, c\u00f3 h\u00ea\u0323 th\u00f4\u0301ng \u0111i\u00ea\u0300u chi\u0309nh nhi\u00ea\u0323t \u0111\u00f4\u0323 k\u00e9p d\u01b0\u1edbi v\u00e0 tr\u00ean, v\u1edbi 2 n\u00fam c\u01a1 \u0111i\u1ec1u ch\u1ec9nh ri\u00eang bi\u1ec7t, ch\u1ebf \u0111\u1ed9 h\u1eb9n gi\u1edd n\u00ean d\u00ea\u0303 da\u0300ng theo d\u00f5i v\u00e0 qu\u1ea3n l\u00fd trong l\u00fac n\u01b0\u1edbng th\u1ef1c ph\u1ea9m.&nbsp; Chi\u1ebfc l\u00f2 n\u01b0\u1edbng n\u00e0y c\u00f3 th\u1ec3 ch\u1ee9a \u0111\u01b0\u1ee3c s\u1ed1 l\u01b0\u1ee3ng \u0111\u1ed3 \u0103n l\u1edbn, th\u1ef1c ph\u1ea9m \u0111\u01b0\u1ee3c n\u1ea5u ch\u00edn b\u1eb1ng \u0111i\u1ec7n, v\u00e0 c\u0169ng gi\u00fap ti\u1ebft ki\u1ec7m n\u0103ng l\u01b0\u1ee3ng khi s\u1eed d\u1ee5ng.&nbsp;<\/span><\/p>\n<p style=\"text-align: justify\"><span style=\"font-weight: 400\">N\u1ebfu b\u1ea1n \u0111ang t\u00ecm ki\u1ebfm m\u1ed9t chi\u1ebfc l\u00f2 n\u01b0\u1edbng ho\u1ea1t \u0111\u1ed9ng hi\u1ec7u qu\u1ea3, ch\u1ea5t l\u01b0\u1ee3ng t\u1ed1t th\u00ec h\u00e3y li\u00ean h\u1ec7 ngay v\u1edbi ThucPham.com nh\u00e9.&nbsp;<\/span><\/p>\n","protected":false},"excerpt":{"rendered":"<ul>\n<li style=\"font-weight: 400\"><span style=\"font-weight: 400\">S\u1ea3n xu\u1ea5t b\u1eb1ng b\u1eb1ng ch\u1ea5t li\u1ec7u inox kh\u00f4ng g\u1ec9, ch\u1ed1ng ch\u1ecbu \u0103n m\u00f2n cao<\/span><\/li>\n<li style=\"font-weight: 400\"><span style=\"font-weight: 400\">Ch\u1ea5t li\u1ec7u inox kh\u00f4ng g\u00e2y h\u1ea1i \u0111\u1ebfn s\u1ee9c kh\u1ecfe m\u1ecdi ng\u01b0\u1eddi<\/span><\/li>\n<li style=\"font-weight: 400\"><span style=\"font-weight: 400\">Hai n\u00fam \u0111i\u1ec1u ch\u1ec9nh nhi\u1ec7t \u0111\u1ed9 tr\u00ean v\u00e0 d\u01b0\u1edbi d\u1ec5 d\u00e0ng<\/span><\/li>\n<li style=\"font-weight: 400\"><span style=\"font-weight: 400\">Va\u0301ch ca\u0301ch nhi\u00ea\u0323t r\u00e2\u0301t da\u0300y, ti\u00ea\u0301t ki\u00ea\u0323m \u0111i\u00ea\u0323n, an to\u00e0n cho ng\u01b0\u1eddi d\u00f9ng<\/span><\/li>\n<li style=\"font-weight: 400\"><span style=\"font-weight: 400\">K\u1ebft c\u1ea5u ch\u1eafc ch\u1eafn, ki\u1ec3u d\u00e1ng \u0111\u1eb9p v\u00e0 hi\u1ec7n \u0111\u1ea1i<\/span><\/li>\n<\/ul>\n","protected":false},"featured_media":36679,"comment_status":"open","ping_status":"closed","template":"","meta":[],"product_cat":[202,247],"product_tag":[],"_links":{"self":[{"href":"https:\/\/thucpham.com\/vinacom\/wp-json\/wp\/v2\/product\/9527"}],"collection":[{"href":"https:\/\/thucpham.com\/vinacom\/wp-json\/wp\/v2\/product"}],"about":[{"href":"https:\/\/thucpham.com\/vinacom\/wp-json\/wp\/v2\/types\/product"}],"replies":[{"embeddable":true,"href":"https:\/\/thucpham.com\/vinacom\/wp-json\/wp\/v2\/comments?post=9527"}],"wp:featuredmedia":[{"embeddable":true,"href":"https:\/\/thucpham.com\/vinacom\/wp-json\/wp\/v2\/media\/36679"}],"wp:attachment":[{"href":"https:\/\/thucpham.com\/vinacom\/wp-json\/wp\/v2\/media?parent=9527"}],"wp:term":[{"taxonomy":"product_cat","embeddable":true,"href":"https:\/\/thucpham.com\/vinacom\/wp-json\/wp\/v2\/product_cat?post=9527"},{"taxonomy":"product_tag","embeddable":true,"href":"https:\/\/thucpham.com\/vinacom\/wp-json\/wp\/v2\/product_tag?post=9527"}],"curies":[{"name":"wp","href":"https:\/\/api.w.org\/{rel}","templated":true}]}}