{"id":9521,"date":"2020-07-03T20:00:43","date_gmt":"2020-07-03T20:00:43","guid":{"rendered":"https:\/\/thucpham.com\/?post_type=product&#038;p=9521"},"modified":"2022-04-14T14:39:33","modified_gmt":"2022-04-14T07:39:33","slug":"bep-nuong-3-hong-dung-gas-co-chan-dung-berjaya","status":"publish","type":"product","link":"https:\/\/thucpham.com\/vinacom\/bep-nuong-3-hong-dung-gas-co-chan-dung-berjaya\/","title":{"rendered":"B\u1ebfp N\u01b0\u1edbng 3 H\u1ecdng D\u00f9ng Gas C\u00f3 Ch\u00e2n \u0110\u1ee9ng Berjaya CB3BFS-17"},"content":{"rendered":"<h2><strong><span style=\"font-size: 85%;\">Th\u00f4ng tin s\u1ea3n ph\u1ea9m<\/span><\/strong><\/h2>\n<p style=\"text-align: justify;\"><span style=\"font-weight: 400;\">\u0110\u1ec3 c\u00f3 th\u1ec3 ch\u1ebf bi\u1ebfn c\u00e1c m\u00f3n n\u01b0\u1edbng nhanh ch\u00f3ng, v\u00e0ng r\u1ee5m, th\u01a1m ngon, ch\u00fang ta ph\u1ea3i c\u1ea7n \u0111\u1ebfn nh\u1eefng chi\u1ebfc<\/span><b> b\u1ebfp n\u01b0\u1edbng 3 h\u1ecdng d\u00f9ng gas c\u00f3 ch\u00e2n \u0111\u1ee9ng Berjaya CB3BFS-17<\/b><span style=\"font-weight: 400;\">. Chi\u1ebfc b\u1ebfp n\u01b0\u1edbng n\u00e0y l\u00e0 m\u1ed9t trong nh\u1eefng s\u1ea3n ph\u1ea9m b\u1ebfp n\u01b0\u1edbng c\u00f4ng nghi\u1ec7p \u0111\u01b0\u1ee3c \u01b0a chu\u1ed9ng hi\u1ec7n nay. B\u1ebfp c\u00f3 k\u1ebft c\u1ea5u ki\u1ec3u d\u00e1ng c\u00f4ng nghi\u1ec7p, sang tr\u1ecdng, b\u1eaft m\u1eaft, ph\u00f9 h\u1ee3p v\u1edbi m\u1ecdi kh\u00f4ng gian b\u1ebfp. V\u1edbi 3 h\u1ecdng d\u00f9ng gas, cho c\u00f4ng su\u1ea5t cao, ng\u01b0\u1eddi d\u00f9ng c\u00f3 th\u1ec3 ch\u1ebf bi\u1ebfn c\u00e1c m\u00f3n \u0103n kh\u00e1c nhau, gi\u00fap \u0111\u00e1p \u1ee9ng m\u1ecdi nhu c\u1ea7u c\u1ee7a kh\u00e1ch h\u00e0ng.<\/span><\/p>\n<p><img class=\"aligncenter wp-image-11834 size-full\" src=\"https:\/\/thucpham.com\/wp-content\/uploads\/2020\/07\/bep-nuong-3-hong-dung-gas-co-chan-Berjaya-CB3BFS-17-banner.jpg\" alt=\"B\u1ebfp n\u01b0\u1edbng 3 h\u1ecdng d\u00f9ng gas c\u00f3 ch\u00e2n \u0111\u1ee9ng Berjaya CB3BFS-17\" width=\"820\" height=\"656\" srcset=\"https:\/\/thucpham.com\/vinacom\/wp-content\/uploads\/2020\/07\/bep-nuong-3-hong-dung-gas-co-chan-Berjaya-CB3BFS-17-banner.jpg 820w, https:\/\/thucpham.com\/vinacom\/wp-content\/uploads\/2020\/07\/bep-nuong-3-hong-dung-gas-co-chan-Berjaya-CB3BFS-17-banner-300x240.jpg 300w, https:\/\/thucpham.com\/vinacom\/wp-content\/uploads\/2020\/07\/bep-nuong-3-hong-dung-gas-co-chan-Berjaya-CB3BFS-17-banner-768x614.jpg 768w, https:\/\/thucpham.com\/vinacom\/wp-content\/uploads\/2020\/07\/bep-nuong-3-hong-dung-gas-co-chan-Berjaya-CB3BFS-17-banner-24x19.jpg 24w, https:\/\/thucpham.com\/vinacom\/wp-content\/uploads\/2020\/07\/bep-nuong-3-hong-dung-gas-co-chan-Berjaya-CB3BFS-17-banner-36x29.jpg 36w, https:\/\/thucpham.com\/vinacom\/wp-content\/uploads\/2020\/07\/bep-nuong-3-hong-dung-gas-co-chan-Berjaya-CB3BFS-17-banner-48x38.jpg 48w, https:\/\/thucpham.com\/vinacom\/wp-content\/uploads\/2020\/07\/bep-nuong-3-hong-dung-gas-co-chan-Berjaya-CB3BFS-17-banner-510x408.jpg 510w\" sizes=\"(max-width: 820px) 100vw, 820px\" title=\"\"><\/p>\n<p style=\"text-align: center;\"><em>Th\u00f4ng tin s\u1ea3n ph\u1ea9m b\u1ebfp n\u01b0\u1edbng 3 h\u1ecdng d\u00f9ng gas c\u00f3 ch\u00e2n \u0111\u1ee9ng Berjaya CB3BFS-17<\/em><\/p>\n<h2><span style=\"font-weight: 400; font-size: 85%;\"><b>\u01afu \u0111i\u1ec3m b\u1ebfp n\u01b0\u1edbng 3 h\u1ecdng d\u00f9ng gas c\u00f3 ch\u00e2n \u0111\u1ee9ng Berjaya<\/b><\/span><\/h2>\n<p style=\"text-align: justify;\"><span style=\"font-weight: 400;\"><b>B\u1ebfp n\u01b0\u1edbng 3 h\u1ecdng d\u00f9ng gas c\u00f3 ch\u00e2n \u0111\u1ee9ng Berjaya CB3BFS-17<\/b> \u0111\u01b0\u1ee3c l\u00e0m b\u1eb1ng <a href=\"https:\/\/vi.wikipedia.org\/wiki\/Th%C3%A9p_kh%C3%B4ng_g%E1%BB%89\" target=\"_blank\" rel=\"noopener nofollow\" data-schema-attribute=\"\">inox 304<\/a> (th\u00e9p ch\u1ea5t l\u01b0\u1ee3ng cao), kh\u00f4ng g\u1ec9, ch\u1ecbu l\u1ef1c t\u1ed1t v\u00e0 ch\u1ecbu \u0111\u01b0\u1ee3c nhi\u1ec7t \u0111\u1ed9 cao n\u00ean c\u00f3 \u0111\u1ed9 b\u1ec1n r\u1ea5t cao. Ch\u00e2n \u0111\u1ee9ng \u0111\u01b0\u1ee3c thi\u1ebft k\u1ebf v\u1eefng ch\u00e3i, c\u1ee9ng c\u00e1p v\u00e0 cho kh\u1ea3 n\u0103ng ch\u1ecbu l\u1ef1c c\u1ef1c t\u1ed1t. B\u1ec1 m\u1eb7t b\u1ebfp lu\u00f4n s\u00e1ng b\u00f3ng, \u00edt b\u00e1m b\u1ee5i b\u1ea9n, gi\u00fap ti\u1ebft ki\u1ec7m th\u1eddi gian lau ch\u00f9i. <\/span><\/p>\n<p style=\"text-align: justify;\"><span style=\"font-weight: 400;\"><b>B\u1ebfp n\u01b0\u1edbng 3 h\u1ecdng d\u00f9ng gas c\u00f3 ch\u00e2n \u0111\u1ee9ng Berjaya CB3BFS-17<\/b> c\u00f2n c\u00f3 th\u00eam c\u00e1c r\u00e3nh ch\u1ee9a v\u1ee5n th\u1ee9c \u0103n v\u00e0 m\u1ee1 th\u1eeba trong khi ch\u1ebf bi\u1ebfn th\u1ef1c ph\u1ea9m; khi mu\u1ed1n v\u1ec7 sinh, c\u1ecd r\u1eeda b\u1ea1n ch\u1ec9 c\u1ea7n th\u00e1o ra. Thi\u1ebft b\u1ecb c\u00f2n \u0111\u01b0\u1ee3c thi\u1ebft k\u1ebf c\u00f3 t\u00ednh n\u0103ng ti\u1ebft ki\u1ec7m d\u1ea7u gi\u00fap gi\u1ea3m thi\u1ec3u chi ph\u00ed m\u1ed9t c\u00e1ch \u0111\u00e1ng k\u1ec3.<\/span><\/p>\n<p style=\"text-align: justify;\"><span style=\"font-weight: 400;\">H\u00e3y nhanh tay li\u00ean h\u1ec7 v\u1edbi ThucPham.com \u0111\u1ec3 \u0111\u01b0\u1ee3c t\u01b0 v\u1ea5n v\u00e0 \u0111\u1eb7t mua s\u1ea3n ph\u1ea9m <em>b\u1ebfp n\u01b0\u1edbng 3 h\u1ecdng d\u00f9ng gas c\u00f3 ch\u00e2n \u0111\u1ee9ng Berjaya CB3BFS-17 <\/em>ngay b\u00e2y gi\u1edd! N\u1ebfu b\u1ea1n c\u00f3 nhu c\u1ea7u ph\u1ee5c v\u1ee5 l\u01b0\u1ee3ng kh\u00e1ch cao h\u01a1n th\u00ec c\u00f3 th\u1ec3 tham kh\u1ea3o s\u1ea3n ph\u1ea9m <span data-sheets-value=\"{&quot;1&quot;:2,&quot;2&quot;:&quot;B\u1ebfp N\u01b0\u1edbng 5 H\u1ecdng D\u00f9ng Gas C\u00f3 Ch\u00e2n \u0110\u1ee9ng Berjaya&quot;}\" data-sheets-userformat=\"{&quot;2&quot;:14466,&quot;4&quot;:{&quot;1&quot;:2,&quot;2&quot;:16777215},&quot;10&quot;:2,&quot;14&quot;:{&quot;1&quot;:2,&quot;2&quot;:0},&quot;15&quot;:&quot;Arial&quot;,&quot;16&quot;:10}\"><a href=\"https:\/\/thucpham.com\/bep-nuong-5-hong-dung-gas-co-chan-dung-berjaya\/\">B\u1ebfp N\u01b0\u1edbng 5 H\u1ecdng D\u00f9ng Gas C\u00f3 Ch\u00e2n \u0110\u1ee9ng Berjaya<\/a>. Ho\u1eb7c n\u1ebfu mu\u1ed1n tham kh\u1ea3o th\u00eam nhi\u1ec1u model <a href=\"https:\/\/thucpham.com\/bep-nuong-lo-nuong-cong-nghiep\/\">b\u1ebfp n\u01b0\u1edbng l\u00f2 n\u01b0\u1edbng c\u00f4ng nghi\u1ec7p<\/a> kh\u00e1c th\u00ec h\u00e3y tham kh\u1ea3o c\u00e1c s\u1ea3n ph\u1ea9m nh\u01b0: <a href=\"https:\/\/thucpham.com\/bep-nuong-3-hong-dung-gas-berjaya\/\">B\u1ebfp N\u01b0\u1edbng 3 H\u1ecdng D\u00f9ng Gas Berjaya<\/a>, B\u1ebfp N\u01b0\u1edbng BBQ D\u00f9ng Gas Berjaya,&#8230;<\/span><\/span><\/p>\n","protected":false},"excerpt":{"rendered":"<ul>\n<li style=\"font-weight: 400;\"><span style=\"font-weight: 400;\">Thi\u1ebft k\u1ebf b\u1eb1ng inox cao c\u1ea5p, c\u00f3 \u0111\u1ed9 b\u1ec1n cao, sang tr\u1ecdng, v\u00e0 d\u1ec5 v\u1ec7 sinh.<\/span><\/li>\n<li style=\"font-weight: 400;\"><span style=\"font-weight: 400;\">3 h\u1ecdng n\u01b0\u1edbng ho\u1ea1t \u0111\u1ed9ng \u0111\u1ed9c l\u1eadp v\u1edbi n\u00fam \u0111i\u1ec1u khi\u1ec3n ri\u00eang bi\u1ec7t<\/span><\/li>\n<li style=\"font-weight: 400;\"><span style=\"font-weight: 400;\">Van kh\u00f3a gas an to\u00e0n v\u00e0 h\u1ec7 th\u1ed1ng \u0111\u00e1nh l\u1eeda Piezo t\u1ef1 \u0111\u1ed9ng<\/span><\/li>\n<li style=\"font-weight: 400;\"><span style=\"font-weight: 400;\">B\u1ec1 m\u1eb7t n\u01b0\u1edbng l\u1edbn, gi\u00fap n\u01b0\u1edbng nhi\u1ec1u m\u00f3n c\u00f9ng m\u1ed9t l\u00fac<\/span><\/li>\n<li style=\"font-weight: 400;\"><span style=\"font-weight: 400;\">Ng\u0103n ch\u1ee9a, d\u1ea7u m\u1ee1 th\u1eeba ti\u1ec7n d\u1ee5ng<\/span><\/li>\n<li style=\"font-weight: 400;\"><span style=\"font-weight: 400;\">4 ch\u00e2n \u0111\u1ee9ng v\u1eefng ch\u1eafc, d\u1ec5 d\u00e0ng di chuy\u1ec3n<\/span><\/li>\n<\/ul>\n","protected":false},"featured_media":36654,"comment_status":"open","ping_status":"closed","template":"","meta":[],"product_cat":[202,247],"product_tag":[],"_links":{"self":[{"href":"https:\/\/thucpham.com\/vinacom\/wp-json\/wp\/v2\/product\/9521"}],"collection":[{"href":"https:\/\/thucpham.com\/vinacom\/wp-json\/wp\/v2\/product"}],"about":[{"href":"https:\/\/thucpham.com\/vinacom\/wp-json\/wp\/v2\/types\/product"}],"replies":[{"embeddable":true,"href":"https:\/\/thucpham.com\/vinacom\/wp-json\/wp\/v2\/comments?post=9521"}],"wp:featuredmedia":[{"embeddable":true,"href":"https:\/\/thucpham.com\/vinacom\/wp-json\/wp\/v2\/media\/36654"}],"wp:attachment":[{"href":"https:\/\/thucpham.com\/vinacom\/wp-json\/wp\/v2\/media?parent=9521"}],"wp:term":[{"taxonomy":"product_cat","embeddable":true,"href":"https:\/\/thucpham.com\/vinacom\/wp-json\/wp\/v2\/product_cat?post=9521"},{"taxonomy":"product_tag","embeddable":true,"href":"https:\/\/thucpham.com\/vinacom\/wp-json\/wp\/v2\/product_tag?post=9521"}],"curies":[{"name":"wp","href":"https:\/\/api.w.org\/{rel}","templated":true}]}}