{"id":9518,"date":"2020-07-03T19:55:41","date_gmt":"2020-07-03T19:55:41","guid":{"rendered":"https:\/\/thucpham.com\/?post_type=product&#038;p=9518"},"modified":"2022-04-14T14:29:22","modified_gmt":"2022-04-14T07:29:22","slug":"bep-nuong-5-hong-dung-gas-co-chan-dung-berjaya","status":"publish","type":"product","link":"https:\/\/thucpham.com\/vinacom\/bep-nuong-5-hong-dung-gas-co-chan-dung-berjaya\/","title":{"rendered":"B\u1ebfp N\u01b0\u1edbng 5 H\u1ecdng D\u00f9ng Gas C\u00f3 Ch\u00e2n \u0110\u1ee9ng Berjaya CB5BFS-17"},"content":{"rendered":"<h2><strong><span style=\"font-size: 85%;\">Th\u00f4ng tin s\u1ea3n ph\u1ea9m<\/span><\/strong><\/h2>\n<p style=\"text-align: justify;\"><span style=\"font-weight: 400;\">Nh\u00e0 s\u1ea3n xu\u1ea5t Berjaya, Malaysia \u0111\u00e3 cho ra \u0111\u1eddi d\u00f2ng <strong>b\u1ebfp n\u01b0\u1edbng 5 h\u1ecdng d\u00f9ng gas c\u00f3 ch\u00e2n \u0111\u1ee9ng Berjaya CB5BFS-17<\/strong> v\u1edbi nhi\u1ec1u c\u1ea3i ti\u1ebfn v\u01b0\u1ee3t b\u1eadc. M\u00f3n n\u01b0\u1edbng l\u00e0 m\u1ed9t trong nh\u1eefng m\u00f3n \u0103n \u0111\u01b0\u1ee3c nhi\u1ec1u ng\u01b0\u1eddi \u01b0a th\u00edch, nh\u01b0ng nhi\u1ec1u ng\u01b0\u1eddi r\u1ea5t lo ng\u1ea1i v\u1ec1 v\u1ea5n \u0111\u1ec1 v\u1ec7 sinh an to\u00e0n th\u1ef1c ph\u1ea9m. \u0110\u1ec3 gi\u1ea3i quy\u1ebft nh\u1eefng lo \u00e2u cho ng\u01b0\u1eddi d\u00f9ng b\u1ebfp n\u01b0\u1edbng \u0111\u01b0\u1ee3c l\u00e0m n\u00f3ng b\u1edfi nh\u1eefng h\u1ecdng gas sinh ra nhi\u1ec7t l\u01b0\u1ee3ng v\u1eeba \u0111\u1ee7 \u0111\u1ea3m b\u1ea3o th\u1ee9c \u0103n lu\u00f4n ch\u00edn \u0111\u1ec1u, kh\u00f4ng l\u00e0m ch\u00e1y th\u1ef1c ph\u1ea9m v\u00e0 ti\u1ebft ki\u1ec7m gas.<\/span><\/p>\n<p><img class=\"aligncenter wp-image-11830 size-full\" src=\"https:\/\/thucpham.com\/wp-content\/uploads\/2020\/07\/bep-nuong-5-hong-co-chan-dung-gas-Berjaya-CB5BFS-17-banner.jpg\" alt=\"B\u1ebfp N\u01b0\u1edbng 5 H\u1ecdng D\u00f9ng Gas C\u00f3 Ch\u00e2n \u0110\u1ee9ng Berjaya CB5BFS-17\" width=\"820\" height=\"656\" srcset=\"https:\/\/thucpham.com\/vinacom\/wp-content\/uploads\/2020\/07\/bep-nuong-5-hong-co-chan-dung-gas-Berjaya-CB5BFS-17-banner.jpg 820w, https:\/\/thucpham.com\/vinacom\/wp-content\/uploads\/2020\/07\/bep-nuong-5-hong-co-chan-dung-gas-Berjaya-CB5BFS-17-banner-300x240.jpg 300w, https:\/\/thucpham.com\/vinacom\/wp-content\/uploads\/2020\/07\/bep-nuong-5-hong-co-chan-dung-gas-Berjaya-CB5BFS-17-banner-768x614.jpg 768w, https:\/\/thucpham.com\/vinacom\/wp-content\/uploads\/2020\/07\/bep-nuong-5-hong-co-chan-dung-gas-Berjaya-CB5BFS-17-banner-24x19.jpg 24w, https:\/\/thucpham.com\/vinacom\/wp-content\/uploads\/2020\/07\/bep-nuong-5-hong-co-chan-dung-gas-Berjaya-CB5BFS-17-banner-36x29.jpg 36w, https:\/\/thucpham.com\/vinacom\/wp-content\/uploads\/2020\/07\/bep-nuong-5-hong-co-chan-dung-gas-Berjaya-CB5BFS-17-banner-48x38.jpg 48w, https:\/\/thucpham.com\/vinacom\/wp-content\/uploads\/2020\/07\/bep-nuong-5-hong-co-chan-dung-gas-Berjaya-CB5BFS-17-banner-510x408.jpg 510w\" sizes=\"(max-width: 820px) 100vw, 820px\" title=\"\"><\/p>\n<p style=\"text-align: center;\"><em>Th\u00f4ng tin s\u1ea3n ph\u1ea9m b\u1ebfp n\u01b0\u1edbng 5 h\u1ecdng d\u00f9ng gas c\u00f3 ch\u00e2n \u0111\u1ee9ng Berjaya CB5BFS-17<\/em><\/p>\n<h2><span style=\"font-size: 85%;\"><b>\u01afu \u0111i\u1ec3m b\u1ebfp n\u01b0\u1edbng 5 h\u1ecdng d\u00f9ng gas c\u00f3 ch\u00e2n \u0111\u1ee9ng Berjaya<\/b><\/span><\/h2>\n<p style=\"text-align: justify;\"><span style=\"font-weight: 400;\">Th\u00eam v\u00e0o \u0111\u00f3, v\u1edbi h\u1ec7 th\u1ed1ng \u0111\u00e1nh l\u1eeda t\u1ef1 \u0111\u1ed9ng v\u00e0 c\u00f3 van ng\u1eaft gas an to\u00e0n, b\u1ebfp n\u01b0\u1edbng kh\u00f4ng g\u00e2y nguy hi\u1ec3m trong khi s\u1eed d\u1ee5ng.&nbsp; B\u1ea1n ho\u00e0n to\u00e0n y\u00ean t\u00e2m ch\u1ebf bi\u1ebfn, s\u00e1ng t\u1ea1o c\u00e1c m\u00f3n n\u01b0\u1edbng th\u01a1m ngon. Ngo\u00e0i ra, <\/span><b>b\u1ebfp n\u01b0\u1edbng 5 h\u1ecdng d\u00f9ng gas c\u00f3 ch\u00e2n \u0111\u1ee9ng Berjaya <span style=\"font-weight: 400;\"><strong>CB5BFS-17<\/strong><\/span><\/b><span style=\"font-weight: 400;\"> c\u00f3 k\u00edch th\u01b0\u1edbc g\u1ecdn g\u00e0ng, kh\u00f4ng qu\u00e1 c\u1ed3ng k\u1ec1nh n\u00ean d\u1ec5 d\u00e0ng di chuy\u1ec3n, l\u1eafp \u0111\u1eb7t \u1edf m\u1ecdi kh\u00f4ng gian b\u1ebfp.<\/span><\/p>\n<p style=\"text-align: justify;\"><span style=\"font-weight: 400;\"><b>B\u1ebfp n\u01b0\u1edbng 5 h\u1ecdng d\u00f9ng gas c\u00f3 ch\u00e2n \u0111\u1ee9ng Berjaya <strong>CB5BFS-17 <\/strong><\/b>\u0111\u01b0\u1ee3c c\u1ea5u t\u1ea1o ho\u00e0n to\u00e0n t\u1eeb <a href=\"https:\/\/vi.wikipedia.org\/wiki\/Th%C3%A9p_kh%C3%B4ng_g%E1%BB%89\" target=\"_blank\" rel=\"noopener nofollow\" data-schema-attribute=\"\">inox 304<\/a>, m\u1ed9t ch\u1ea5t li\u1ec7u c\u00f3 kh\u1ea3 n\u0103ng ch\u1ed1ng oxy h\u00f3a cao, b\u1ec1n b\u1ec9 v\u00e0 kh\u00f3 m\u00f3p m\u00e9o. \u0110\u1eb7c bi\u1ec7t ch\u1ea5t li\u1ec7u n\u00e0y \u0111\u01b0\u1ee3c B\u1ed9 Y t\u1ebf khuy\u00ean d\u00f9ng b\u1edfi kh\u1ea3 n\u0103ng ch\u1ed1ng th\u00f4i nhi\u1ec5m kim lo\u1ea1i gi\u00fap b\u1ea3o v\u1ec7 an to\u00e0n th\u1ef1c ph\u1ea9m cao. B\u1ebfp \u0111\u01b0\u1ee3c trang b\u1ecb th\u00eam t\u1ea5m gang truy\u1ec1n v\u00e0 gi\u1eef nhi\u1ec7t t\u1ed1t v\u00e0 \u1ed5n \u0111\u1ecbnh n\u00ean th\u1ef1c ph\u1ea9m \u0111\u01b0\u1ee3c n\u01b0\u1edbng ch\u00edn nhanh v\u00e0 \u0111\u1ec1u.<\/span><\/p>\n<p style=\"text-align: justify;\"><span style=\"font-weight: 400;\"><em>B\u1ebfp n\u01b0\u1edbng 5 h\u1ecdng d\u00f9ng gas c\u00f3 ch\u00e2n \u0111\u1ee9ng Berjaya CB5BFS-17<\/em> x\u1ee9ng \u0111\u00e1ng l\u00e0 s\u1ef1 l\u1ef1a ch\u1ecdn h\u00e0ng \u0111\u1ea7u v\u00e0 tuy\u1ec7t v\u1eddi cho c\u00e1c qu\u00e1n \u0103n, nh\u00e0 h\u00e0ng kh\u00f4ng ch\u1ec9 b\u1edfi ch\u1ea5t l\u01b0\u1ee3ng m\u00e0 c\u00f2n l\u00e0 gi\u00e1 th\u00e0nh h\u1ee3p l\u00fd v\u00e0 d\u1ecbch v\u1ee5 b\u1ea3o h\u00e0nh l\u00e2u d\u00e0i. N\u1ebfu b\u1ea1n c\u00f3 nhu c\u1ea7u th\u1ea5p h\u01a1n th\u00ec c\u00f3 th\u1ec3 tham kh\u1ea3o s\u1ea3n ph\u1ea9m <span data-sheets-value=\"{&quot;1&quot;:2,&quot;2&quot;:&quot;B\u1ebfp N\u01b0\u1edbng 3 H\u1ecdng D\u00f9ng Gas C\u00f3 Ch\u00e2n \u0110\u1ee9ng Berjaya&quot;}\" data-sheets-userformat=\"{&quot;2&quot;:14466,&quot;4&quot;:{&quot;1&quot;:2,&quot;2&quot;:16777215},&quot;10&quot;:2,&quot;14&quot;:{&quot;1&quot;:2,&quot;2&quot;:0},&quot;15&quot;:&quot;Arial&quot;,&quot;16&quot;:10}\"><a href=\"https:\/\/thucpham.com\/bep-nuong-3-hong-dung-gas-co-chan-dung-berjaya\/\">B\u1ebfp N\u01b0\u1edbng 3 H\u1ecdng D\u00f9ng Gas C\u00f3 Ch\u00e2n \u0110\u1ee9ng Berjaya<\/a>, hay b\u1ea1n c\u00f3 th\u1ec3 tham kh\u1ea3o th\u00eam c\u00e1c model <a href=\"https:\/\/thucpham.com\/bep-nuong-lo-nuong-cong-nghiep\/\">b\u1ebfp n\u01b0\u1edbng l\u00f2 n\u01b0\u1edbng c\u00f4ng nghi\u1ec7p<\/a> kh\u00e1c nh\u01b0: <a href=\"https:\/\/thucpham.com\/bep-nuong-5-hong-dung-gas-berjaya\/\">B\u1ebfp N\u01b0\u1edbng 5 H\u1ecdng D\u00f9ng Gas Berjaya<\/a>,&#8230;<\/span><\/span><\/p>\n","protected":false},"excerpt":{"rendered":"<ul>\n<li style=\"font-weight: 400;\"><span style=\"font-weight: 400;\">S\u1ea3n ph\u1ea9m \u0111\u01b0\u1ee3c thi\u1ebft k\u1ebf cao c\u1ea5p, d\u1ec5 d\u00e0ng v\u1ec7 sinh<\/span><\/li>\n<li style=\"font-weight: 400;\"><span style=\"font-weight: 400;\">H\u1ec7 th\u1ed1ng \u0111\u00e1nh l\u1eeda Piezo t\u1ef1 \u0111\u1ed9ng<\/span><\/li>\n<li style=\"font-weight: 400;\"><span style=\"font-weight: 400;\">N\u00fam \u0111i\u1ec1u ch\u1ec9nh nhi\u1ec7t \u0111\u1ed9 b\u1eb1ng tay ti\u1ec7n l\u1ee3i<\/span><\/li>\n<li style=\"font-weight: 400;\"><span style=\"font-weight: 400;\">Thi\u1ebft k\u1ebf ch\u00e2n \u0111\u1ee9ng v\u1eefng ch\u1eafc c\u00f3 th\u1ec3 th\u00e1o r\u1eddi<\/span><\/li>\n<li style=\"font-weight: 400;\"><span style=\"font-weight: 400;\">Van ng\u1eaft gas an to\u00e0n, kh\u00f4ng g\u00e2y nguy hi\u1ec3m khi s\u1eed d\u1ee5ng<\/span><\/li>\n<\/ul>\n","protected":false},"featured_media":36649,"comment_status":"open","ping_status":"closed","template":"","meta":[],"product_cat":[202,247],"product_tag":[],"_links":{"self":[{"href":"https:\/\/thucpham.com\/vinacom\/wp-json\/wp\/v2\/product\/9518"}],"collection":[{"href":"https:\/\/thucpham.com\/vinacom\/wp-json\/wp\/v2\/product"}],"about":[{"href":"https:\/\/thucpham.com\/vinacom\/wp-json\/wp\/v2\/types\/product"}],"replies":[{"embeddable":true,"href":"https:\/\/thucpham.com\/vinacom\/wp-json\/wp\/v2\/comments?post=9518"}],"wp:featuredmedia":[{"embeddable":true,"href":"https:\/\/thucpham.com\/vinacom\/wp-json\/wp\/v2\/media\/36649"}],"wp:attachment":[{"href":"https:\/\/thucpham.com\/vinacom\/wp-json\/wp\/v2\/media?parent=9518"}],"wp:term":[{"taxonomy":"product_cat","embeddable":true,"href":"https:\/\/thucpham.com\/vinacom\/wp-json\/wp\/v2\/product_cat?post=9518"},{"taxonomy":"product_tag","embeddable":true,"href":"https:\/\/thucpham.com\/vinacom\/wp-json\/wp\/v2\/product_tag?post=9518"}],"curies":[{"name":"wp","href":"https:\/\/api.w.org\/{rel}","templated":true}]}}