{"id":9476,"date":"2020-07-02T23:58:06","date_gmt":"2020-07-02T23:58:06","guid":{"rendered":"https:\/\/thucpham.com\/?post_type=product&#038;p=9476"},"modified":"2022-04-08T14:53:23","modified_gmt":"2022-04-08T07:53:23","slug":"lo-nuong-1-ngan-2-mam-hongling-hly112e","status":"publish","type":"product","link":"https:\/\/thucpham.com\/vinacom\/lo-nuong-1-ngan-2-mam-hongling-hly112e\/","title":{"rendered":"L\u00f2 N\u01b0\u1edbng 1 Ng\u0103n 2 M\u00e2m Hongling HLY112E"},"content":{"rendered":"<h2><strong><span style=\"font-size: 85%;\">Th\u00f4ng tin s\u1ea3n ph\u1ea9m<\/span><\/strong><\/h2>\n<p style=\"text-align: justify;\"><span style=\"font-weight: 400;\"><strong>L\u00f2 n\u01b0\u1edbng 1 ng\u0103n 2 m\u00e2m Hongling HLY112E<\/strong> \u0111\u01b0\u1ee3c thi\u1ebft k\u1ebf 2 m\u00e2m \u0111\u1ef1ng b\u00e1nh nh\u01b0ng trong c\u00f9ng m\u1ed9t ng\u0103n n\u00ean c\u00f3 ki\u1ec3u d\u00e1ng g\u1ecdn g\u00e0ng, k\u00edch th\u01b0\u1edbc 133 x 93 x 66 cm, ph\u00f9 h\u1ee3p l\u1eafp \u0111\u1eb7t \u1edf m\u1ecdi kh\u00f4ng gian b\u1ebfp, ngay c\u1ea3 khu b\u1ebfp c\u00f3 di\u1ec7n t\u00edch nh\u1ecf h\u1eb9p. Ngo\u00e0i ra, l\u00f2 n\u01b0\u1edbng c\u00f3 c\u00e1c \u0111\u01b0\u1eddng n\u00e9t \u0111\u01a1n gi\u1ea3n, thanh tho\u00e1t k\u1ebft h\u1ee3p v\u1edbi m\u00e0u b\u1ea1c trang nh\u00e3 t\u1ea1o n\u00ean m\u1ed9t t\u1ed5ng th\u1ec3 h\u00e0i h\u00f2a, \u0111\u1eb9p m\u1eaft. S\u1ea3n ph\u1ea9m \u0111\u01b0\u1ee3c trang b\u1ecb th\u00eam b\u1ea3ng \u0111i\u1ec1u khi\u1ec3n nhi\u1ec7t \u0111\u1ed9, c\u00e0i \u0111\u1eb7t th\u1eddi gian n\u01b0\u1edbng b\u00e1nh, thao t\u00e1c \u0111\u01a1n gi\u1ea3n, d\u1ec5 d\u00e0ng s\u1eed d\u1ee5ng.<\/span><\/p>\n<p><img class=\"size-full wp-image-11779 aligncenter\" src=\"https:\/\/thucpham.com\/wp-content\/uploads\/2020\/07\/lo-nuong-1-ngan-2-mam-hongling-hly112e-banner.jpg\" alt=\"lo-nuong-1-ngan-2-mam-hongling-hly112e\" width=\"820\" height=\"656\" srcset=\"https:\/\/thucpham.com\/vinacom\/wp-content\/uploads\/2020\/07\/lo-nuong-1-ngan-2-mam-hongling-hly112e-banner.jpg 820w, https:\/\/thucpham.com\/vinacom\/wp-content\/uploads\/2020\/07\/lo-nuong-1-ngan-2-mam-hongling-hly112e-banner-300x240.jpg 300w, https:\/\/thucpham.com\/vinacom\/wp-content\/uploads\/2020\/07\/lo-nuong-1-ngan-2-mam-hongling-hly112e-banner-768x614.jpg 768w, https:\/\/thucpham.com\/vinacom\/wp-content\/uploads\/2020\/07\/lo-nuong-1-ngan-2-mam-hongling-hly112e-banner-24x19.jpg 24w, https:\/\/thucpham.com\/vinacom\/wp-content\/uploads\/2020\/07\/lo-nuong-1-ngan-2-mam-hongling-hly112e-banner-36x29.jpg 36w, https:\/\/thucpham.com\/vinacom\/wp-content\/uploads\/2020\/07\/lo-nuong-1-ngan-2-mam-hongling-hly112e-banner-48x38.jpg 48w, https:\/\/thucpham.com\/vinacom\/wp-content\/uploads\/2020\/07\/lo-nuong-1-ngan-2-mam-hongling-hly112e-banner-510x408.jpg 510w\" sizes=\"(max-width: 820px) 100vw, 820px\" title=\"\"><\/p>\n<p style=\"text-align: center;\"><em>Th\u00f4ng tin s\u1ea3n ph\u1ea9m l\u00f2 n\u01b0\u1edbng 1 ng\u0103n 2 m\u00e2m Hongling HLY112E<\/em><\/p>\n<h2><span style=\"font-weight: 400; font-size: 85%;\"><strong>\u01afu \u0111i\u1ec3m l\u00f2 n\u01b0\u1edbng 1 ng\u0103n 2 m\u00e2m Hongling HLY112E<\/strong><\/span><\/h2>\n<p style=\"text-align: justify;\"><span style=\"font-weight: 400;\">M\u1ed9t trong nh\u1eefng \u0111\u1eb7c \u0111i\u1ec3m n\u1ed5i b\u1eadt c\u1ee7a <em><strong>l\u00f2 n\u01b0\u1edbng 1 ng\u0103n 2 m\u00e2m Hongling HLY112E<\/strong><\/em> l\u00e0 h\u1ea7u nh\u01b0 c\u00e1c b\u1ed9 ph\u1eadn nh\u01b0 th\u00e2n l\u00f2, khay \u0111\u1ef1ng b\u00e1nh, thanh gia nhi\u1ec7t, bu\u1ed3ng n\u01b0\u1edbng,\u2026 \u0111\u1ec1u \u0111\u01b0\u1ee3c l\u00e0m b\u1eb1ng <a href=\"https:\/\/vi.wikipedia.org\/wiki\/Th%C3%A9p_kh%C3%B4ng_g%E1%BB%89\" target=\"_blank\" rel=\"noopener nofollow\" data-schema-attribute=\"\">inox cao c\u1ea5p<\/a> ch\u1ecbu nhi\u1ec7t v\u00e0 ch\u1ed1ng han g\u1ec9. \u0110\u1eb7c bi\u1ec7t, ch\u1ea5t li\u1ec7u inox c\u00e1ch nhi\u1ec7t t\u1ed1t, gi\u1eef cho nhi\u1ec7t \u0111\u1ed9 trong bu\u1ed3ng n\u01b0\u1edbng lu\u00f4n \u1ed5n \u0111\u1ecbnh, v\u00e0 an to\u00e0n trong qu\u00e1 tr\u00ecnh s\u1eed d\u1ee5ng. C\u1eeda k\u00ednh v\u00e0 \u0111\u00e8n chi\u1ebfu s\u00e1ng to\u00e0n b\u1ed9 b\u00ean trong l\u00f2 \u0111\u1ec3 gi\u00fap b\u1ea1n theo d\u00f5i t\u00ecnh tr\u1ea1ng n\u01b0\u1edbng b\u00e1nh trong l\u00f2.<\/span><\/p>\n<p style=\"text-align: justify;\"><span style=\"font-weight: 400;\">Thi\u1ebft b\u1ecb cung c\u1ea5p nhi\u1ec7t theo c\u00f4ng ngh\u1ec7 b\u1ee9c x\u1ea1 h\u1ed3ng ngo\u1ea1i, kh\u00f4ng s\u1eed d\u1ee5ng qu\u1ea1t h\u01a1i n\u00f3ng n\u00ean th\u00e0nh ph\u1ea9m lu\u00f4n l\u00e0 nh\u1eefng chi\u1ebfc b\u00e1nh bung n\u1edf \u0111\u1ec1u v\u00e0 b\u00f4ng x\u1ed1p, kh\u00f4ng x\u1eb9p. Th\u00eam v\u00e0o \u0111\u00f3, <strong>l\u00f2 n\u01b0\u1edbng 1 ng\u0103n 2 m\u00e2m Hongling HLY112E<\/strong> c\u00f3 h\u1ec7 th\u1ed1ng gia nhi\u1ec7t nhanh v\u00e0 \u1ed5n \u0111\u1ecbnh v\u00e0 ki\u1ec3m so\u00e1t ch\u00ednh x\u00e1c nhi\u1ec7t \u0111\u1ed9 theo quy tr\u00ecnh c\u00e0i \u0111\u1eb7t. Nh\u1edd c\u00f3 l\u1edbp v\u1ecf c\u00e1ch nhi\u1ec7t t\u1ed1t n\u00ean l\u01b0\u1ee3ng nhi\u1ec7t trong bu\u1ed3ng n\u01b0\u1edbng \u0111\u01b0\u1ee3c b\u1ea3o to\u00e0n t\u1ed1t nh\u1ea5t, h\u1ea1n ch\u1ebf s\u1ef1 tho\u00e1t nhi\u1ec7t ra ngo\u00e0i.<\/span><\/p>\n<p style=\"text-align: justify;\"><span style=\"font-weight: 400;\">Li\u00ean h\u1ec7 v\u1edbi ThucPham.com \u0111\u1ec3 bi\u1ebft th\u00eam th\u00f4ng tin chi ti\u1ebft v\u1ec1 s\u1ea3n ph\u1ea9m <em>l\u00f2 n\u01b0\u1edbng 1 ng\u0103n 2 m\u00e2m Hongling HLY112E<\/em> nh\u00e9 ! B\u1ea1n c\u0169ng c\u00f3 th\u1ec3 tham kh\u1ea3o th\u00eam c\u00e1c model <a href=\"https:\/\/thucpham.com\/bep-nuong-lo-nuong-cong-nghiep\/\">b\u1ebfp n\u01b0\u1edbng l\u00f2 n\u01b0\u1edbng c\u00f4ng nghi\u1ec7p<\/a> kh\u00e1c m\u00e0 ch\u00fang t\u00f4i \u0111ang cung c\u1ea5p nh\u01b0: <span data-sheets-value=\"{&quot;1&quot;:2,&quot;2&quot;:&quot;L\u00f2 N\u01b0\u1edbng 1 Ng\u0103n 2 M\u00e2m Hongling HLY102G&quot;}\" data-sheets-userformat=\"{&quot;2&quot;:14466,&quot;4&quot;:{&quot;1&quot;:2,&quot;2&quot;:16777215},&quot;10&quot;:2,&quot;14&quot;:{&quot;1&quot;:2,&quot;2&quot;:0},&quot;15&quot;:&quot;Arial&quot;,&quot;16&quot;:10}\"><a href=\"https:\/\/thucpham.com\/lo-nuong-1-ngan-2-mam-hongling-hly102g\/\">L\u00f2 N\u01b0\u1edbng 1 Ng\u0103n 2 M\u00e2m Hongling HLY102G<\/a>, <a href=\"https:\/\/thucpham.com\/lo-nuong-1-ngan-2-mam-hongling-hly102e\/\">L\u00f2 N\u01b0\u1edbng 1 Ng\u0103n 2 M\u00e2m Hongling HLY102E<\/a>,&#8230;<\/span> \u0111\u1ec3 c\u00f3 th\u1ec3 \u0111\u01b0a ra s\u1ef1 l\u1ef1a ch\u1ecdn ph\u00f9 h\u1ee3p v\u1edbi m\u00f4 h\u00ecnh kinh doanh c\u1ee7a b\u1ea1n.<\/span><\/p>\n","protected":false},"excerpt":{"rendered":"<ul>\n<li style=\"font-weight: 400;\"><span style=\"font-weight: 400;\">K\u1ebft c\u1ea5u inox ch\u1ed1ng han g\u1ec9, ch\u1ecbu l\u1ef1c, c\u00e1ch nhi\u1ec7t<\/span><\/li>\n<li style=\"font-weight: 400;\"><span style=\"font-weight: 400;\">Ki\u1ec3u d\u00e1ng g\u1ecdn g\u00e0ng, k\u00edch th\u01b0\u1edbc nh\u1ecf n\u00ean kh\u00f4ng chi\u1ebfm di\u1ec7n t\u00edch\u00a0<\/span><\/li>\n<li style=\"font-weight: 400;\"><span style=\"font-weight: 400;\">N\u01b0\u1edbng \u0111a d\u1ea1ng nhi\u1ec1u lo\u1ea1i b\u00e1nh v\u1edbi k\u00edch c\u1ee1 kh\u00e1c nhau<\/span><\/li>\n<li style=\"font-weight: 400;\"><span style=\"font-weight: 400;\">H\u1ec7 th\u1ed1ng gia nhi\u1ec7t nhanh v\u00e0 \u1ed5n \u0111\u1ecbnh<\/span><\/li>\n<li style=\"font-weight: 400;\"><span style=\"font-weight: 400;\">L\u1edbp v\u1ecf c\u00e1ch nhi\u1ec7t d\u00e0y n\u00ean h\u1ea1n ch\u1ebf nhi\u1ec7t tho\u00e1t ra ngo\u00e0i<\/span><\/li>\n<li style=\"font-weight: 400;\"><span style=\"font-weight: 400;\">N\u01b0\u1edbng b\u00e1nh nhanh, ti\u1ebft ki\u1ec7m \u0111i\u1ec7n<\/span><\/li>\n<\/ul>\n","protected":false},"featured_media":36513,"comment_status":"open","ping_status":"closed","template":"","meta":[],"product_cat":[202,247],"product_tag":[],"_links":{"self":[{"href":"https:\/\/thucpham.com\/vinacom\/wp-json\/wp\/v2\/product\/9476"}],"collection":[{"href":"https:\/\/thucpham.com\/vinacom\/wp-json\/wp\/v2\/product"}],"about":[{"href":"https:\/\/thucpham.com\/vinacom\/wp-json\/wp\/v2\/types\/product"}],"replies":[{"embeddable":true,"href":"https:\/\/thucpham.com\/vinacom\/wp-json\/wp\/v2\/comments?post=9476"}],"wp:featuredmedia":[{"embeddable":true,"href":"https:\/\/thucpham.com\/vinacom\/wp-json\/wp\/v2\/media\/36513"}],"wp:attachment":[{"href":"https:\/\/thucpham.com\/vinacom\/wp-json\/wp\/v2\/media?parent=9476"}],"wp:term":[{"taxonomy":"product_cat","embeddable":true,"href":"https:\/\/thucpham.com\/vinacom\/wp-json\/wp\/v2\/product_cat?post=9476"},{"taxonomy":"product_tag","embeddable":true,"href":"https:\/\/thucpham.com\/vinacom\/wp-json\/wp\/v2\/product_tag?post=9476"}],"curies":[{"name":"wp","href":"https:\/\/api.w.org\/{rel}","templated":true}]}}