{"id":9467,"date":"2020-07-02T23:49:04","date_gmt":"2020-07-02T23:49:04","guid":{"rendered":"https:\/\/thucpham.com\/?post_type=product&#038;p=9467"},"modified":"2022-04-08T14:08:32","modified_gmt":"2022-04-08T07:08:32","slug":"lo-hap-nuong-da-nang-eka-ekf-611","status":"publish","type":"product","link":"https:\/\/thucpham.com\/vinacom\/lo-hap-nuong-da-nang-eka-ekf-611\/","title":{"rendered":"L\u00f2 H\u1ea5p N\u01b0\u1edbng \u0110a N\u0103ng Eka EKF 611"},"content":{"rendered":"<h2><strong><span style=\"font-size: 85%;\">Th\u00f4ng tin s\u1ea3n ph\u1ea9m<\/span><\/strong><\/h2>\n<p style=\"text-align: justify;\"><span style=\"font-weight: 400;\">M\u1eb7c d\u00f9 c\u00f3 gi\u00e1 th\u00e0nh cao h\u01a1n so v\u1edbi lo\u1ea1i l\u00f2 n\u01b0\u1edbng ho\u1eb7c n\u1ed3i h\u1ea5p \u0111\u1ed1i l\u01b0u nh\u01b0ng <\/span><b>l\u00f2 h\u1ea5p n\u01b0\u1edbng \u0111a n\u0103ng Eka EKF 611<\/b><span style=\"font-weight: 400;\"> l\u00e0 thi\u1ebft b\u1ecb 2 trong 1 gi\u00fap ng\u01b0\u1eddi d\u00f9ng ti\u1ebft ki\u1ec7m nhi\u1ec1u th\u1eddi gian n\u1ea5u n\u01b0\u1edbng v\u00e0 kh\u00f4ng gian cho khu b\u1ebfp. <\/span><span style=\"font-weight: 400;\">M\u1eb7t kh\u00e1c, l\u00f2 Eka EKF 611<\/span> <span style=\"font-weight: 400;\">c\u00f3 \u0111i\u1ec3m n\u1ed5i tr\u1ed9i h\u01a1n so v\u1edbi c\u00e1c d\u00f2ng kh\u00e1c \u0111\u00f3 l\u00e0 v\u1eabn \u0111\u1ea3m b\u1ea3o gi\u1eef \u0111\u01b0\u1ee3c nguy\u00ean ch\u1ea5t dinh d\u01b0\u1ee1ng v\u00e0 vitamin cho m\u00f3n \u0103n.<\/span><\/p>\n<p><img class=\"aligncenter wp-image-11801 size-full\" src=\"https:\/\/thucpham.com\/wp-content\/uploads\/2020\/07\/lo-hap-nuong-da-nang-eka-ekf-611-banner.jpg\" alt=\"L\u00f2 h\u1ea5p n\u01b0\u1edbng \u0111a n\u0103ng Eka EKF 611\" width=\"820\" height=\"656\" srcset=\"https:\/\/thucpham.com\/vinacom\/wp-content\/uploads\/2020\/07\/lo-hap-nuong-da-nang-eka-ekf-611-banner.jpg 820w, https:\/\/thucpham.com\/vinacom\/wp-content\/uploads\/2020\/07\/lo-hap-nuong-da-nang-eka-ekf-611-banner-300x240.jpg 300w, https:\/\/thucpham.com\/vinacom\/wp-content\/uploads\/2020\/07\/lo-hap-nuong-da-nang-eka-ekf-611-banner-768x614.jpg 768w, https:\/\/thucpham.com\/vinacom\/wp-content\/uploads\/2020\/07\/lo-hap-nuong-da-nang-eka-ekf-611-banner-24x19.jpg 24w, https:\/\/thucpham.com\/vinacom\/wp-content\/uploads\/2020\/07\/lo-hap-nuong-da-nang-eka-ekf-611-banner-36x29.jpg 36w, https:\/\/thucpham.com\/vinacom\/wp-content\/uploads\/2020\/07\/lo-hap-nuong-da-nang-eka-ekf-611-banner-48x38.jpg 48w, https:\/\/thucpham.com\/vinacom\/wp-content\/uploads\/2020\/07\/lo-hap-nuong-da-nang-eka-ekf-611-banner-510x408.jpg 510w\" sizes=\"(max-width: 820px) 100vw, 820px\" title=\"\"><\/p>\n<p style=\"text-align: center;\"><em>Th\u00f4ng tin s\u1ea3n ph\u1ea9m l\u00f2 h\u1ea5p n\u01b0\u1edbng \u0111a n\u0103ng Eka EKF 611<\/em><\/p>\n<h2><span style=\"font-weight: 400; font-size: 85%;\"><strong>\u01afu \u0111i\u1ec3m l\u00f2 h\u1ea5p n\u01b0\u1edbng \u0111a n\u0103ng Eka EKF 611<\/strong><\/span><\/h2>\n<p style=\"text-align: justify;\"><span style=\"font-weight: 400;\"><strong>L\u00f2 h\u1ea5p n\u01b0\u1edbng \u0111a n\u0103ng Eka EKF 611 <\/strong>\u0111\u01b0\u1ee3c trang b\u1ecb 6 khay n\u01b0\u1edbng c\u00f9ng v\u1edbi h\u01a1n 240 ch\u01b0\u01a1ng tr\u00ecnh n\u1ea5u kh\u00e1c nhau, l\u00f2 h\u1ea5p n\u01b0\u1edbng \u0111a n\u0103ng Eka EKF 611 gi\u00fap c\u00f9ng l\u00fac ch\u1ebf bi\u1ebfn m\u1ed9t l\u01b0\u1ee3ng l\u1edbn th\u1ef1c ph\u1ea9m. S\u1ea3n ph\u1ea9m \u0111\u01b0\u1ee3c thi\u1ebft k\u1ebf v\u1edbi b\u1ed9 ki\u1ec3m so\u00e1t nhi\u1ec7t \u0111\u1ed9 c\u1ef1c k\u1ef3 ch\u00ednh x\u00e1c, cho ph\u00e9p b\u1ea1n n\u1ea5u ch\u00edn th\u1ef1c ph\u1ea9m \u1edf nhi\u1ec7t \u0111\u1ed9 ch\u00ednh x\u00e1c c\u00f9ng v\u1edbi l\u01b0\u1ee3ng h\u01a1i n\u01b0\u1edbc m\u00e0 m\u00ecnh mong mu\u1ed1n, ch\u00ednh v\u00ec v\u1eady t\u1ea1o cho b\u1ea1n s\u1ef1 linh ho\u1ea1t, ti\u1ec7n l\u1ee3i trong vi\u1ec7c s\u00e1ng t\u1ea1o, ch\u1ebf bi\u1ebfn m\u00f3n \u0103n theo nh\u1eefng c\u00e1ch ri\u00eang.<\/span><\/p>\n<p style=\"text-align: justify;\"><span style=\"font-weight: 400;\">V\u1ecf ngo\u00e0i c\u1ee7a <strong>l\u00f2 h\u1ea5p n\u01b0\u1edbng \u0111a n\u0103ng Eka EKF 611<\/strong> c\u00f3 l\u1edbp c\u00e1ch nhi\u1ec7t t\u1ed1t, c\u00e1c khay <a href=\"https:\/\/vi.wikipedia.org\/wiki\/Th%C3%A9p_kh%C3%B4ng_g%E1%BB%89\" target=\"_blank\" rel=\"noopener nofollow\" data-schema-attribute=\"\">inox<\/a> h\u1ea5p n\u01b0\u1edbng d\u1ec5 d\u00e0ng th\u00e1o l\u1eafp, v\u00e0 c\u00f3 h\u1ec7 th\u1ed1ng l\u00e0m s\u1ea1ch l\u00f2 t\u1ef1 \u0111\u1ed9ng th\u00f4ng minh. C\u00e1nh c\u1eeda c\u1ee7a thi\u1ebft b\u1ecb c\u0169ng \u0111\u01b0\u1ee3c thi\u1ebft k\u1ebf kh\u00e1 b\u1eaft m\u1eaft v\u00e0 l\u00e0m b\u1eb1ng lo\u1ea1i k\u00ednh c\u01b0\u1eddng l\u1ef1c ch\u1ecbu nhi\u1ec7t kh\u00e1 ch\u1eafc ch\u1eafn gi\u00fap ng\u01b0\u1eddi d\u00f9ng c\u00f3 th\u1ec3 ki\u1ec3m so\u00e1t \u0111\u01b0\u1ee3c qu\u00e1 tr\u00ecnh h\u1ea5p n\u01b0\u1edbng b\u1eb1ng m\u1eaft nhanh ch\u00f3ng .<\/span><\/p>\n<p style=\"text-align: justify;\"><span style=\"font-weight: 400;\"><em>L\u00f2 h\u1ea5p n\u01b0\u1edbng \u0111a n\u0103ng Eka EKF 611<\/em> l\u00e0 s\u1ea3n ph\u1ea9m \u0111\u01b0\u1ee3c ThucPham.com nh\u1eadp kh\u1ea9u tr\u1ef1c ti\u1ebfp t\u1eeb nh\u00e0 m\u00e1y Eka &#8211; \u00dd v\u00e0 ph\u00e2n ph\u1ed1i tr\u1ef1c ti\u1ebfp cho n\u00ean s\u1ea3n ph\u1ea9m lu\u00f4n c\u00f3 m\u1ee9c gi\u00e1 v\u00e0 ch\u1ea5t l\u01b0\u1ee3ng t\u1ed1t nh\u1ea5t tr\u00ean th\u1ecb tr\u01b0\u1eddng Vi\u1ec7t Nam. Ch\u00fang t\u00f4i c\u0169ng cung c\u1ea5p nhi\u1ec1u model kh\u00e1c nhau v\u1ec1 d\u00f2ng <a href=\"https:\/\/thucpham.com\/bep-nuong-lo-nuong-cong-nghiep\/\">b\u1ebfp n\u01b0\u1edbng l\u00f2 n\u01b0\u1edbng c\u00f4ng nghi\u1ec7p<\/a> t\u1ed1t nh\u1ea5t hi\u1ec7n nay \u0111\u1ec3 qu\u00fd kh\u00e1ch c\u00f3 th\u1ec3 tham kh\u1ea3o nh\u01b0: <span data-sheets-value=\"{&quot;1&quot;:2,&quot;2&quot;:&quot;L\u00f2 H\u1ea5p N\u01b0\u1edbng \u0110a N\u0103ng Eka EKF711TC&quot;}\" data-sheets-userformat=\"{&quot;2&quot;:14466,&quot;4&quot;:{&quot;1&quot;:2,&quot;2&quot;:16777215},&quot;10&quot;:2,&quot;14&quot;:{&quot;1&quot;:2,&quot;2&quot;:0},&quot;15&quot;:&quot;Arial&quot;,&quot;16&quot;:10}\"><a href=\"https:\/\/thucpham.com\/lo-hap-nuong-da-nang-eka-ekf711tc\/\">L\u00f2 H\u1ea5p N\u01b0\u1edbng \u0110a N\u0103ng Eka EKF711TC<\/a>, <a href=\"https:\/\/thucpham.com\/lo-hap-nuong-da-nang-eka-ekf-621\/\">L\u00f2 H\u1ea5p N\u01b0\u1edbng \u0110a N\u0103ng Eka EKF 621<\/a>,&#8230;<\/span><\/span><\/p>\n","protected":false},"excerpt":{"rendered":"<ul>\n<li style=\"font-weight: 400;\"><span style=\"font-weight: 400;\">L\u00f2 n\u01b0\u1edbng \u0111\u01b0\u1ee3c trang b\u1ecb 6 khay h\u1ea5p n\u01b0\u1edbng ti\u1ec7n l\u1ee3i<\/span><\/li>\n<li style=\"font-weight: 400;\"><span style=\"font-weight: 400;\">L\u1edbp v\u1ecf b\u1eb1ng inox 304 ch\u1ecbu nhi\u1ec7t t\u1ed1t, c\u00f3 \u0111\u1ed9 b\u1ec1n cao<\/span><\/li>\n<li style=\"font-weight: 400;\"><span style=\"font-weight: 400;\">B\u1ea3ng \u0111i\u1ec1u khi\u1ec3n m\u00e0n h\u00ecnh c\u1ea3m \u1ee9ng th\u00f4ng minh<\/span><\/li>\n<li style=\"font-weight: 400;\"><span style=\"font-weight: 400;\">C\u00e1nh c\u1eeda \u0111\u01b0\u1ee3c thi\u1ebft k\u1ebf b\u1eb1ng k\u00ednh ch\u1ecbu nhi\u1ec7t ch\u1eafc ch\u1eafn<\/span><\/li>\n<li style=\"font-weight: 400;\"><span style=\"font-weight: 400;\">Ho\u1ea1t \u0111\u1ed9ng theo s\u1ef1 k\u1ebft h\u1ee3p gi\u1eefa h\u01a1i n\u01b0\u1edbc v\u00e0 kh\u00ed \u0111\u1ed1i l\u01b0u<\/span><\/li>\n<li style=\"font-weight: 400;\"><span style=\"font-weight: 400;\">Gi\u1eef nguy\u00ean c\u00e1c d\u01b0\u1ee1ng ch\u1ea5t v\u00e0 vitamin cho m\u00f3n \u0103n<\/span><\/li>\n<\/ul>\n","protected":false},"featured_media":36502,"comment_status":"open","ping_status":"closed","template":"","meta":[],"product_cat":[202,247],"product_tag":[],"_links":{"self":[{"href":"https:\/\/thucpham.com\/vinacom\/wp-json\/wp\/v2\/product\/9467"}],"collection":[{"href":"https:\/\/thucpham.com\/vinacom\/wp-json\/wp\/v2\/product"}],"about":[{"href":"https:\/\/thucpham.com\/vinacom\/wp-json\/wp\/v2\/types\/product"}],"replies":[{"embeddable":true,"href":"https:\/\/thucpham.com\/vinacom\/wp-json\/wp\/v2\/comments?post=9467"}],"wp:featuredmedia":[{"embeddable":true,"href":"https:\/\/thucpham.com\/vinacom\/wp-json\/wp\/v2\/media\/36502"}],"wp:attachment":[{"href":"https:\/\/thucpham.com\/vinacom\/wp-json\/wp\/v2\/media?parent=9467"}],"wp:term":[{"taxonomy":"product_cat","embeddable":true,"href":"https:\/\/thucpham.com\/vinacom\/wp-json\/wp\/v2\/product_cat?post=9467"},{"taxonomy":"product_tag","embeddable":true,"href":"https:\/\/thucpham.com\/vinacom\/wp-json\/wp\/v2\/product_tag?post=9467"}],"curies":[{"name":"wp","href":"https:\/\/api.w.org\/{rel}","templated":true}]}}