{"id":9464,"date":"2020-07-02T23:46:27","date_gmt":"2020-07-02T23:46:27","guid":{"rendered":"https:\/\/thucpham.com\/?post_type=product&#038;p=9464"},"modified":"2022-04-08T13:52:41","modified_gmt":"2022-04-08T06:52:41","slug":"lo-hap-nuong-da-nang-eka-ekf-621","status":"publish","type":"product","link":"https:\/\/thucpham.com\/vinacom\/lo-hap-nuong-da-nang-eka-ekf-621\/","title":{"rendered":"L\u00f2 H\u1ea5p N\u01b0\u1edbng \u0110a N\u0103ng Eka EKF 621"},"content":{"rendered":"<h2><strong><span style=\"font-size: 85%;\">Th\u00f4ng tin s\u1ea3n ph\u1ea9m<\/span><\/strong><\/h2>\n<p style=\"text-align: justify;\"><b>L\u00f2 h\u1ea5p n\u01b0\u1edbng \u0111a n\u0103ng Eka EKF 621<\/b><span style=\"font-weight: 400;\"> l\u00e0 d\u1ea1ng l\u00f2 lo\u1ea1i trung, ph\u00f9 h\u1ee3p cho c\u00e1c nh\u00e0 h\u00e0ng, qu\u00e1n \u0103n c\u00f3 l\u01b0\u1ee3ng kh\u00e1ch v\u1eeba ph\u1ea3i. Thi\u1ebft b\u1ecb bao g\u1ed3m 6 khay n\u01b0\u1edbng, t\u00edch h\u1ee3p nhi\u1ec1u ch\u01b0\u01a1ng tr\u00ecnh n\u1ea5u, n\u1ea5u \u0111\u01b0\u1ee3c nhi\u1ec1u m\u00f3n c\u00f9ng m\u1ed9t l\u00fac, h\u1ea5p \u2013 n\u01b0\u1edbng k\u1ebft h\u1ee3p\u2026 ch\u1ec9 c\u1ea7n m\u1ed9t lo\u1ea1i l\u00f2 m\u00e0 thay th\u1ebf \u0111\u01b0\u1ee3c nhi\u1ec1u lo\u1ea1i b\u1ebfp, l\u00f2 kh\u00e1c nhau. Th\u00eam v\u00e0o \u0111\u00f3, l\u00f2 h\u1ea5p n\u01b0\u1edbng c\u00f2n c\u00f3 quy tr\u00ecnh ch\u1ebf bi\u1ebfn th\u1ef1c ph\u1ea9m t\u1ef1 \u0111\u1ed9ng v\u00e0 hi\u1ec7u qu\u1ea3, c\u00e1c m\u00f3n \u0103n \u0111\u01b0\u1ee3c l\u00e0m ch\u00edn nhanh ch\u00f3ng, h\u1ea5p d\u1eabn v\u00e0 b\u1ed5 d\u01b0\u1ee1ng.<\/span><\/p>\n<p><img class=\"aligncenter wp-image-11799 size-full\" src=\"https:\/\/thucpham.com\/wp-content\/uploads\/2020\/07\/lo-hap-nuong-da-nang-eka-ekf-621-banner.jpg\" alt=\"L\u00f2 H\u1ea5p N\u01b0\u1edbng \u0110a N\u0103ng Eka EKF 621\" width=\"820\" height=\"656\" srcset=\"https:\/\/thucpham.com\/vinacom\/wp-content\/uploads\/2020\/07\/lo-hap-nuong-da-nang-eka-ekf-621-banner.jpg 820w, https:\/\/thucpham.com\/vinacom\/wp-content\/uploads\/2020\/07\/lo-hap-nuong-da-nang-eka-ekf-621-banner-300x240.jpg 300w, https:\/\/thucpham.com\/vinacom\/wp-content\/uploads\/2020\/07\/lo-hap-nuong-da-nang-eka-ekf-621-banner-768x614.jpg 768w, https:\/\/thucpham.com\/vinacom\/wp-content\/uploads\/2020\/07\/lo-hap-nuong-da-nang-eka-ekf-621-banner-24x19.jpg 24w, https:\/\/thucpham.com\/vinacom\/wp-content\/uploads\/2020\/07\/lo-hap-nuong-da-nang-eka-ekf-621-banner-36x29.jpg 36w, https:\/\/thucpham.com\/vinacom\/wp-content\/uploads\/2020\/07\/lo-hap-nuong-da-nang-eka-ekf-621-banner-48x38.jpg 48w, https:\/\/thucpham.com\/vinacom\/wp-content\/uploads\/2020\/07\/lo-hap-nuong-da-nang-eka-ekf-621-banner-510x408.jpg 510w\" sizes=\"(max-width: 820px) 100vw, 820px\" title=\"\"><\/p>\n<p style=\"text-align: center;\"><em>Th\u00f4ng tin s\u1ea3n ph\u1ea9m l\u00f2 h\u1ea5p n\u01b0\u1edbng \u0111a n\u0103ng Eka EKF 621<\/em><\/p>\n<h2><span style=\"font-weight: 400; font-size: 85%;\"><strong>\u01afu \u0111i\u1ec3m l\u00f2 h\u1ea5p n\u01b0\u1edbng \u0111a n\u0103ng EKA EKF 621<\/strong><\/span><\/h2>\n<p style=\"text-align: justify;\"><span style=\"font-weight: 400;\">Ngo\u00e0i ra, m\u1ed9t trong nh\u1eefng \u0111\u1eb7c \u0111i\u1ec3m m\u00e0 nh\u00e0 s\u1ea3n xu\u1ea5t lu\u00f4n ch\u00fa tr\u1ecdng \u0111\u1ebfn s\u1ee9c kh\u1ecfe ng\u01b0\u1eddi d\u00f9ng l\u00e0 bu\u1ed3ng h\u1ea5p n\u01b0\u1edbng c\u1ee7a s\u1ea3n ph\u1ea9m \u0111\u01b0\u1ee3c l\u00e0m b\u1eb1ng <a href=\"https:\/\/vi.wikipedia.org\/wiki\/Th%C3%A9p_kh%C3%B4ng_g%E1%BB%89\" target=\"_blank\" rel=\"noopener nofollow\" data-schema-attribute=\"\">inox 304<\/a>; lo\u1ea1i inox v\u1eeba b\u1ec1n ch\u1eafc m\u00e0 kh\u00f4ng h\u1ec1 s\u1ea3n sinh ra nh\u1eefng ch\u1ea5t \u0111\u1ed9c h\u1ea1i trong qu\u00e1 tr\u00ecnh n\u1ea5u. <strong>L\u00f2 h\u1ea5p n\u01b0\u1edbng \u0111a n\u0103ng EKA EKF 621<\/strong> \u0111\u01b0\u1ee3c thi\u1ebft k\u1ebf b\u1eb1ng nh\u1eefng ch\u1ea5t li\u1ec7u cao c\u1ea5p nh\u01b0, inox 304 ch\u1ed1ng m\u00e0i m\u00f2n, th\u00e9p ch\u1ed1ng g\u1ec9 , k\u00ednh c\u01b0\u1eddng l\u1ef1c ch\u1ed1ng n\u1ee9t v\u1ee1 v\u00ec v\u1eady r\u1ea5t b\u1ec1n b\u1ec9, ch\u1eafc ch\u1eafn, h\u1ea7u nh\u01b0 kh\u00f4ng h\u1ec1 h\u1ecfng h\u00f3c, m\u00e9o m\u00f3 trong qu\u00e1 tr\u00ecnh s\u1eed d\u1ee5ng.<\/span><\/p>\n<p style=\"text-align: justify;\"><span style=\"font-weight: 400;\"><strong>L\u00f2 h\u1ea5p n\u01b0\u1edbng \u0111a n\u0103ng EKA EKF 621 <\/strong>c\u00f3 c\u00f4ng ngh\u1ec7 gia nhi\u1ec7t nhanh, nhi\u1ec7t \u0111\u1ed9 lan t\u1ecfa \u0111\u1ed3ng \u0111\u1ec1u, m\u00f3n \u0103n ch\u00edn m\u1ec1m t\u1eeb trong ra ngo\u00e0i. Thi\u1ebft b\u1ecb c\u00f2n \u0111\u01b0\u1ee3c trang b\u1ecb th\u00eam c\u1ed5ng USB \u0111\u1ec3 l\u01b0u tr\u1eef h\u01a1n 200 c\u00f4ng th\u1ee9c n\u1ea5u \u0103n cho ph\u00e9p c\u00e1c \u0111\u1ea7u b\u1ebfp th\u1ecfa s\u1ee9c s\u00e1ng t\u1ea1o, ch\u1ebf bi\u1ebfn m\u00e0 kh\u00f4ng m\u1ea5t th\u1eddi gian.&nbsp;<\/span><\/p>\n<p style=\"text-align: justify;\"><span style=\"font-weight: 400;\">ThucPham.com nh\u1eadp kh\u1ea9u tr\u1ef1c ti\u1ebfp v\u00e0 ph\u00e2n ph\u1ed1i c\u00e1c lo\u1ea1i thi\u1ebft b\u1ecb l\u00f2 n\u01b0\u1edbng t\u1eeb Ch\u00e2u \u00c2u, trong \u0111\u00f3 c\u00f3 <em>l\u00f2 h\u1ea5p n\u01b0\u1edbng \u0111a n\u0103ng Eka EKF 621<\/em>. S\u1ea3n ph\u1ea9m \u0111\u01b0\u1ee3c ch\u00fang t\u00f4i nh\u1eadp kh\u1ea9u tr\u1ef1c ti\u1ebfp t\u1eeb nh\u00e0 s\u1ea3n xu\u1ea5t n\u00ean lu\u00f4n c\u00f3 m\u1ee9c gi\u00e1 t\u1ed1t nh\u1ea5t tr\u00ean th\u1ecb tr\u01b0\u1eddng Vi\u1ec7t Nam hi\u1ec7n nay. B\u1ea1n c\u00f3 th\u1ec3 tham kh\u1ea3o th\u00eam c\u00e1c model <a href=\"https:\/\/thucpham.com\/bep-nuong-lo-nuong-cong-nghiep\/\">b\u1ebfp n\u01b0\u1edbng l\u00f2 n\u01b0\u1edbng c\u00f4ng nghi\u1ec7p<\/a> kh\u00e1c nh\u01b0: <span data-sheets-value=\"{&quot;1&quot;:2,&quot;2&quot;:&quot;L\u00f2 H\u1ea5p N\u01b0\u1edbng \u0110a N\u0103ng Eka MKF 511 TS&quot;}\" data-sheets-userformat=\"{&quot;2&quot;:14466,&quot;4&quot;:{&quot;1&quot;:2,&quot;2&quot;:16777215},&quot;10&quot;:2,&quot;14&quot;:{&quot;1&quot;:2,&quot;2&quot;:0},&quot;15&quot;:&quot;Arial&quot;,&quot;16&quot;:10}\"><a href=\"https:\/\/thucpham.com\/lo-hap-nuong-da-nang-eka-mkf-511-ts\/\">L\u00f2 H\u1ea5p N\u01b0\u1edbng \u0110a N\u0103ng Eka MKF 511 TS<\/a>, <a href=\"https:\/\/thucpham.com\/lo-hap-nuong-da-nang-eka-ekf711tc\/\">L\u00f2 H\u1ea5p N\u01b0\u1edbng \u0110a N\u0103ng Eka EKF711TC<\/a>,&#8230;<\/span><\/span><\/p>\n","protected":false},"excerpt":{"rendered":"<ul>\n<li style=\"font-weight: 400;\"><span style=\"font-weight: 400;\">Thi\u1ebft b\u1ecb th\u0103m d\u00f2 l\u00f5i v\u1edbi h\u1ed7 tr\u1ee3, t\u1ef1 \u0111\u1ed9ng l\u00e0m s\u1ea1ch<\/span><\/li>\n<li style=\"font-weight: 400;\"><span style=\"font-weight: 400;\">Bu\u1ed3ng n\u01b0\u1edbng \u0111\u01b0\u1ee3c l\u00e0m b\u1eb1ng inox 304, \u0111\u1ea3m b\u1ea3o an to\u00e0n s\u1ee9c kh\u1ecfe<\/span><\/li>\n<li style=\"font-weight: 400;\"><span style=\"font-weight: 400;\">C\u1eeda k\u00ednh c\u01b0\u1eddng l\u1ef1c ch\u1ecbu nhi\u1ec7t, ch\u1ecbu l\u1ef1c t\u1ed1t<\/span><\/li>\n<li style=\"font-weight: 400;\"><span style=\"font-weight: 400;\">C\u1ed5ng USB l\u01b0u tr\u1eef \u0111\u01b0\u1ee3c h\u01a1n 200 c\u00f4ng th\u1ee9c n\u1ea5u \u0103n<\/span><\/li>\n<li style=\"font-weight: 400;\"><span style=\"font-weight: 400;\">Gia nhi\u1ec7t nhanh, m\u1ea1nh, l\u00e0m ch\u00edn th\u1ef1c ph\u1ea9m nhanh ch\u00f3ng<\/span><\/li>\n<\/ul>\n","protected":false},"featured_media":36503,"comment_status":"open","ping_status":"closed","template":"","meta":[],"product_cat":[202,247],"product_tag":[],"_links":{"self":[{"href":"https:\/\/thucpham.com\/vinacom\/wp-json\/wp\/v2\/product\/9464"}],"collection":[{"href":"https:\/\/thucpham.com\/vinacom\/wp-json\/wp\/v2\/product"}],"about":[{"href":"https:\/\/thucpham.com\/vinacom\/wp-json\/wp\/v2\/types\/product"}],"replies":[{"embeddable":true,"href":"https:\/\/thucpham.com\/vinacom\/wp-json\/wp\/v2\/comments?post=9464"}],"wp:featuredmedia":[{"embeddable":true,"href":"https:\/\/thucpham.com\/vinacom\/wp-json\/wp\/v2\/media\/36503"}],"wp:attachment":[{"href":"https:\/\/thucpham.com\/vinacom\/wp-json\/wp\/v2\/media?parent=9464"}],"wp:term":[{"taxonomy":"product_cat","embeddable":true,"href":"https:\/\/thucpham.com\/vinacom\/wp-json\/wp\/v2\/product_cat?post=9464"},{"taxonomy":"product_tag","embeddable":true,"href":"https:\/\/thucpham.com\/vinacom\/wp-json\/wp\/v2\/product_tag?post=9464"}],"curies":[{"name":"wp","href":"https:\/\/api.w.org\/{rel}","templated":true}]}}