{"id":94565,"date":"2020-01-06T01:14:08","date_gmt":"2020-01-05T18:14:08","guid":{"rendered":"https:\/\/thucpham.com\/?post_type=product&#038;p=94565"},"modified":"2025-03-04T11:42:58","modified_gmt":"2025-03-04T04:42:58","slug":"sodium-cyclamate-nf13","status":"publish","type":"product","link":"https:\/\/thucpham.com\/vinacom\/sodium-cyclamate-nf13\/","title":{"rendered":"Ch\u1ea5t T\u1ea1o Ng\u1ecdt T\u1ed5ng H\u1ee3p Sodium Cyclamate NF13"},"content":{"rendered":"<h1><strong>Sodium Cyclamate NF13: Gi\u1ea3i Ph\u00e1p V\u1ecb Ng\u1ecdt Chuy\u00ean Nghi\u1ec7p<\/strong><\/h1>\n<p><span style=\"font-weight: 400;\">Sodium Cyclamate NF13, m\u1ed9t ch\u1ea5t t\u1ea1o ng\u1ecdt t\u1ed5ng h\u1ee3p \u0111\u01b0\u1ee3c s\u1eed d\u1ee5ng r\u1ed9ng r\u00e3i trong ng\u00e0nh th\u1ef1c ph\u1ea9m, mang l\u1ea1i v\u1ecb ng\u1ecdt cho nhi\u1ec1u lo\u1ea1i s\u1ea3n ph\u1ea9m. V\u1edbi kh\u1ea3 n\u0103ng t\u1ea1o ra v\u1ecb ng\u1ecdt \u0111\u1eadm \u0111\u00e0, \u1ed5n \u0111\u1ecbnh v\u00e0 t\u0103ng c\u01b0\u1eddng h\u01b0\u01a1ng v\u1ecb, Sodium Cyclamate NF13 l\u00e0 m\u1ed9t l\u1ef1a ch\u1ecdn ph\u1ed5 bi\u1ebfn c\u1ee7a c\u00e1c nh\u00e0 s\u1ea3n xu\u1ea5t, \u0111\u1ea7u b\u1ebfp v\u00e0 c\u00e1c chuy\u00ean gia pha ch\u1ebf. Tuy nhi\u00ean, vi\u1ec7c s\u1eed d\u1ee5ng ch\u1ea5t n\u00e0y c\u1ea7n \u0111\u01b0\u1ee3c ki\u1ec3m so\u00e1t ch\u1eb7t ch\u1ebd \u0111\u1ec3 \u0111\u1ea3m b\u1ea3o an to\u00e0n cho s\u1ee9c kh\u1ecfe ng\u01b0\u1eddi ti\u00eau d\u00f9ng. Ch\u00fang ta h\u00e3y c\u00f9ng nhau t\u00ecm hi\u1ec3u chi ti\u1ebft v\u1ec1 ch\u1ea5t t\u1ea1o ng\u1ecdt n\u00e0y.<\/span><\/p>\n<h2><b>\u0110\u1eb7c \u0110i\u1ec3m C\u1ea5u T\u1ea1o V\u00e0 T\u00ednh Ch\u1ea5t C\u1ee7a Sodium Cyclamate NF13&nbsp;<\/b><\/h2>\n<h3><b>Sodium Cyclamate NF13: \u0110\u1ecbnh Ngh\u0129a V\u00e0 Ngu\u1ed3n G\u1ed1c<\/b><\/h3>\n<p><span style=\"font-weight: 400;\">Sodium Cyclamate NF13, hay c\u00f2n \u0111\u01b0\u1ee3c bi\u1ebft \u0111\u1ebfn v\u1edbi t\u00ean g\u1ecdi kh\u00e1c l\u00e0 cyclamate natri, l\u00e0 m\u1ed9t ch\u1ea5t t\u1ea1o ng\u1ecdt nh\u00e2n t\u1ea1o. N\u00f3 t\u1ed3n t\u1ea1i \u1edf d\u1ea1ng tinh th\u1ec3 ho\u1eb7c b\u1ed9t tinh th\u1ec3 m\u00e0u tr\u1eafng, g\u1ea7n nh\u01b0 kh\u00f4ng m\u00f9i. V\u1ec1 b\u1ea3n ch\u1ea5t h\u00f3a h\u1ecdc, Sodium Cyclamate NF13 l\u00e0 mu\u1ed1i natri c\u1ee7a axit cyclamic, m\u1ed9t h\u1ee3p ch\u1ea5t h\u00f3a h\u1ecdc c\u00f3 kh\u1ea3 n\u0103ng t\u1ea1o ra v\u1ecb ng\u1ecdt. \u0110i\u1ec1u \u0111\u00e1ng ch\u00fa \u00fd l\u00e0 Sodium Cyclamate NF13 kh\u00f4ng cung c\u1ea5p calo v\u00e0 c\u00f3 \u0111\u1ed9 ng\u1ecdt g\u1ea5p kho\u1ea3ng 30-50 l\u1ea7n so v\u1edbi \u0111\u01b0\u1eddng m\u00eda, t\u00f9y thu\u1ed9c v\u00e0o n\u1ed3ng \u0111\u1ed9 v\u00e0 c\u00e1c th\u00e0nh ph\u1ea7n kh\u00e1c trong s\u1ea3n ph\u1ea9m.<\/span><\/p>\n<h3><b>Th\u00f4ng tin s\u1ea3n ph\u1ea9m<\/b><\/h3>\n<p><span style=\"font-weight: 400;\">&#8211; T\u00ean s\u1ea3n ph\u1ea9m: Sodium Cyclamate<\/span><\/p>\n<p><span style=\"font-weight: 400;\">&#8211; T\u00ean g\u1ecdi kh\u00e1c: <\/span><span style=\"font-weight: 400;\">Natri Cyclamat<\/span><\/p>\n<p><span style=\"font-weight: 400;\">&#8211; T\u00ean khoa h\u1ecdc: Sodium N-cyclohexylsulfamate<\/span><\/p>\n<p><span style=\"font-weight: 400;\">&#8211; T\u00ean kh\u00e1c: Natri cyclohexylsulfamat; natri cyclohexansulfamat<\/span><\/p>\n<p><span style=\"font-weight: 400;\">&#8211; C\u1ea5u t\u1ea1o ph\u00e2n t\u1eed:<\/span><\/p>\n<p><span style=\"font-weight: 400;\">&nbsp;-Ch\u1ec9 s\u1ed1 INS: E952.<\/span><\/p>\n<p><span style=\"font-weight: 400;\">&#8211; Th\u1eddi h\u1ea1n s\u1eed d\u1ee5ng: 3 n\u0103m k\u1ec3 t\u1eeb ng\u00e0y s\u1ea3n xu\u1ea5t. Ng\u00e0y s\u1ea3n xu\u1ea5t v\u00e0 h\u1ea1n s\u1eed d\u1ee5ng \u0111\u01b0\u1ee3c in tr\u00ean bao b\u00ec s\u1ea3n ph\u1ea9m.<\/span><\/p>\n<p><span style=\"font-weight: 400;\">&#8211; Quy c\u00e1ch \u0111\u00f3ng g\u00f3i: 25kg\/bao.<\/span><\/p>\n<p><span style=\"font-weight: 400;\">&#8211; B\u1ea3o qu\u1ea3n: N\u01a1i kh\u00f4 r\u00e1o, tho\u00e1ng m\u00e1t. Tr\u00e1nh \u00e1nh n\u1eafng tr\u1ef1c ti\u1ebfp.<\/span><\/p>\n<h3><b>C\u00e1c T\u00ednh Ch\u1ea5t V\u1eadt L\u00fd C\u1ee7a Sodium Cyclamate NF13&nbsp;<\/b><\/h3>\n<p><span style=\"font-weight: 400;\">&#8211; D\u1ea1ng t\u1ed3n t\u1ea1i: Tinh th\u1ec3 ho\u1eb7c b\u1ed9t tinh th\u1ec3 m\u00e0u tr\u1eafng.<\/span><\/p>\n<p><span style=\"font-weight: 400;\">&#8211; M\u00f9i: Kh\u00f4ng m\u00f9i ho\u1eb7c g\u1ea7n nh\u01b0 kh\u00f4ng m\u00f9i.<\/span><\/p>\n<p><span style=\"font-weight: 400;\">&#8211; \u0110\u1ed9 pH: 5,5-7,5 (dung d\u1ecbch 10% trong n\u01b0\u1edbc).<\/span><\/p>\n<p><span style=\"font-weight: 400;\">&#8211; \u0110i\u1ec3m n\u00f3ng ch\u1ea3y: 509 \u00b0F (t\u01b0\u01a1ng \u0111\u01b0\u01a1ng 265 \u0111\u1ed9 C).<\/span><\/p>\n<p><span style=\"font-weight: 400;\">&#8211; \u0110\u1ed9 h\u00f2a tan: L\u1edbn h\u01a1n ho\u1eb7c b\u1eb1ng 100 mg\/mL \u1edf 20 \u0111\u1ed9 C.<\/span><\/p>\n<p><span style=\"font-weight: 400;\">&#8211; V\u1ecb: Ng\u1ecdt \u0111\u1eadm, ngay c\u1ea3 trong dung d\u1ecbch lo\u00e3ng.<\/span><\/p>\n<p><span style=\"font-weight: 400;\">Nh\u1eefng \u0111\u1eb7c t\u00ednh n\u00e0y cho th\u1ea5y Sodium Cyclamate NF13 d\u1ec5 d\u00e0ng s\u1eed d\u1ee5ng v\u00e0 b\u1ea3o qu\u1ea3n trong nhi\u1ec1u \u0111i\u1ec1u ki\u1ec7n kh\u00e1c nhau, \u0111\u1ed3ng th\u1eddi \u0111\u1ea3m b\u1ea3o t\u00ednh \u1ed5n \u0111\u1ecbnh trong qu\u00e1 tr\u00ecnh ch\u1ebf bi\u1ebfn.<\/span><\/p>\n<h3><b>C\u00e1c T\u00ednh Ch\u1ea5t H\u00f3a H\u1ecdc C\u1ee7a Sodium Cyclamate NF13&nbsp;<\/b><\/h3>\n<p><span style=\"font-weight: 400;\">V\u1ec1 m\u1eb7t h\u00f3a h\u1ecdc, Sodium Cyclamate NF13 l\u00e0 mu\u1ed1i trung t\u00ednh c\u1ee7a natri. N\u00f3 kh\u00f4ng ph\u1ea3n \u1ee9ng v\u1edbi c\u00e1c t\u00e1c nh\u00e2n nh\u01b0 ch\u1ea5t oxy h\u00f3a m\u1ea1nh, axit m\u1ea1nh v\u00e0 baz\u01a1 m\u1ea1nh. \u0110\u1eb7c bi\u1ec7t, n\u00f3 kh\u00f4ng ph\u1ea3n \u1ee9ng v\u1edbi nitrit trong m\u00f4i tr\u01b0\u1eddng pH axit, v\u00e0 c\u00f3 t\u00e1c d\u1ee5ng y\u1ebfu v\u00e0 h\u1ea1n ch\u1ebf v\u1edbi c\u00e1c mu\u1ed1i kali. Nh\u1eefng t\u00ednh ch\u1ea5t n\u00e0y \u0111\u1ea3m b\u1ea3o r\u1eb1ng Sodium Cyclamate NF13 \u1ed5n \u0111\u1ecbnh trong nhi\u1ec1u \u0111i\u1ec1u ki\u1ec7n ch\u1ebf bi\u1ebfn v\u00e0 b\u1ea3o qu\u1ea3n, l\u00e0m cho n\u00f3 tr\u1edf th\u00e0nh m\u1ed9t l\u1ef1a ch\u1ecdn \u0111\u00e1ng tin c\u1eady cho c\u00e1c nh\u00e0 s\u1ea3n xu\u1ea5t.<\/span><\/p>\n<h2><b>\u1ee8ng D\u1ee5ng C\u1ee7a Sodium Cyclamate NF13 Trong Th\u1ef1c T\u1ebf<\/b><\/h2>\n<p><span style=\"font-weight: 400;\">Sodium Cyclamate NF13 \u0111\u01b0\u1ee3c \u1ee9ng d\u1ee5ng r\u1ed9ng r\u00e3i trong nhi\u1ec1u ng\u00e0nh c\u00f4ng nghi\u1ec7p kh\u00e1c nhau, kh\u00f4ng ch\u1ec9 gi\u1edbi h\u1ea1n trong l\u0129nh v\u1ef1c th\u1ef1c ph\u1ea9m.<\/span><\/p>\n<h3><b>\u1ee8ng D\u1ee5ng Trong Ng\u00e0nh C\u00f4ng Nghi\u1ec7p Th\u1ef1c Ph\u1ea9m<\/b><\/h3>\n<p><span style=\"font-weight: 400;\">Sodium Cyclamate NF13 \u0111\u01b0\u1ee3c s\u1eed d\u1ee5ng r\u1ed9ng r\u00e3i trong ng\u00e0nh th\u1ef1c ph\u1ea9m nh\u1edd kh\u1ea3 n\u0103ng t\u1ea1o v\u1ecb ng\u1ecdt v\u00e0 t\u0103ng c\u01b0\u1eddng h\u01b0\u01a1ng v\u1ecb. T\u00ednh b\u1ec1n nhi\u1ec7t c\u1ee7a n\u00f3 cho ph\u00e9p s\u1eed d\u1ee5ng trong n\u1ea5u n\u01b0\u1edbng v\u00e0 c\u00e1c quy tr\u00ecnh ch\u1ebf bi\u1ebfn th\u1ef1c ph\u1ea9m kh\u00e1c m\u00e0 kh\u00f4ng l\u00e0m m\u1ea5t \u0111i v\u1ecb ng\u1ecdt.<\/span><\/p>\n<p><span style=\"font-weight: 400;\">&#8211;<\/span><b> S\u1ea3n xu\u1ea5t b\u00e1nh k\u1eb9o v\u00e0 n\u01b0\u1edbc gi\u1ea3i kh\u00e1t: <\/b><span style=\"font-weight: 400;\">Sodium Cyclamate NF13 \u0111\u01b0\u1ee3c s\u1eed d\u1ee5ng \u0111\u1ec3 t\u1ea1o v\u1ecb ng\u1ecdt cho c\u00e1c lo\u1ea1i b\u00e1nh k\u1eb9o, n\u01b0\u1edbc ng\u1ecdt c\u00f3 ga v\u00e0 kh\u00f4ng ga, k\u1eb9o cao su v\u00e0 nhi\u1ec1u s\u1ea3n ph\u1ea9m kh\u00e1c, gi\u00fap gi\u1ea3m l\u01b0\u1ee3ng \u0111\u01b0\u1eddng s\u1eed d\u1ee5ng m\u00e0 v\u1eabn \u0111\u1ea3m b\u1ea3o h\u01b0\u01a1ng v\u1ecb h\u1ea5p d\u1eabn.<\/span><\/p>\n<p><span style=\"font-weight: 400;\">&#8211;<\/span><b> S\u1eed d\u1ee5ng trong s\u1ed1t v\u00e0 trang tr\u00ed th\u1ef1c ph\u1ea9m:<\/b><span style=\"font-weight: 400;\"> Sodium Cyclamate NF13 \u0111\u01b0\u1ee3c s\u1eed d\u1ee5ng trong c\u00e1c lo\u1ea1i s\u1ed1t, n\u01b0\u1edbc ch\u1ea5m, v\u00e0 c\u00e1c chi ti\u1ebft trang tr\u00ed th\u1ef1c ph\u1ea9m, gi\u00fap t\u0103ng th\u00eam h\u01b0\u01a1ng v\u1ecb v\u00e0 \u0111\u1ed9 ng\u1ecdt cho m\u00f3n \u0103n, \u0111\u1ed3ng th\u1eddi mang l\u1ea1i s\u1ef1 \u0111a d\u1ea1ng trong h\u01b0\u01a1ng v\u1ecb.<\/span><\/p>\n<p><span style=\"font-weight: 400;\">&#8211;<\/span><b> S\u1eed d\u1ee5ng trong gia v\u1ecb v\u00e0 n\u1ea5u \u0103n: <\/b><span style=\"font-weight: 400;\">Sodium Cyclamate NF13 \u0111\u01b0\u1ee3c s\u1eed d\u1ee5ng trong c\u00e1c lo\u1ea1i gia v\u1ecb v\u00e0 trong qu\u00e1 tr\u00ecnh n\u1ea5u \u0103n, gi\u00fap t\u0103ng th\u00eam h\u01b0\u01a1ng v\u1ecb v\u00e0 \u0111\u1ed9 ng\u1ecdt cho c\u00e1c m\u00f3n \u0103n, mang \u0111\u1ebfn nh\u1eefng tr\u1ea3i nghi\u1ec7m \u1ea9m th\u1ef1c m\u1edbi l\u1ea1 v\u00e0 h\u1ea5p d\u1eabn.<\/span><\/p>\n<h3><b>\u1ee8ng D\u1ee5ng Trong Ng\u00e0nh D\u01b0\u1ee3c Ph\u1ea9m<\/b><\/h3>\n<p><span style=\"font-weight: 400;\">Sodium Cyclamate NF13 c\u0169ng \u0111\u01b0\u1ee3c s\u1eed d\u1ee5ng trong ng\u00e0nh d\u01b0\u1ee3c ph\u1ea9m nh\u1edd kh\u1ea3 n\u0103ng t\u1ea1o v\u1ecb ng\u1ecdt m\u00e0 kh\u00f4ng cung c\u1ea5p calo, \u0111\u1eb7c bi\u1ec7t h\u1eefu \u00edch cho c\u00e1c s\u1ea3n ph\u1ea9m d\u00e0nh cho ng\u01b0\u1eddi c\u00f3 ch\u1ebf \u0111\u1ed9 \u0103n \u0111\u1eb7c bi\u1ec7t.<\/span><\/p>\n<p><b>Ch\u1ea5t l\u00e0m ng\u1ecdt cho ng\u01b0\u1eddi ti\u1ec3u \u0111\u01b0\u1eddng: <\/b><span style=\"font-weight: 400;\">Sodium Cyclamate NF13 l\u00e0 m\u1ed9t l\u1ef1a ch\u1ecdn cho b\u1ec7nh nh\u00e2n ti\u1ec3u \u0111\u01b0\u1eddng, gi\u00fap h\u1ecd ki\u1ec3m so\u00e1t l\u01b0\u1ee3ng \u0111\u01b0\u1eddng trong m\u00e1u m\u00e0 v\u1eabn c\u00f3 th\u1ec3 th\u01b0\u1edfng th\u1ee9c c\u00e1c m\u00f3n \u0103n v\u00e0 th\u1ee9c u\u1ed1ng ng\u1ecdt ng\u00e0o, \u0111\u1ed3ng th\u1eddi mang l\u1ea1i s\u1ef1 tho\u1ea3i m\u00e1i trong ch\u1ebf \u0111\u1ed9 \u0103n u\u1ed1ng.<\/span><\/p>\n<p><b>T\u00e1 d\u01b0\u1ee3c trong m\u1ef9 ph\u1ea9m v\u00e0 d\u01b0\u1ee3c ph\u1ea9m: <\/b><span style=\"font-weight: 400;\">Sodium Cyclamate NF13 \u0111\u01b0\u1ee3c s\u1eed d\u1ee5ng nh\u01b0 m\u1ed9t t\u00e1 d\u01b0\u1ee3c trong nhi\u1ec1u lo\u1ea1i s\u1ea3n ph\u1ea9m ch\u0103m s\u00f3c c\u00e1 nh\u00e2n, gi\u00fap t\u1ea1o v\u1ecb ng\u1ecdt d\u1ec5 ch\u1ecbu v\u00e0 che d\u1ea5u v\u1ecb \u0111\u1eafng c\u1ee7a m\u1ed9t s\u1ed1 th\u00e0nh ph\u1ea7n kh\u00e1c, c\u1ea3i thi\u1ec7n tr\u1ea3i nghi\u1ec7m s\u1eed d\u1ee5ng s\u1ea3n ph\u1ea9m.<\/span><\/p>\n<p><b>C\u1ea3i thi\u1ec7n h\u01b0\u01a1ng v\u1ecb thu\u1ed1c:<\/b><span style=\"font-weight: 400;\"> Sodium Cyclamate NF13 c\u0169ng \u0111\u01b0\u1ee3c s\u1eed d\u1ee5ng \u0111\u1ec3 che d\u1ea5u v\u1ecb \u0111\u1eafng c\u1ee7a m\u1ed9t s\u1ed1 ho\u1ea1t ch\u1ea5t trong d\u01b0\u1ee3c ph\u1ea9m, gi\u00fap c\u1ea3i thi\u1ec7n h\u01b0\u01a1ng v\u1ecb v\u00e0 l\u00e0m cho thu\u1ed1c d\u1ec5 u\u1ed1ng h\u01a1n, \u0111\u1eb7c bi\u1ec7t l\u00e0 \u0111\u1ed1i v\u1edbi tr\u1ebb em v\u00e0 ng\u01b0\u1eddi l\u1edbn tu\u1ed5i.<\/span><\/p>\n<h2><b>L\u1ee3i \u00cdch Khi S\u1eed D\u1ee5ng Sodium Cyclamate NF13 Trong S\u1ea3n Xu\u1ea5t<\/b><\/h2>\n<p><span style=\"font-weight: 400;\">Vi\u1ec7c s\u1eed d\u1ee5ng Sodium Cyclamate NF13 mang l\u1ea1i nhi\u1ec1u l\u1ee3i \u00edch cho c\u00e1c nh\u00e0 s\u1ea3n xu\u1ea5t, t\u1eeb vi\u1ec7c c\u1ea3i thi\u1ec7n h\u01b0\u01a1ng v\u1ecb s\u1ea3n ph\u1ea9m \u0111\u1ebfn vi\u1ec7c t\u1ed1i \u01b0u h\u00f3a chi ph\u00ed s\u1ea3n xu\u1ea5t v\u00e0 \u0111\u00e1p \u1ee9ng nhu c\u1ea7u \u0111a d\u1ea1ng c\u1ee7a th\u1ecb tr\u01b0\u1eddng.<\/span><\/p>\n<h3><b>T\u1ed1i \u01afu H\u00f3a H\u01b0\u01a1ng V\u1ecb S\u1ea3n Ph\u1ea9m<\/b><\/h3>\n<p><span style=\"font-weight: 400;\">Sodium Cyclamate NF13 kh\u00f4ng ch\u1ec9 t\u1ea1o v\u1ecb ng\u1ecdt m\u00e0 c\u00f2n c\u00f3 kh\u1ea3 n\u0103ng t\u0103ng c\u01b0\u1eddng h\u01b0\u01a1ng v\u1ecb, gi\u00fap s\u1ea3n ph\u1ea9m tr\u1edf n\u00ean h\u1ea5p d\u1eabn h\u01a1n, \u0111\u1ed3ng th\u1eddi mang l\u1ea1i s\u1ef1 c\u00e2n b\u1eb1ng v\u00e0 h\u00e0i h\u00f2a trong h\u01b0\u01a1ng v\u1ecb t\u1ed5ng th\u1ec3.<\/span><\/p>\n<h3><b>T\u00ednh \u1ed4n \u0110\u1ecbnh Trong Qu\u00e1 Tr\u00ecnh Ch\u1ebf Bi\u1ebfn<\/b><\/h3>\n<p><span style=\"font-weight: 400;\">Sodium Cyclamate NF13 c\u00f3 t\u00ednh \u1ed5n \u0111\u1ecbnh cao trong nhi\u1ec7t \u0111\u1ed9 v\u00e0 c\u00e1c \u0111i\u1ec1u ki\u1ec7n pH kh\u00e1c nhau, cho ph\u00e9p s\u1eed d\u1ee5ng trong nhi\u1ec1u quy tr\u00ecnh ch\u1ebf bi\u1ebfn, t\u1eeb c\u00e1c m\u00f3n \u0103n c\u1ea7n \u0111un n\u1ea5u \u0111\u1ebfn c\u00e1c lo\u1ea1i \u0111\u1ed3 u\u1ed1ng c\u1ea7n b\u1ea3o qu\u1ea3n l\u00e2u d\u00e0i, \u0111\u1ea3m b\u1ea3o ch\u1ea5t l\u01b0\u1ee3ng s\u1ea3n ph\u1ea9m kh\u00f4ng b\u1ecb thay \u0111\u1ed5i.<\/span><\/p>\n<h3><b>T\u00ednh Linh Ho\u1ea1t Trong \u1ee8ng D\u1ee5ng<\/b><\/h3>\n<p><span style=\"font-weight: 400;\">Sodium Cyclamate NF13 c\u00f3 th\u1ec3 \u0111\u01b0\u1ee3c s\u1eed d\u1ee5ng trong nhi\u1ec1u lo\u1ea1i s\u1ea3n ph\u1ea9m kh\u00e1c nhau, t\u1eeb th\u1ef1c ph\u1ea9m \u0111\u1ebfn d\u01b0\u1ee3c ph\u1ea9m, gi\u00fap c\u00e1c nh\u00e0 s\u1ea3n xu\u1ea5t d\u1ec5 d\u00e0ng \u1ee9ng d\u1ee5ng v\u00e0o nhi\u1ec1u c\u00f4ng th\u1ee9c kh\u00e1c nhau v\u00e0 \u0111\u00e1p \u1ee9ng nhu c\u1ea7u \u0111a d\u1ea1ng c\u1ee7a ng\u01b0\u1eddi ti\u00eau d\u00f9ng.<\/span><\/p>\n<h2><b>L\u01b0u \u00dd Quan Tr\u1ecdng Khi S\u1eed D\u1ee5ng Sodium Cyclamate NF13&nbsp;<\/b><\/h2>\n<p><span style=\"font-weight: 400;\">M\u1eb7c d\u00f9 mang l\u1ea1i nhi\u1ec1u l\u1ee3i \u00edch, vi\u1ec7c s\u1eed d\u1ee5ng Sodium Cyclamate NF13 c\u1ea7n tu\u00e2n th\u1ee7 c\u00e1c quy \u0111\u1ecbnh v\u00e0 h\u01b0\u1edbng d\u1eabn \u0111\u1ec3 \u0111\u1ea3m b\u1ea3o an to\u00e0n cho ng\u01b0\u1eddi ti\u00eau d\u00f9ng, \u0111\u1ed3ng th\u1eddi duy tr\u00ec ch\u1ea5t l\u01b0\u1ee3ng s\u1ea3n ph\u1ea9m.<\/span><\/p>\n<h3><b>Ki\u1ec3m So\u00e1t Li\u1ec1u L\u01b0\u1ee3ng S\u1eed D\u1ee5ng<\/b><\/h3>\n<p><span style=\"font-weight: 400;\">Vi\u1ec7c ki\u1ec3m so\u00e1t ch\u1eb7t ch\u1ebd li\u1ec1u l\u01b0\u1ee3ng Sodium Cyclamate NF13 l\u00e0 r\u1ea5t quan tr\u1ecdng \u0111\u1ec3 \u0111\u1ea3m b\u1ea3o an to\u00e0n cho s\u1ee9c kh\u1ecfe ng\u01b0\u1eddi ti\u00eau d\u00f9ng, \u0111\u1ed3ng th\u1eddi \u0111\u1ea3m b\u1ea3o h\u01b0\u01a1ng v\u1ecb s\u1ea3n ph\u1ea9m kh\u00f4ng b\u1ecb \u1ea3nh h\u01b0\u1edfng.<\/span><\/p>\n<h3><b>Tu\u00e2n Th\u1ee7 C\u00e1c Quy \u0110\u1ecbnh An To\u00e0n Th\u1ef1c Ph\u1ea9m<\/b><\/h3>\n<p><span style=\"font-weight: 400;\">C\u00e1c nh\u00e0 s\u1ea3n xu\u1ea5t c\u1ea7n tu\u00e2n th\u1ee7 c\u00e1c quy \u0111\u1ecbnh v\u1ec1 an to\u00e0n th\u1ef1c ph\u1ea9m, \u0111\u1ea3m b\u1ea3o Sodium Cyclamate NF13 \u0111\u01b0\u1ee3c s\u1eed d\u1ee5ng \u0111\u00fang m\u1ee5c \u0111\u00edch v\u00e0 \u0111\u00fang li\u1ec1u l\u01b0\u1ee3ng, \u0111\u1ed3ng th\u1eddi \u0111\u1ea3m b\u1ea3o s\u1ea3n ph\u1ea9m \u0111\u00e1p \u1ee9ng c\u00e1c ti\u00eau chu\u1ea9n ch\u1ea5t l\u01b0\u1ee3ng v\u00e0 an to\u00e0n.<\/span><\/p>\n<h2><b>K\u1ebft lu\u1eadn<\/b><\/h2>\n<p><span style=\"font-weight: 400;\">V\u1edbi nh\u1eefng \u01b0u \u0111i\u1ec3m v\u01b0\u1ee3t tr\u1ed9i v\u1ec1 \u0111\u1ed9 ng\u1ecdt tinh khi\u1ebft, t\u00ednh \u1ed5n \u0111\u1ecbnh cao, kh\u1ea3 n\u0103ng \u1ee9ng d\u1ee5ng linh ho\u1ea1t v\u00e0 chi ph\u00ed t\u1ed1i \u01b0u, ch\u1ea5t t\u1ea1o ng\u1ecdt t\u1ed5ng h\u1ee3p<\/span><b> Sodium Cyclamate NF13<\/b><span style=\"font-weight: 400;\"> kh\u00f4ng ch\u1ec9 l\u00e0 m\u1ed9t nguy\u00ean li\u1ec7u m\u00e0 c\u00f2n l\u00e0 m\u1ed9t gi\u1ea3i ph\u00e1p to\u00e0n di\u1ec7n, gi\u00fap c\u00e1c nh\u00e0 h\u00e0ng, c\u01a1 s\u1edf s\u1ea3n xu\u1ea5t th\u1ef1c ph\u1ea9m, b\u1ebfp \u0103n chuy\u00ean nghi\u1ec7p v\u00e0 c\u00e1c doanh nghi\u1ec7p trong ng\u00e0nh F&amp;B t\u1ea1o ra nh\u1eefng s\u1ea3n ph\u1ea9m ch\u1ea5t l\u01b0\u1ee3ng, \u0111\u00e1p \u1ee9ng nhu c\u1ea7u ng\u00e0y c\u00e0ng cao c\u1ee7a th\u1ecb tr\u01b0\u1eddng. S\u1ea3n ph\u1ea9m n\u00e0y mang \u0111\u1ebfn v\u1ecb ng\u1ecdt \u0111\u1eadm \u0111\u00e0 m\u00e0 kh\u00f4ng ch\u1ee9a calo, gi\u00fap ki\u1ec3m so\u00e1t l\u01b0\u1ee3ng \u0111\u01b0\u1eddng trong c\u00e1c m\u00f3n \u0103n v\u00e0 th\u1ee9c u\u1ed1ng, \u0111\u1ed3ng th\u1eddi m\u1edf ra nh\u1eefng c\u01a1 h\u1ed9i s\u00e1ng t\u1ea1o trong ch\u1ebf bi\u1ebfn.&nbsp;<\/span><\/p>\n<p><span style=\"font-weight: 400;\">\u0110\u1ec3 \u0111\u1ea3m b\u1ea3o ngu\u1ed3n cung \u1ee9ng Sodium Cyclamate NF13 ch\u1ea5t l\u01b0\u1ee3ng cao, \u1ed5n \u0111\u1ecbnh, v\u00e0 \u0111\u00e1ng tin c\u1eady, h\u00e3y li\u00ean h\u1ec7 v\u1edbi <\/span><b>ThucPham.com<\/b><span style=\"font-weight: 400;\">. Ch\u00fang t\u00f4i t\u1ef1 h\u00e0o l\u00e0 \u0111\u1ed1i t\u00e1c tin c\u1eady, cung c\u1ea5p nguy\u00ean li\u1ec7u th\u1ef1c ph\u1ea9m h\u00e0ng \u0111\u1ea7u, cam k\u1ebft mang \u0111\u1ebfn cho b\u1ea1n kh\u00f4ng ch\u1ec9 l\u00e0 s\u1ea3n ph\u1ea9m t\u1ed1t nh\u1ea5t m\u00e0 c\u00f2n l\u00e0 s\u1ef1 h\u1ed7 tr\u1ee3 t\u1eadn t\u00e2m v\u00e0 chuy\u00ean nghi\u1ec7p. \u0110\u1eebng b\u1ecf l\u1ee1 c\u01a1 h\u1ed9i n\u00e2ng t\u1ea7m s\u1ea3n ph\u1ea9m c\u1ee7a b\u1ea1n, h\u00e3y li\u00ean h\u1ec7 v\u1edbi ThucPham.com qua hotline: 091.550.8989 ngay h\u00f4m nay \u0111\u1ec3 \u0111\u01b0\u1ee3c t\u01b0 v\u1ea5n chi ti\u1ebft v\u00e0 nh\u1eadn nh\u1eefng \u01b0u \u0111\u00e3i \u0111\u1eb7c bi\u1ec7t. Ch\u00fang t\u00f4i lu\u00f4n s\u1eb5n s\u00e0ng \u0111\u1ed3ng h\u00e0nh c\u00f9ng b\u1ea1n tr\u00ean h\u00e0nh tr\u00ecnh chinh ph\u1ee5c nh\u1eefng \u0111\u1ec9nh cao m\u1edbi trong ng\u00e0nh \u1ea9m th\u1ef1c v\u00e0 th\u1ef1c ph\u1ea9m, mang \u0111\u1ebfn nh\u1eefng s\u1ea3n ph\u1ea9m kh\u00f4ng ch\u1ec9 ngon mi\u1ec7ng m\u00e0 c\u00f2n t\u1ed1t cho s\u1ee9c kh\u1ecfe.<\/span><\/p>\n","protected":false},"excerpt":{"rendered":"<p>Sodium Cyclamate NF13: Gi\u1ea3i Ph\u00e1p V\u1ecb Ng\u1ecdt Chuy\u00ean Nghi\u1ec7p Sodium Cyclamate NF13, m\u1ed9t ch\u1ea5t t\u1ea1o ng\u1ecdt t\u1ed5ng h\u1ee3p \u0111\u01b0\u1ee3c s\u1eed d\u1ee5ng r\u1ed9ng r\u00e3i trong ng\u00e0nh th\u1ef1c ph\u1ea9m, mang l\u1ea1i v\u1ecb ng\u1ecdt cho nhi\u1ec1u lo\u1ea1i s\u1ea3n ph\u1ea9m. V\u1edbi kh\u1ea3 n\u0103ng t\u1ea1o ra v\u1ecb ng\u1ecdt \u0111\u1eadm \u0111\u00e0, \u1ed5n \u0111\u1ecbnh v\u00e0 t\u0103ng c\u01b0\u1eddng h\u01b0\u01a1ng v\u1ecb, Sodium Cyclamate NF13&#8230;<\/p>\n","protected":false},"featured_media":94650,"comment_status":"open","ping_status":"closed","template":"","meta":[],"product_cat":[658],"product_tag":[],"_links":{"self":[{"href":"https:\/\/thucpham.com\/vinacom\/wp-json\/wp\/v2\/product\/94565"}],"collection":[{"href":"https:\/\/thucpham.com\/vinacom\/wp-json\/wp\/v2\/product"}],"about":[{"href":"https:\/\/thucpham.com\/vinacom\/wp-json\/wp\/v2\/types\/product"}],"replies":[{"embeddable":true,"href":"https:\/\/thucpham.com\/vinacom\/wp-json\/wp\/v2\/comments?post=94565"}],"wp:featuredmedia":[{"embeddable":true,"href":"https:\/\/thucpham.com\/vinacom\/wp-json\/wp\/v2\/media\/94650"}],"wp:attachment":[{"href":"https:\/\/thucpham.com\/vinacom\/wp-json\/wp\/v2\/media?parent=94565"}],"wp:term":[{"taxonomy":"product_cat","embeddable":true,"href":"https:\/\/thucpham.com\/vinacom\/wp-json\/wp\/v2\/product_cat?post=94565"},{"taxonomy":"product_tag","embeddable":true,"href":"https:\/\/thucpham.com\/vinacom\/wp-json\/wp\/v2\/product_tag?post=94565"}],"curies":[{"name":"wp","href":"https:\/\/api.w.org\/{rel}","templated":true}]}}