{"id":94556,"date":"2020-01-06T00:41:23","date_gmt":"2020-01-05T17:41:23","guid":{"rendered":"https:\/\/thucpham.com\/?post_type=product&#038;p=94556"},"modified":"2025-03-03T16:45:37","modified_gmt":"2025-03-03T09:45:37","slug":"dam-dau-nanh","status":"publish","type":"product","link":"https:\/\/thucpham.com\/vinacom\/dam-dau-nanh\/","title":{"rendered":"\u0110\u1ea1m \u0111\u1eadu n\u00e0nh &#8211; Soy Protein Isolate"},"content":{"rendered":"<h1 style=\"text-align: justify;\"><strong>\u0110\u1ea1m \u0110\u1eadu N\u00e0nh Cao C\u1ea5p: N\u00e2ng T\u1ea7m M\u00f3n Ngon, \u0110\u1ed3 U\u1ed1ng Nh\u00e0 H\u00e0ng<\/strong><\/h1>\n<p style=\"text-align: justify;\"><span style=\"font-weight: 400;\">Trong b\u1ed1i c\u1ea3nh ng\u00e0nh F&amp;B ng\u00e0y c\u00e0ng c\u1ea1nh tranh, vi\u1ec7c t\u00ecm ki\u1ebfm nh\u1eefng nguy\u00ean li\u1ec7u ch\u1ea5t l\u01b0\u1ee3ng, \u0111a n\u0103ng v\u00e0 mang l\u1ea1i gi\u00e1 tr\u1ecb dinh d\u01b0\u1ee1ng cao l\u00e0 \u01b0u ti\u00ean h\u00e0ng \u0111\u1ea7u c\u1ee7a c\u00e1c nh\u00e0 h\u00e0ng, qu\u00e1n c\u00e0 ph\u00ea. \u0110\u1ea1m \u0111\u1eadu n\u00e0nh (Isolated Soy Protein) n\u1ed5i l\u00ean nh\u01b0 m\u1ed9t gi\u1ea3i ph\u00e1p ho\u00e0n h\u1ea3o, kh\u00f4ng ch\u1ec9 gi\u00fap n\u00e2ng cao ch\u1ea5t l\u01b0\u1ee3ng m\u00f3n \u0103n, \u0111\u1ed3 u\u1ed1ng m\u00e0 c\u00f2n mang \u0111\u1ebfn nh\u1eefng l\u1ee3i \u00edch thi\u1ebft th\u1ef1c v\u1ec1 m\u1eb7t kinh doanh. B\u00e0i vi\u1ebft n\u00e0y s\u1ebd cung c\u1ea5p cho b\u1ea1n c\u00e1i nh\u00ecn to\u00e0n di\u1ec7n v\u1ec1 \u0111\u1ea1m \u0111\u1eadu n\u00e0nh, t\u1eeb \u0111\u1eb7c t\u00ednh, l\u1ee3i \u00edch \u0111\u1ebfn c\u00e1c \u1ee9ng d\u1ee5ng \u0111a d\u1ea1ng, gi\u00fap b\u1ea1n hi\u1ec3u r\u00f5 h\u01a1n v\u1ec1 ti\u1ec1m n\u0103ng c\u1ee7a nguy\u00ean li\u1ec7u n\u00e0y v\u00e0 c\u00e1ch \u1ee9ng d\u1ee5ng hi\u1ec7u qu\u1ea3 trong th\u1ef1c \u0111\u01a1n c\u1ee7a m\u00ecnh, t\u1eeb \u0111\u00f3 thu h\u00fat v\u00e0 gi\u1eef ch\u00e2n kh\u00e1ch h\u00e0ng.<\/span><\/p>\n<h2 style=\"text-align: justify;\"><b>Th\u00f4ng tin s\u1ea3n ph\u1ea9m<\/b><\/h2>\n<p style=\"text-align: justify;\"><span style=\"font-weight: 400;\">&#8211; T\u00ean s\u1ea3n ph\u1ea9m: \u0110\u1ea1m \u0111\u1eadu n\u00e0nh (Isolated Soy Protein)<\/span><\/p>\n<p style=\"text-align: justify;\"><span style=\"font-weight: 400;\">&#8211; Th\u00f4ng s\u1ed1 ph\u00e2n t\u00edch h\u00f3a sinh s\u1ea3n ph\u1ea9m<\/span><\/p>\n<table style=\"width: 92.5272%;\">\n<tbody>\n<tr>\n<td style=\"width: 32.6087%;\"><b>M\u1ee5c ki\u1ec3m tra<\/b><\/td>\n<td style=\"width: 50.2415%;\"><b>Th\u00f4ng s\u1ed1<\/b><\/td>\n<td style=\"width: 275.362%;\"><b>K\u1ebft qu\u1ea3<\/b><\/td>\n<\/tr>\n<tr>\n<td style=\"width: 358.213%;\" colspan=\"3\"><span style=\"font-weight: 400;\">X\u1eed l\u00fd d\u1eef li\u1ec7u<\/span><\/td>\n<\/tr>\n<tr>\n<td style=\"width: 32.6087%;\"><span style=\"font-weight: 400;\">Protein th\u00f4<\/span><\/td>\n<td style=\"width: 50.2415%;\"><span style=\"font-weight: 400;\">Min.90% (N.x 6.25 tr\u00ean n\u1ec1n kh\u00f4)<\/span><\/td>\n<td style=\"width: 275.362%;\"><span style=\"font-weight: 400;\">90.3%<\/span><\/td>\n<\/tr>\n<tr>\n<td style=\"width: 32.6087%;\"><span style=\"font-weight: 400;\">H\u00e0m l\u01b0\u1ee3ng tro<\/span><\/td>\n<td style=\"width: 50.2415%;\"><span style=\"font-weight: 400;\">Max.6.0% (tr\u00ean n\u1ec1n kh\u00f4)<\/span><\/td>\n<td style=\"width: 275.362%;\"><span style=\"font-weight: 400;\">5.1%<\/span><\/td>\n<\/tr>\n<tr>\n<td style=\"width: 32.6087%;\"><span style=\"font-weight: 400;\">Ch\u1ea5t b\u00e9o<\/span><\/td>\n<td style=\"width: 50.2415%;\"><span style=\"font-weight: 400;\">Max.1% (tr\u00ean n\u1ec1n kh\u00f4)<\/span><\/td>\n<td style=\"width: 275.362%;\"><span style=\"font-weight: 400;\">0.34%<\/span><\/td>\n<\/tr>\n<tr>\n<td style=\"width: 32.6087%;\"><span style=\"font-weight: 400;\">\u0110\u1ed9 \u1ea9m<\/span><\/td>\n<td style=\"width: 50.2415%;\"><span style=\"font-weight: 400;\">Max.7% (b\u00ecnh th\u01b0\u1eddng l\u00e0 6.5%)<\/span><\/td>\n<td style=\"width: 275.362%;\"><span style=\"font-weight: 400;\">6.42%<\/span><\/td>\n<\/tr>\n<tr>\n<td style=\"width: 32.6087%;\"><span style=\"font-weight: 400;\">K\u00edch th\u01b0\u1edbc h\u1ea1t<\/span><\/td>\n<td style=\"width: 50.2415%;\"><span style=\"font-weight: 400;\">Min.95% r\u00e2y 100 mesh<\/span><\/td>\n<td style=\"width: 275.362%;\"><span style=\"font-weight: 400;\">99.1%<\/span><\/td>\n<\/tr>\n<tr>\n<td style=\"width: 358.213%;\" colspan=\"3\"><span style=\"font-weight: 400;\">Kim lo\u1ea1i n\u1eb7ng<\/span><\/td>\n<\/tr>\n<tr>\n<td style=\"width: 32.6087%;\"><span style=\"font-weight: 400;\">Lead<\/span><\/td>\n<td style=\"width: 50.2415%;\"><span style=\"font-weight: 400;\">0.5mg\/kg<\/span><\/td>\n<td style=\"width: 275.362%;\"><span style=\"font-weight: 400;\">Tu\u00e2n th\u1ee7<\/span><\/td>\n<\/tr>\n<tr>\n<td style=\"width: 32.6087%;\"><span style=\"font-weight: 400;\">As<\/span><\/td>\n<td style=\"width: 50.2415%;\"><span style=\"font-weight: 400;\">0.5mg\/kg<\/span><\/td>\n<td style=\"width: 275.362%;\"><span style=\"font-weight: 400;\">Tu\u00e2n th\u1ee7<\/span><\/td>\n<\/tr>\n<tr>\n<td style=\"width: 358.213%;\" colspan=\"3\"><span style=\"font-weight: 400;\">Vi khu\u1ea9n<\/span><\/td>\n<\/tr>\n<tr>\n<td style=\"width: 32.6087%;\"><span style=\"font-weight: 400;\">T\u1ed5ng vi sinh hi\u1ebfu kh\u00ed<\/span><\/td>\n<td style=\"width: 50.2415%;\"><span style=\"font-weight: 400;\">&lt;2000 CFU\/g<\/span><\/td>\n<td style=\"width: 275.362%;\"><span style=\"font-weight: 400;\">Tu\u00e2n th\u1ee7<\/span><\/td>\n<\/tr>\n<tr>\n<td style=\"width: 32.6087%;\"><span style=\"font-weight: 400;\">Men v\u00e0 n\u1ea5m m\u1ed1c<\/span><\/td>\n<td style=\"width: 50.2415%;\"><span style=\"font-weight: 400;\">&lt;1000 CFU\/g<\/span><\/td>\n<td style=\"width: 275.362%;\"><span style=\"font-weight: 400;\">Tu\u00e2n th\u1ee7&nbsp;<\/span><\/td>\n<\/tr>\n<tr>\n<td style=\"width: 32.6087%;\"><span style=\"font-weight: 400;\">Khu\u1ea9n Coliform<\/span><\/td>\n<td style=\"width: 50.2415%;\"><span style=\"font-weight: 400;\">&lt;10 CFU\/g<\/span><\/td>\n<td style=\"width: 275.362%;\"><span style=\"font-weight: 400;\">Tu\u00e2n th\u1ee7<\/span><\/td>\n<\/tr>\n<tr>\n<td style=\"width: 32.6087%;\"><span style=\"font-weight: 400;\">Khu\u1ea9n E.Coli<\/span><\/td>\n<td style=\"width: 50.2415%;\"><span style=\"font-weight: 400;\">\u00c2m<\/span><\/td>\n<td style=\"width: 275.362%;\"><span style=\"font-weight: 400;\">Tu\u00e2n th\u1ee7<\/span><\/td>\n<\/tr>\n<tr>\n<td style=\"width: 32.6087%;\"><span style=\"font-weight: 400;\">Khu\u1ea9n Salmonella<\/span><\/td>\n<td style=\"width: 50.2415%;\"><span style=\"font-weight: 400;\">\u00c2m<\/span><\/td>\n<td style=\"width: 275.362%;\"><span style=\"font-weight: 400;\">Tu\u00e2n th\u1ee7<\/span><\/td>\n<\/tr>\n<\/tbody>\n<\/table>\n<p style=\"text-align: justify;\">&nbsp;<\/p>\n<p style=\"text-align: justify;\"><span style=\"font-weight: 400;\">&#8211; H\u1ea1n s\u1eed d\u1ee5ng: 2 n\u0103m k\u1ec3 t\u1eeb Ng\u00e0y s\u1ea3n xu\u1ea5t.&nbsp;<\/span><\/p>\n<p style=\"text-align: justify;\"><span style=\"font-weight: 400;\">&#8211; Kh\u1ed1i l\u01b0\u1ee3ng: 20kg.<\/span><\/p>\n<p style=\"text-align: justify;\"><span style=\"font-weight: 400;\">&#8211; Xu\u1ea5t x\u1ee9: \u1ea4n \u0110\u1ed9, Trung Qu\u1ed1c.<\/span><\/p>\n<p style=\"text-align: justify;\"><span style=\"font-weight: 400;\">&#8211; B\u1ea3o qu\u1ea3n n\u01a1i kh\u00f4 r\u00e1o, tho\u00e1ng m\u00e1t, tr\u00e1nh \u00e1nh n\u1eafng tr\u1ef1c ti\u1ebfp.<\/span><\/p>\n<h2 style=\"text-align: justify;\"><b>L\u1ee3i \u00cdch Tuy\u1ec7t V\u1eddi C\u1ee7a \u0110\u1ea1m \u0110\u1eadu N\u00e0nh (Isolated Soy Protein) &#8211; &#8220;Ch\u00eca Kh\u00f3a&#8221; Th\u00e0nh C\u00f4ng Cho Th\u1ef1c \u0110\u01a1n C\u1ee7a B\u1ea1n<\/b><\/h2>\n<h3 style=\"text-align: justify;\"><b>Gi\u00e1 Tr\u1ecb Dinh D\u01b0\u1ee1ng Cao, Thu H\u00fat Kh\u00e1ch H\u00e0ng Quan T\u00e2m \u0110\u1ebfn S\u1ee9c Kh\u1ecfe &#8211; N\u00e2ng Cao Uy T\u00edn Th\u01b0\u01a1ng Hi\u1ec7u<\/b><\/h3>\n<p style=\"text-align: justify;\"><span style=\"font-weight: 400;\">Trong th\u1eddi \u0111\u1ea1i m\u00e0 ng\u01b0\u1eddi ti\u00eau d\u00f9ng ng\u00e0y c\u00e0ng quan t\u00e2m \u0111\u1ebfn s\u1ee9c kh\u1ecfe v\u00e0 ngu\u1ed3n g\u1ed1c th\u1ef1c ph\u1ea9m, vi\u1ec7c s\u1eed d\u1ee5ng nh\u1eefng nguy\u00ean li\u1ec7u gi\u00e0u dinh d\u01b0\u1ee1ng l\u00e0 m\u1ed9t l\u1ee3i th\u1ebf c\u1ea1nh tranh l\u1edbn. \u0110\u1ea1m \u0111\u1eadu n\u00e0nh (Isolated Soy Protein) kh\u00f4ng ch\u1ec9 cung c\u1ea5p protein ch\u1ea5t l\u01b0\u1ee3ng cao m\u00e0 c\u00f2n ch\u1ee9a \u0111\u1ea7y \u0111\u1ee7 c\u00e1c axit amin thi\u1ebft y\u1ebfu, gi\u00fap c\u01a1 th\u1ec3 kh\u1ecfe m\u1ea1nh v\u00e0 ho\u1ea1t \u0111\u1ed9ng t\u1ed1t. Vi\u1ec7c b\u1ed5 sung \u0111\u1ea1m \u0111\u1eadu n\u00e0nh v\u00e0o th\u1ef1c \u0111\u01a1n s\u1ebd gi\u00fap b\u1ea1n thu h\u00fat nh\u1eefng kh\u00e1ch h\u00e0ng quan t\u00e2m \u0111\u1ebfn ch\u1ebf \u0111\u1ed9 \u0103n u\u1ed1ng l\u00e0nh m\u1ea1nh v\u00e0 c\u00e2n b\u1eb1ng, \u0111\u1ed3ng th\u1eddi n\u00e2ng cao uy t\u00edn th\u01b0\u01a1ng hi\u1ec7u v\u00e0 s\u1ef1 tin t\u01b0\u1edfng c\u1ee7a kh\u00e1ch h\u00e0ng.<\/span><\/p>\n<h2 style=\"text-align: justify;\"><b>\u1ee8ng D\u1ee5ng \u0110a D\u1ea1ng, Linh Ho\u1ea1t Trong Ch\u1ebf Bi\u1ebfn &#8211; Th\u1ecfa S\u1ee9c S\u00e1ng T\u1ea1o V\u1edbi Th\u1ef1c \u0110\u01a1n<\/b><\/h2>\n<p style=\"text-align: justify;\"><span style=\"font-weight: 400;\">\u0110\u1ea1m \u0111\u1eadu n\u00e0nh (Isolated Soy Protein) kh\u00f4ng ch\u1ec9 l\u00e0 m\u1ed9t ngu\u1ed3n protein m\u00e0 c\u00f2n l\u00e0 m\u1ed9t nguy\u00ean li\u1ec7u \u0111a n\u0103ng, c\u00f3 th\u1ec3 \u1ee9ng d\u1ee5ng trong nhi\u1ec1u lo\u1ea1i m\u00f3n \u0103n v\u00e0 \u0111\u1ed3 u\u1ed1ng kh\u00e1c nhau, m\u1edf ra kh\u00f4ng gian s\u00e1ng t\u1ea1o b\u1ea5t t\u1eadn cho c\u00e1c \u0111\u1ea7u b\u1ebfp. Kh\u1ea3 n\u0103ng t\u1ea1o gel, h\u00fat n\u01b0\u1edbc v\u00e0 t\u1ea1o \u0111\u1ed9 nh\u1edbt c\u1ee7a \u0111\u1ea1m \u0111\u1eadu n\u00e0nh gi\u00fap c\u1ea3i thi\u1ec7n k\u1ebft c\u1ea5u c\u1ee7a c\u00e1c m\u00f3n s\u00fap, n\u01b0\u1edbc s\u1ed1t, kem, b\u00e1nh ng\u1ecdt, v\u00e0 nhi\u1ec1u s\u1ea3n ph\u1ea9m kh\u00e1c, mang \u0111\u1ebfn nh\u1eefng tr\u1ea3i nghi\u1ec7m \u1ea9m th\u1ef1c phong ph\u00fa v\u00e0 h\u1ea5p d\u1eabn. \u0110\u1eb7c bi\u1ec7t, kh\u1ea3 n\u0103ng t\u1ea1o c\u1ea5u tr\u00fac v\u00e0 k\u1ebft c\u1ea5u t\u01b0\u01a1ng t\u1ef1 th\u1ecbt c\u1ee7a \u0111\u1ea1m \u0111\u1eadu n\u00e0nh l\u00e0 m\u1ed9t l\u1ee3i th\u1ebf l\u1edbn trong vi\u1ec7c ch\u1ebf bi\u1ebfn c\u00e1c m\u00f3n chay, gi\u00fap b\u1ea1n m\u1edf r\u1ed9ng th\u1ef1c \u0111\u01a1n v\u00e0 \u0111\u00e1p \u1ee9ng nhu c\u1ea7u \u0111a d\u1ea1ng c\u1ee7a kh\u00e1ch h\u00e0ng, t\u1eeb \u0111\u00f3 t\u0103ng doanh thu v\u00e0 l\u1ee3i nhu\u1eadn.<\/span><\/p>\n<h3 style=\"text-align: justify;\"><b>N\u00e2ng T\u1ea7m C\u00e1c M\u00f3n S\u00fap, N\u01b0\u1edbc S\u1ed1t V\u1edbi \u0110\u1ea1m \u0110\u1eadu N\u00e0nh &#8211; H\u01b0\u01a1ng V\u1ecb \u0110\u1eadm \u0110\u00e0, K\u1ebft C\u1ea5u Ho\u00e0n H\u1ea3o<\/b><\/h3>\n<p style=\"text-align: justify;\"><span style=\"font-weight: 400;\">Vi\u1ec7c th\u00eam \u0111\u1ea1m \u0111\u1eadu n\u00e0nh v\u00e0o c\u00e1c m\u00f3n s\u00fap, n\u01b0\u1edbc s\u1ed1t kh\u00f4ng ch\u1ec9 gi\u00fap t\u0103ng c\u01b0\u1eddng h\u00e0m l\u01b0\u1ee3ng protein m\u00e0 c\u00f2n t\u1ea1o \u0111\u1ed9 s\u00e1nh m\u1ecbn, h\u1ea5p d\u1eabn cho m\u00f3n \u0103n. \u0110\u1ea1m \u0111\u1eadu n\u00e0nh gi\u00fap m\u00f3n s\u00fap, n\u01b0\u1edbc s\u1ed1t tr\u1edf n\u00ean \u0111\u1eadm \u0111\u00e0, th\u01a1m ngon h\u01a1n, \u0111\u1ed3ng th\u1eddi cung c\u1ea5p th\u00eam dinh d\u01b0\u1ee1ng cho kh\u00e1ch h\u00e0ng, mang \u0111\u1ebfn nh\u1eefng tr\u1ea3i nghi\u1ec7m \u1ea9m th\u1ef1c \u0111\u00e1ng nh\u1edb. B\u1ea1n c\u00f3 th\u1ec3 th\u1eed nghi\u1ec7m v\u1edbi c\u00e1c t\u1ef7 l\u1ec7 kh\u00e1c nhau \u0111\u1ec3 \u0111\u1ea1t \u0111\u01b0\u1ee3c k\u1ebft c\u1ea5u v\u00e0 h\u01b0\u01a1ng v\u1ecb mong mu\u1ed1n, t\u1ea1o n\u00ean nh\u1eefng m\u00f3n \u0103n \u0111\u1ed9c \u0111\u00e1o v\u00e0 kh\u00e1c bi\u1ec7t.<\/span><\/p>\n<h3 style=\"text-align: justify;\"><b>\u0110\u1ed3 U\u1ed1ng Th\u01a1m Ngon, B\u1ed5 D\u01b0\u1ee1ng V\u1edbi \u0110\u1ea1m \u0110\u1eadu N\u00e0nh &#8211; Th\u1ef1c \u0110\u01a1n \u0110a D\u1ea1ng, H\u1ea5p D\u1eabn<\/b><\/h3>\n<p style=\"text-align: justify;\"><span style=\"font-weight: 400;\">\u0110\u1ea1m \u0111\u1eadu n\u00e0nh c\u00f3 th\u1ec3 \u0111\u01b0\u1ee3c s\u1eed d\u1ee5ng \u0111\u1ec3 l\u00e0m c\u00e1c lo\u1ea1i \u0111\u1ed3 u\u1ed1ng nh\u01b0 s\u1eefa \u0111\u1eadu n\u00e0nh, sinh t\u1ed1, s\u1eefa chua, gi\u00fap t\u0103ng c\u01b0\u1eddng h\u00e0m l\u01b0\u1ee3ng protein v\u00e0 t\u1ea1o \u0111\u1ed9 s\u00e1nh m\u1ecbn cho \u0111\u1ed3 u\u1ed1ng. B\u1ea1n c\u00f3 th\u1ec3 k\u1ebft h\u1ee3p \u0111\u1ea1m \u0111\u1eadu n\u00e0nh v\u1edbi c\u00e1c lo\u1ea1i tr\u00e1i c\u00e2y, rau c\u1ee7, c\u00e1c lo\u1ea1i h\u1ea1t \u0111\u1ec3 t\u1ea1o ra nh\u1eefng m\u00f3n \u0111\u1ed3 u\u1ed1ng th\u01a1m ngon, b\u1ed5 d\u01b0\u1ee1ng v\u00e0 h\u1ea5p d\u1eabn, \u0111\u00e1p \u1ee9ng nhu c\u1ea7u \u0111a d\u1ea1ng c\u1ee7a kh\u00e1ch h\u00e0ng. Vi\u1ec7c b\u1ed5 sung \u0111\u1ea1m \u0111\u1eadu n\u00e0nh v\u00e0o th\u1ef1c \u0111\u01a1n \u0111\u1ed3 u\u1ed1ng kh\u00f4ng ch\u1ec9 gi\u00fap b\u1ea1n thu h\u00fat kh\u00e1ch h\u00e0ng m\u00e0 c\u00f2n gi\u00fap b\u1ea1n t\u0103ng doanh thu v\u00e0 l\u1ee3i nhu\u1eadn.<\/span><\/p>\n<h3 style=\"text-align: justify;\"><b>T\u1ea1o N\u00ean C\u00e1c M\u00f3n Chay \u0110\u1ed9c \u0110\u00e1o, H\u1ea5p D\u1eabn &#8211; M\u1edf R\u1ed9ng Ph\u00e2n Kh\u00fac Kh\u00e1ch H\u00e0ng<\/b><\/h3>\n<p style=\"text-align: justify;\"><span style=\"font-weight: 400;\">V\u1edbi kh\u1ea3 n\u0103ng t\u1ea1o c\u1ea5u tr\u00fac v\u00e0 k\u1ebft c\u1ea5u t\u01b0\u01a1ng t\u1ef1 th\u1ecbt, \u0111\u1ea1m \u0111\u1eadu n\u00e0nh l\u00e0 m\u1ed9t nguy\u00ean li\u1ec7u kh\u00f4ng th\u1ec3 thi\u1ebfu trong vi\u1ec7c ch\u1ebf bi\u1ebfn c\u00e1c m\u00f3n chay. B\u1ea1n c\u00f3 th\u1ec3 s\u1eed d\u1ee5ng \u0111\u1ea1m \u0111\u1eadu n\u00e0nh \u0111\u1ec3 l\u00e0m x\u00fac x\u00edch chay, ch\u1ea3 chay, th\u1ecbt vi\u00ean chay, b\u00e1nh m\u00ec chay, b\u00e1nh burger chay, v\u00e0 nhi\u1ec1u m\u00f3n chay h\u1ea5p d\u1eabn kh\u00e1c, \u0111\u00e1p \u1ee9ng nhu c\u1ea7u c\u1ee7a nh\u1eefng kh\u00e1ch h\u00e0ng \u0103n chay ho\u1eb7c mu\u1ed1n gi\u1ea3m ti\u00eau th\u1ee5 th\u1ecbt \u0111\u1ed9ng v\u1eadt. Vi\u1ec7c b\u1ed5 sung c\u00e1c m\u00f3n chay h\u1ea5p d\u1eabn v\u00e0o th\u1ef1c \u0111\u01a1n s\u1ebd gi\u00fap b\u1ea1n m\u1edf r\u1ed9ng ph\u00e2n kh\u00fac kh\u00e1ch h\u00e0ng v\u00e0 t\u0103ng doanh thu.<\/span><\/p>\n<h3 style=\"text-align: justify;\"><b>C\u1ea3i Thi\u1ec7n K\u1ebft C\u1ea5u B\u00e1nh Ng\u1ecdt, Kem, C\u00e1c M\u00f3n Tr\u00e1ng Mi\u1ec7ng &#8211; Tr\u1ea3i Nghi\u1ec7m \u1ea8m Th\u1ef1c Tuy\u1ec7t V\u1eddi<\/b><\/h3>\n<p style=\"text-align: justify;\"><span style=\"font-weight: 400;\">\u0110\u1ea1m \u0111\u1eadu n\u00e0nh gi\u00fap c\u1ea3i thi\u1ec7n k\u1ebft c\u1ea5u, \u0111\u1ed9 \u1ea9m v\u00e0 \u0111\u1ed9 m\u1ec1m c\u1ee7a c\u00e1c lo\u1ea1i b\u00e1nh ng\u1ecdt, kem, c\u00e1c m\u00f3n tr\u00e1ng mi\u1ec7ng, gi\u00fap ch\u00fang tr\u1edf n\u00ean h\u1ea5p d\u1eabn v\u00e0 th\u01a1m ngon h\u01a1n. Vi\u1ec7c s\u1eed d\u1ee5ng \u0111\u1ea1m \u0111\u1eadu n\u00e0nh c\u0169ng gi\u00fap t\u0103ng c\u01b0\u1eddng gi\u00e1 tr\u1ecb dinh d\u01b0\u1ee1ng cho c\u00e1c m\u00f3n \u0103n n\u00e0y, mang \u0111\u1ebfn nh\u1eefng tr\u1ea3i nghi\u1ec7m \u1ea9m th\u1ef1c tuy\u1ec7t v\u1eddi cho kh\u00e1ch h\u00e0ng, t\u1eeb \u0111\u00f3 t\u0103ng s\u1ef1 h\u00e0i l\u00f2ng v\u00e0 trung th\u00e0nh c\u1ee7a kh\u00e1ch h\u00e0ng.<\/span><\/p>\n<h2 style=\"text-align: justify;\"><b>H\u01b0\u1edbng D\u1eabn S\u1eed D\u1ee5ng v\u00e0 B\u1ea3o Qu\u1ea3n \u0110\u1ea1m \u0110\u1eadu N\u00e0nh (Isolated Soy Protein) &#8211; &#8220;B\u00ed Quy\u1ebft&#8221; \u0110\u1ec3 \u0110\u1ea3m B\u1ea3o Ch\u1ea5t L\u01b0\u1ee3ng S\u1ea3n Ph\u1ea9m<\/b><\/h2>\n<h3 style=\"text-align: justify;\"><b>S\u1eed D\u1ee5ng \u0110\u1ea1m \u0110\u1eadu N\u00e0nh Hi\u1ec7u Qu\u1ea3 Trong Ch\u1ebf Bi\u1ebfn &#8211; T\u1ed1i \u01afu H\u00f3a C\u00f4ng Th\u1ee9c<\/b><\/h3>\n<p style=\"text-align: justify;\"><span style=\"font-weight: 400;\">\u0110\u1ec3 s\u1eed d\u1ee5ng \u0111\u1ea1m \u0111\u1eadu n\u00e0nh (Isolated Soy Protein) hi\u1ec7u qu\u1ea3, b\u1ea1n c\u1ea7n ch\u00fa \u00fd \u0111\u1ebfn t\u1ef7 l\u1ec7 s\u1eed d\u1ee5ng trong c\u00e1c c\u00f4ng th\u1ee9c kh\u00e1c nhau. T\u1ef7 l\u1ec7 s\u1eed d\u1ee5ng s\u1ebd ph\u1ee5 thu\u1ed9c v\u00e0o lo\u1ea1i s\u1ea3n ph\u1ea9m v\u00e0 m\u1ee5c \u0111\u00edch s\u1eed d\u1ee5ng. B\u1ea1n n\u00ean th\u1eed nghi\u1ec7m v\u00e0 \u0111i\u1ec1u ch\u1ec9nh t\u1ef7 l\u1ec7 cho ph\u00f9 h\u1ee3p. Khi k\u1ebft h\u1ee3p \u0111\u1ea1m \u0111\u1eadu n\u00e0nh v\u1edbi c\u00e1c nguy\u00ean li\u1ec7u kh\u00e1c, b\u1ea1n n\u00ean ch\u00fa \u00fd \u0111\u1ebfn s\u1ef1 t\u01b0\u01a1ng th\u00edch v\u00e0 c\u00e1c ph\u1ea3n \u1ee9ng c\u00f3 th\u1ec3 x\u1ea3y ra. Vi\u1ec7c s\u1eed d\u1ee5ng \u0111\u00fang c\u00e1ch s\u1ebd gi\u00fap b\u1ea1n t\u1eadn d\u1ee5ng t\u1ed1i \u0111a c\u00e1c l\u1ee3i \u00edch c\u1ee7a \u0111\u1ea1m \u0111\u1eadu n\u00e0nh v\u00e0 t\u1ea1o ra nh\u1eefng s\u1ea3n ph\u1ea9m ch\u1ea5t l\u01b0\u1ee3ng cao.<\/span><\/p>\n<h3 style=\"text-align: justify;\"><b>B\u1ea3o Qu\u1ea3n \u0110\u1ea1m \u0110\u1eadu N\u00e0nh \u0110\u00fang C\u00e1ch \u0110\u1ec3 \u0110\u1ea3m B\u1ea3o Ch\u1ea5t L\u01b0\u1ee3ng &#8211; Duy Tr\u00ec H\u01b0\u01a1ng V\u1ecb T\u01b0\u01a1i Ngon<\/b><\/h3>\n<p style=\"text-align: justify;\"><span style=\"font-weight: 400;\">\u0110\u1ec3 b\u1ea3o qu\u1ea3n \u0111\u1ea1m \u0111\u1eadu n\u00e0nh (Isolated Soy Protein) \u0111\u00fang c\u00e1ch, b\u1ea1n c\u1ea7n l\u01b0u \u00fd \u0111\u1ebfn c\u00e1c y\u1ebfu t\u1ed1 sau:&nbsp;<\/span><\/p>\n<p style=\"text-align: justify;\"><span style=\"font-weight: 400;\">&#8211; B\u1ea3o qu\u1ea3n \u1edf n\u01a1i kh\u00f4 tho\u00e1ng, tr\u00e1nh \u00e1nh n\u1eafng tr\u1ef1c ti\u1ebfp v\u00e0 \u0111\u1ed9 \u1ea9m cao.&nbsp;<\/span><\/p>\n<p style=\"text-align: justify;\"><span style=\"font-weight: 400;\">&#8211; \u0110\u1ea3m b\u1ea3o \u0111\u00f3ng k\u00edn bao b\u00ec sau khi s\u1eed d\u1ee5ng \u0111\u1ec3 tr\u00e1nh b\u1ecb \u1ea9m m\u1ed1c v\u00e0 c\u00f4n tr\u00f9ng x\u00e2m nh\u1eadp.&nbsp;<\/span><\/p>\n<p style=\"text-align: justify;\"><span style=\"font-weight: 400;\">&#8211; Tr\u00e1nh xa khu d\u00e2n c\u01b0, ngu\u1ed3n n\u01b0\u1edbc sinh ho\u1ea1t, c\u00e1c thi\u1ebft b\u1ecb ch\u00e1y n\u1ed5 v\u00e0 kim lo\u1ea1i.&nbsp;<\/span><\/p>\n<p style=\"text-align: justify;\"><span style=\"font-weight: 400;\">&#8211; Khi s\u1eed d\u1ee5ng, c\u1ea7n trang b\u1ecb \u0111\u1ea7y \u0111\u1ee7 b\u1ea3o h\u1ed9 lao \u0111\u1ed9ng \u0111\u1ec3 \u0111\u1ea3m b\u1ea3o an to\u00e0n.&nbsp;<\/span><\/p>\n<p style=\"text-align: justify;\"><span style=\"font-weight: 400;\">Vi\u1ec7c b\u1ea3o qu\u1ea3n \u0111\u00fang c\u00e1ch s\u1ebd gi\u00fap duy tr\u00ec ch\u1ea5t l\u01b0\u1ee3ng v\u00e0 k\u00e9o d\u00e0i th\u1eddi gian s\u1eed d\u1ee5ng c\u1ee7a \u0111\u1ea1m \u0111\u1eadu n\u00e0nh, t\u1eeb \u0111\u00f3 gi\u1ea3m chi ph\u00ed v\u00e0 t\u0103ng l\u1ee3i nhu\u1eadn.<\/span><\/p>\n<h1 style=\"text-align: justify;\"><b>K\u1ebft lu\u1eadn<\/b><\/h1>\n<p style=\"text-align: justify;\"><span style=\"font-weight: 400;\">\u0110\u1ea1m \u0111\u1eadu n\u00e0nh (Isolated Soy Protein) \u0111\u00e3 kh\u1eb3ng \u0111\u1ecbnh v\u1ecb th\u1ebf l\u00e0 m\u1ed9t nguy\u00ean li\u1ec7u \u0111a n\u0103ng, mang l\u1ea1i v\u00f4 v\u00e0n l\u1ee3i \u00edch cho ng\u00e0nh F&amp;B. T\u1eeb gi\u00e1 tr\u1ecb dinh d\u01b0\u1ee1ng v\u01b0\u1ee3t tr\u1ed9i, kh\u1ea3 n\u0103ng \u1ee9ng d\u1ee5ng linh ho\u1ea1t trong ch\u1ebf bi\u1ebfn \u0111\u1ebfn vi\u1ec7c c\u1ea3i thi\u1ec7n k\u1ebft c\u1ea5u v\u00e0 h\u01b0\u01a1ng v\u1ecb c\u1ee7a m\u00f3n \u0103n, \u0111\u1ed3 u\u1ed1ng, \u0111\u1ea1m \u0111\u1eadu n\u00e0nh th\u1ef1c s\u1ef1 l\u00e0 m\u1ed9t &#8220;b\u00ed quy\u1ebft&#8221; gi\u00fap c\u00e1c nh\u00e0 h\u00e0ng, qu\u00e1n c\u00e0 ph\u00ea n\u00e2ng cao ch\u1ea5t l\u01b0\u1ee3ng s\u1ea3n ph\u1ea9m v\u00e0 thu h\u00fat kh\u00e1ch h\u00e0ng. Vi\u1ec7c s\u1eed d\u1ee5ng \u0111\u1ea1m \u0111\u1eadu n\u00e0nh kh\u00f4ng ch\u1ec9 l\u00e0 m\u1ed9t s\u1ef1 \u0111\u1ea7u t\u01b0 th\u00f4ng minh cho s\u1ee9c kh\u1ecfe c\u1ee7a kh\u00e1ch h\u00e0ng m\u00e0 c\u00f2n l\u00e0 m\u1ed9t chi\u1ebfn l\u01b0\u1ee3c kinh doanh hi\u1ec7u qu\u1ea3, gi\u00fap b\u1ea1n t\u1ea1o n\u00ean s\u1ef1 kh\u00e1c bi\u1ec7t v\u00e0 t\u0103ng l\u1ee3i nhu\u1eadn. \u0110\u1ec3 \u0111\u1ea3m b\u1ea3o ch\u1ea5t l\u01b0\u1ee3ng v\u00e0 hi\u1ec7u qu\u1ea3 s\u1eed d\u1ee5ng, vi\u1ec7c l\u1ef1a ch\u1ecdn nh\u00e0 cung c\u1ea5p uy t\u00edn l\u00e0 v\u00f4 c\u00f9ng quan tr\u1ecdng. ThucPham.com, v\u1edbi kinh nghi\u1ec7m v\u00e0 uy t\u00edn trong ng\u00e0nh, l\u00e0 m\u1ed9t g\u1ee3i \u00fd \u0111\u00e1ng tin c\u1eady \u0111\u1ec3 b\u1ea1n t\u00ecm th\u1ea5y ngu\u1ed3n cung c\u1ea5p \u0111\u1ea1m \u0111\u1eadu n\u00e0nh ch\u1ea5t l\u01b0\u1ee3ng cao, \u0111\u00e1p \u1ee9ng m\u1ecdi nhu c\u1ea7u c\u1ee7a b\u1ea1n. H\u00e3y kh\u00e1m ph\u00e1 v\u00e0 t\u1eadn d\u1ee5ng t\u1ed1i \u0111a ti\u1ec1m n\u0103ng c\u1ee7a \u0111\u1ea1m \u0111\u1eadu n\u00e0nh \u0111\u1ec3 t\u1ea1o n\u00ean nh\u1eefng th\u00e0nh c\u00f4ng m\u1edbi trong kinh doanh c\u1ee7a b\u1ea1n. Li\u00ean h\u1ec7 hotline: 091.550.8989 \u0111\u1ec3 \u0111\u01b0\u1ee3c t\u01b0 v\u1ea5n chi ti\u1ebft v\u1ec1 s\u1ea3n ph\u1ea9m.<\/span><\/p>\n","protected":false},"excerpt":{"rendered":"<p>\u0110\u1ea1m \u0110\u1eadu N\u00e0nh Cao C\u1ea5p: N\u00e2ng T\u1ea7m M\u00f3n Ngon, \u0110\u1ed3 U\u1ed1ng Nh\u00e0 H\u00e0ng Trong b\u1ed1i c\u1ea3nh ng\u00e0nh F&amp;B ng\u00e0y c\u00e0ng c\u1ea1nh tranh, vi\u1ec7c t\u00ecm ki\u1ebfm nh\u1eefng nguy\u00ean li\u1ec7u ch\u1ea5t l\u01b0\u1ee3ng, \u0111a n\u0103ng v\u00e0 mang l\u1ea1i gi\u00e1 tr\u1ecb dinh d\u01b0\u1ee1ng cao l\u00e0 \u01b0u ti\u00ean h\u00e0ng \u0111\u1ea7u c\u1ee7a c\u00e1c nh\u00e0 h\u00e0ng, qu\u00e1n c\u00e0 ph\u00ea. \u0110\u1ea1m \u0111\u1eadu n\u00e0nh&#8230;<\/p>\n","protected":false},"featured_media":94601,"comment_status":"open","ping_status":"closed","template":"","meta":[],"product_cat":[657],"product_tag":[],"_links":{"self":[{"href":"https:\/\/thucpham.com\/vinacom\/wp-json\/wp\/v2\/product\/94556"}],"collection":[{"href":"https:\/\/thucpham.com\/vinacom\/wp-json\/wp\/v2\/product"}],"about":[{"href":"https:\/\/thucpham.com\/vinacom\/wp-json\/wp\/v2\/types\/product"}],"replies":[{"embeddable":true,"href":"https:\/\/thucpham.com\/vinacom\/wp-json\/wp\/v2\/comments?post=94556"}],"wp:featuredmedia":[{"embeddable":true,"href":"https:\/\/thucpham.com\/vinacom\/wp-json\/wp\/v2\/media\/94601"}],"wp:attachment":[{"href":"https:\/\/thucpham.com\/vinacom\/wp-json\/wp\/v2\/media?parent=94556"}],"wp:term":[{"taxonomy":"product_cat","embeddable":true,"href":"https:\/\/thucpham.com\/vinacom\/wp-json\/wp\/v2\/product_cat?post=94556"},{"taxonomy":"product_tag","embeddable":true,"href":"https:\/\/thucpham.com\/vinacom\/wp-json\/wp\/v2\/product_tag?post=94556"}],"curies":[{"name":"wp","href":"https:\/\/api.w.org\/{rel}","templated":true}]}}