{"id":9455,"date":"2020-07-02T23:38:23","date_gmt":"2020-07-02T23:38:23","guid":{"rendered":"https:\/\/thucpham.com\/?post_type=product&#038;p=9455"},"modified":"2022-04-08T11:39:05","modified_gmt":"2022-04-08T04:39:05","slug":"lo-hap-nuong-da-nang-piron-pf3120t","status":"publish","type":"product","link":"https:\/\/thucpham.com\/vinacom\/lo-hap-nuong-da-nang-piron-pf3120t\/","title":{"rendered":"L\u00f2 H\u1ea5p N\u01b0\u1edbng \u0110a N\u0103ng Piron PF3120T"},"content":{"rendered":"<h2><strong><span style=\"font-size: 85%;\">Th\u00f4ng tin s\u1ea3n ph\u1ea9m<\/span><\/strong><\/h2>\n<p style=\"text-align: justify;\"><b>L\u00f2 h\u1ea5p n\u01b0\u1edbng \u0111a n\u0103ng Piron PF3120T<\/b><span style=\"font-weight: 400;\"> l\u00e0 d\u00f2ng s\u1ea3n ph\u1ea9m nh\u00e0 b\u1ebfp \u0111\u1ebfn t\u1eeb th\u01b0\u01a1ng hi\u1ec7u n\u1ed5i ti\u1ebfng Piron &#8211; Italia \u0111\u01b0\u1ee3c ThucPham.com nh\u1eadp kh\u1ea9u tr\u1ef1c ti\u1ebfp v\u00e0 ph\u00e2n ph\u1ed1i t\u1ea1i Vi\u1ec7t Nam. Thi\u1ebft b\u1ecb n\u00e0y t\u00edch h\u1ee3p hai c\u00f4ng n\u0103ng l\u00e0: n\u01b0\u1edbng v\u00e0 h\u1ea5p th\u1ef1c ph\u1ea9m n\u00ean cho ph\u00e9p b\u1ea1n ch\u1ebf bi\u1ebfn \u0111\u01b0\u1ee3c nhi\u1ec1u m\u00f3n c\u00f9ng m\u1ed9t l\u00fac. V\u1edbi s\u1ea3n ph\u1ea9m hai trong m\u1ed9t n\u00e0y, c\u00e1c \u0111\u1ea7u b\u1ebfp th\u1ecfa s\u1ee9c s\u00e1ng t\u1ea1o c\u00e1c m\u00f3n h\u1ea5p, c\u00e1c m\u00f3n n\u01b0\u1edbng \u0111\u1ec3 ph\u1ee5c v\u1ee5 th\u1ef1c kh\u00e1ch, v\u1eeba nhanh ch\u00f3ng v\u1eeba kh\u00f4ng t\u1ed1n qu\u00e1 nhi\u1ec1u c\u00f4ng s\u1ee9c.&nbsp;<\/span><\/p>\n<p><img class=\"aligncenter wp-image-11793 size-full\" src=\"https:\/\/thucpham.com\/wp-content\/uploads\/2020\/07\/lo-hap-nuong-da-nang-piron-pf3120t-banner.jpg\" alt=\"L\u00f2 h\u1ea5p n\u01b0\u1edbng \u0111a n\u0103ng Piron PF3120T\" width=\"820\" height=\"656\" srcset=\"https:\/\/thucpham.com\/vinacom\/wp-content\/uploads\/2020\/07\/lo-hap-nuong-da-nang-piron-pf3120t-banner.jpg 820w, https:\/\/thucpham.com\/vinacom\/wp-content\/uploads\/2020\/07\/lo-hap-nuong-da-nang-piron-pf3120t-banner-300x240.jpg 300w, https:\/\/thucpham.com\/vinacom\/wp-content\/uploads\/2020\/07\/lo-hap-nuong-da-nang-piron-pf3120t-banner-768x614.jpg 768w, https:\/\/thucpham.com\/vinacom\/wp-content\/uploads\/2020\/07\/lo-hap-nuong-da-nang-piron-pf3120t-banner-24x19.jpg 24w, https:\/\/thucpham.com\/vinacom\/wp-content\/uploads\/2020\/07\/lo-hap-nuong-da-nang-piron-pf3120t-banner-36x29.jpg 36w, https:\/\/thucpham.com\/vinacom\/wp-content\/uploads\/2020\/07\/lo-hap-nuong-da-nang-piron-pf3120t-banner-48x38.jpg 48w, https:\/\/thucpham.com\/vinacom\/wp-content\/uploads\/2020\/07\/lo-hap-nuong-da-nang-piron-pf3120t-banner-510x408.jpg 510w\" sizes=\"(max-width: 820px) 100vw, 820px\" title=\"\"><\/p>\n<p style=\"text-align: center;\"><em>Th\u00f4ng tin s\u1ea3n ph\u1ea9m l\u00f2 h\u1ea5p n\u01b0\u1edbng \u0111a n\u0103ng Piron PF3120T<\/em><\/p>\n<h2><span style=\"font-size: 85%;\"><strong>\u01afu \u0111i\u1ec3m l\u00f2 h\u1ea5p n\u01b0\u1edbng \u0111a n\u0103ng Piron PF3120T<\/strong><\/span><\/h2>\n<p style=\"text-align: justify;\"><span style=\"font-weight: 400;\">S\u1eed d\u1ee5ng c\u00f4ng ngh\u1ec7 hi\u1ec7n \u0111\u1ea1i \u0111\u1ec3 c\u1eaft v\u00e0 \u00e9p c\u00e1c t\u1ea5m th\u00e9p t\u1ea1o n\u00ean k\u1ebft c\u1ea5u l\u00f2 h\u1ea5p n\u01b0\u1edbng ch\u1eafc ch\u1eafn, m\u1ecdi g\u00f3c c\u1ea1nh \u0111\u1ec1u tr\u01a1n tru, b\u00f3ng m\u01b0\u1ee3t. <strong>L\u00f2 h\u1ea5p n\u01b0\u1edbng \u0111a n\u0103ng Piron PF3120T<\/strong> c\u00f3 h\u1ec7 th\u1ed1ng gia nhi\u1ec7t \u0111\u01b0\u1ee3c b\u1ed1 tr\u00ed \u0111\u1ed3ng \u0111\u1ec1u quanh bu\u1ed3ng h\u1ea5p, \u0111\u1ea3m b\u1ea3o l\u01b0\u1ee3ng nhi\u1ec7t lan t\u1ecfa kh\u1eafp c\u00e1c ng\u00f5 ng\u00e1ch c\u1ee7a bu\u1ed3ng n\u01b0\u1edbng, h\u1ea5p. Th\u00eam v\u00e0o \u0111\u00f3, h\u1ec7 th\u1ed1ng qu\u1ea1t gia nhi\u1ec7t c\u00f3 kh\u1ea3 n\u0103ng \u0111\u1ea3o chi\u1ec1u t\u1ef1 \u0111\u1ed9ng n\u00ean gi\u00fap cho l\u01b0\u1ee3ng nhi\u1ec7t trong bu\u1ed3ng h\u1ea5p \u0111\u01b0\u1ee3c c\u00e2n b\u1eb1ng nh\u1ea5t.<\/span><\/p>\n<p style=\"text-align: justify;\"><span style=\"font-weight: 400;\">Ngo\u00e0i ra, qu\u1ea1t gia nhi\u1ec7t v\u00e0 c\u00e1c gi\u00e1 \u0111\u1ee1 \u0111\u1ec1u l\u00e0m b\u1eb1ng <a href=\"https:\/\/vi.wikipedia.org\/wiki\/Th%C3%A9p_kh%C3%B4ng_g%E1%BB%89\" target=\"_blank\" rel=\"noopener nofollow\" data-schema-attribute=\"\">inox 304<\/a>, v\u1eeba gi\u00fap gia nhi\u1ec7t nhanh v\u00e0 gi\u1eef nhi\u1ec7t \u1ed5n \u0111\u1ecbnh v\u1eeba an to\u00e0n v\u1ec7 sinh th\u1ef1c ph\u1ea9m. C\u1eeda <strong>l\u00f2 h\u1ea5p n\u01b0\u1edbng \u0111a n\u0103ng Piron PF3120T<\/strong> c\u00f3 l\u1edbp k\u00ednh c\u01b0\u1eddng l\u1ef1c trong su\u1ed1t n\u00ean d\u1ec5 d\u00e0ng quan s\u00e1t t\u00ecnh tr\u1ea1ng h\u1ea5p, n\u01b0\u1edbng th\u1ef1c ph\u1ea9m b\u00ean trong v\u00e0 c\u0169ng ch\u1ecbu l\u1ef1c, ch\u1ecbu nhi\u1ec7t t\u1ed1t. \u0110\u1eb7c bi\u1ec7t, th\u1ef1c ph\u1ea9m \u0111\u01b0\u1ee3c n\u01b0\u1edbng, h\u1ea5p trong bu\u1ed3ng k\u00edn k\u1ebft h\u1ee3p v\u1edbi gia nhi\u1ec7t b\u1eb1ng inox 304 n\u00ean kh\u00f4ng ph\u00e1t sinh kh\u00f3i c\u0169ng nh\u01b0 kh\u00f4ng nhi\u1ec5m b\u1ee5i b\u1ea9n t\u1eeb m\u00f4i tr\u01b0\u1eddng b\u00ean ngo\u00e0i.<\/span><\/p>\n<p style=\"text-align: justify;\"><span style=\"font-weight: 400;\">H\u00e3y li\u00ean h\u1ec7 v\u1edbi ThucPham.com \u0111\u1ec3 s\u1ee1 h\u1eefu chi\u1ebfc <em>l\u00f2 h\u1ea5p n\u01b0\u1edbng \u0111a n\u0103ng Piron PF3120T<\/em> ti\u1ec7n \u00edch n\u00e0y nh\u00e9. Ch\u00fang t\u00f4i lu\u00f4n mong mu\u1ed1n \u0111\u01b0\u1ee3c cung c\u1ea5p nh\u1eefng s\u1ea3n ph\u1ea9m ch\u1ea5t l\u01b0\u1ee3ng t\u1ed1t nh\u1ea5t \u0111\u1ebfn kh\u00e1ch h\u00e0ng. N\u1ebfu b\u1ea1n c\u00f2n \u0111\u1eafn \u0111o trong vi\u1ec7c l\u1ef1a ch\u1ecdn chi\u1ebfc <a href=\"https:\/\/thucpham.com\/bep-nuong-lo-nuong-cong-nghiep\/\">b\u1ebfp n\u01b0\u1edbng l\u00f2 n\u01b0\u1edbng c\u00f4ng nghi\u1ec7p<\/a> cho khu b\u1ebfp c\u1ee7a m\u00ecnh th\u00ec c\u00f3 th\u1ec3 tham kh\u1ea3o th\u00eam m\u1ed9t v\u00e0i model kh\u00e1c nh\u01b0: <span data-sheets-value=\"{&quot;1&quot;:2,&quot;2&quot;:&quot;L\u00f2 H\u1ea5p N\u01b0\u1edbng \u0110a N\u0103ng Sogeco CCE111&quot;}\" data-sheets-userformat=\"{&quot;2&quot;:14466,&quot;4&quot;:{&quot;1&quot;:2,&quot;2&quot;:16777215},&quot;10&quot;:2,&quot;14&quot;:{&quot;1&quot;:2,&quot;2&quot;:0},&quot;15&quot;:&quot;Arial&quot;,&quot;16&quot;:10}\"><a href=\"https:\/\/thucpham.com\/lo-hap-nuong-da-nang-sogeco-cce111\/\">L\u00f2 H\u1ea5p N\u01b0\u1edbng \u0110a N\u0103ng Sogeco CCE111<\/a>, <a href=\"https:\/\/thucpham.com\/lo-hap-nuong-da-nang-sogeco-7-khay\/\">L\u00f2 H\u1ea5p N\u01b0\u1edbng \u0110a N\u0103ng Sogeco 7 Khay<\/a>,&#8230; \u0111\u1ec3 c\u00f3 l\u1ef1a ch\u1ecdn ph\u00f9 h\u1ee3p nh\u1ea5t.<\/span><\/span><\/p>\n","protected":false},"excerpt":{"rendered":"<ul>\n<li style=\"font-weight: 400;\"><span style=\"font-weight: 400;\">D\u00f9ng \u0111\u01b0\u1ee3c c\u1ea3 th\u1ef1c ph\u1ea9m t\u01b0\u01a1i s\u1ed1ng v\u00e0 \u0111\u00f4ng l\u1ea1nh<\/span><\/li>\n<li style=\"font-weight: 400;\"><span style=\"font-weight: 400;\">Ki\u1ec3u d\u00e1ng nh\u1ecf g\u1ecdn, c\u00f3 b\u00e1nh xe di chuy\u1ec3n linh ho\u1ea1t<\/span><\/li>\n<li style=\"font-weight: 400;\"><span style=\"font-weight: 400;\">C\u00f4ng ngh\u1ec7 h\u1ea5p c\u00e1c m\u00f3n b\u1eb1ng h\u01a1i n\u01b0\u1edbc tr\u1ef1c ti\u1ebfp<\/span><\/li>\n<li style=\"font-weight: 400;\"><span style=\"font-weight: 400;\">Thi\u1ebft k\u1ebf nhi\u1ec1u qu\u1ea1t gia nhi\u1ec7t v\u1edbi ch\u1ebf \u0111\u1ed9 t\u1ef1 \u0111\u1ed9ng \u0111\u1ea3o ng\u01b0\u1ee3c<\/span><\/li>\n<li style=\"font-weight: 400;\"><span style=\"font-weight: 400;\">H\u1ec7 \u0111i\u1ec1u khi\u1ec3n b\u1eb1ng n\u00fat v\u1eb7n d\u1ec5 d\u00e0ng \u0111i\u1ec1u ch\u1ec9nh<\/span><\/li>\n<li style=\"font-weight: 400;\"><span style=\"font-weight: 400;\">C\u1eeda l\u00f2 c\u00f3 l\u1edbp k\u00ednh c\u01b0\u1eddng l\u1ef1c d\u00e0y d\u1eb7n, ch\u1ecbu l\u1ef1c t\u1ed1t<\/span><\/li>\n<\/ul>\n","protected":false},"featured_media":36454,"comment_status":"open","ping_status":"closed","template":"","meta":[],"product_cat":[202,247],"product_tag":[],"_links":{"self":[{"href":"https:\/\/thucpham.com\/vinacom\/wp-json\/wp\/v2\/product\/9455"}],"collection":[{"href":"https:\/\/thucpham.com\/vinacom\/wp-json\/wp\/v2\/product"}],"about":[{"href":"https:\/\/thucpham.com\/vinacom\/wp-json\/wp\/v2\/types\/product"}],"replies":[{"embeddable":true,"href":"https:\/\/thucpham.com\/vinacom\/wp-json\/wp\/v2\/comments?post=9455"}],"wp:featuredmedia":[{"embeddable":true,"href":"https:\/\/thucpham.com\/vinacom\/wp-json\/wp\/v2\/media\/36454"}],"wp:attachment":[{"href":"https:\/\/thucpham.com\/vinacom\/wp-json\/wp\/v2\/media?parent=9455"}],"wp:term":[{"taxonomy":"product_cat","embeddable":true,"href":"https:\/\/thucpham.com\/vinacom\/wp-json\/wp\/v2\/product_cat?post=9455"},{"taxonomy":"product_tag","embeddable":true,"href":"https:\/\/thucpham.com\/vinacom\/wp-json\/wp\/v2\/product_tag?post=9455"}],"curies":[{"name":"wp","href":"https:\/\/api.w.org\/{rel}","templated":true}]}}