{"id":9452,"date":"2020-07-02T23:34:35","date_gmt":"2020-07-02T23:34:35","guid":{"rendered":"https:\/\/thucpham.com\/?post_type=product&#038;p=9452"},"modified":"2022-04-08T11:24:54","modified_gmt":"2022-04-08T04:24:54","slug":"lo-hap-nuong-da-nang-sogeco-cce111","status":"publish","type":"product","link":"https:\/\/thucpham.com\/vinacom\/lo-hap-nuong-da-nang-sogeco-cce111\/","title":{"rendered":"L\u00f2 H\u1ea5p N\u01b0\u1edbng \u0110a N\u0103ng Sogeco CCE111"},"content":{"rendered":"<h2><strong><span style=\"font-size: 85%;\">Th\u00f4ng tin s\u1ea3n ph\u1ea9m<\/span><\/strong><\/h2>\n<p style=\"text-align: justify;\"><span style=\"font-weight: 400;\">S\u1edf h\u1eefu c\u00f4ng ngh\u1ec7 hi\u1ec7n \u0111\u1ea1i v\u00e0 nhi\u1ec1u t\u00ednh n\u0103ng v\u01b0\u1ee3t tr\u1ed9i, <\/span><b>l\u00f2 h\u1ea5p n\u01b0\u1edbng \u0111a n\u0103ng Sogeco CCE111<\/b><span style=\"font-weight: 400;\"> l\u00e0 s\u1ef1 l\u1ef1a ch\u1ecdn tuy\u1ec7t v\u1eddi cho c\u00e1c qu\u00e1n \u0103n, nh\u00e0 h\u00e0ng hay kh\u00e1ch s\u1ea1n. Nh\u1edd \u0111i\u1ec1u khi\u1ec3n v\u00e0 c\u00e0i \u0111\u1eb7t c\u00e1c th\u00f4ng s\u1ed1 t\u1eeb thi\u1ebft b\u1ecb di \u0111\u1ed9ng n\u00ean gi\u00fap ng\u01b0\u1eddi d\u00f9ng s\u1eed d\u1ee5ng \u0111\u01a1n gi\u1ea3n v\u00e0 ki\u1ec3m so\u00e1t quy tr\u00ecnh n\u1ea5u n\u01b0\u1edbng d\u1ec5 d\u00e0ng. Th\u00f4ng qua \u1ee9ng d\u1ee5ng n\u00e0y, b\u1ea1n c\u00f3 th\u1ec3 \u0111i\u1ec1u khi\u1ec3n h\u1ec7 th\u1ed1ng m\u1ecdi l\u00fac m\u1ecdi n\u01a1i b\u1eb1ng m\u1ecdi thi\u1ebft b\u1ecb di \u0111\u1ed9ng.<\/span><\/p>\n<p><img class=\"aligncenter wp-image-11789 size-full\" src=\"https:\/\/thucpham.com\/wp-content\/uploads\/2020\/07\/lo-nuong-da-nang-sogeco-cce111-banner.jpg\" alt=\"l\u00f2 h\u1ea5p n\u01b0\u1edbng \u0111a n\u0103ng Sogeco CCE111\" width=\"820\" height=\"656\" srcset=\"https:\/\/thucpham.com\/vinacom\/wp-content\/uploads\/2020\/07\/lo-nuong-da-nang-sogeco-cce111-banner.jpg 820w, https:\/\/thucpham.com\/vinacom\/wp-content\/uploads\/2020\/07\/lo-nuong-da-nang-sogeco-cce111-banner-300x240.jpg 300w, https:\/\/thucpham.com\/vinacom\/wp-content\/uploads\/2020\/07\/lo-nuong-da-nang-sogeco-cce111-banner-768x614.jpg 768w, https:\/\/thucpham.com\/vinacom\/wp-content\/uploads\/2020\/07\/lo-nuong-da-nang-sogeco-cce111-banner-24x19.jpg 24w, https:\/\/thucpham.com\/vinacom\/wp-content\/uploads\/2020\/07\/lo-nuong-da-nang-sogeco-cce111-banner-36x29.jpg 36w, https:\/\/thucpham.com\/vinacom\/wp-content\/uploads\/2020\/07\/lo-nuong-da-nang-sogeco-cce111-banner-48x38.jpg 48w, https:\/\/thucpham.com\/vinacom\/wp-content\/uploads\/2020\/07\/lo-nuong-da-nang-sogeco-cce111-banner-510x408.jpg 510w\" sizes=\"(max-width: 820px) 100vw, 820px\" title=\"\"><\/p>\n<p style=\"text-align: center;\"><em>Th\u00f4ng tin s\u1ea3n ph\u1ea9m l\u00f2 h\u1ea5p n\u01b0\u1edbng \u0111a n\u0103ng Sogeco CCE111<\/em><\/p>\n<h2><span style=\"font-size: 85%;\"><strong>\u01afu \u0111i\u1ec3m l\u00f2 h\u1ea5p n\u01b0\u1edbng \u0111a n\u0103ng Sogeco CCE111<\/strong><\/span><\/h2>\n<p><b>L\u00f2 h\u1ea5p n\u01b0\u1edbng \u0111a n\u0103ng Sogeco CCE111 <\/b>\u0111\u01b0\u1ee3c thi\u1ebft k\u1ebf vu\u00f4ng v\u1eafn, c\u00e1c b\u1ed9 ph\u1eadn ri\u00eang bi\u1ec7t, d\u1ec5 di chuy\u1ec3n v\u1edbi c\u00e1c ch\u00e2n \u0111\u1ee9ng v\u1eefng ch\u00e3i. To\u00e0n b\u1ed9 v\u1ecf \u0111\u01b0\u1ee3c l\u00e0m t\u1eeb ch\u1ea5t li\u1ec7u <a href=\"https:\/\/vi.wikipedia.org\/wiki\/Th%C3%A9p_kh%C3%B4ng_g%E1%BB%89\" target=\"_blank\" rel=\"noopener nofollow\" data-schema-attribute=\"\">inox cao c\u1ea5p<\/a> c\u00f3 kh\u1ea3 n\u0103ng ch\u1ed1ng han g\u1ec9 t\u1ed1t, b\u1ec1n b\u1ec9 v\u1edbi th\u1eddi gian, kh\u00f4ng s\u1ee3 m\u00f3p m\u00e9o v\u00e0 nh\u1ea5t l\u00e0 ch\u1ea5t li\u1ec7u n\u00e0y th\u00e2n thi\u1ec7n v\u1edbi m\u00f4i tr\u01b0\u1eddng.<\/p>\n<p style=\"text-align: justify;\"><span style=\"font-weight: 400;\">B\u1ea3ng \u0111i\u1ec1u khi\u1ec3n tr\u00ean <b>l\u00f2 h\u1ea5p n\u01b0\u1edbng \u0111a n\u0103ng Sogeco CCE111<\/b> c\u0169ng \u0111\u01b0\u1ee3c thi\u1ebft k\u1ebf th\u00f4ng minh, c\u00e1c n\u00fat ch\u1ee9c n\u0103ng \u0111\u1ec1u hi\u1ec3n th\u1ecb r\u00f5 r\u00e0ng. Ngo\u00e0i ra, h\u1ec7 th\u1ed1ng ki\u1ec3m so\u00e1t \u0111\u1ed9 \u1ea9m \u0111\u1ed9c \u0111\u00e1o c\u1ee7a s\u1ea3n ph\u1ea9m gi\u00fap theo d\u00f5i li\u00ean t\u1ee5c m\u00f4i tr\u01b0\u1eddng b\u00ean trong bu\u1ed3ng n\u1ea5u, lu\u00f4n duy tr\u00ec \u1edf m\u1ee9c ch\u00ednh x\u00e1c v\u00e0 \u1ed5n \u0111\u1ecbnh. S\u1ef1 ph\u00e2n ph\u1ed1i kh\u00f4ng kh\u00ed ho\u00e0n h\u1ea3o b\u00ean trong bu\u1ed3ng n\u1ea5u k\u1ebft h\u1ee3p v\u1edbi kh\u1ea3 n\u0103ng ki\u1ec3m so\u00e1t t\u1ed1c \u0111\u1ed9 c\u1ee7a thi\u1ebft b\u1ecb cho ph\u00e9p ch\u1ebf bi\u1ebfn ra nh\u1eefng m\u00f3n \u0103n \u0111\u1ea3m b\u1ea3o ch\u1ea5t l\u01b0\u1ee3ng nh\u1ea5t.<\/span><\/p>\n<p style=\"text-align: justify;\"><span style=\"font-weight: 400;\">C\u00f4ng su\u1ea5t qu\u1ea1t c\u1ee7a <b>l\u00f2 h\u1ea5p n\u01b0\u1edbng \u0111a n\u0103ng Sogeco CCE111<\/b> \u0111\u01b0\u1ee3c ki\u1ec3m so\u00e1t v\u1edbi \u0111\u1ed9 ch\u00ednh x\u00e1c cao. Th\u00eam v\u00e0o \u0111\u00f3, b\u1ed9 ph\u1eadn \u0111i\u1ec1u ch\u1ec9nh bi\u1ebfn t\u1ea7n c\u1ee7a thi\u1ebft b\u1ecb gi\u00fap t\u0103ng t\u1ed1c \u0111\u1ed9 n\u1ea5u, n\u00e2ng hi\u1ec7u su\u1ea5t l\u00e0m vi\u1ec7c c\u1ee7a qu\u1ea1t l\u00ean 120%. H\u1ec7 th\u1ed1ng r\u1eeda v\u00e0 kh\u1eed tr\u00f9ng bu\u1ed3ng h\u1ea5p n\u01b0\u1edbng ho\u00e0n to\u00e0n t\u1ef1 \u0111\u1ed9ng, \u0111\u1ea3m b\u1ea3o b\u00ean trong bu\u1ed3ng lu\u00f4n s\u1ea1ch s\u1ebd, v\u1ec7 sinh. S\u1ea3n ph\u1ea9m <b>l\u00f2 h\u1ea5p n\u01b0\u1edbng \u0111a n\u0103ng Sogeco CCE111<\/b> kh\u00f4ng nh\u1eefng ho\u1ea1t \u0111\u1ed9ng v\u1edbi hi\u1ec7u su\u1ea5t cao m\u00e0 c\u00f2n c\u00f3 kh\u1ea3 n\u0103ng ti\u1ebft ki\u1ec7m \u0111i\u1ec7n n\u0103ng ti\u00eau th\u1ee5.<\/span><\/p>\n<p><span style=\"font-weight: 400;\"><b>L\u00f2 h\u1ea5p n\u01b0\u1edbng \u0111a n\u0103ng Sogeco CCE111 <\/b>v\u1edbi ki\u1ec3u d\u00e1ng ti\u1ec7n l\u1ee3i, c\u00f4ng su\u1ea5t cao \u0111a ch\u1ee9c n\u0103ng s\u1ebd l\u00e0 l\u1ef1a ch\u1ecdn h\u00e0ng \u0111\u1ea7u cho c\u00e1c m\u00f4 h\u00ecnh kinh doanh l\u1edbn. B\u1ea1n c\u0169ng c\u00f3 th\u1ec3 tham kh\u1ea3o th\u00eam c\u00e1c model <a href=\"https:\/\/thucpham.com\/bep-nuong-lo-nuong-cong-nghiep\/\">b\u1ebfp n\u01b0\u1edbng l\u00f2 n\u01b0\u1edbng c\u00f4ng nghi\u1ec7p<\/a> kh\u00e1c v\u1edbi ph\u00e2n kh\u00fac t\u01b0\u01a1ng t\u1ef1 m\u00e0 ThucPham.com gi\u1edbi thi\u1ec7u nh\u01b0: <span data-sheets-value=\"{&quot;1&quot;:2,&quot;2&quot;:&quot;L\u00f2 H\u1ea5p N\u01b0\u1edbng \u0110a N\u0103ng Sogeco 7 Khay&quot;}\" data-sheets-userformat=\"{&quot;2&quot;:14466,&quot;4&quot;:{&quot;1&quot;:2,&quot;2&quot;:16777215},&quot;10&quot;:2,&quot;14&quot;:{&quot;1&quot;:2,&quot;2&quot;:0},&quot;15&quot;:&quot;Arial&quot;,&quot;16&quot;:10}\"><a href=\"https:\/\/thucpham.com\/lo-hap-nuong-da-nang-sogeco-7-khay\/\">L\u00f2 H\u1ea5p N\u01b0\u1edbng \u0110a N\u0103ng Sogeco 7 Khay<\/a>, <a href=\"https:\/\/thucpham.com\/lo-hap-nuong-da-nang-piron-pf3120t\/\">L\u00f2 H\u1ea5p N\u01b0\u1edbng \u0110a N\u0103ng Piron PF3120T<\/a>,&#8230;<\/span><\/span><\/p>\n","protected":false},"excerpt":{"rendered":"<ul>\n<li style=\"font-weight: 400;\"><span style=\"font-weight: 400;\">B\u1ea3ng \u0111i\u1ec1u khi\u1ec3n thi\u1ebft k\u1ebf th\u00f4ng minh, th\u00f4ng s\u1ed1 hi\u1ec3n th\u1ecb r\u00f5 r\u00e0ng<\/span><\/li>\n<li style=\"font-weight: 400;\"><span style=\"font-weight: 400;\">H\u1ec7 th\u1ed1ng ki\u1ec3m so\u00e1t \u0111\u1ed9 \u1ea9m \u0111\u1ed9c \u0111\u00e1o<\/span><\/li>\n<li style=\"font-weight: 400;\"><span style=\"font-weight: 400;\">H\u1ec7 th\u1ed1ng r\u1eeda v\u00e0 kh\u1eed tr\u00f9ng l\u00f2 ho\u1ea1t \u0111\u1ed9ng t\u1ef1 \u0111\u1ed9ng<\/span><\/li>\n<li style=\"font-weight: 400;\"><span style=\"font-weight: 400;\">\u0110i\u1ec1u khi\u1ec3n l\u00f2 b\u1eb1ng c\u00e1c thi\u1ebft b\u1ecb di \u0111\u1ed9ng<\/span><\/li>\n<li style=\"font-weight: 400;\"><span style=\"font-weight: 400;\">C\u00f4ng su\u1ea5t qu\u1ea1t \u0111\u01b0\u1ee3c ki\u1ec3m so\u00e1t v\u1edbi \u0111\u1ed9 ch\u00ednh x\u00e1c cao<\/span><\/li>\n<li style=\"font-weight: 400;\"><span style=\"font-weight: 400;\">\u0110\u1ea3m b\u1ea3o ti\u1ebft ki\u1ec7m \u0111i\u1ec7n n\u0103ng t\u1ed1i \u0111a<\/span><\/li>\n<\/ul>\n","protected":false},"featured_media":36404,"comment_status":"open","ping_status":"closed","template":"","meta":[],"product_cat":[202,247],"product_tag":[],"_links":{"self":[{"href":"https:\/\/thucpham.com\/vinacom\/wp-json\/wp\/v2\/product\/9452"}],"collection":[{"href":"https:\/\/thucpham.com\/vinacom\/wp-json\/wp\/v2\/product"}],"about":[{"href":"https:\/\/thucpham.com\/vinacom\/wp-json\/wp\/v2\/types\/product"}],"replies":[{"embeddable":true,"href":"https:\/\/thucpham.com\/vinacom\/wp-json\/wp\/v2\/comments?post=9452"}],"wp:featuredmedia":[{"embeddable":true,"href":"https:\/\/thucpham.com\/vinacom\/wp-json\/wp\/v2\/media\/36404"}],"wp:attachment":[{"href":"https:\/\/thucpham.com\/vinacom\/wp-json\/wp\/v2\/media?parent=9452"}],"wp:term":[{"taxonomy":"product_cat","embeddable":true,"href":"https:\/\/thucpham.com\/vinacom\/wp-json\/wp\/v2\/product_cat?post=9452"},{"taxonomy":"product_tag","embeddable":true,"href":"https:\/\/thucpham.com\/vinacom\/wp-json\/wp\/v2\/product_tag?post=9452"}],"curies":[{"name":"wp","href":"https:\/\/api.w.org\/{rel}","templated":true}]}}