{"id":9446,"date":"2020-07-02T23:28:56","date_gmt":"2020-07-02T23:28:56","guid":{"rendered":"https:\/\/thucpham.com\/?post_type=product&#038;p=9446"},"modified":"2022-04-08T10:03:11","modified_gmt":"2022-04-08T03:03:11","slug":"lo-nuong-sogeco-6-khay-dung-dien-6xgn1-1-d","status":"publish","type":"product","link":"https:\/\/thucpham.com\/vinacom\/lo-nuong-sogeco-6-khay-dung-dien-6xgn1-1-d\/","title":{"rendered":"Lo\u0300 N\u01b0\u01a1\u0301ng Sogeco 6 Khay Du\u0300ng \u0110i\u1ec7n 6XGN1\/1 D"},"content":{"rendered":"<h2><strong><span style=\"font-size: 85%;\">Th\u00f4ng tin s\u1ea3n ph\u1ea9m<\/span><\/strong><\/h2>\n<p style=\"text-align: justify;\"><span style=\"font-weight: 400;\"><strong>Lo\u0300 n\u01b0\u01a1\u0301ng Sogeco 6 khay du\u0300ng \u0111i\u1ec7n 6XGN1\/1 D<\/strong> s\u1ea3n ph\u1ea9m n\u00e0y c\u00f3 ch\u01b0\u01a1ng tr\u00ecnh n\u01b0\u1edbng \u0111a d\u1ea1ng, c\u00e1c th\u00f4ng s\u1ed1 ch\u00ednh x\u00e1c \u0111\u01b0\u1ee3c thi\u1ebft l\u1eadp ph\u00f9 h\u1ee3p theo t\u1eebng lo\u1ea1i th\u1ef1c ph\u1ea9m. V\u1edbi thi\u1ebft k\u1ebf 6 khay, ng\u01b0\u1eddi d\u00f9ng th\u1ecfa s\u1ee9c ch\u1ebf bi\u1ebfn c\u00e1c m\u00f3n n\u01b0\u1edbng kh\u00e1c nhau nh\u01b0 n\u01b0\u1edbng th\u1ecbt l\u1ee3n, g\u00e0, v\u1ecbt, rau, c\u1ee7, c\u00e1c lo\u1ea1i b\u00e1nh\u2026 Ch\u00ednh v\u00ec v\u1eady, ThucPham.com s\u1ebd gi\u1edbi thi\u1ec7u \u0111\u1ebfn qu\u00fd kh\u00e1ch chi\u1ebfc l\u00f2 n\u01b0\u1edbng t\u00edch h\u1ee3p nhi\u1ec1u \u1ee9ng d\u1ee5ng \u0111\u1ebfn t\u1eeb th\u01b0\u01a1ng hi\u1ec7u Sogeco &#8211; Italia.<\/span><\/p>\n<p style=\"text-align: center;\"><img class=\"aligncenter wp-image-11673 size-full\" src=\"https:\/\/thucpham.com\/wp-content\/uploads\/2020\/07\/lo-nuong-sogeco-6-khay-dung-dien-6xgn1-1-d-1.jpg\" alt=\"Lo\u0300 n\u01b0\u01a1\u0301ng Sogeco 6 khay du\u0300ng \u0111i\u1ec7n 6XGN1\/1 D\" width=\"820\" height=\"656\" srcset=\"https:\/\/thucpham.com\/vinacom\/wp-content\/uploads\/2020\/07\/lo-nuong-sogeco-6-khay-dung-dien-6xgn1-1-d-1.jpg 820w, https:\/\/thucpham.com\/vinacom\/wp-content\/uploads\/2020\/07\/lo-nuong-sogeco-6-khay-dung-dien-6xgn1-1-d-1-300x240.jpg 300w, https:\/\/thucpham.com\/vinacom\/wp-content\/uploads\/2020\/07\/lo-nuong-sogeco-6-khay-dung-dien-6xgn1-1-d-1-768x614.jpg 768w, https:\/\/thucpham.com\/vinacom\/wp-content\/uploads\/2020\/07\/lo-nuong-sogeco-6-khay-dung-dien-6xgn1-1-d-1-24x19.jpg 24w, https:\/\/thucpham.com\/vinacom\/wp-content\/uploads\/2020\/07\/lo-nuong-sogeco-6-khay-dung-dien-6xgn1-1-d-1-36x29.jpg 36w, https:\/\/thucpham.com\/vinacom\/wp-content\/uploads\/2020\/07\/lo-nuong-sogeco-6-khay-dung-dien-6xgn1-1-d-1-48x38.jpg 48w, https:\/\/thucpham.com\/vinacom\/wp-content\/uploads\/2020\/07\/lo-nuong-sogeco-6-khay-dung-dien-6xgn1-1-d-1-510x408.jpg 510w\" sizes=\"(max-width: 820px) 100vw, 820px\" title=\"\"><\/p>\n<p style=\"text-align: center;\"><em>Th\u00f4ng tin s\u1ea3n ph\u1ea9m <span style=\"font-weight: 400;\">lo\u0300 n\u01b0\u01a1\u0301ng Sogeco 6 khay du\u0300ng \u0111i\u1ec7n 6XGN1\/1 D<\/span><\/em><\/p>\n<h2><strong><span style=\"font-size: 85%;\">\u01afu \u0111i\u1ec3m lo\u0300 n\u01b0\u01a1\u0301ng Sogeco 6 khay du\u0300ng \u0111i\u1ec7n 6XGN1\/1 D<\/span><\/strong><\/h2>\n<p style=\"text-align: justify;\"><span style=\"font-weight: 400;\">V\u1edbi chi\u1ebfc l\u00f2 n\u01b0\u1edbng n\u00e0y, c\u00e1c \u0111\u1ea7u b\u1ebfp ch\u1ec9 c\u1ea7n thi\u1ebft l\u1eadp ch\u01b0\u01a1ng tr\u00ecnh n\u1ea5u ph\u00f9 h\u1ee3p r\u1ed3i cho th\u1ef1c ph\u1ea9m v\u00e0o v\u00e0 nh\u1ea5n n\u00fat, sau khi k\u1ebft th\u00fac ch\u01b0\u01a1ng tr\u00ecnh th\u00ec h\u1ec7 th\u1ed1ng t\u1ef1 ng\u1eaft ch\u00ednh v\u00ec v\u1eady ti\u1ebft ki\u1ec7m t\u1ed1i \u0111a th\u1eddi gian v\u00e0 c\u00f4ng s\u1ee9c cho ng\u01b0\u1eddi d\u00f9ng; t\u1ea5t c\u1ea3 c\u00e1c quy tr\u00ecnh \u0111\u1ec1u ho\u1ea1t \u0111\u1ed9ng t\u1ef1 \u0111\u1ed9ng. Kh\u00f4ng ch\u1ec9 v\u1eady, <strong>lo\u0300 n\u01b0\u01a1\u0301ng Sogeco 6 khay du\u0300ng \u0111i\u1ec7n 6XGN1\/1 D<\/strong>&nbsp;c\u00f2n c\u00f3 h\u1ec7 th\u1ed1ng v\u1ec7 sinh t\u1ef1 \u0111\u1ed9ng th\u00f4ng minh, ch\u1ec9 c\u1ea7n nh\u1ea5n n\u00fat l\u00e0 bu\u1ed3ng n\u01b0\u1edbng \u0111\u01b0\u1ee3c r\u1eeda v\u00e0 v\u1ec7 sinh s\u1ea1ch s\u1ebd.<\/span><\/p>\n<p style=\"text-align: justify;\"><span style=\"font-weight: 400;\">Ngo\u00e0i ra, l\u1edbp v\u1ecf ngo\u00e0i c\u1ee7a <strong>lo\u0300 n\u01b0\u01a1\u0301ng Sogeco 6 khay du\u0300ng \u0111i\u1ec7n 6XGN1\/1 D<\/strong> l\u00e0m b\u1eb1ng th\u00e9p kh\u00f4ng g\u1ec9, khay \u0111\u1ef1ng th\u00ec l\u00e0m b\u1eb1ng <a href=\"https:\/\/vi.wikipedia.org\/wiki\/Th%C3%A9p_kh%C3%B4ng_g%E1%BB%89\" target=\"_blank\" rel=\"noopener nofollow\" data-schema-attribute=\"\">inox 304<\/a> b\u1ec1n ch\u1eafc, an to\u00e0n. Bu\u1ed3ng \u0111\u1ed1t v\u00e0 qu\u1ea1t gia nhi\u1ec7t c\u0169ng \u0111\u1ec1u \u0111\u01b0\u1ee3c gia c\u00f4ng b\u1eb1ng inox 304, v\u1eeba ch\u1ecbu nhi\u1ec7t t\u1ed1t v\u1eeba ch\u1ed1ng g\u1ec9 v\u00e0 c\u00f3 tu\u1ed5i th\u1ecd l\u00e2u d\u00e0i. \u0110\u01b0\u1ee3c thi\u1ebft k\u1ebf t\u1eeb ch\u1ea5t li\u1ec7u cao c\u1ea5p, ch\u1ea5t l\u01b0\u1ee3ng, l\u00f2 Sogeco 6 khay d\u00f9ng \u0111i\u1ec7n 6XGN1\/1 D \u0111\u1ea3m b\u1ea3o ho\u1ea1t \u0111\u1ed9ng \u1ed5n \u0111\u1ecbnh, hi\u1ec7u qu\u1ea3 cao, hi\u1ebfm khi b\u1ecb h\u01b0 h\u1ecfng.<\/span><\/p>\n<p><span style=\"font-weight: 400;\">\u0110\u1ec3<\/span><span style=\"font-weight: 400;\"> t\u00ecm ra m\u1ed9t s\u1ea3n ph\u1ea9m <a href=\"https:\/\/thucpham.com\/bep-nuong-lo-nuong-cong-nghiep\/\">b\u1ebfp n\u01b0\u1edbng l\u00f2 n\u01b0\u1edbng c\u00f4ng nghi\u1ec7p<\/a> v\u1eeba c\u00f3 c\u00f4ng su\u1ea5t t\u1ed1t v\u1eeba ph\u1ea3i \u0111\u1ea3m b\u1ea3o an to\u00e0n, ti\u1ebft ki\u1ec7m chi ph\u00ed l\u00e0 kh\u00f4ng h\u1ec1 d\u1ec5 d\u00e0ng. Ch\u00ednh v\u00ec v\u1eady<\/span><em><span style=\"font-weight: 400;\"> Lo\u0300 n\u01b0\u01a1\u0301ng Sogeco 6 khay du\u0300ng \u0111i\u1ec7n 6XGN1\/1 D <\/span><\/em><span style=\"font-weight: 400;\">s\u1ebd l\u00e0 l\u1ef1a ch\u1ecdn ho\u00e0n h\u1ea3o cho c\u0103n b\u1ebfp c\u1ee7a b\u1ea1n. B\u1ea1n c\u0169ng c\u00f3 th\u1ec3 tham kh\u1ea3o th\u00eam c\u00e1c model c\u00f9ng ph\u00e2n kh\u00fac nh\u01b0: <span data-sheets-value=\"{&quot;1&quot;:2,&quot;2&quot;:&quot;Lo\u0300 N\u01b0\u01a1\u0301ng Sogeco 6 Khay Du\u0300ng \u0110i\u1ec7n 6XGN1\/1 P&quot;}\" data-sheets-userformat=\"{&quot;2&quot;:14466,&quot;4&quot;:{&quot;1&quot;:2,&quot;2&quot;:16777215},&quot;10&quot;:2,&quot;14&quot;:{&quot;1&quot;:2,&quot;2&quot;:0},&quot;15&quot;:&quot;Arial&quot;,&quot;16&quot;:10}\"><a href=\"https:\/\/thucpham.com\/lo-nuong-sogeco-6-khay-dung-dien-6xgn1-1-p\/\">Lo\u0300 N\u01b0\u01a1\u0301ng Sogeco 6 Khay Du\u0300ng \u0110i\u1ec7n 6XGN1\/1 P<\/a>, <a href=\"https:\/\/thucpham.com\/lo-nuong-sogeco-6-khay-dung-dien-6xgn1-1-m\/\">Lo\u0300 N\u01b0\u01a1\u0301ng Sogeco 6 Khay Du\u0300ng \u0110i\u1ec7n 6XGN1\/1 M<\/a>,&#8230;<\/span><\/span><\/p>\n","protected":false},"excerpt":{"rendered":"<ul>\n<li style=\"font-weight: 400;\"><span style=\"font-weight: 400;\">Ch\u1ebf \u0111\u1ed9 n\u01b0\u1edbng \u0111a n\u0103ng, nhanh ch\u00f3ng<\/span><\/li>\n<li style=\"font-weight: 400;\"><span style=\"font-weight: 400;\">Khay \u0111\u1ef1ng l\u00e0m b\u1eb1ng inox 304 n\u00ean \u0111\u1ea3m b\u1ea3o an to\u00e0n th\u1ef1c ph\u1ea9m<\/span><\/li>\n<li style=\"font-weight: 400;\"><span style=\"font-weight: 400;\">Ki\u1ec3m so\u00e1t \u0111\u1ed9 \u1ea9m v\u00e0 t\u1ed1c \u0111\u1ed9 kh\u00f4ng kh\u00ed \u1ed5n \u0111\u1ecbnh<\/span><\/li>\n<li style=\"font-weight: 400;\"><span style=\"font-weight: 400;\">H\u1ec7 th\u1ed1ng v\u1ec7 sinh l\u00f2 n\u01b0\u1edbng ho\u1ea1t \u0111\u1ed9ng t\u1ef1 \u0111\u1ed9ng<\/span><\/li>\n<li style=\"font-weight: 400;\"><span style=\"font-weight: 400;\">T\u00edch h\u1ee3p b\u1ea3ng \u0111i\u1ec1u khi\u1ec3n m\u00e0n h\u00ecnh c\u1ea3m \u1ee9ng<\/span><\/li>\n<li style=\"font-weight: 400;\"><span style=\"font-weight: 400;\">Ti\u1ebft ki\u1ec7m t\u1ed1i \u01b0u \u0111i\u1ec7n n\u0103ng ti\u00eau th\u1ee5 nh\u1edd b\u1ed9 ph\u1eadn c\u1ea3m bi\u1ebfn t\u1ea7n<\/span><\/li>\n<\/ul>\n","protected":false},"featured_media":36429,"comment_status":"open","ping_status":"closed","template":"","meta":[],"product_cat":[202,247],"product_tag":[],"_links":{"self":[{"href":"https:\/\/thucpham.com\/vinacom\/wp-json\/wp\/v2\/product\/9446"}],"collection":[{"href":"https:\/\/thucpham.com\/vinacom\/wp-json\/wp\/v2\/product"}],"about":[{"href":"https:\/\/thucpham.com\/vinacom\/wp-json\/wp\/v2\/types\/product"}],"replies":[{"embeddable":true,"href":"https:\/\/thucpham.com\/vinacom\/wp-json\/wp\/v2\/comments?post=9446"}],"wp:featuredmedia":[{"embeddable":true,"href":"https:\/\/thucpham.com\/vinacom\/wp-json\/wp\/v2\/media\/36429"}],"wp:attachment":[{"href":"https:\/\/thucpham.com\/vinacom\/wp-json\/wp\/v2\/media?parent=9446"}],"wp:term":[{"taxonomy":"product_cat","embeddable":true,"href":"https:\/\/thucpham.com\/vinacom\/wp-json\/wp\/v2\/product_cat?post=9446"},{"taxonomy":"product_tag","embeddable":true,"href":"https:\/\/thucpham.com\/vinacom\/wp-json\/wp\/v2\/product_tag?post=9446"}],"curies":[{"name":"wp","href":"https:\/\/api.w.org\/{rel}","templated":true}]}}