{"id":9443,"date":"2020-07-02T23:26:04","date_gmt":"2020-07-02T23:26:04","guid":{"rendered":"https:\/\/thucpham.com\/?post_type=product&#038;p=9443"},"modified":"2022-04-08T09:53:12","modified_gmt":"2022-04-08T02:53:12","slug":"lo-nuong-sogeco-6-khay-dung-dien-6xgn1-1-p","status":"publish","type":"product","link":"https:\/\/thucpham.com\/vinacom\/lo-nuong-sogeco-6-khay-dung-dien-6xgn1-1-p\/","title":{"rendered":"Lo\u0300 N\u01b0\u01a1\u0301ng Sogeco 6 Khay Du\u0300ng \u0110i\u1ec7n 6XGN1\/1 P"},"content":{"rendered":"<h2><strong><span style=\"font-size: 85%;\">Th\u00f4ng tin s\u1ea3n ph\u1ea9m<\/span><\/strong><\/h2>\n<p style=\"text-align: justify;\"><span style=\"font-weight: 400;\"><strong>Lo\u0300 n\u01b0\u01a1\u0301ng Sogeco 6 khay du\u0300ng \u0111i\u1ec7n 6XGN1\/1 P<\/strong> l\u00e0 m\u1ed9t trong nh\u1eefng thi\u1ebft b\u1ecb l\u00f2 n\u01b0\u1edbng c\u1ee7a th\u01b0\u01a1ng hi\u1ec7u Sogeco &#8211; \u00dd, \u0111ang \u0111\u01b0\u1ee3c \u01b0a chu\u1ed9ng tr\u00ean th\u1ecb tr\u01b0\u1eddng Vi\u1ec7t Nam b\u1edfi n\u00f3 kh\u00f4ng ch\u1ec9 n\u01b0\u1edbng \u0111\u01b0\u1ee3c th\u1ef1c ph\u1ea9m t\u01b0\u01a1i s\u1ed1ng m\u00e0 c\u00f2n h\u1ed7 tr\u1ee3 n\u01b0\u1edbng c\u1ea3 b\u00e1nh nh\u01b0 b\u00e1nh m\u00ec, b\u00e1nh trung thu, b\u00e1nh b\u00f4ng lan\u2026 D\u00f9 n\u01b0\u1edbng b\u1ea5t k\u1ef3 lo\u1ea1i th\u1ef1c ph\u1ea9m n\u00e0o th\u00ec l\u00f2 n\u01b0\u1edbng lu\u00f4n \u0111\u1ea3m b\u1ea3o cho ra th\u00e0nh ph\u1ea9m l\u00e0 nh\u1eefng m\u00f3n n\u01b0\u1edbng v\u00e0ng gi\u00f2n, \u0111\u1eb9p m\u1eaft, h\u1ea5p d\u1eabn.&nbsp;<\/span><\/p>\n<p><img class=\"size-full wp-image-11675 aligncenter\" src=\"https:\/\/thucpham.com\/wp-content\/uploads\/2020\/07\/lo-nuong-sogeco-6-khay-dung-dien-6xgn1-1-p-banner-1.jpg\" alt=\"lo-nuong-sogeco-6-khay-dung-dien-6xgn1-1-p\" width=\"820\" height=\"656\" srcset=\"https:\/\/thucpham.com\/vinacom\/wp-content\/uploads\/2020\/07\/lo-nuong-sogeco-6-khay-dung-dien-6xgn1-1-p-banner-1.jpg 820w, https:\/\/thucpham.com\/vinacom\/wp-content\/uploads\/2020\/07\/lo-nuong-sogeco-6-khay-dung-dien-6xgn1-1-p-banner-1-300x240.jpg 300w, https:\/\/thucpham.com\/vinacom\/wp-content\/uploads\/2020\/07\/lo-nuong-sogeco-6-khay-dung-dien-6xgn1-1-p-banner-1-768x614.jpg 768w, https:\/\/thucpham.com\/vinacom\/wp-content\/uploads\/2020\/07\/lo-nuong-sogeco-6-khay-dung-dien-6xgn1-1-p-banner-1-24x19.jpg 24w, https:\/\/thucpham.com\/vinacom\/wp-content\/uploads\/2020\/07\/lo-nuong-sogeco-6-khay-dung-dien-6xgn1-1-p-banner-1-36x29.jpg 36w, https:\/\/thucpham.com\/vinacom\/wp-content\/uploads\/2020\/07\/lo-nuong-sogeco-6-khay-dung-dien-6xgn1-1-p-banner-1-48x38.jpg 48w, https:\/\/thucpham.com\/vinacom\/wp-content\/uploads\/2020\/07\/lo-nuong-sogeco-6-khay-dung-dien-6xgn1-1-p-banner-1-510x408.jpg 510w\" sizes=\"(max-width: 820px) 100vw, 820px\" title=\"\"><\/p>\n<p style=\"text-align: center;\"><em>Th\u00f4ng tin s\u1ea3n ph\u1ea9m <span style=\"font-weight: 400;\">l\u00f2 n\u01b0\u1edbng Sogeco 6 khay d\u00f9ng \u0111i\u1ec7n&nbsp; 6XGN1\/1 P<\/span><\/em><\/p>\n<h2><span style=\"font-size: 85%;\"><strong>\u01afu \u0111i\u1ec3m lo\u0300 n\u01b0\u01a1\u0301ng Sogeco 6 khay du\u0300ng \u0111i\u1ec7n 6XGN1\/1 P<\/strong><\/span><\/h2>\n<p style=\"text-align: justify;\"><span style=\"font-weight: 400;\">Quy tr\u00ecnh n\u01b0\u1edbng th\u1ef1c ph\u1ea9m b\u1eb1ng <strong>lo\u0300 n\u01b0\u01a1\u0301ng Sogeco 6 khay du\u0300ng \u0111i\u1ec7n 6XGN1\/1 P<\/strong>&nbsp;ho\u00e0n to\u00e0n t\u1ef1 \u0111\u1ed9ng; ng\u01b0\u1eddi d\u00f9ng ch\u1ec9 c\u1ea7n thi\u1ebft l\u1eadp ch\u01b0\u01a1ng tr\u00ecnh tr\u00ean b\u1ea3ng \u0111i\u1ec1u khi\u1ec3n, r\u1ea5t d\u1ec5 s\u1eed d\u1ee5ng. B\u00ean trong bu\u1ed3ng n\u01b0\u1edbng c\u00f3 h\u1ec7 th\u1ed1ng gia nhi\u1ec7t gi\u00fap th\u1ef1c ph\u1ea9m ch\u00edn nhanh, \u0111\u1ec1u, khi k\u1ebft th\u00fac chu tr\u00ecnh l\u00e0m vi\u1ec7c th\u00ec h\u1ec7 th\u1ed1ng n\u00e0y t\u1ef1 \u0111\u1ed9ng ng\u1eaft. Bu\u1ed3ng n\u01b0\u1edbng c\u00f3 6 khay inox \u0111\u1ec3 n\u01b0\u1edbng \u0111\u01b0\u1ee3c nhi\u1ec1u lo\u1ea1i th\u1ef1c ph\u1ea9m ho\u1eb7c b\u1ea1n c\u00f3 th\u1ec3 th\u00e1o ra \u0111\u1ec3 n\u01b0\u1edbng c\u00e1c lo\u1ea1i \u0111\u1ed3 \u0103n c\u00f3 k\u00edch th\u01b0\u1edbc l\u1edbn m\u00e0 kh\u00f4ng c\u1ea7n d\u00f9ng khay. <\/span><\/p>\n<p style=\"text-align: justify;\"><span style=\"font-weight: 400;\">Th\u00e2n <strong>lo\u0300 n\u01b0\u01a1\u0301ng Sogeco 6 khay du\u0300ng \u0111i\u1ec7n 6XGN1\/1 P<\/strong>&nbsp;\u0111\u01b0\u1ee3c k\u1ebft c\u1ea5u b\u1eb1ng <a href=\"https:\/\/vi.wikipedia.org\/wiki\/Th%C3%A9p_kh%C3%B4ng_g%E1%BB%89\" target=\"_blank\" rel=\"noopener nofollow\" data-schema-attribute=\"\">th\u00e9p ch\u1ed1ng g\u1ec9<\/a>, ch\u1eafc ch\u1eafc, c\u1ee9ng c\u00e1p, kh\u00f4ng han g\u1ec9, bi\u1ebfn d\u1ea1ng trong qu\u00e1 tr\u00ecnh d\u00f9ng. C\u1eeda l\u00f2 \u0111\u01b0\u1ee3c l\u00e0m b\u1eb1ng k\u00ednh c\u01b0\u1eddng l\u1ef1c ch\u1ecbu nhi\u1ec7t cao, \u0111\u1eb7c bi\u1ec7t c\u1eeda k\u00ednh v\u1eabn kh\u00f4ng n\u1ee9t v\u1ee1 ngay c\u1ea3 khi khi l\u00f2 n\u01b0\u1edbng ho\u1ea1t \u0111\u1ed9ng \u1edf m\u1ee9c nhi\u1ec7t cao nh\u1ea5t l\u00e0 270 \u00b0C. S\u1ea3n ph\u1ea9m c\u00f2n trang b\u1ecb th\u00eam h\u1ec7 th\u1ed1ng r\u1eeda v\u00e0 v\u1ec7 sinh l\u00f2 n\u01b0\u1edbng t\u1ef1 \u0111\u1ed9ng th\u00f4ng minh.<\/span><\/p>\n<p><em><span style=\"font-weight: 400;\">Lo\u0300 n\u01b0\u01a1\u0301ng Sogeco 6 khay du\u0300ng \u0111i\u1ec7n 6XGN1\/1 P <\/span><\/em><span style=\"font-weight: 400;\">\u0111\u01b0\u1ee3c thi\u1ebft k\u1ebf v\u1edbi v\u1ecf ngo\u00e0i m\u00e0u \u0111en sang tr\u1ecdng, ch\u1ee9c n\u0103ng s\u1eed d\u1ee5ng d\u1ec5 d\u00e0ng, c\u00f4ng su\u1ea5t l\u1edbn, d\u1ec5 d\u00e0ng v\u1ec7 sinh s\u1ebd lu\u00f4n l\u00e0 l\u1ef1a ch\u1ecdn t\u1ed1i \u01b0u c\u1ee7a b\u1ea1n. H\u00e3y c\u00f9ng ThucPham.com tham kh\u1ea3o th\u00eam nhi\u1ec1u model <a href=\"https:\/\/thucpham.com\/bep-nuong-lo-nuong-cong-nghiep\/\">b\u1ebfp n\u01b0\u1edbng l\u00f2 n\u01b0\u1edbng c\u00f4ng nghi\u1ec7p<\/a> kh\u00e1c nh\u01b0: <span data-sheets-value=\"{&quot;1&quot;:2,&quot;2&quot;:&quot;Lo\u0300 N\u01b0\u01a1\u0301ng Sogeco 4 Khay 4XGN 1\/1&quot;}\" data-sheets-userformat=\"{&quot;2&quot;:14466,&quot;4&quot;:{&quot;1&quot;:2,&quot;2&quot;:16777215},&quot;10&quot;:2,&quot;14&quot;:{&quot;1&quot;:2,&quot;2&quot;:0},&quot;15&quot;:&quot;Arial&quot;,&quot;16&quot;:10}\"><a href=\"https:\/\/thucpham.com\/lo-nuong-sogeco-4-khay-4xgn-1-1\/\">Lo\u0300 N\u01b0\u01a1\u0301ng Sogeco 4 Khay 4XGN 1\/1<\/a>, <a href=\"https:\/\/thucpham.com\/lo-nuong-sogeco-6-khay-dung-dien-6xgn1-1-d\/\">Lo\u0300 N\u01b0\u01a1\u0301ng Sogeco 6 Khay Du\u0300ng \u0110i\u1ec7n 6XGN1\/1 D<\/a>,&#8230; \u0111\u1ec3 \u0111\u01b0a ra l\u1ef1a ch\u1ecdn \u0111\u00fang \u0111\u1eafn nh\u1ea5t.<\/span><\/span><\/p>\n","protected":false},"excerpt":{"rendered":"<ul>\n<li style=\"font-weight: 400;\"><span style=\"font-weight: 400;\">N\u01b0\u1edbng \u0111a d\u1ea1ng nhi\u1ec1u lo\u1ea1i th\u1ef1c ph\u1ea9m<\/span><\/li>\n<li style=\"font-weight: 400;\"><span style=\"font-weight: 400;\">H\u1ec7 th\u1ed1ng r\u1eeda, v\u1ec7 sinh l\u00f2 ho\u1ea1t \u0111\u1ed9ng \u0111\u1ed9c l\u1eadp m\u00e0 kh\u00f4ng c\u1ea7n gi\u00e1m s\u00e1t<\/span><\/li>\n<li style=\"font-weight: 400;\"><span style=\"font-weight: 400;\">M\u00e0n h\u00ecnh hi\u1ec3n th\u1ecb LCD<\/span><\/li>\n<li style=\"font-weight: 400;\"><span style=\"font-weight: 400;\">Qu\u00e1 tr\u00ecnh n\u01b0\u1edbng di\u1ec5n ra t\u1ef1 \u0111\u1ed9ng v\u1edbi ch\u01b0\u01a1ng tr\u00ecnh c\u00e0i \u0111\u1eb7t s\u1eb5n<\/span><\/li>\n<li style=\"font-weight: 400;\"><span style=\"font-weight: 400;\">Th\u00e2n l\u00f2 n\u01b0\u1edbng \u0111\u01b0\u1ee3c k\u1ebft c\u1ea5u b\u1eb1ng th\u00e9p ch\u1ed1ng g\u1ec9, ch\u1eafc ch\u1eafn<\/span><\/li>\n<\/ul>\n","protected":false},"featured_media":36434,"comment_status":"open","ping_status":"closed","template":"","meta":[],"product_cat":[202,247],"product_tag":[],"_links":{"self":[{"href":"https:\/\/thucpham.com\/vinacom\/wp-json\/wp\/v2\/product\/9443"}],"collection":[{"href":"https:\/\/thucpham.com\/vinacom\/wp-json\/wp\/v2\/product"}],"about":[{"href":"https:\/\/thucpham.com\/vinacom\/wp-json\/wp\/v2\/types\/product"}],"replies":[{"embeddable":true,"href":"https:\/\/thucpham.com\/vinacom\/wp-json\/wp\/v2\/comments?post=9443"}],"wp:featuredmedia":[{"embeddable":true,"href":"https:\/\/thucpham.com\/vinacom\/wp-json\/wp\/v2\/media\/36434"}],"wp:attachment":[{"href":"https:\/\/thucpham.com\/vinacom\/wp-json\/wp\/v2\/media?parent=9443"}],"wp:term":[{"taxonomy":"product_cat","embeddable":true,"href":"https:\/\/thucpham.com\/vinacom\/wp-json\/wp\/v2\/product_cat?post=9443"},{"taxonomy":"product_tag","embeddable":true,"href":"https:\/\/thucpham.com\/vinacom\/wp-json\/wp\/v2\/product_tag?post=9443"}],"curies":[{"name":"wp","href":"https:\/\/api.w.org\/{rel}","templated":true}]}}