{"id":9440,"date":"2020-07-02T23:22:54","date_gmt":"2020-07-02T23:22:54","guid":{"rendered":"https:\/\/thucpham.com\/?post_type=product&#038;p=9440"},"modified":"2024-03-13T08:45:51","modified_gmt":"2024-03-13T01:45:51","slug":"lo-nuong-sogeco-4-khay-4xgn-1-1","status":"publish","type":"product","link":"https:\/\/thucpham.com\/vinacom\/lo-nuong-sogeco-4-khay-4xgn-1-1\/","title":{"rendered":"Lo\u0300 N\u01b0\u01a1\u0301ng Sogeco 4 Khay 4XGN 1\/1"},"content":{"rendered":"<h2><strong><span style=\"font-size: 85%;\">Th\u00f4ng tin s\u1ea3n ph\u1ea9m<\/span><\/strong><\/h2>\n<p style=\"text-align: justify;\"><span style=\"font-weight: 400;\">V\u1edbi chi\u1ebfc <strong>lo\u0300 n\u01b0\u01a1\u0301ng Sogeco 4 khay 4XGN 1\/1<\/strong>, b\u1ea1n s\u1ebd kh\u00f4ng ph\u1ea3i m\u1ea5t th\u1eddi gian v\u00e0 t\u1ed1n c\u00f4ng s\u1ee9c \u0111\u1ec3 ch\u1ebf bi\u1ebfn nh\u1eefng m\u00f3n n\u01b0\u1edbng n\u1eefa. Thi\u1ebft b\u1ecb n\u00e0y g\u1ed3m 4 khay n\u01b0\u1edbng do v\u1eady cho ph\u00e9p b\u1ea1n n\u01b0\u1edbng \u0111\u01b0\u1ee3c nhi\u1ec1u lo\u1ea1i th\u1ef1c ph\u1ea9m trong c\u00f9ng m\u1ed9t m\u1ebb m\u00e0 v\u1eabn gi\u1eef cho m\u00f3n \u0103n lu\u00f4n ngon, h\u1ea5p d\u1eabn.<\/span><\/p>\n<p><img class=\"aligncenter wp-image-11677 size-full\" src=\"https:\/\/thucpham.com\/wp-content\/uploads\/2020\/07\/lo-nuong-sogeco-4-khay-4xgn-1-1-banner.jpg\" alt=\"lo\u0300 n\u01b0\u01a1\u0301ng Sogeco 4 khay 4XGN 1\/1\" width=\"820\" height=\"656\" srcset=\"https:\/\/thucpham.com\/vinacom\/wp-content\/uploads\/2020\/07\/lo-nuong-sogeco-4-khay-4xgn-1-1-banner.jpg 820w, https:\/\/thucpham.com\/vinacom\/wp-content\/uploads\/2020\/07\/lo-nuong-sogeco-4-khay-4xgn-1-1-banner-300x240.jpg 300w, https:\/\/thucpham.com\/vinacom\/wp-content\/uploads\/2020\/07\/lo-nuong-sogeco-4-khay-4xgn-1-1-banner-768x614.jpg 768w, https:\/\/thucpham.com\/vinacom\/wp-content\/uploads\/2020\/07\/lo-nuong-sogeco-4-khay-4xgn-1-1-banner-24x19.jpg 24w, https:\/\/thucpham.com\/vinacom\/wp-content\/uploads\/2020\/07\/lo-nuong-sogeco-4-khay-4xgn-1-1-banner-36x29.jpg 36w, https:\/\/thucpham.com\/vinacom\/wp-content\/uploads\/2020\/07\/lo-nuong-sogeco-4-khay-4xgn-1-1-banner-48x38.jpg 48w, https:\/\/thucpham.com\/vinacom\/wp-content\/uploads\/2020\/07\/lo-nuong-sogeco-4-khay-4xgn-1-1-banner-510x408.jpg 510w\" sizes=\"(max-width: 820px) 100vw, 820px\" title=\"\"><\/p>\n<p style=\"text-align: center;\"><em>Th\u00f4ng tin s\u1ea3n ph\u1ea9m lo\u0300 n\u01b0\u01a1\u0301ng Sogeco 4 khay 4XGN 1\/1<\/em><\/p>\n<h2><span style=\"font-size: 85%;\"><strong>\u01afu \u0111i\u1ec3m lo\u0300 n\u01b0\u01a1\u0301ng Sogeco 4 khay 4XGN 1\/1<\/strong><\/span><\/h2>\n<p style=\"text-align: justify;\"><span style=\"font-weight: 400;\">Gi\u1ed1ng nh\u01b0 c\u00e1c lo\u1ea1i l\u00f2 n\u01b0\u1edbng Sogeco kh\u00e1c, l\u00f2 4 khay 4XGN 1\/1 c\u0169ng c\u00f3 b\u1ea3ng \u0111i\u1ec1u khi\u1ec3n nhi\u1ec7t \u0111\u1ed9 b\u1eb1ng c\u01a1, c\u00e1c n\u00fam v\u1eb7n v\u00e0 c\u00e1c m\u1ee9c \u0111\u1ed9 hi\u1ec3n th\u1ecb \u0111\u00e8n LED linh ho\u1ea1t, r\u00f5 r\u00e0ng.Ngo\u00e0i ra, <strong>lo\u0300 n\u01b0\u01a1\u0301ng Sogeco 4 khay 4XGN 1\/1<\/strong><\/span><span style=\"font-weight: 400;\">&nbsp;c\u00f2n \u0111\u01b0\u1ee3c trang b\u1ecb th\u00eam b\u1ed9 ph\u1ea7n \u0111\u1ea7u d\u00f2 th\u1ef1c ph\u1ea9m gi\u00fap b\u1ea1n ki\u1ec3m so\u00e1t ch\u00ednh x\u00e1c nhi\u1ec7t \u0111\u1ed9 ch\u00eanh l\u1ec7ch trong bu\u1ed3ng n\u01b0\u1edbng, t\u1ef1 \u0111\u1ed9ng ng\u1eaft khi \u0111\u1ea1t \u0111\u01b0\u1ee3c c\u00e1c th\u00f4ng s\u1ed1 mong mu\u1ed1n c\u1ee7a m\u00f3n \u0103n.<\/span><\/p>\n<p style=\"text-align: justify;\"><span style=\"font-weight: 400;\">Ch\u1ed1t kh\u00f3a \u0111\u01b0\u1ee3c l\u00e0m ch\u1eafc ch\u1eafn k\u1ebft h\u1ee3p v\u1edbi gio\u0103ng cao su gi\u00fap c\u1eeda l\u00f2 lu\u00f4n \u0111\u01b0\u1ee3c kh\u00f3a ch\u1eafc v\u00e0 ng\u0103n ch\u1eb7n s\u1ef1 th\u1ea5t tho\u00e1t nhi\u1ec7t ra b\u00ean ngo\u00e0i trong qu\u00e1 tr\u00ecnh m\u00e1y ho\u1ea1t \u0111\u1ed9ng. Th\u00eam v\u00e0o \u0111\u00f3, <strong>lo\u0300 n\u01b0\u01a1\u0301ng Sogeco 4 khay 4XGN 1\/1<\/strong><\/span><span style=\"font-weight: 400;\">&nbsp;c\u00f3 qu\u1ea1t \u0111\u1ed1i l\u01b0u lu\u00e2n chuy\u1ec3n li\u00ean t\u1ee5c nhi\u1ec7t gi\u00fap cho l\u01b0\u1ee3ng nhi\u1ec7t lan t\u1ecfa \u0111\u1ec1u ra kh\u1eafp l\u00f2 \u0111\u1ea3m b\u1ea3o th\u1ef1c ph\u1ea9m ch\u00edn v\u00e0ng v\u00e0 th\u01a1m ngon h\u01a1n.<\/span><\/p>\n<p style=\"text-align: justify;\"><span style=\"font-weight: 400;\">Khoang l\u00f2 c\u00f9ng c\u00e1c ph\u1ee5 ki\u1ec7n \u0111i k\u00e8m b\u00ean trong khoang \u0111\u1ec1u \u0111\u01b0\u1ee3c l\u00e0m ho\u00e0n to\u00e0n b\u1eb1ng <a href=\"https:\/\/vi.wikipedia.org\/wiki\/Th%C3%A9p_kh%C3%B4ng_g%E1%BB%89\" target=\"_blank\" rel=\"noopener nofollow\" data-schema-attribute=\"\">inox cao c\u1ea5p<\/a> kh\u00f4ng han g\u1ec9, b\u1ec1n b\u1ec9 theo th\u1eddi gian, d\u1ec5 lau ch\u00f9i v\u00e0 v\u1ec7 sinh.&nbsp;C\u1eeda l\u00f2 c\u00f3 k\u00ednh ch\u1ecbu nhi\u1ec7t, ch\u1ecbu l\u1ef1c t\u1ed1t, d\u1ec5 d\u00e0ng quan s\u00e1t qu\u00e1 tr\u00ecnh th\u1ef1c ph\u1ea9m ch\u00edn trong l\u00f2.&nbsp;<\/span><span style=\"font-weight: 400;\">B\u00ean c\u1ea1nh \u0111\u00f3, <strong>lo\u0300 n\u01b0\u01a1\u0301ng Sogeco 4 khay 4XGN 1\/1<\/strong><\/span><span style=\"font-weight: 400;\">&nbsp;c\u00f2n \u0111\u01b0\u1ee3c thi\u1ebft k\u1ebf h\u1ec7 th\u1ed1ng t\u1ef1 l\u00e0m s\u1ea1ch l\u00f2 v\u1edbi c\u00e1c v\u00f2i phun b\u00ean trong. Nh\u1edd c\u00f3 h\u1ec7 th\u1ed1ng t\u1ef1 \u0111\u1ed9ng v\u1ec7 sinh n\u00e0y m\u00e0 l\u00f2 n\u01b0\u1edbng lu\u00f4n \u0111\u01b0\u1ee3c s\u1ea1ch s\u1ebd, \u0111\u1ea3m b\u1ea3o v\u1ec7 sinh v\u00e0 gi\u00fap t\u0103ng tu\u1ed5i th\u1ecd c\u1ee7a l\u00f2.<\/span><\/p>\n<p><em><span style=\"font-weight: 400;\">Lo\u0300 n\u01b0\u01a1\u0301ng Sogeco 4 khay 4XGN 1\/1 <\/span><\/em><span style=\"font-weight: 400;\">v\u1edbi thi\u1ebft k\u1ebf sang tr\u1ecdng, linh ho\u1ea1t trong ch\u1ebf bi\u1ebfn v\u00e0 an to\u00e0n khi s\u1eed d\u1ee5ng s\u1ebd lu\u00f4n l\u00e0 l\u1ef1a ch\u1ecdn h\u00e0ng \u0111\u1ea7u cho c\u0103n b\u1ebfp c\u00f4ng nghi\u1ec7p c\u1ee7a b\u1ea1n. B\u1ea1n c\u0169ng c\u00f3 th\u1ec3 tham kh\u1ea3o th\u00eam nhi\u1ec1u model <a href=\"https:\/\/thucpham.com\/bep-nuong-lo-nuong-cong-nghiep\/\">b\u1ebfp n\u01b0\u1edbng l\u00f2 n\u01b0\u1edbng c\u00f4ng nghi\u1ec7p<\/a> m\u00e0 ThucPham.com \u0111ang cung c\u1ea5p nh\u01b0: <span data-sheets-value=\"{&quot;1&quot;:2,&quot;2&quot;:&quot;Lo\u0300 N\u01b0\u01a1\u0301ng Sogeco 6 Khay Du\u0300ng \u0110i\u1ec7n 6XGN1\/1 P&quot;}\" data-sheets-userformat=\"{&quot;2&quot;:14466,&quot;4&quot;:{&quot;1&quot;:2,&quot;2&quot;:16777215},&quot;10&quot;:2,&quot;14&quot;:{&quot;1&quot;:2,&quot;2&quot;:0},&quot;15&quot;:&quot;Arial&quot;,&quot;16&quot;:10}\"><a href=\"https:\/\/thucpham.com\/lo-nuong-sogeco-6-khay-dung-dien-6xgn1-1-p\/\">Lo\u0300 N\u01b0\u01a1\u0301ng Sogeco 6 Khay Du\u0300ng \u0110i\u1ec7n 6XGN1\/1 P<\/a> hay c\u00f4ng su\u1ea5t l\u1edbn h\u01a1n h\u1eb3n nh\u01b0 <a href=\"https:\/\/thucpham.com\/lo-nuong-sogeco-20-khay-20xgn-2-1\/\">L\u00f2 N\u01b0\u1edbng Sogeco 20 Khay 20XGN 2\/1<\/a>,&#8230;<\/span><\/span><\/p>\n","protected":false},"excerpt":{"rendered":"<ul>\n<li style=\"font-weight: 400;\"><span style=\"font-weight: 400;\">4 khay n\u01b0\u1edbng gi\u00fap n\u01b0\u1edbng \u0111a d\u1ea1ng th\u1ef1c ph\u1ea9m<\/span><\/li>\n<li style=\"font-weight: 400;\"><span style=\"font-weight: 400;\">H\u1ec7 th\u1ed1ng t\u1ef1 \u0111\u1ed9ng v\u1ec7 sinh, l\u00e0m s\u1ea1ch bu\u1ed3ng n\u01b0\u1edbng<\/span><\/li>\n<li style=\"font-weight: 400;\"><span style=\"font-weight: 400;\">\u0110\u1ea7u d\u00f2 gi\u00fap ki\u1ec3m so\u00e1t th\u01b0\u0323c ph\u1ea9m m\u00e0 kh\u00f4ng \u1ea3nh h\u01b0\u1edfng \u0111\u1ebfn ch\u1ea5t l\u01b0\u1ee3ng<\/span><\/li>\n<li style=\"font-weight: 400;\"><span style=\"font-weight: 400;\">C\u00e0i \u0111\u1eb7t v\u00e0 l\u01b0u tr\u1eef \u0111\u01b0\u1ee3c 5 ch\u01b0\u01a1ng tr\u00ecnh n\u01b0\u1edbng t\u1ef1 \u0111\u1ed9ng<\/span><\/li>\n<li style=\"font-weight: 400;\"><span style=\"font-weight: 400;\">C\u1eeda l\u00f2 c\u00f3 k\u00ednh ch\u1ecbu nhi\u1ec7t, ch\u1ecbu l\u1ef1c t\u1ed1t<\/span><\/li>\n<\/ul>\n","protected":false},"featured_media":36424,"comment_status":"open","ping_status":"closed","template":"","meta":[],"product_cat":[202,247],"product_tag":[],"_links":{"self":[{"href":"https:\/\/thucpham.com\/vinacom\/wp-json\/wp\/v2\/product\/9440"}],"collection":[{"href":"https:\/\/thucpham.com\/vinacom\/wp-json\/wp\/v2\/product"}],"about":[{"href":"https:\/\/thucpham.com\/vinacom\/wp-json\/wp\/v2\/types\/product"}],"replies":[{"embeddable":true,"href":"https:\/\/thucpham.com\/vinacom\/wp-json\/wp\/v2\/comments?post=9440"}],"wp:featuredmedia":[{"embeddable":true,"href":"https:\/\/thucpham.com\/vinacom\/wp-json\/wp\/v2\/media\/36424"}],"wp:attachment":[{"href":"https:\/\/thucpham.com\/vinacom\/wp-json\/wp\/v2\/media?parent=9440"}],"wp:term":[{"taxonomy":"product_cat","embeddable":true,"href":"https:\/\/thucpham.com\/vinacom\/wp-json\/wp\/v2\/product_cat?post=9440"},{"taxonomy":"product_tag","embeddable":true,"href":"https:\/\/thucpham.com\/vinacom\/wp-json\/wp\/v2\/product_tag?post=9440"}],"curies":[{"name":"wp","href":"https:\/\/api.w.org\/{rel}","templated":true}]}}