{"id":9432,"date":"2020-07-02T23:14:27","date_gmt":"2020-07-02T23:14:27","guid":{"rendered":"https:\/\/thucpham.com\/?post_type=product&#038;p=9432"},"modified":"2022-04-08T09:15:52","modified_gmt":"2022-04-08T02:15:52","slug":"lo-nuong-sogeco-20-khay-20xgn-2-1","status":"publish","type":"product","link":"https:\/\/thucpham.com\/vinacom\/lo-nuong-sogeco-20-khay-20xgn-2-1\/","title":{"rendered":"L\u00f2 N\u01b0\u1edbng Sogeco 20 Khay 20XGN 2\/1"},"content":{"rendered":"<h2><strong><span style=\"font-size: 85%;\">Th\u00f4ng tin s\u1ea3n ph\u1ea9m<\/span><\/strong><\/h2>\n<p style=\"text-align: justify;\"><span style=\"font-weight: 400;\">B\u1ea1n \u0111ang kinh doanh \u0111\u1ed3 n\u01b0\u1edbng? B\u1ea1n \u0111ang t\u00ecm ki\u1ebfm s\u1ea3n ph\u1ea9m l\u00f2 n\u01b0\u1edbng \u0111\u1ec3 gi\u00fap gi\u1ea3i ph\u00f3ng s\u1ee9c lao \u0111\u1ed9ng cho nh\u00e2n vi\u00ean c\u1ee7a m\u00ecnh? Kh\u00f4ng c\u1ea7n t\u00ecm \u0111\u00e2u xa,<\/span> <b>l\u00f2 n\u01b0\u1edbng Sogeco 20 khay 20XGN 2\/1<\/b><span style=\"font-weight: 400;\"> \u0111\u1ebfn t\u1eeb th\u01b0\u01a1ng hi\u1ec7u Sogeco &#8211; \u00dd, s\u1ebd \u0111\u00e1p \u1ee9ng m\u1ecdi ti\u00eau ch\u00ed m\u00e0 b\u1ea1n \u0111\u1ec1 ra. V\u1edbi thi\u1ebft k\u1ebf 20 khay n\u01b0\u1edbng, s\u1ea3n ph\u1ea9m n\u00e0y s\u1ebd gi\u00fap b\u1ea1n n\u01b0\u1edbng \u0111\u01b0\u1ee3c nhi\u1ec1u lo\u1ea1i th\u1ef1c ph\u1ea9m v\u1edbi nhi\u1ec1u k\u00edch c\u1ee1 kh\u00e1c nhau c\u00f9ng l\u00fac m\u00e0 kh\u00f4ng t\u1ed1n nhi\u1ec1u th\u1eddi gian, c\u00f4ng s\u1ee9c.&nbsp;<\/span><\/p>\n<p><img class=\"size-full wp-image-11662 aligncenter\" src=\"https:\/\/thucpham.com\/wp-content\/uploads\/2020\/07\/lo-nuong-sogeco-20-khay-20xgn-2-1-banner.jpg\" alt=\"lo-nuong-sogeco-20-khay-20xgn-2-1\" width=\"820\" height=\"656\" srcset=\"https:\/\/thucpham.com\/vinacom\/wp-content\/uploads\/2020\/07\/lo-nuong-sogeco-20-khay-20xgn-2-1-banner.jpg 820w, https:\/\/thucpham.com\/vinacom\/wp-content\/uploads\/2020\/07\/lo-nuong-sogeco-20-khay-20xgn-2-1-banner-300x240.jpg 300w, https:\/\/thucpham.com\/vinacom\/wp-content\/uploads\/2020\/07\/lo-nuong-sogeco-20-khay-20xgn-2-1-banner-768x614.jpg 768w, https:\/\/thucpham.com\/vinacom\/wp-content\/uploads\/2020\/07\/lo-nuong-sogeco-20-khay-20xgn-2-1-banner-24x19.jpg 24w, https:\/\/thucpham.com\/vinacom\/wp-content\/uploads\/2020\/07\/lo-nuong-sogeco-20-khay-20xgn-2-1-banner-36x29.jpg 36w, https:\/\/thucpham.com\/vinacom\/wp-content\/uploads\/2020\/07\/lo-nuong-sogeco-20-khay-20xgn-2-1-banner-48x38.jpg 48w, https:\/\/thucpham.com\/vinacom\/wp-content\/uploads\/2020\/07\/lo-nuong-sogeco-20-khay-20xgn-2-1-banner-510x408.jpg 510w\" sizes=\"(max-width: 820px) 100vw, 820px\" title=\"\"><\/p>\n<h2><span style=\"font-size: 85%;\"><strong>\u01afu \u0111i\u1ec3m l\u00f2 n\u01b0\u1edbng Sogeco 20 khay 20XGN 2\/1<\/strong><\/span><\/h2>\n<p style=\"text-align: justify;\"><span style=\"font-weight: 400;\">M\u1ed9t trong nh\u1eefng \u0111i\u1ec3m n\u1ed5i b\u1eadt c\u1ee7a <strong>l\u00f2 n\u01b0\u1edbng Sogeco 20 khay 20XGN 2\/1<\/strong> l\u00e0 \u0111\u01b0\u1ee3c trang b\u1ecb b\u1ed9 ph\u1eadn \u0111\u1ea7u d\u00f2 th\u1ef1c ph\u1ea9m c\u00f9ng v\u1edbi h\u1ec7 th\u1ed1ng ki\u1ec3m so\u00e1t \u0111\u1ed9 \u1ea9m th\u00f4ng minh. \u0110\u1ea7u d\u00f2 s\u1ebd truy\u1ec1n t\u00edn hi\u1ec7u v\u1ec1 h\u1ec7 th\u1ed1ng v\u1eadn h\u00e0nh c\u1ee7a l\u00f2 n\u01b0\u1edbng khi nhi\u1ec7t \u0111\u1ed9 c\u00f9ng c\u00e1c th\u00f4ng s\u1ed1 ho\u1ea1t \u0111\u1ed9ng trong m\u00e1y \u0111\u1ea1t m\u1ee9c y\u00eau c\u1ea7u. B\u1ea1n s\u1ebd kh\u00f4ng c\u1ea7n m\u1ea5t th\u1eddi gian \u0111\u1ec3 canh l\u00f2 n\u01b0\u1edbng n\u1eefa v\u00ec \u0111\u00e3 c\u00f3 b\u1ed9 ph\u1eadn \u0111\u1ea7u d\u00f2 th\u1ef1c ph\u1ea9m l\u00e0m vi\u1ec7c hi\u1ec7u qu\u1ea3 v\u00e0 ch\u00ednh x\u00e1c.<\/span><\/p>\n<p style=\"text-align: justify;\"><span style=\"font-weight: 400;\">\u0110\u1eb7c bi\u1ec7t, khay <a href=\"https:\/\/vi.wikipedia.org\/wiki\/Th%C3%A9p_kh%C3%B4ng_g%E1%BB%89\" target=\"_blank\" rel=\"noopener nofollow\" data-schema-attribute=\"\">inox<\/a> \u0111\u1ef1ng th\u1ef1c ph\u1ea9m c\u00f3 lo\u1ea1i ch\u1ea3o teflon, ch\u1ea3o nh\u00f4m ph\u1eb3ng, v\u1ec9 n\u01b0\u1edbng; pan chi\u00ean khoai, khay n\u01b0\u1edbng g\u00e0, v\u1ecbt nguy\u00ean con, cho ph\u00e9p b\u1ea1n ch\u1ebf bi\u1ebfn nhi\u1ec1u m\u00f3n n\u01b0\u1edbng kh\u00e1c nhau. C\u1eeda l\u00f2 n\u01b0\u1edbng c\u00f3 k\u00ednh c\u01b0\u1eddng l\u1ef1c, kh\u00f4ng nh\u1eefng gi\u00fap quan s\u00e1t khoang n\u01b0\u1edbng d\u1ec5 d\u00e0ng h\u01a1n m\u00e0 c\u00f2n t\u0103ng th\u00eam v\u1ebb sang tr\u1ecdng b\u1eaft m\u1eaft cho l\u00f2 n\u01b0\u1edbng. <strong>L\u00f2 n\u01b0\u1edbng Sogeco 20 khay 20XGN 2\/1<\/strong> c\u00f2n \u0111\u01b0\u1ee3c trang b\u1ecb b\u00e1nh xe \u0111\u1ea9y b\u1eb1ng th\u00e9p c\u1ef1c k\u1ef3 ch\u1eafc ch\u1eafn, linh ho\u1ea1t v\u1eadn chuy\u1ec3n c\u00e1c khay n\u01b0\u1edbng \u0111\u1ef1ng \u0111\u1ea7y th\u1ef1c ph\u1ea9m.<\/span><\/p>\n<p style=\"text-align: justify;\"><span style=\"font-weight: 400;\">Ngo\u00e0i ra, <strong>l\u00f2 n\u01b0\u1edbng Sogeco 20 khay 20XGN 2\/1<\/strong> c\u00f2n c\u00f3 b\u1ea3ng \u0111i\u1ec1u khi\u1ec3n nhi\u1ec7t \u0111\u1ed9 b\u00ean ngo\u00e0i d\u1ec5 d\u00e0ng \u0111i\u1ec1u ch\u1ec9nh v\u00e0 ho\u1ea1t \u0111\u1ed9ng r\u1ea5t ch\u00ednh x\u00e1c. C\u00e1c qu\u1ea1t gi\u00fap lan t\u1ecfa h\u01a1i n\u00f3ng \u0111\u1ec1u gi\u00fap th\u1ef1c ph\u1ea9m ch\u00edn \u0111\u1ec1u, v\u00e0ng gi\u00f2n b\u1eaft m\u1eaft.<\/span><\/p>\n<p><em><span style=\"font-weight: 400;\">L\u00f2 n\u01b0\u1edbng Sogeco 20 khay 20XGN 2\/1 <\/span><\/em><span style=\"font-weight: 400;\">l\u00e0 m\u1ed9t trong nh\u1eefng s\u1ea3n ph\u1ea9m <a href=\"https:\/\/thucpham.com\/bep-nuong-lo-nuong-cong-nghiep\/\">b\u1ebfp n\u01b0\u1edbng l\u00f2 n\u01b0\u1edbng c\u00f4ng nghi\u1ec7p<\/a> \u0111\u01b0\u1ee3c c\u00e1c nh\u00e0 h\u00e0ng, kh\u00e1ch s\u1ea1n l\u1edbn l\u1ef1a ch\u1ecdn b\u1edfi nh\u1eefng t\u00ednh n\u0103ng \u01b0u vi\u1ec7t v\u00e0 c\u00f4ng su\u1ea5t t\u1ed1i \u01b0u c\u1ee7a n\u00f3. B\u1ea1n c\u0169ng c\u00f3 th\u1ec3 tham kh\u1ea3o th\u00eam model <span data-sheets-value=\"{&quot;1&quot;:2,&quot;2&quot;:&quot;L\u00f2 N\u01b0\u1edbng Sogeco 20 Khay 20XGN 1\/1&quot;}\" data-sheets-userformat=\"{&quot;2&quot;:14466,&quot;4&quot;:{&quot;1&quot;:2,&quot;2&quot;:16777215},&quot;10&quot;:2,&quot;14&quot;:{&quot;1&quot;:2,&quot;2&quot;:0},&quot;15&quot;:&quot;Arial&quot;,&quot;16&quot;:10}\"><a href=\"https:\/\/thucpham.com\/lo-nuong-sogeco-20-khay-20xgn-1-1\/\">L\u00f2 N\u01b0\u1edbng Sogeco 20 Khay 20XGN 1\/1<\/a> c\u00f9ng ph\u00e2n kh\u00fac hay model <a href=\"https:\/\/thucpham.com\/lo-nuong-sogeco-10-khay-10xgn-2-1-hoi-nuoc-truc-tiep\/\">L\u00f2 N\u01b0\u1edbng Sogeco 10 Khay 10XGN 2\/1 H\u01a1i N\u01b0\u1edbc Tr\u1ef1c Ti\u1ebfp<\/a> v\u1edbi c\u00f4ng su\u1ea5t v\u00e0 c\u00e1ch th\u1ee9c kh\u00e1c h\u01a1n m\u1ed9t ch\u00fat.<\/span><\/span><\/p>\n","protected":false},"excerpt":{"rendered":"<ul>\n<li style=\"font-weight: 400;\"><span style=\"font-weight: 400;\">B\u00e1nh xe \u0111\u1ea9y b\u1eb1ng th\u00e9p ch\u1eafc ch\u1eafn, di chuy\u1ec3n d\u1ec5 d\u00e0ng<\/span><\/li>\n<li style=\"font-weight: 400;\"><span style=\"font-weight: 400;\">N\u01b0\u1edbng nhi\u1ec1u th\u1ef1c ph\u1ea9m v\u1edbi k\u00edch c\u1ee1 to nh\u1ecf v\u1edbi 20 khay n\u01b0\u1edbng r\u1ed9ng<\/span><\/li>\n<li style=\"font-weight: 400;\"><span style=\"font-weight: 400;\">\u0110\u1ea7u d\u00f2 th\u1ef1c ph\u1ea9m l\u00e0m vi\u1ec7c hi\u1ec7u qu\u1ea3, ch\u00ednh x\u00e1c<\/span><\/li>\n<li style=\"font-weight: 400;\"><span style=\"font-weight: 400;\">D\u1ec5 d\u00e0ng thi\u1ebft l\u1eadp nhi\u1ec1u ch\u01b0\u01a1ng tr\u00ecnh n\u01b0\u1edbng t\u1ef1 \u0111\u1ed9ng<\/span><\/li>\n<li style=\"font-weight: 400;\"><span style=\"font-weight: 400;\">H\u1ec7 th\u1ed1ng t\u1ef1 \u0111\u1ed9ng l\u00e0m s\u1ea1ch l\u00f2 nhanh g\u1ecdn, \u0111\u01a1n gi\u1ea3n<\/span><\/li>\n<\/ul>\n","protected":false},"featured_media":36409,"comment_status":"open","ping_status":"closed","template":"","meta":[],"product_cat":[202,247],"product_tag":[],"_links":{"self":[{"href":"https:\/\/thucpham.com\/vinacom\/wp-json\/wp\/v2\/product\/9432"}],"collection":[{"href":"https:\/\/thucpham.com\/vinacom\/wp-json\/wp\/v2\/product"}],"about":[{"href":"https:\/\/thucpham.com\/vinacom\/wp-json\/wp\/v2\/types\/product"}],"replies":[{"embeddable":true,"href":"https:\/\/thucpham.com\/vinacom\/wp-json\/wp\/v2\/comments?post=9432"}],"wp:featuredmedia":[{"embeddable":true,"href":"https:\/\/thucpham.com\/vinacom\/wp-json\/wp\/v2\/media\/36409"}],"wp:attachment":[{"href":"https:\/\/thucpham.com\/vinacom\/wp-json\/wp\/v2\/media?parent=9432"}],"wp:term":[{"taxonomy":"product_cat","embeddable":true,"href":"https:\/\/thucpham.com\/vinacom\/wp-json\/wp\/v2\/product_cat?post=9432"},{"taxonomy":"product_tag","embeddable":true,"href":"https:\/\/thucpham.com\/vinacom\/wp-json\/wp\/v2\/product_tag?post=9432"}],"curies":[{"name":"wp","href":"https:\/\/api.w.org\/{rel}","templated":true}]}}