{"id":9429,"date":"2020-07-02T23:08:30","date_gmt":"2020-07-02T23:08:30","guid":{"rendered":"https:\/\/thucpham.com\/?post_type=product&#038;p=9429"},"modified":"2022-04-08T08:42:17","modified_gmt":"2022-04-08T01:42:17","slug":"lo-nuong-banh-mi-4-ngan-berjaya-bjy-t4-dung-dien","status":"publish","type":"product","link":"https:\/\/thucpham.com\/vinacom\/lo-nuong-banh-mi-4-ngan-berjaya-bjy-t4-dung-dien\/","title":{"rendered":"L\u00f2 N\u01b0\u1edbng B\u00e1nh M\u00ec 4 Ng\u0103n Berjaya BJY-T4 D\u00f9ng \u0110i\u1ec7n"},"content":{"rendered":"<h2><strong><span style=\"font-size: 85%;\">Th\u00f4ng tin s\u1ea3n ph\u1ea9m<\/span><\/strong><\/h2>\n<p style=\"text-align: justify;\"><span style=\"font-weight: 400;\"><strong>L\u00f2 n\u01b0\u1edbng b\u00e1nh m\u00ec 4 ng\u0103n Berjaya BJY-T4 d\u00f9ng \u0111i\u1ec7n<\/strong> \u0111\u01b0\u1ee3c nh\u1eadp kh\u1ea9u nguy\u00ean chi\u1ebfc t\u1eeb Malaysia, d\u1ec5 d\u00e0ng s\u1eed d\u1ee5ng v\u00e0 ki\u1ec3m so\u00e1t, \u0111i\u1ec1u ch\u1ec9nh nhi\u1ec7t \u0111\u1ed9 m\u00e1y, th\u00edch h\u1ee3p d\u00f9ng trong ti\u1ec7c buffet \u0103n s\u00e1ng c\u1ee7a c\u00e1c resort, kh\u00e1ch s\u1ea1n hay nh\u00e0 h\u00e0ng. C\u00f3 k\u00edch th\u01b0\u1edbc 300x230x220 mm v\u00e0 tr\u1ecdng l\u01b0\u1ee3ng ch\u1ec9 4 kg, l\u00f2 n\u01b0\u1edbng b\u00e1nh m\u00ec Berjaya BJY-T4 r\u1ea5t nh\u1ecf g\u1ecdn, thu\u1eadn ti\u1ec7n l\u1eafp \u0111\u1eb7t \u1edf nhi\u1ec1u kh\u00f4ng gian kh\u00e1c nhau.<\/span><\/p>\n<p><img class=\"size-full wp-image-11749 aligncenter\" src=\"https:\/\/thucpham.com\/wp-content\/uploads\/2020\/07\/lo-nuong-banh-mi-4-ngan-berjaya-bjy-t4-dung-dien-banner.jpg\" alt=\"lo-nuong-banh-mi-4-ngan-berjaya-bjy-t4-dung-dien\" width=\"820\" height=\"656\" srcset=\"https:\/\/thucpham.com\/vinacom\/wp-content\/uploads\/2020\/07\/lo-nuong-banh-mi-4-ngan-berjaya-bjy-t4-dung-dien-banner.jpg 820w, https:\/\/thucpham.com\/vinacom\/wp-content\/uploads\/2020\/07\/lo-nuong-banh-mi-4-ngan-berjaya-bjy-t4-dung-dien-banner-300x240.jpg 300w, https:\/\/thucpham.com\/vinacom\/wp-content\/uploads\/2020\/07\/lo-nuong-banh-mi-4-ngan-berjaya-bjy-t4-dung-dien-banner-768x614.jpg 768w, https:\/\/thucpham.com\/vinacom\/wp-content\/uploads\/2020\/07\/lo-nuong-banh-mi-4-ngan-berjaya-bjy-t4-dung-dien-banner-24x19.jpg 24w, https:\/\/thucpham.com\/vinacom\/wp-content\/uploads\/2020\/07\/lo-nuong-banh-mi-4-ngan-berjaya-bjy-t4-dung-dien-banner-36x29.jpg 36w, https:\/\/thucpham.com\/vinacom\/wp-content\/uploads\/2020\/07\/lo-nuong-banh-mi-4-ngan-berjaya-bjy-t4-dung-dien-banner-48x38.jpg 48w, https:\/\/thucpham.com\/vinacom\/wp-content\/uploads\/2020\/07\/lo-nuong-banh-mi-4-ngan-berjaya-bjy-t4-dung-dien-banner-510x408.jpg 510w\" sizes=\"(max-width: 820px) 100vw, 820px\" title=\"\"><\/p>\n<p style=\"text-align: center;\"><em>Th\u00f4ng tin s\u1ea3n ph\u1ea9m l\u00f2 n\u01b0\u1edbng b\u00e1nh m\u00ec 4 ng\u0103n Berjaya BJY-T4 d\u00f9ng \u0111i\u1ec7n<\/em><\/p>\n<h2><span style=\"font-size: 85%;\"><strong>\u01afu \u0111i\u1ec3m L\u00f2 n\u01b0\u1edbng b\u00e1nh m\u00ec 4 ng\u0103n Berjaya BJY-T4 d\u00f9ng \u0111i\u1ec7n<\/strong><\/span><\/h2>\n<p style=\"text-align: justify;\"><span style=\"font-weight: 400;\"><strong>L\u00f2 n\u01b0\u1edbng b\u00e1nh m\u00ec 4 ng\u0103n Berjaya BJY-T4 d\u00f9ng \u0111i\u1ec7n<\/strong>&nbsp;g\u1ed3m 4 khe cho ph\u00e9p n\u01b0\u1edbng 4 mi\u1ebfng b\u00e1nh m\u00ec trong c\u00f9ng m\u1ed9t l\u00fac, ch\u1ec9 m\u1ea5t kho\u1ea3ng v\u00e0i ph\u00fat l\u00e0 b\u1ea1n \u0111\u00e3 c\u00f3 th\u1ec3 th\u01b0\u1edfng th\u1ee9c nh\u1eefng l\u00e1t b\u00e1nh v\u00e0ng gi\u00f2n. Trong v\u00f2ng m\u1ed9t gi\u1edd, thi\u1ebft b\u1ecb c\u00f3 kh\u1ea3 n\u0103ng n\u01b0\u1edbng \u0111\u01b0\u1ee3c nhi\u1ec1u l\u00e1t b\u00e1nh, gi\u00fap ti\u1ebft ki\u1ec7m th\u1eddi gian v\u00e0 chi ph\u00ed. Thi\u1ebft k\u1ebf b\u0103ng chuy\u1ec1n v\u1edbi hai c\u1eeda l\u1ea5y b\u00e1nh cho ph\u00e9p b\u1ea1n d\u1ec5 d\u00e0ng l\u1ea5y ra m\u00e0 kh\u00f4ng l\u00e0m d\u1eadp n\u00e1t chi\u1ebfc b\u00e1nh.<\/span><\/p>\n<p style=\"text-align: justify;\"><span style=\"font-weight: 400;\">Ngo\u00e0i ra, ph\u1ea7n v\u1ecf c\u1ee7a l\u00f2 n\u01b0\u1edbng \u0111\u01b0\u1ee3c l\u00e0m b\u1eb1ng <a href=\"https:\/\/vi.wikipedia.org\/wiki\/Th%C3%A9p_kh%C3%B4ng_g%E1%BB%89\" target=\"_blank\" rel=\"noopener nofollow\" data-schema-attribute=\"\">inox cao c\u1ea5p<\/a>, b\u1ec1n ch\u1eafc, d\u1ec5 lau ch\u00f9i, lu\u00f4n s\u00e1ng b\u00f3ng, v\u00e0 kh\u00f4ng b\u1ecb oxi h\u00f3a trong qu\u00e1 tr\u00ecnh s\u1eed d\u1ee5ng. S\u1ea3n ph\u1ea9m \u0111\u01b0\u1ee3c l\u00e0m b\u1eb1ng ch\u1ea5t li\u1ec7u th\u00e9p kh\u00f4ng g\u1ec9 ch\u1ea5t l\u01b0\u1ee3ng n\u00ean c\u00f3 \u0111\u1ed9 b\u1ec1n cao, gi\u00fap ng\u01b0\u1eddi ti\u00eau d\u00f9ng ti\u1ec7n l\u1ee3i lau ch\u00f9i v\u00e0 v\u1ec7 sinh thi\u1ebft b\u1ecb.<\/span><\/p>\n<p style=\"text-align: justify;\"><span style=\"font-weight: 400;\"><em>L\u00f2 n\u01b0\u1edbng b\u00e1nh m\u00ec 4 ng\u0103n Berjaya BJY-T4 d\u00f9ng \u0111i\u1ec7n<\/em> \u0111\u1ea1t ti\u00eau chu\u1ea9n IEC, ti\u00eau chu\u1ea9n an to\u00e0n cho thi\u1ebft b\u1ecb \u0111i\u1ec7n, \u0111\u01b0\u1ee3c ph\u00e2n ph\u1ed1i tr\u1ef1c ti\u1ebfp b\u1edfi ThucPham.com v\u1edbi gi\u00e1 th\u00e0nh v\u00e0 ch\u1ea5t l\u01b0\u1ee3ng t\u1ed1t nh\u1ea5t. N\u1ebfu b\u1ea1n c\u1ea7n c\u00f4ng su\u1ea5t l\u1edbn h\u01a1n c\u00f3 th\u1ec3 tham kh\u1ea3o <span data-sheets-value=\"{&quot;1&quot;:2,&quot;2&quot;:&quot;L\u00f2 N\u01b0\u1edbng B\u00e1nh M\u00ec 6 Ng\u0103n Berjaya BJY-T6 D\u00f9ng \u0110i\u1ec7n&quot;}\" data-sheets-userformat=\"{&quot;2&quot;:14466,&quot;4&quot;:{&quot;1&quot;:2,&quot;2&quot;:16777215},&quot;10&quot;:2,&quot;14&quot;:{&quot;1&quot;:2,&quot;2&quot;:0},&quot;15&quot;:&quot;Arial&quot;,&quot;16&quot;:10}\"><a href=\"https:\/\/thucpham.com\/lo-nuong-banh-mi-6-ngan-berjaya-bjy-t6-dung-dien\/\">L\u00f2 N\u01b0\u1edbng B\u00e1nh M\u00ec 6 Ng\u0103n Berjaya BJY-T6 D\u00f9ng \u0110i\u1ec7n<\/a> hay tham kh\u1ea3o nhi\u1ec1u model <a href=\"https:\/\/thucpham.com\/bep-nuong-lo-nuong-cong-nghiep\/\">b\u1ebfp n\u01b0\u1edbng l\u00f2 n\u01b0\u1edbng c\u00f4ng nghi\u1ec7p<\/a> kh\u00e1c m\u00e0 ThucPham.com cung c\u1ea5p nh\u01b0: <a href=\"https:\/\/thucpham.com\/lo-nuong-banh-my-bang-chuyen-berjaya-bjy-tt300\/\">L\u00f2 N\u01b0\u1edbng B\u00e1nh M\u1ef3 B\u0103ng Chuy\u1ec1n Berjaya BJY-TT300<\/a>,&#8230;<\/span><\/span><\/p>\n","protected":false},"excerpt":{"rendered":"<ul>\n<li style=\"font-weight: 400;\"><span style=\"font-weight: 400;\">D\u1ec5 d\u00e0ng s\u1eed d\u1ee5ng v\u00e0 \u0111i\u1ec1u ch\u1ec9nh nhi\u1ec7t \u0111\u1ed9<\/span><\/li>\n<li style=\"font-weight: 400;\"><span style=\"font-weight: 400;\">\u0110\u1ea1t ti\u00eau chu\u1ea9n IEC, ti\u00eau chu\u1ea9n an to\u00e0n cho thi\u1ebft b\u1ecb \u0111i\u1ec7n<\/span><\/li>\n<li style=\"font-weight: 400;\"><span style=\"font-weight: 400;\">Tr\u1ecdng l\u01b0\u1ee3ng nh\u1ecf nh\u1eb9, thi\u1ebft k\u1ebf g\u1ecdn g\u00e0ng, \u0111\u1eb9p m\u1eaft<\/span><\/li>\n<li style=\"font-weight: 400;\"><span style=\"font-weight: 400;\">K\u1ebft c\u1ea7u b\u1eb1ng <\/span><span style=\"font-weight: 400;\">\u00a0th\u00e9p kh\u00f4ng g\u1ec9 ch\u1ea5t l\u01b0\u1ee3ng n\u00ean c\u00f3 \u0111\u1ed9 b\u1ec1n cao<\/span><\/li>\n<li style=\"font-weight: 400;\"><span style=\"font-weight: 400;\">N\u01b0\u1edbng b\u00e1nh n\u00f3ng nhanh, gi\u00f2n th\u01a1m, kh\u00f4ng l\u00e0m kh\u00f4 b\u00e1nh<\/span><\/li>\n<li style=\"font-weight: 400;\"><span style=\"font-weight: 400;\">Nh\u1eadp kh\u1ea9u nguy\u00ean chi\u1ebfc t\u1eeb Malaysia<\/span><\/li>\n<\/ul>\n","protected":false},"featured_media":36631,"comment_status":"open","ping_status":"closed","template":"","meta":[],"product_cat":[202,247],"product_tag":[],"_links":{"self":[{"href":"https:\/\/thucpham.com\/vinacom\/wp-json\/wp\/v2\/product\/9429"}],"collection":[{"href":"https:\/\/thucpham.com\/vinacom\/wp-json\/wp\/v2\/product"}],"about":[{"href":"https:\/\/thucpham.com\/vinacom\/wp-json\/wp\/v2\/types\/product"}],"replies":[{"embeddable":true,"href":"https:\/\/thucpham.com\/vinacom\/wp-json\/wp\/v2\/comments?post=9429"}],"wp:featuredmedia":[{"embeddable":true,"href":"https:\/\/thucpham.com\/vinacom\/wp-json\/wp\/v2\/media\/36631"}],"wp:attachment":[{"href":"https:\/\/thucpham.com\/vinacom\/wp-json\/wp\/v2\/media?parent=9429"}],"wp:term":[{"taxonomy":"product_cat","embeddable":true,"href":"https:\/\/thucpham.com\/vinacom\/wp-json\/wp\/v2\/product_cat?post=9429"},{"taxonomy":"product_tag","embeddable":true,"href":"https:\/\/thucpham.com\/vinacom\/wp-json\/wp\/v2\/product_tag?post=9429"}],"curies":[{"name":"wp","href":"https:\/\/api.w.org\/{rel}","templated":true}]}}