{"id":9426,"date":"2020-07-02T23:05:06","date_gmt":"2020-07-02T23:05:06","guid":{"rendered":"https:\/\/thucpham.com\/?post_type=product&#038;p=9426"},"modified":"2022-04-08T08:49:04","modified_gmt":"2022-04-08T01:49:04","slug":"lo-nuong-banh-my-bang-chuyen-berjaya-bjy-tt300","status":"publish","type":"product","link":"https:\/\/thucpham.com\/vinacom\/lo-nuong-banh-my-bang-chuyen-berjaya-bjy-tt300\/","title":{"rendered":"L\u00f2 N\u01b0\u1edbng B\u00e1nh M\u1ef3 B\u0103ng Chuy\u1ec1n Berjaya BJY-TT300"},"content":{"rendered":"<h2><strong><span style=\"font-size: 85%;\">Th\u00f4ng tin s\u1ea3n ph\u1ea9m<\/span><\/strong><\/h2>\n<p style=\"text-align: justify;\"><b>L\u00f2 n\u01b0\u1edbng b\u00e1nh m\u1ef3 b\u0103ng chuy\u1ec1n Berjaya BJY-TT300<\/b><span style=\"font-weight: 400;\"> l\u00e0 m\u1ed9t trong nh\u1eefng s\u1ea3n ph\u1ea9m l\u00f2 n\u01b0\u1edbng \u0111\u01b0\u1ee3c \u01b0a chu\u1ed9ng t\u1ea1i th\u1ecb tr\u01b0\u1eddng Vi\u1ec7t Nam, \u0111\u01b0\u1ee3c nh\u1eadp kh\u1ea9u tr\u1ef1c ti\u1ebfp t\u1eeb Malaysia. Thi\u1ebft b\u1ecb r\u1ea5t d\u1ec5 s\u1eed d\u1ee5ng, linh ho\u1ea1t \u0111i\u1ec1u ch\u1ec9nh nhi\u1ec7t \u0111\u1ed9 n\u01b0\u1edbng, phu\u0300 h\u01a1\u0323p du\u0300ng trong ti\u00ea\u0323c buffet \u0103n sa\u0301ng cu\u0309a ca\u0301c kha\u0301ch sa\u0323n, nha\u0300 ha\u0300ng hay khu resort.<\/span><\/p>\n<p><img class=\"size-full wp-image-11745 aligncenter\" src=\"https:\/\/thucpham.com\/wp-content\/uploads\/2020\/07\/lo-nuong-banh-my-bang-chuyen-berjaya-bjy-tt300-1.jpg\" alt=\"lo-nuong-banh-my-bang-chuyen-berjaya-bjy-tt300\" width=\"820\" height=\"656\" srcset=\"https:\/\/thucpham.com\/vinacom\/wp-content\/uploads\/2020\/07\/lo-nuong-banh-my-bang-chuyen-berjaya-bjy-tt300-1.jpg 820w, https:\/\/thucpham.com\/vinacom\/wp-content\/uploads\/2020\/07\/lo-nuong-banh-my-bang-chuyen-berjaya-bjy-tt300-1-300x240.jpg 300w, https:\/\/thucpham.com\/vinacom\/wp-content\/uploads\/2020\/07\/lo-nuong-banh-my-bang-chuyen-berjaya-bjy-tt300-1-768x614.jpg 768w, https:\/\/thucpham.com\/vinacom\/wp-content\/uploads\/2020\/07\/lo-nuong-banh-my-bang-chuyen-berjaya-bjy-tt300-1-24x19.jpg 24w, https:\/\/thucpham.com\/vinacom\/wp-content\/uploads\/2020\/07\/lo-nuong-banh-my-bang-chuyen-berjaya-bjy-tt300-1-36x29.jpg 36w, https:\/\/thucpham.com\/vinacom\/wp-content\/uploads\/2020\/07\/lo-nuong-banh-my-bang-chuyen-berjaya-bjy-tt300-1-48x38.jpg 48w, https:\/\/thucpham.com\/vinacom\/wp-content\/uploads\/2020\/07\/lo-nuong-banh-my-bang-chuyen-berjaya-bjy-tt300-1-510x408.jpg 510w\" sizes=\"(max-width: 820px) 100vw, 820px\" title=\"\"><\/p>\n<p style=\"text-align: center;\"><em>Th\u00f4ng tin s\u1ea3n ph\u1ea9m l\u00f2 n\u01b0\u1edbng b\u00e1nh m\u1ef3 b\u0103ng chuy\u1ec1n Berjaya BJY-TT300<\/em><\/p>\n<h2 style=\"text-align: justify;\"><span style=\"font-size: 85%;\"><strong>\u01afu \u0111i\u1ec3m l\u00f2 n\u01b0\u1edbng b\u00e1nh m\u1ef3 b\u0103ng chuy\u1ec1n Berjaya BJY-TT300<\/strong><\/span><\/h2>\n<p style=\"text-align: justify;\"><span style=\"font-weight: 400;\"><strong>L\u00f2 n\u01b0\u1edbng b\u00e1nh m\u1ef3 b\u0103ng chuy\u1ec1n Berjaya BJY-TT300 <\/strong>c\u00f3 thi\u1ebft k\u1ebf \u0111\u01a1n gi\u1ea3n nh\u01b0ng v\u00f4 c\u00f9ng \u0111\u1eb9p m\u1eaft, sang tr\u1ecdng v\u00e0 c\u00f3 ph\u1ea7n v\u1ecf <a href=\"https:\/\/vi.wikipedia.org\/wiki\/Th%C3%A9p_kh%C3%B4ng_g%E1%BB%89\" target=\"_blank\" rel=\"noopener nofollow\" data-schema-attribute=\"\">inox cao c\u1ea5p<\/a> s\u00e1ng b\u00f3ng, thu\u1eadn ti\u1ec7n l\u1eafp \u0111\u1eb7t \u1edf m\u1ecdi kh\u00f4ng gian b\u1ebfp. L\u00f2 n\u01b0\u1edbng c\u0169ng c\u00f3 th\u00eam b\u1ea3ng \u0111i\u1ec1u khi\u1ec3n nhi\u1ec7t \u0111\u1ed9 b\u1eb1ng n\u00fam v\u1eb7n c\u01a1, d\u1ec5 d\u00e0ng t\u00f9y ch\u1ec9nh v\u00e0 ki\u1ec3m so\u00e1t nhi\u1ec7t \u0111\u1ed9 \u0111\u1ec3 ph\u00f9 h\u1ee3p v\u1edbi t\u00ecnh tr\u1ea1ng th\u1ef1c ph\u1ea9m. Th\u00eam v\u00e0o \u0111\u00f3, b\u00ean trong l\u00f2 n\u01b0\u1edbng c\u00f2n \u0111\u01b0\u1ee3c trang b\u1ecb th\u00eam h\u1ec7 th\u1ed1ng \u0111\u00e8n LED chi\u1ebfu s\u00e1ng n\u00ean b\u1ea1n d\u1ec5 d\u00e0ng quan s\u00e1t, theo d\u00f5i qu\u00e1 tr\u00ecnh n\u01b0\u1edbng.<\/span><\/p>\n<p style=\"text-align: justify;\"><span style=\"font-weight: 400;\"><strong>L\u00f2 n\u01b0\u1edbng b\u00e1nh m\u1ef3 b\u0103ng chuy\u1ec1n Berjaya BJY-TT300<\/strong> ho\u1ea1t \u0111\u1ed9ng v\u1edbi c\u00f4ng su\u1ea5t 1940W k\u1ebft h\u1ee3p v\u1edbi di\u1ec7n t\u00edch khoang ch\u1ee9a r\u1ed9ng r\u00e3i, c\u00f3 th\u1ec3 n\u01b0\u1edbng 300 mi\u1ebfng b\u00e1nh trong m\u1ed9t gi\u1edd. Ngo\u00e0i ra, ph\u1ea7n c\u1eeda c\u1ee7a l\u00f2 n\u01b0\u1edbng b\u00e1nh Berjaya \u0111\u01b0\u1ee3c trang b\u1ecb th\u00eam v\u1ec9 \u0111\u01b0a b\u00e1nh v\u00e0o r\u1ea5t ti\u1ec7n l\u1ee3i gi\u00fap ng\u01b0\u1eddi d\u00f9ng h\u1ea1n ch\u1ebf ti\u1ebfp x\u00fac v\u1edbi nhi\u1ec7t \u0111\u1ed9 l\u1edbn, \u0111\u1ea3m b\u1ea3o \u0111\u1ed9 an to\u00e0n.Thi\u1ebft b\u1ecb n\u00e0y c\u00f2n cho ph\u00e9p b\u1ea1n \u0111i\u1ec1u ch\u1ec9nh t\u1ed1c \u0111\u1ed9 b\u0103ng chuy\u1ec1n linh ho\u1ea1t \u0111\u1ec3 \u0111\u1ea3m b\u1ea3o cho ra nh\u1eefng l\u00e1t b\u00e1nh lu\u00f4n v\u00e0ng \u0111\u1ec1u v\u00e0 th\u01a1m ngon nh\u1ea5t.&nbsp;<\/span><\/p>\n<p style=\"text-align: justify;\"><span style=\"font-weight: 400;\">N\u1ebfu qu\u00fd kh\u00e1ch c\u00f3 b\u1ea5t k\u1ef3 th\u1eafc m\u1eafc n\u00e0o v\u1ec1 s\u1ea3n ph\u1ea9m <em>l\u00f2 n\u01b0\u1edbng b\u00e1nh m\u1ef3 b\u0103ng chuy\u1ec1n Berjaya BJY-TT300<\/em>, h\u00e3y li\u00ean h\u1ec7 ngay v\u1edbi ThucPham.com \u0111\u1ec3 \u0111\u01b0\u1ee3c t\u01b0 v\u1ea5n nh\u00e9! B\u1ea1n c\u0169ng c\u00f3 th\u1ec3 tham kh\u1ea3o th\u00eam c\u00e1c model <a href=\"https:\/\/thucpham.com\/bep-nuong-lo-nuong-cong-nghiep\/\">b\u1ebfp n\u01b0\u1edbng l\u00f2 n\u01b0\u1edbng c\u00f4ng nghi\u1ec7p<\/a> kh\u00e1c c\u00f9ng ch\u1ee9c n\u0103ng nh\u01b0ng v\u1edbi c\u1ea5u t\u1ea1o v\u00e0 gi\u00e1 ti\u1ec1n kh\u00e1c h\u01a1n nh\u01b0: <span data-sheets-value=\"{&quot;1&quot;:2,&quot;2&quot;:&quot;L\u00f2 N\u01b0\u1edbng B\u00e1nh M\u00ec 6 Ng\u0103n Berjaya BJY-T6 D\u00f9ng \u0110i\u1ec7n&quot;}\" data-sheets-userformat=\"{&quot;2&quot;:14466,&quot;4&quot;:{&quot;1&quot;:2,&quot;2&quot;:16777215},&quot;10&quot;:2,&quot;14&quot;:{&quot;1&quot;:2,&quot;2&quot;:0},&quot;15&quot;:&quot;Arial&quot;,&quot;16&quot;:10}\"><a href=\"https:\/\/thucpham.com\/lo-nuong-banh-mi-6-ngan-berjaya-bjy-t6-dung-dien\/\">L\u00f2 N\u01b0\u1edbng B\u00e1nh M\u00ec 6 Ng\u0103n Berjaya BJY-T6 D\u00f9ng \u0110i\u1ec7n<\/a>, <a href=\"https:\/\/thucpham.com\/lo-nuong-banh-mi-4-ngan-berjaya-bjy-t4-dung-dien\/\">L\u00f2 N\u01b0\u1edbng B\u00e1nh M\u00ec 4 Ng\u0103n Berjaya BJY-T4 D\u00f9ng \u0110i\u1ec7n<\/a>,&#8230;<\/span><\/span><\/p>\n","protected":false},"excerpt":{"rendered":"<ul>\n<li style=\"font-weight: 400;\"><span style=\"font-weight: 400;\">Thi\u1ebft k\u1ebf \u0111\u01a1n gi\u1ea3n nh\u01b0ng v\u00f4 c\u00f9ng \u0111\u1eb9p m\u1eaft, g\u1ecdn g\u00e0ng<\/span><\/li>\n<li style=\"font-weight: 400;\"><span style=\"font-weight: 400;\">T\u00edch h\u1ee3p b\u0103ng chuy\u1ec1n, thu\u1eadn ti\u1ec7n l\u1ea5y b\u00e1nh ra kh\u1ecfi l\u00f2<\/span><\/li>\n<li style=\"font-weight: 400;\"><span style=\"font-weight: 400;\">Khoang l\u00f2 b\u1eb1ng inox ch\u1ecbu nhi\u1ec7t t\u1ed1t, tu\u1ed5i th\u1ecd cao<\/span><\/li>\n<li style=\"font-weight: 400;\"><span style=\"font-weight: 400;\">B\u1ea3ng \u0111i\u1ec1u khi\u1ec3n b\u1eb1ng n\u00fam v\u1eb7n c\u01a1, linh ho\u1ea1t \u0111i\u1ec1u ch\u1ec9nh nhi\u1ec7t \u0111\u1ed9<\/span><\/li>\n<li style=\"font-weight: 400;\"><span style=\"font-weight: 400;\">N\u0103ng su\u1ea5t n\u01b0\u1edbng 300 mi\u1ebfng b\u00e1nh 1 gi\u1edd<\/span><\/li>\n<\/ul>\n","protected":false},"featured_media":36632,"comment_status":"open","ping_status":"closed","template":"","meta":[],"product_cat":[202,247],"product_tag":[],"_links":{"self":[{"href":"https:\/\/thucpham.com\/vinacom\/wp-json\/wp\/v2\/product\/9426"}],"collection":[{"href":"https:\/\/thucpham.com\/vinacom\/wp-json\/wp\/v2\/product"}],"about":[{"href":"https:\/\/thucpham.com\/vinacom\/wp-json\/wp\/v2\/types\/product"}],"replies":[{"embeddable":true,"href":"https:\/\/thucpham.com\/vinacom\/wp-json\/wp\/v2\/comments?post=9426"}],"wp:featuredmedia":[{"embeddable":true,"href":"https:\/\/thucpham.com\/vinacom\/wp-json\/wp\/v2\/media\/36632"}],"wp:attachment":[{"href":"https:\/\/thucpham.com\/vinacom\/wp-json\/wp\/v2\/media?parent=9426"}],"wp:term":[{"taxonomy":"product_cat","embeddable":true,"href":"https:\/\/thucpham.com\/vinacom\/wp-json\/wp\/v2\/product_cat?post=9426"},{"taxonomy":"product_tag","embeddable":true,"href":"https:\/\/thucpham.com\/vinacom\/wp-json\/wp\/v2\/product_tag?post=9426"}],"curies":[{"name":"wp","href":"https:\/\/api.w.org\/{rel}","templated":true}]}}