{"id":9411,"date":"2020-07-02T22:48:45","date_gmt":"2020-07-02T22:48:45","guid":{"rendered":"https:\/\/thucpham.com\/?post_type=product&#038;p=9411"},"modified":"2022-03-30T14:30:17","modified_gmt":"2022-03-30T07:30:17","slug":"lo-nuong-salamander-dung-dien-modular","status":"publish","type":"product","link":"https:\/\/thucpham.com\/vinacom\/lo-nuong-salamander-dung-dien-modular\/","title":{"rendered":"L\u00f2 N\u01b0\u1edbng Salamander D\u00f9ng \u0110i\u1ec7n Modular FU SE-GN 1\/1"},"content":{"rendered":"<h2><strong><span style=\"font-size: 85%; font-family: arial, helvetica, sans-serif;\">M\u00f4 t\u1ea3 s\u1ea3n ph\u1ea9m<\/span><\/strong><\/h2>\n<p style=\"text-align: justify;\"><span style=\"font-weight: 400;\"><strong>L\u00f2 n\u01b0\u1edbng Salamander d\u00f9ng \u0111i\u1ec7n Modular FU SE-GN 1\/1<\/strong> \u0111\u01b0\u1ee3c nh\u1eadp kh\u1ea9u tr\u1ef1c ti\u1ebfp t\u1eeb \u00dd, l\u00e0 thi\u1ebft b\u1ecb n\u01b0\u1edbng \u0111a ch\u1ee9c n\u0103ng, h\u1ed7 tr\u1ee3 \u0111\u1eafc l\u1ef1c cho nhi\u1ec1u nh\u00e0 h\u00e0ng, qu\u00e1n \u0103n, khu b\u1ebfp t\u1eadp th\u1ec3\u2026 L\u00f2 n\u01b0\u1edbng Salamander ho\u1ea1t \u0111\u1ed9ng r\u1ea5t m\u1ea1nh m\u1ebd v\u1edbi c\u00f4ng su\u1ea5t 3.6 kW ti\u1ebft ki\u1ec7m \u0111\u01b0\u1ee3c kh\u00e1 nhi\u1ec1u th\u1eddi gian n\u01b0\u1edbng so v\u1edbi c\u00e1c lo\u1ea1i l\u00f2 n\u01b0\u1edbng th\u00f4ng th\u01b0\u1eddng kh\u00e1c, \u0111\u1eb7c bi\u1ec7t l\u00e0 c\u00f3 th\u1ec3 n\u01b0\u1edbng nhi\u1ec1u lo\u1ea1i \u0111\u1ed3 \u0111\u00f4ng l\u1ea1nh m\u00e0 kh\u00f4ng c\u1ea7n ph\u1ea3i r\u00e3 \u0111\u00f4ng.<\/span><\/p>\n<p><img class=\"size-full wp-image-11679 aligncenter\" src=\"https:\/\/thucpham.com\/wp-content\/uploads\/2020\/07\/lo-nuong-salamander-dung-dien-modular-banner.jpg\" alt=\"lo-nuong-salamander-dung-dien-modular\" width=\"820\" height=\"656\" srcset=\"https:\/\/thucpham.com\/vinacom\/wp-content\/uploads\/2020\/07\/lo-nuong-salamander-dung-dien-modular-banner.jpg 820w, https:\/\/thucpham.com\/vinacom\/wp-content\/uploads\/2020\/07\/lo-nuong-salamander-dung-dien-modular-banner-300x240.jpg 300w, https:\/\/thucpham.com\/vinacom\/wp-content\/uploads\/2020\/07\/lo-nuong-salamander-dung-dien-modular-banner-768x614.jpg 768w, https:\/\/thucpham.com\/vinacom\/wp-content\/uploads\/2020\/07\/lo-nuong-salamander-dung-dien-modular-banner-24x19.jpg 24w, https:\/\/thucpham.com\/vinacom\/wp-content\/uploads\/2020\/07\/lo-nuong-salamander-dung-dien-modular-banner-36x29.jpg 36w, https:\/\/thucpham.com\/vinacom\/wp-content\/uploads\/2020\/07\/lo-nuong-salamander-dung-dien-modular-banner-48x38.jpg 48w, https:\/\/thucpham.com\/vinacom\/wp-content\/uploads\/2020\/07\/lo-nuong-salamander-dung-dien-modular-banner-510x408.jpg 510w\" sizes=\"(max-width: 820px) 100vw, 820px\" title=\"\"><\/p>\n<p style=\"text-align: center;\"><em>Th\u00f4ng tin s\u1ea3n ph\u1ea9m l\u00f2 n\u01b0\u1edbng Salamander d\u00f9ng \u0111i\u1ec7n Modular FU SE-GN 1\/1<\/em><\/p>\n<h2><strong><span style=\"font-size: 85%;\">\u01afu \u0111i\u1ec3m n\u1ed5i b\u1eadt<\/span><\/strong><\/h2>\n<h3><strong><span style=\"font-size: 95%;\">Thi\u1ebft k\u1ebf hi\u1ec7n \u0111\u1ea1i<\/span><\/strong><\/h3>\n<p style=\"text-align: justify;\"><span style=\"font-weight: 400;\"><strong>L\u00f2 n\u01b0\u1edbng Salamander d\u00f9ng \u0111i\u1ec7n Modular FU SE-GN 1\/1<\/strong> \u0111\u01b0\u1ee3c thi\u1ebft k\u1ebf b\u1eb1ng <a title=\"https:\/\/vi.wikipedia.org\/wiki\/Th%C3%A9p_kh%C3%B4ng_g%E1%BB%89\" href=\"https:\/\/vi.wikipedia.org\/wiki\/Th%C3%A9p_kh%C3%B4ng_g%E1%BB%89\" target=\"_blank\" rel=\"noopener nofollow\" data-schema-attribute=\"\">th\u00e9p cao c\u1ea5p<\/a>, ch\u1ecbu nhi\u1ec7t t\u1ed1t, b\u1ea3o \u0111\u1ea3m kh\u00f4ng g\u00e2y \u0111\u1ed9c h\u1ea1i khi n\u1ea5u n\u01b0\u1edbng \u1edf nhi\u1ec7t \u0111\u1ed9 cao. M\u1eb7t kh\u00e1c, ch\u1ea5t li\u1ec7u th\u00e9p cao c\u1ea5p c\u00f3 tu\u1ed5i th\u1ecd v\u00e0 \u0111\u1ed9 b\u1ec1n cao, r\u1ea5t d\u1ec5 d\u00e0ng v\u1ec7 sinh. T\u1ea5m n\u01b0\u1edbng c\u00f3 th\u1ec3 di chuy\u1ec3n d\u1ec5 d\u00e0ng \u0111\u1ec3 t\u1ea1o l\u1ef1c \u00e9p v\u00e0 ph\u00f9 h\u1ee3p v\u1edbi nhi\u1ec1u k\u00edch c\u1ee1 c\u1ee7a c\u00e1c nguy\u00ean li\u1ec7u kh\u00e1c nhau. C\u00e1c n\u00fam \u0111i\u1ec1u khi\u1ec3n nhi\u1ec7t \u0111\u1ed9 c\u00f3 th\u1ec3 t\u00f9y ch\u1ec9nh nhi\u1ec1u m\u1ee9c nhi\u1ec7t gi\u00fap vi\u1ec7c n\u1ea5u n\u01b0\u1edbng d\u1ec5 d\u00e0ng v\u00e0 ph\u00f9 h\u1ee3p nhi\u1ec1u m\u00f3n \u0103n kh\u00e1c nhau.<\/span><\/p>\n<h3><strong><span style=\"font-size: 95%;\">S\u1eed d\u1ee5ng an to\u00e0n v\u00e0 ti\u1ec7n l\u1ee3i<\/span><\/strong><\/h3>\n<p style=\"text-align: justify;\"><span style=\"font-weight: 400;\">M\u1ed9t trong nh\u1eefng \u01b0u \u0111i\u1ec3m n\u1ed5i tr\u1ed9i c\u1ee7a <strong>l\u00f2 n\u01b0\u1edbng Salamander d\u00f9ng \u0111i\u1ec7n Modular FU SE-GN 1\/1<\/strong> l\u00e0 s\u1eed d\u1ee5ng h\u1ec7 th\u1ed1ng gia nhi\u1ec7t hi\u1ec7n \u0111\u1ea1i ch\u1ec9 sau 5s kh\u1edfi \u0111\u1ed9ng l\u00e0 \u0111\u00e3 \u0111\u1ea1t th\u00f4ng s\u1ed1 nhi\u1ec7t theo y\u00eau c\u1ea7u, ch\u00ednh v\u00ec v\u1eady \u0111\u1ea9y nhanh qu\u00e1 tr\u00ecnh n\u01b0\u1edbng, v\u1eeba gi\u00fap ti\u1ebft ki\u1ec7m th\u1eddi gian v\u00e0 \u0111i\u1ec7n n\u0103ng s\u1eed d\u1ee5ng. B\u1ed9 ph\u1eadn tay c\u1ea7m t\u1ea5m n\u01b0\u1edbng tr\u00ean v\u00e0 tay c\u1ea7m v\u1ec9 n\u01b0\u1edbng d\u01b0\u1edbi \u0111\u1ec1u l\u00e0m b\u1eb1ng ch\u1ea5t li\u1ec7u c\u00e1ch nhi\u1ec7t n\u00ean an to\u00e0n khi s\u1eed d\u1ee5ng.<\/span><\/p>\n<p style=\"text-align: justify;\"><span style=\"font-weight: 400;\">\u0110\u1eb7c bi\u1ec7t v\u1edbi c\u00f4ng ngh\u1ec7 b\u1ee9c x\u1ea1 h\u1ed3ng ngo\u1ea1i, <strong>l\u00f2 n\u01b0\u1edbng Salamander d\u00f9ng \u0111i\u1ec7n Modular FU SE-GN 1\/1<\/strong> \u0111\u1ea3m b\u1ea3o n\u01b0\u1edbng th\u1ef1c ph\u1ea9m ch\u00edn \u0111\u1ec1u, kh\u00f4ng lo b\u1ecb ch\u00e1y. Th\u00eam v\u00e0o \u0111\u00f3, l\u00f2 \u0111\u01b0\u1ee3c thi\u1ebft k\u1ebf ngang t\u1ea7m m\u1eaft kh\u00f4ng c\u00f3 c\u1eeda tr\u01b0\u1edbc cho ph\u00e9p \u0111\u1ea7u b\u1ebfp d\u1ec5 d\u00e0ng \u0111i\u1ec1u ch\u1ec9nh, ki\u1ec3m so\u00e1t nhi\u1ec7t \u0111\u1ed9 trong qu\u00e1 tr\u00ecnh n\u01b0\u1edbng.<\/span><\/p>\n<h3><span style=\"font-size: 95%;\"><strong>Kh\u00e2u v\u1ec7 sinh thu\u1eadn ti\u1ec7n<\/strong><\/span><\/h3>\n<p style=\"text-align: justify;\"><span style=\"font-weight: 400;\">D\u01b0\u1edbi v\u1ec9 n\u01b0\u1edbng c\u1ee7a <strong>l\u00f2 n\u01b0\u1edbng Salamander d\u00f9ng \u0111i\u1ec7n Modular FU SE-GN 1\/1 <\/strong>c\u00f3 khay \u0111\u1ef1ng d\u1ea7u m\u1ee1 d\u01b0 th\u1eeba, n\u00ean thu\u1eadn ti\u1ec7n th\u00e1o ra \u0111\u1ec3 c\u1ecd r\u1eeda, v\u1ec7 sinh. L\u00f2 n\u01b0\u1edbng l\u00e0m b\u1eb1ng th\u00e9p cao c\u1ea5p c\u00f3 kh\u1ea3 n\u0103ng ch\u1ed1ng b\u00e1m d\u00ednh cao n\u00ean vi\u1ec7c v\u1ec7 sinh r\u1ea5t thu\u1eadn ti\u1ec7n ch\u1ec9 v\u1edbi n\u01b0\u1edbc t\u1ea9y r\u1eeda th\u00f4ng th\u01b0\u1eddng.<\/span><\/p>\n<h2><span style=\"font-size: 85%;\"><strong>L\u01b0u \u00fd khi d\u00f9ng l\u00f2 n\u01b0\u1edbng Salamander d\u00f9ng \u0111i\u1ec7n Modular<\/strong><\/span><\/h2>\n<ul>\n<li>Ki\u1ec3m tra l\u1ea1i thi\u1ebft b\u1ecb tr\u01b0\u1edbc khi \u0111\u01b0a v\u00e0o s\u1eed d\u1ee5ng<\/li>\n<li>T\u00f9y ch\u1ec9nh nhi\u1ec7t \u0111\u1ed9 ph\u00f9 h\u1ee3p v\u1edbi t\u1eebng lo\u1ea1i th\u1ef1c ph\u1ea9m<\/li>\n<li>V\u1ec7 sinh l\u00f2 n\u01b0\u1edbng th\u01b0\u1eddng xuy\u00ean \u0111\u1ec3 \u0111\u1ea3m b\u1ea3o tu\u1ed5i th\u1ecd c\u1ee7a l\u00f2 n\u01b0\u1edbng<\/li>\n<li>B\u1ea3o tr\u00ec l\u00f2 n\u01b0\u1edbng th\u01b0\u1eddng xuy\u00ean, n\u1ebfu c\u00f3 s\u1ef1 c\u1ed1 c\u1ea7n b\u00e1o ngay cho k\u1ef9 thu\u1eadt<\/li>\n<\/ul>\n<p><em><span style=\"font-weight: 400;\">L\u00f2 n\u01b0\u1edbng Salamander d\u00f9ng \u0111i\u1ec7n Modular FU SE-GN 1\/1 <\/span><\/em><span style=\"font-weight: 400;\">l\u00e0 m\u1ed9t thi\u1ebft b\u1ecb hot nh\u1ea5t tr\u00ean th\u1ecb tr\u01b0\u1eddng hi\u1ec7n nay ph\u00f9 h\u1ee3p v\u1edbi m\u1ecdi m\u00f4 h\u00ecnh kinh doanh. B\u1ea1n c\u0169ng c\u00f3 th\u1ec3 tham kh\u1ea3o m\u1ed9t model kh\u00e1c nh\u01b0 <span data-sheets-value=\"{&quot;1&quot;:2,&quot;2&quot;:&quot;L\u00f2 N\u01b0\u1edbng Salamander D\u00f9ng Gas Modular&quot;}\" data-sheets-userformat=\"{&quot;2&quot;:14466,&quot;4&quot;:{&quot;1&quot;:2,&quot;2&quot;:16777215},&quot;10&quot;:2,&quot;14&quot;:{&quot;1&quot;:2,&quot;2&quot;:0},&quot;15&quot;:&quot;Arial&quot;,&quot;16&quot;:10}\"><a href=\"https:\/\/thucpham.com\/lo-nuong-salamander-dung-gas-modular\/\">L\u00f2 N\u01b0\u1edbng Salamander D\u00f9ng Gas Modular<\/a>, ho\u1eb7c n\u1ebfu c\u1ea7n m\u1ed9t l\u00f2 n\u01b0\u1edbng c\u00f3 c\u00f4ng su\u1ea5t l\u1edbn h\u01a1n b\u1ea1n c\u00f3 th\u1ec3 tham kh\u1ea3o <a href=\"https:\/\/thucpham.com\/lo-hap-nuong-da-nang-5-khay-dung-dien-modular\/\">L\u00f2 H\u1ea5p N\u01b0\u1edbng \u0110a N\u0103ng 5 Khay D\u00f9ng \u0110i\u1ec7n Modular<\/a>. \u0110\u1ebfn v\u1edbi ThucPham.com b\u1ea1n c\u00f3 th\u1ec3 ti\u1ebfp x\u00fac v\u1edbi r\u1ea5t nhi\u1ec1u thi\u1ebft b\u1ecb <a href=\"https:\/\/thucpham.com\/bep-nuong-lo-nuong-cong-nghiep\/\">b\u1ebfp n\u01b0\u1edbng l\u00f2 n\u01b0\u1edbng c\u00f4ng nghi\u1ec7p<\/a> hi\u1ec7n \u0111\u1ea1i, \u0111a n\u0103ng v\u00e0 gi\u00e1 th\u00e0nh r\u1ea5t ph\u1ea3i ch\u0103ng.<\/span><\/span><\/p>\n","protected":false},"excerpt":{"rendered":"<ul>\n<li style=\"font-weight: 400;\"><span style=\"font-weight: 400;\">Thi\u1ebft k\u1ebf sang tr\u1ecdng, hi\u1ec7n \u0111\u1ea1i ph\u00f9 h\u1ee3p v\u1edbi nhi\u1ec1u kh\u00f4ng gian b\u1ebfp<\/span><\/li>\n<li style=\"font-weight: 400;\"><span style=\"font-weight: 400;\">S\u1ea3n xu\u1ea5t ho\u00e0n to\u00e0n b\u1eb1ng th\u00e9p cao c\u1ea5p, ch\u1ecbu nhi\u1ec7t t\u1ed1t<\/span><\/li>\n<li style=\"font-weight: 400;\"><span style=\"font-weight: 400;\">\u00a0Ho\u1ea1t \u0111\u1ed9ng m\u1ea1nh m\u1ebd, kh\u00f4ng kh\u00f3 s\u1eed d\u1ee5ng, v\u1ec7 sinh<\/span><\/li>\n<li style=\"font-weight: 400;\"><span style=\"font-weight: 400;\">H\u1ec7 th\u1ed1ng gia nhi\u1ec7t nhanh gi\u00fap qu\u00e1 tr\u00ecnh n\u01b0\u1edbng nhanh ch\u00f3ng<\/span><\/li>\n<li style=\"font-weight: 400;\"><span style=\"font-weight: 400;\">Khay \u0111\u1ef1ng d\u1ea7u m\u1ee1 th\u1eeba d\u1ec5 d\u00e0ng th\u00e1o l\u1eafp \u0111\u1ec3 lau r\u1eeda<\/span><\/li>\n<li style=\"font-weight: 400;\"><span style=\"font-weight: 400;\">S\u1eed d\u1ee5ng c\u00f4ng ngh\u1ec7 b\u1ee9c x\u1ea1 h\u1ed3ng ngo\u1ea1i b\u1ea3o \u0111\u1ea3m th\u1ef1c ph\u1ea9m ch\u00edn \u0111\u1ec1u<\/span><\/li>\n<\/ul>\n","protected":false},"featured_media":36476,"comment_status":"open","ping_status":"closed","template":"","meta":[],"product_cat":[202,247],"product_tag":[],"_links":{"self":[{"href":"https:\/\/thucpham.com\/vinacom\/wp-json\/wp\/v2\/product\/9411"}],"collection":[{"href":"https:\/\/thucpham.com\/vinacom\/wp-json\/wp\/v2\/product"}],"about":[{"href":"https:\/\/thucpham.com\/vinacom\/wp-json\/wp\/v2\/types\/product"}],"replies":[{"embeddable":true,"href":"https:\/\/thucpham.com\/vinacom\/wp-json\/wp\/v2\/comments?post=9411"}],"wp:featuredmedia":[{"embeddable":true,"href":"https:\/\/thucpham.com\/vinacom\/wp-json\/wp\/v2\/media\/36476"}],"wp:attachment":[{"href":"https:\/\/thucpham.com\/vinacom\/wp-json\/wp\/v2\/media?parent=9411"}],"wp:term":[{"taxonomy":"product_cat","embeddable":true,"href":"https:\/\/thucpham.com\/vinacom\/wp-json\/wp\/v2\/product_cat?post=9411"},{"taxonomy":"product_tag","embeddable":true,"href":"https:\/\/thucpham.com\/vinacom\/wp-json\/wp\/v2\/product_tag?post=9411"}],"curies":[{"name":"wp","href":"https:\/\/api.w.org\/{rel}","templated":true}]}}