{"id":9408,"date":"2020-07-02T22:45:21","date_gmt":"2020-07-02T22:45:21","guid":{"rendered":"https:\/\/thucpham.com\/?post_type=product&#038;p=9408"},"modified":"2022-04-06T10:36:14","modified_gmt":"2022-04-06T03:36:14","slug":"lo-quay-rotise-dung-gas-berjaya","status":"publish","type":"product","link":"https:\/\/thucpham.com\/vinacom\/lo-quay-rotise-dung-gas-berjaya\/","title":{"rendered":"L\u00f2 Quay Rotise D\u00f9ng Gas Berjaya GR001"},"content":{"rendered":"<h2><span style=\"font-size: 85%;\"><strong>Th\u00f4ng tin s\u1ea3n ph\u1ea9m<\/strong><\/span><\/h2>\n<p style=\"text-align: justify;\"><span style=\"font-weight: 400;\"><strong>L\u00f2 quay Rotise d\u00f9ng gas Berjaya GR001<\/strong> l\u00e0 s\u1ea3n ph\u1ea9m \u0111\u01b0\u1ee3c nh\u1eadp kh\u1ea9u nguy\u00ean chi\u1ebfc t\u1eeb Malaysia v\u00e0 \u0111\u01b0\u1ee3c ph\u00e2n ph\u1ed1i r\u1ed9ng r\u00e3i tr\u00ean to\u00e0n qu\u1ed1c b\u1edfi ThucPham.com. Chi\u1ebfc l\u00f2 quay n\u00e0y \u0111\u01b0\u1ee3c thi\u1ebft k\u1ebf g\u1ecdn g\u00e0ng, d\u1ec5 l\u1eafp \u0111\u1eb7t \u1edf m\u1ecdi kh\u00f4ng gian v\u00e0 s\u1eed d\u1ee5ng d\u1ec5 d\u00e0ng. \u0110\u00e2y l\u00e0 m\u1ed9t thi\u1ebft b\u1ecb v\u00f4 c\u00f9ng ti\u1ec7n l\u1ee3i, chuy\u00ean d\u00f9ng ch\u1ebf bi\u1ebfn c\u00e1c m\u00f3n v\u1ecbt, g\u00e0 quay hay c\u00e1c lo\u1ea1i th\u1ef1c ph\u1ea9m kh\u00e1c. L\u00f2 quay Rotise \u0111\u1ea3m b\u1ea3o th\u1ef1c ph\u1ea9m lu\u00f4n ch\u00edn \u0111\u1ec1u, m\u00e0u v\u00e0ng b\u1eaft m\u1eaft, h\u01b0\u01a1ng v\u1ecb kh\u00f3 qu\u00ean nh\u1edd s\u1ef1 k\u1ebft h\u1ee3p c\u1ee7a b\u1ed9 trao \u0111\u1ed5i nhi\u1ec7t v\u00e0 qu\u1ea1t th\u00f4ng gi\u00f3 gi\u00fap truy\u1ec1n nhi\u1ec7t t\u1ed1i \u01b0u trong khi quay th\u1ecbt.&nbsp;<\/span><\/p>\n<p><img class=\"size-full wp-image-11656 aligncenter\" src=\"https:\/\/thucpham.com\/wp-content\/uploads\/2020\/07\/lo-quay-rotise-dung-gas-berjaya-banner.jpg\" alt=\"lo-quay-rotise-dung-gas-berjaya\" width=\"820\" height=\"656\" srcset=\"https:\/\/thucpham.com\/vinacom\/wp-content\/uploads\/2020\/07\/lo-quay-rotise-dung-gas-berjaya-banner.jpg 820w, https:\/\/thucpham.com\/vinacom\/wp-content\/uploads\/2020\/07\/lo-quay-rotise-dung-gas-berjaya-banner-300x240.jpg 300w, https:\/\/thucpham.com\/vinacom\/wp-content\/uploads\/2020\/07\/lo-quay-rotise-dung-gas-berjaya-banner-768x614.jpg 768w, https:\/\/thucpham.com\/vinacom\/wp-content\/uploads\/2020\/07\/lo-quay-rotise-dung-gas-berjaya-banner-24x19.jpg 24w, https:\/\/thucpham.com\/vinacom\/wp-content\/uploads\/2020\/07\/lo-quay-rotise-dung-gas-berjaya-banner-36x29.jpg 36w, https:\/\/thucpham.com\/vinacom\/wp-content\/uploads\/2020\/07\/lo-quay-rotise-dung-gas-berjaya-banner-48x38.jpg 48w, https:\/\/thucpham.com\/vinacom\/wp-content\/uploads\/2020\/07\/lo-quay-rotise-dung-gas-berjaya-banner-510x408.jpg 510w\" sizes=\"(max-width: 820px) 100vw, 820px\" title=\"\"><\/p>\n<p style=\"text-align: center;\"><em>Th\u00f4ng tin s\u1ea3n ph\u1ea9m l\u00f2 quay Rotise d\u00f9ng gas Berjaya GR001<\/em><\/p>\n<h2><strong><span style=\"font-size: 85%;\">\u01afu \u0111i\u1ec3m l\u00f2 quay Rotise d\u00f9ng gas Berjaya GR001<\/span><\/strong><\/h2>\n<p style=\"text-align: justify;\"><span style=\"font-weight: 400;\">L\u00f2 \u0111\u01b0\u1ee3c b\u1ea3o v\u1ec7 b\u1edfi m\u1ed9t l\u1edbp <a href=\"https:\/\/vi.wikipedia.org\/wiki\/Th%C3%A9p_kh%C3%B4ng_g%E1%BB%89\" target=\"_blank\" rel=\"noopener nofollow\" data-schema-attribute=\"\">th\u00e9p kh\u00f4ng g\u1ec9<\/a> n\u00ean si\u00eau ch\u1eafc, b\u1ec1n v\u00e0 d\u1ec5 d\u00e0ng v\u1ec7 sinh khi c\u1ea7n thi\u1ebft. <strong>L\u00f2 quay Rotise d\u00f9ng gas Berjaya GR001<\/strong> c\u00f3 c\u1ea5u t\u1ea1o v\u1edbi 3 ph\u1ea7n ri\u00eang bi\u1ec7t n\u00ean s\u1eed d\u1ee5ng r\u1ea5t d\u1ec5, v\u00e0 3 ph\u1ea7n n\u00e0y th\u00ec c\u00f3 th\u1ec3 th\u00e1o r\u1eddi \u0111\u01b0\u1ee3c n\u00ean r\u1ea5t linh ho\u1ea1t trong qu\u00e1 tr\u00ecnh s\u1eed d\u1ee5ng. L\u00f2 quay c\u00f2n c\u00f3 h\u1ec7 th\u1ed1ng gia nhi\u1ec7t b\u1eb1ng b\u1ee9c x\u1ea1 h\u1ed3ng ngo\u1ea1i c\u00f9ng v\u1edbi h\u1ec7 th\u1ed1ng s\u01b0\u1edfi \u1ea5m \u0111\u1ed1i l\u01b0u \u0111\u1ed9c \u0111\u00e1o n\u00ean cung c\u1ea5p l\u01b0\u1ee3ng nhi\u1ec7t \u1ed5n \u0111\u1ecbnh, \u0111\u1ed3ng \u0111\u1ec1u \u0111\u1ec3 l\u00e0m ch\u00edn \u0111\u1ed3 \u0103n nhanh ch\u00f3ng.<\/span><\/p>\n<p style=\"text-align: justify;\"><span style=\"font-weight: 400;\">Ngo\u00e0i ra, h\u1ec7 th\u1ed1ng thanh treo b\u00ean trong \u0111\u00e1p \u1ee9ng treo \u0111\u01b0\u1ee3c s\u1ed1 l\u01b0\u1ee3ng l\u1edbn gia c\u1ea7m; quay c\u00f9ng l\u00fac \u0111\u01b0\u1ee3c l\u01b0\u1ee3ng l\u1edbn th\u1ef1c ph\u1ea9m gi\u00fap ti\u1ebft ki\u1ec7m th\u1eddi gian. H\u01a1n n\u1eefa, hai c\u00e1nh c\u1ee7a <strong>L\u00f2 quay Rotise d\u00f9ng gas Berjaya GR001<\/strong> \u0111\u01b0\u1ee3c l\u00e0m b\u1eb1ng k\u00ednh c\u01b0\u1eddng l\u1ef1c, ch\u1ecbu nhi\u1ec7t t\u1ed1t, ch\u1ed1ng n\u1ee9t v\u1ee1 v\u00e0 c\u00f3 tay c\u1ea7m c\u00e1ch nhi\u1ec7t \u1edf m\u1ed7i c\u00e1ch c\u1eeda. Ph\u00eda d\u01b0\u1edbi l\u00e0 b\u1ea3ng \u0111i\u1ec1u khi\u1ec3n nhi\u1ec7t \u0111\u1ed9 c\u00f3 c\u00e1c n\u00fat v\u00e0 n\u00fam \u0111i\u1ec1u ch\u1ec9nh linh ho\u1ea1t cho ph\u00e9p ki\u1ec3m so\u00e1t v\u00e0 \u0111i\u1ec1u ch\u1ec9nh nhi\u1ec7t \u0111\u1ed9 theo t\u00f9y t\u1eebng lo\u1ea1i th\u1ef1c ph\u1ea9m.<\/span><\/p>\n<p><em><span style=\"font-weight: 400;\">L\u00f2 quay Rotise d\u00f9ng gas Berjaya GR001 <\/span><\/em><span style=\"font-weight: 400;\">v\u1edbi thi\u1ebft k\u1ebf hi\u1ec7n \u0111\u1ea1i, nh\u1ecf g\u1ecdn, c\u00f4ng su\u1ea5t cao nh\u01b0ng v\u1eabn \u0111\u1ea3m b\u1ea3o an to\u00e0n v\u1ec7 sinh th\u1ef1c ph\u1ea9m l\u00e0 l\u1ef1a ch\u1ecdn kh\u00f4ng th\u1ec3 thi\u1ebfu cho c\u0103n b\u1ebfp c\u1ee7a b\u1ea1n. N\u1ebfu b\u1ea1n c\u00f3 m\u00f4 h\u00ecnh kinh doanh nh\u1ecf h\u01a1n th\u00ec c\u00f3 th\u1ec3 tham kh\u1ea3o <span data-sheets-value=\"{&quot;1&quot;:2,&quot;2&quot;:&quot;L\u00f2 Quay V\u1ecbt D\u00f9ng Gas Lo\u1ea1i Kh\u00f4ng C\u00f3 Tay C\u1ea7m Berjaya&quot;}\" data-sheets-userformat=\"{&quot;2&quot;:14466,&quot;4&quot;:{&quot;1&quot;:2,&quot;2&quot;:16777215},&quot;10&quot;:2,&quot;14&quot;:{&quot;1&quot;:2,&quot;2&quot;:0},&quot;15&quot;:&quot;Arial&quot;,&quot;16&quot;:10}\"><a href=\"https:\/\/thucpham.com\/lo-quay-vit-dung-gas-loai-khong-co-tay-cam-berjaya\/\">L\u00f2 Quay V\u1ecbt D\u00f9ng Gas Lo\u1ea1i Kh\u00f4ng C\u00f3 Tay C\u1ea7m Berjaya<\/a> hay c\u00f3 th\u1ec3 tham kh\u1ea3o th\u00eam model c\u00f3 ph\u00e2n kh\u00fac t\u01b0\u01a1ng t\u1ef1 nh\u01b0 <a href=\"https:\/\/thucpham.com\/lo-quay-dung-dien-berjaya\/\">L\u00f2 Quay D\u00f9ng \u0110i\u1ec7n Berjaya<\/a>. H\u00e3y tham kh\u1ea3o th\u00eam nhi\u1ec1u model <a href=\"https:\/\/thucpham.com\/bep-nuong-lo-nuong-cong-nghiep\/\">b\u1ebfp n\u01b0\u1edbng l\u00f2 n\u01b0\u1edbng c\u00f4ng nghi\u1ec7p<\/a> kh\u00e1c m\u00e0 ThucPham.com cung c\u1ea5p \u0111\u1ec3 \u0111\u01b0a ra nh\u1eefng l\u1ef1a ch\u1ecdn \u0111\u00fang \u0111\u1eafn nh\u1ea5t.<\/span><\/span><\/p>\n","protected":false},"excerpt":{"rendered":"<ul>\n<li style=\"font-weight: 400;\"><span style=\"font-weight: 400;\">B\u1ed9 \u0111i\u1ec1u khi\u1ec3n \u0111i\u1ec7n t\u1eed k\u1ef9 thu\u1eadt s\u1ed1, d\u1ec5 d\u00e0ng thi\u1ebft l\u1eadp chu tr\u00ecnh quay n\u01b0\u1edbng<\/span><\/li>\n<li style=\"font-weight: 400;\"><span style=\"font-weight: 400;\">\u0110i\u00ea\u0300u chi\u0309nh nhi\u00ea\u0323t \u0111\u00f4\u0323 theo nhu c\u00e2\u0300u ng\u01b0\u01a1\u0300i s\u01b0\u0309 du\u0323ng<\/span><\/li>\n<li style=\"font-weight: 400;\"><span style=\"font-weight: 400;\">Chu tr\u00ecnh quay kh\u00e9p k\u00edn s\u1ea1ch s\u1ebd, c\u00f3 c\u1eeda k\u00ednh c\u01b0\u1eddng l\u1ef1c d\u00e0y d\u1eb7n, ch\u1ecbu l\u1ef1c t\u1ed1t<\/span><\/li>\n<li style=\"font-weight: 400;\"><span style=\"font-weight: 400;\">\u0110\u00e8n chi\u00ea\u0301u sa\u0301ng b\u00ean trong d\u00ea\u0303 da\u0300ng quan sa\u0301t t\u00ecnh tr\u1ea1ng th\u01b0\u0323c ph\u00e2\u0309m<\/span><\/li>\n<li style=\"font-weight: 400;\"><span style=\"font-weight: 400;\">V\u1ecf ngo\u00e0i \u0111\u01b0\u1ee3c bao b\u1ecdc b\u1edfi <\/span><span style=\"font-weight: 400;\">th\u00e9p kh\u00f4ng g\u1ec9 n\u00ean si\u00eau ch\u1eafc, b\u1ec1n b\u1ec9\u00a0<\/span><\/li>\n<\/ul>\n","protected":false},"featured_media":36604,"comment_status":"open","ping_status":"closed","template":"","meta":[],"product_cat":[202,247],"product_tag":[],"_links":{"self":[{"href":"https:\/\/thucpham.com\/vinacom\/wp-json\/wp\/v2\/product\/9408"}],"collection":[{"href":"https:\/\/thucpham.com\/vinacom\/wp-json\/wp\/v2\/product"}],"about":[{"href":"https:\/\/thucpham.com\/vinacom\/wp-json\/wp\/v2\/types\/product"}],"replies":[{"embeddable":true,"href":"https:\/\/thucpham.com\/vinacom\/wp-json\/wp\/v2\/comments?post=9408"}],"wp:featuredmedia":[{"embeddable":true,"href":"https:\/\/thucpham.com\/vinacom\/wp-json\/wp\/v2\/media\/36604"}],"wp:attachment":[{"href":"https:\/\/thucpham.com\/vinacom\/wp-json\/wp\/v2\/media?parent=9408"}],"wp:term":[{"taxonomy":"product_cat","embeddable":true,"href":"https:\/\/thucpham.com\/vinacom\/wp-json\/wp\/v2\/product_cat?post=9408"},{"taxonomy":"product_tag","embeddable":true,"href":"https:\/\/thucpham.com\/vinacom\/wp-json\/wp\/v2\/product_tag?post=9408"}],"curies":[{"name":"wp","href":"https:\/\/api.w.org\/{rel}","templated":true}]}}