{"id":9404,"date":"2020-07-02T22:40:05","date_gmt":"2020-07-02T22:40:05","guid":{"rendered":"https:\/\/thucpham.com\/?post_type=product&#038;p=9404"},"modified":"2024-11-12T11:10:34","modified_gmt":"2024-11-12T04:10:34","slug":"lo-quay-vit-dung-gas-loai-khong-co-tay-cam-berjaya","status":"publish","type":"product","link":"https:\/\/thucpham.com\/vinacom\/lo-quay-vit-dung-gas-loai-khong-co-tay-cam-berjaya\/","title":{"rendered":"L\u00f2 Quay V\u1ecbt D\u00f9ng Gas Lo\u1ea1i Kh\u00f4ng C\u00f3 Tay C\u1ea7m Berjaya A-G33"},"content":{"rendered":"<h2><strong><span style=\"font-size: 85%;\">Th\u00f4ng tin s\u1ea3n ph\u1ea9m<\/span><\/strong><\/h2>\n<p style=\"text-align: justify;\"><span style=\"font-weight: 400;\"><strong>L\u00f2 quay v\u1ecbt d\u00f9ng gas lo\u1ea1i kh\u00f4ng c\u00f3 tay c\u1ea7m Berjaya A-G33<\/strong> l\u00e0 thi\u1ebft b\u1ecb kh\u00f4ng th\u1ec3 thi\u1ebfu trong c\u00e1c c\u1eeda h\u00e0ng quay v\u1ecbt, g\u00e0, th\u1ecbt l\u1ee3n\u2026 s\u1eed d\u1ee5ng r\u1ea5t d\u1ec5 d\u00e0ng v\u00e0 ti\u1ec7n l\u1ee3i. Kh\u00f4ng nh\u1eefng v\u1eady, l\u00f2 quay ho\u1ea1t \u0111\u1ed9ng v\u1edbi hi\u1ec7u su\u1ea5t cao, m\u1ed7i l\u1ea7n quay \u0111\u01b0\u1ee3c m\u1ed9t s\u1ed1 l\u01b0\u1ee3ng l\u1edbn v\u1ecbt v\u00e0 c\u00e1c lo\u1ea1i gia c\u1ea7m, th\u1ef1c ph\u1ea9m kh\u00e1c, \u0111i\u1ec1u n\u00e0y gi\u00fap ng\u01b0\u1eddi d\u00f9ng ti\u1ebft ki\u1ec7m \u0111\u01b0\u1ee3c nhi\u1ec1u th\u1eddi gian v\u00e0 nhi\u00ean li\u1ec7u s\u1eed d\u1ee5ng.&nbsp;<\/span><\/p>\n<p><img class=\"size-full wp-image-11654 aligncenter\" src=\"https:\/\/thucpham.com\/wp-content\/uploads\/2020\/07\/lo-quay-vit-dung-gas-loai-khong-co-tay-cam-berjaya-banner.jpg\" alt=\"lo-quay-vit-dung-gas-loai-khong-co-tay-cam-berjaya\" width=\"820\" height=\"656\" srcset=\"https:\/\/thucpham.com\/vinacom\/wp-content\/uploads\/2020\/07\/lo-quay-vit-dung-gas-loai-khong-co-tay-cam-berjaya-banner.jpg 820w, https:\/\/thucpham.com\/vinacom\/wp-content\/uploads\/2020\/07\/lo-quay-vit-dung-gas-loai-khong-co-tay-cam-berjaya-banner-300x240.jpg 300w, https:\/\/thucpham.com\/vinacom\/wp-content\/uploads\/2020\/07\/lo-quay-vit-dung-gas-loai-khong-co-tay-cam-berjaya-banner-768x614.jpg 768w, https:\/\/thucpham.com\/vinacom\/wp-content\/uploads\/2020\/07\/lo-quay-vit-dung-gas-loai-khong-co-tay-cam-berjaya-banner-24x19.jpg 24w, https:\/\/thucpham.com\/vinacom\/wp-content\/uploads\/2020\/07\/lo-quay-vit-dung-gas-loai-khong-co-tay-cam-berjaya-banner-36x29.jpg 36w, https:\/\/thucpham.com\/vinacom\/wp-content\/uploads\/2020\/07\/lo-quay-vit-dung-gas-loai-khong-co-tay-cam-berjaya-banner-48x38.jpg 48w, https:\/\/thucpham.com\/vinacom\/wp-content\/uploads\/2020\/07\/lo-quay-vit-dung-gas-loai-khong-co-tay-cam-berjaya-banner-510x408.jpg 510w\" sizes=\"(max-width: 820px) 100vw, 820px\" title=\"\"><\/p>\n<p style=\"text-align: center;\"><em>Th\u00f4ng tin s\u1ea3n ph\u1ea9m l\u00f2 quay v\u1ecbt d\u00f9ng gas lo\u1ea1i kh\u00f4ng c\u00f3 tay c\u1ea7m Berjaya A-G33<\/em><\/p>\n<h2><span style=\"font-size: 85%;\"><strong>\u01afu \u0111i\u1ec3m l\u00f2 quay v\u1ecbt d\u00f9ng gas lo\u1ea1i kh\u00f4ng c\u00f3 tay c\u1ea7m Berjaya<\/strong><\/span><\/h2>\n<h3><strong><span style=\"font-size: 95%;\">Ch\u1ea5t li\u1ec7u cao c\u1ea5p<\/span><\/strong><\/h3>\n<p style=\"text-align: justify;\"><span style=\"font-weight: 400;\"><strong>L\u00f2 quay v\u1ecbt d\u00f9ng gas lo\u1ea1i kh\u00f4ng c\u00f3 tay c\u1ea7m Berjaya A-G33<\/strong> \u0111\u01b0\u1ee3c thi\u1ebft k\u1ebf ho\u00e0n to\u00e0n b\u1eb1ng <a href=\"https:\/\/vi.wikipedia.org\/wiki\/Th%C3%A9p_kh%C3%B4ng_g%E1%BB%89\" target=\"_blank\" rel=\"noopener nofollow\" data-schema-attribute=\"\">th\u00e9p cao c\u1ea5p<\/a>, ch\u1ea5t l\u01b0\u1ee3ng t\u1ed1t, ch\u1ecbu l\u1ef1c, ch\u1ecbu nhi\u1ec7t cao, n\u00ean v\u00f4 c\u00f9ng b\u1ec1n b\u1ec9 theo n\u0103m th\u00e1ng. \u0110\u1eb7c bi\u1ec7t, ch\u1ea5t li\u1ec7u th\u00e9p cao c\u1ea5p c\u0169ng kh\u00f4ng han g\u1ec9, kh\u00f4ng s\u1ea3n sinh ra ch\u1ea5t \u0111\u1ed9c h\u1ea1i g\u00e2y \u1ea3nh h\u01b0\u1edfng s\u1ee9c kh\u1ecfe ng\u01b0\u1eddi d\u00f9ng.<\/span><\/p>\n<h3><strong><span style=\"font-size: 95%;\">C\u00f4ng n\u0103ng v\u01b0\u1ee3t tr\u1ed9i<\/span><\/strong><\/h3>\n<p style=\"text-align: justify;\"><span style=\"font-weight: 400;\">\u0110\u1ea7u \u0111\u1ed1t E40B c\u1ee7a l\u00f2 quay v\u1ecbt d\u00f9ng gas l\u00e0m b\u1eb1ng ch\u1ea5t li\u1ec7u cao c\u1ea5p gi\u00fap gia nhi\u1ec7t nhanh, m\u1ea1nh v\u00e0 \u0111\u1ec1u, c\u00f3 \u0111\u1ed9 b\u1ec1n cao. Th\u00eam v\u00e0o \u0111\u00f3, van gas c\u1ee7a s\u1ea3n ph\u1ea9m c\u0169ng d\u1ec5 d\u00e0ng \u0111i\u1ec1u ch\u1ec9nh v\u00e0 ki\u1ec3m so\u00e1t nhi\u1ec7t \u1edf nhi\u1ec1u m\u1ee9c kh\u00e1c nhau \u0111\u1ec3 \u0111\u1ea3m b\u1ea3o cho c\u00e1c m\u00f3n quay lu\u00f4n ch\u00edn v\u00e0ng \u0111\u1ec1u. Ki\u1ec3u d\u00e1ng c\u1ee7a <strong>l\u00f2 quay v\u1ecbt d\u00f9ng gas lo\u1ea1i kh\u00f4ng c\u00f3 tay c\u1ea7m Berjaya A-G33<\/strong> g\u1ecdn g\u00e0ng, ch\u00e2n tr\u1ee5 v\u1eefng ch\u1eafc, d\u1ec5 d\u00e0ng s\u1eed d\u1ee5ng; mang \u0111\u1ebfn t\u00ednh chuy\u00ean nghi\u1ec7p cao cho c\u00e1c b\u1ebfp \u0103n c\u00f4ng nghi\u1ec7p.<\/span><\/p>\n<p><em><span style=\"font-weight: 400;\">L\u00f2 quay v\u1ecbt d\u00f9ng gas lo\u1ea1i kh\u00f4ng c\u00f3 tay c\u1ea7m Berjaya A-G33 <\/span><\/em><span style=\"font-weight: 400;\">v\u1edbi c\u00f4ng su\u1ea5t v\u01b0\u1ee3t tr\u1ed9i, thi\u1ebft k\u1ebf nh\u1ecf g\u1ecdn, v\u1eadn h\u00e0nh d\u1ec5 d\u00e0ng v\u00e0 th\u00e2n thi\u1ec7n v\u1edbi m\u00f4i tr\u01b0\u1eddng s\u1ebd lu\u00f4n l\u00e0 l\u1ef1a ch\u1ecdn h\u00e0ng \u0111\u1ea7u cho c\u00e1c qu\u00e1n kinh doanh m\u00f3n v\u1ecbt quay nh\u1ecf v\u00e0 v\u1eeba. B\u1ea1n c\u0169ng c\u00f3 th\u1ec3 tham kh\u1ea3o th\u00eam nhi\u1ec1u model <a href=\"https:\/\/thucpham.com\/bep-nuong-lo-nuong-cong-nghiep\/\">b\u1ebfp n\u01b0\u1edbng l\u00f2 n\u01b0\u1edbng c\u00f4ng nghi\u1ec7p<\/a> kh\u00e1c n\u1ebfu b\u1ea1n mu\u1ed1n kinh doanh \u0111a d\u1ea1ng v\u1ec1 m\u00f3n \u0103n h\u01a1n nh\u01b0: <span data-sheets-value=\"{&quot;1&quot;:2,&quot;2&quot;:&quot;L\u00f2 Quay D\u00f9ng \u0110i\u1ec7n Berjaya&quot;}\" data-sheets-userformat=\"{&quot;2&quot;:14466,&quot;4&quot;:{&quot;1&quot;:2,&quot;2&quot;:16777215},&quot;10&quot;:2,&quot;14&quot;:{&quot;1&quot;:2,&quot;2&quot;:0},&quot;15&quot;:&quot;Arial&quot;,&quot;16&quot;:10}\"><a href=\"https:\/\/thucpham.com\/lo-quay-dung-dien-berjaya\/\">L\u00f2 Quay D\u00f9ng \u0110i\u1ec7n Berjaya<\/a>, <a href=\"https:\/\/thucpham.com\/lo-quay-rotise-dung-gas-berjaya\/\">L\u00f2 Quay Rotise D\u00f9ng Gas Berjaya<\/a>,&#8230;<\/span><\/span><\/p>\n","protected":false},"excerpt":{"rendered":"<ul>\n<li style=\"font-weight: 400;\"><span style=\"font-weight: 400;\">Ch\u1ea5t li\u1ec7u th\u00e9p cao c\u1ea5p, kh\u00f4ng han g\u1ec9, an to\u00e0n s\u1ee9c kh\u1ecfe<\/span><\/li>\n<li style=\"font-weight: 400;\"><span style=\"font-weight: 400;\">\u0110\u1ea7u \u0111\u1ed1t c\u1ee7a l\u00f2 b\u1eb1ng ch\u1ea5t li\u1ec7u cao c\u1ea5p, gia nhi\u1ec7t nhanh, \u0111\u1ec1u v\u00e0 m\u1ea1nh m\u1ebd<\/span><\/li>\n<li style=\"font-weight: 400;\"><span style=\"font-weight: 400;\">\u0110i\u1ec1u khi\u1ec3n van gas d\u1ec5 d\u00e0ng, ki\u1ec3m so\u00e1t nhi\u1ec7t v\u1edbi nhi\u1ec1u m\u1ee9c kh\u00e1c nhau<\/span><\/li>\n<li style=\"font-weight: 400;\"><span style=\"font-weight: 400;\">Bu\u1ed3ng quay kh\u00e9p k\u00edn, quy tr\u00ecnh quay s\u1ea1ch s\u1ebd v\u00e0 ti\u1ec7n l\u1ee3i<\/span><span style=\"font-weight: 400;\">\u00a0<\/span><\/li>\n<li style=\"font-weight: 400;\"><span style=\"font-weight: 400;\">T\u1ea7ng tr\u00ean v\u00e0 th\u00e2n c\u00f3 th\u1ec3 quay b\u1eb1ng tay<\/span><\/li>\n<\/ul>\n","protected":false},"featured_media":36593,"comment_status":"open","ping_status":"closed","template":"","meta":[],"product_cat":[202,247],"product_tag":[],"_links":{"self":[{"href":"https:\/\/thucpham.com\/vinacom\/wp-json\/wp\/v2\/product\/9404"}],"collection":[{"href":"https:\/\/thucpham.com\/vinacom\/wp-json\/wp\/v2\/product"}],"about":[{"href":"https:\/\/thucpham.com\/vinacom\/wp-json\/wp\/v2\/types\/product"}],"replies":[{"embeddable":true,"href":"https:\/\/thucpham.com\/vinacom\/wp-json\/wp\/v2\/comments?post=9404"}],"wp:featuredmedia":[{"embeddable":true,"href":"https:\/\/thucpham.com\/vinacom\/wp-json\/wp\/v2\/media\/36593"}],"wp:attachment":[{"href":"https:\/\/thucpham.com\/vinacom\/wp-json\/wp\/v2\/media?parent=9404"}],"wp:term":[{"taxonomy":"product_cat","embeddable":true,"href":"https:\/\/thucpham.com\/vinacom\/wp-json\/wp\/v2\/product_cat?post=9404"},{"taxonomy":"product_tag","embeddable":true,"href":"https:\/\/thucpham.com\/vinacom\/wp-json\/wp\/v2\/product_tag?post=9404"}],"curies":[{"name":"wp","href":"https:\/\/api.w.org\/{rel}","templated":true}]}}