{"id":9399,"date":"2020-07-02T22:33:20","date_gmt":"2020-07-02T22:33:20","guid":{"rendered":"https:\/\/thucpham.com\/?post_type=product&#038;p=9399"},"modified":"2022-04-06T10:18:02","modified_gmt":"2022-04-06T03:18:02","slug":"lo-quay-dung-dien-berjaya","status":"publish","type":"product","link":"https:\/\/thucpham.com\/vinacom\/lo-quay-dung-dien-berjaya\/","title":{"rendered":"L\u00f2 Quay D\u00f9ng \u0110i\u1ec7n Berjaya ER001"},"content":{"rendered":"<h2><strong><span style=\"font-size: 85%;\">Th\u00f4ng tin s\u1ea3n ph\u1ea9m<\/span><\/strong><\/h2>\n<p style=\"text-align: justify;\"><span style=\"font-weight: 400;\"><strong>L\u00f2 quay d\u00f9ng \u0111i\u1ec7n Berjaya ER001<\/strong> l\u00e0 s\u1ea3n ph\u1ea9m \u0111\u1ebfn t\u1eeb th\u01b0\u01a1ng hi\u1ec7u Berjaya, Malaysia, \u0111\u01b0\u1ee3c s\u1eed d\u1ee5ng nhi\u1ec1u trong c\u00e1c nh\u00e0 h\u00e0ng, kh\u00e1ch s\u1ea1n, resort, b\u1ebfp t\u1eadp th\u1ec3\u2026 So v\u1edbi c\u00e1ch quay g\u00e0, v\u1ecbt b\u1eb1ng than c\u1ee7i, s\u1eed d\u1ee5ng l\u00f2 quay b\u1eb1ng \u0111i\u1ec7n Berjaya mang l\u1ea1i hi\u1ec7u qu\u1ea3 cao, s\u1ea3n ph\u1ea9m ch\u00edn \u0111\u1ec1u, ti\u1ebft ki\u1ec7m th\u1eddi gian h\u01a1n. Ngo\u00e0i ra, s\u1ea3n ph\u1ea9m \u0111\u01b0\u1ee3c thi\u1ebft k\u1ebf h\u00ecnh h\u1ed9p n\u00ean gi\u1ea3m b\u1edbt ti\u00eau hao nhi\u00ean li\u1ec7u, \u0111\u1ed3 \u0103n sau khi quay xong ch\u00edn v\u00e0ng \u0111\u1ec1u, b\u1eaft m\u1eaft, h\u01b0\u01a1ng v\u1ecb th\u01a1m ngon.&nbsp;<\/span><\/p>\n<p><img class=\"size-full wp-image-11660 aligncenter\" src=\"https:\/\/thucpham.com\/wp-content\/uploads\/2020\/07\/lo-quay-dung-dien-berjaya-banner.jpg\" alt=\"lo-quay-dung-dien-berjaya\" width=\"820\" height=\"656\" srcset=\"https:\/\/thucpham.com\/vinacom\/wp-content\/uploads\/2020\/07\/lo-quay-dung-dien-berjaya-banner.jpg 820w, https:\/\/thucpham.com\/vinacom\/wp-content\/uploads\/2020\/07\/lo-quay-dung-dien-berjaya-banner-300x240.jpg 300w, https:\/\/thucpham.com\/vinacom\/wp-content\/uploads\/2020\/07\/lo-quay-dung-dien-berjaya-banner-768x614.jpg 768w, https:\/\/thucpham.com\/vinacom\/wp-content\/uploads\/2020\/07\/lo-quay-dung-dien-berjaya-banner-24x19.jpg 24w, https:\/\/thucpham.com\/vinacom\/wp-content\/uploads\/2020\/07\/lo-quay-dung-dien-berjaya-banner-36x29.jpg 36w, https:\/\/thucpham.com\/vinacom\/wp-content\/uploads\/2020\/07\/lo-quay-dung-dien-berjaya-banner-48x38.jpg 48w, https:\/\/thucpham.com\/vinacom\/wp-content\/uploads\/2020\/07\/lo-quay-dung-dien-berjaya-banner-510x408.jpg 510w\" sizes=\"(max-width: 820px) 100vw, 820px\" title=\"\"><\/p>\n<p style=\"text-align: center;\"><em>Th\u00f4ng tin s\u1ea3n ph\u1ea9m l\u00f2 quay d\u00f9ng \u0111i\u1ec7n Berjaya ER001<\/em><\/p>\n<h2><span style=\"font-size: 85%;\"><strong>\u01afu \u0111i\u1ec3m n\u1ed5i b\u1eadt l\u00f2 quay d\u00f9ng \u0111i\u1ec7n Berjaya ER001<\/strong><\/span><\/h2>\n<h3><span style=\"font-size: 95%;\"><strong>Thi\u1ebft k\u1ebf th\u00f4ng minh hi\u1ec7n \u0111\u1ea1i<\/strong><\/span><\/h3>\n<p style=\"text-align: justify;\"><span style=\"font-weight: 400;\">L\u00f2 quay Berjaya ER001 \u0111\u01b0\u1ee3c trang b\u1ecb th\u00eam b\u1ed9 \u0111i\u1ec1u khi\u1ec3n th\u00f4ng minh, khi chu tr\u00ecnh n\u01b0\u1edbng ho\u00e0n th\u00e0nh th\u00ec b\u1ed9 \u0111i\u1ec1u khi\u1ec3n t\u1ef1 \u0111\u1ed9ng chuy\u1ec3n sang ch\u1ebf \u0111\u1ed9 gi\u1eef nhi\u1ec7t. B\u00ean c\u1ea1nh \u0111\u00f3, bu\u1ed3ng quay c\u1ee7a l\u00f2 c\u00f3 dung t\u00edch l\u1edbn v\u1edbi s\u1ee9c ch\u1ee9a t\u1eeb 20 \u0111\u1ebfn 25 con gia c\u1ea7m, gi\u00fap ng\u01b0\u1eddi d\u00f9ng quay m\u1ed9t l\u00fac \u0111\u01b0\u1ee3c s\u1ed1 l\u01b0\u1ee3ng l\u1edbn th\u1ef1c ph\u1ea9m, v\u1eeba ti\u1ebft ki\u1ec7m \u0111i\u1ec7n n\u0103ng v\u1eeba ti\u1ebft ki\u1ec7m c\u00f4ng s\u1ee9c. Th\u00eam v\u00e0o \u0111\u00f3, <b>l\u00f2 quay d\u00f9ng \u0111i\u1ec7n Berjaya ER001 <\/b>s\u1eed d\u1ee5ng h\u1ec7 th\u1ed1ng \u0111\u1ed1t ch\u00e1y b\u1eb1ng tia h\u1ed3ng ngo\u1ea1i v\u00e0 h\u1ec7 th\u1ed1ng v\u00f2ng \u0111\u1ed1i l\u01b0u l\u00e0m n\u00f3ng \u0111\u1ec1u l\u00f2 n\u00ean \u0111\u1ea3m b\u1ea3o th\u1ee9c \u0103n lu\u00f4n \u0111\u01b0\u1ee3c ch\u00edn v\u00e0ng \u0111\u1ec1u.<\/span><\/p>\n<h3><strong><span style=\"font-size: 95%;\">C\u1ea5u t\u1ea1o ch\u1ea5t li\u1ec7u cao c\u1ea5p<\/span><\/strong><\/h3>\n<p style=\"text-align: justify;\"><span style=\"font-weight: 400;\">S\u1ea3n ph\u1ea9m <b>l\u00f2 quay d\u00f9ng \u0111i\u1ec7n Berjaya ER001<\/b> \u0111\u01b0\u1ee3c thi\u1ebft k\u1ebf b\u1eb1ng th\u00e9p kh\u00f4ng g\u1ec9, tu\u1ed5i th\u1ecd cao v\u00e0 c\u00e1c b\u1ed9 ph\u1eadn b\u00ean trong c\u00f3 th\u1ec3 th\u00e1o r\u1eddi ho\u00e0n to\u00e0n \u0111\u1ec3 d\u1ec5 d\u00e0ng v\u1ec7 sinh. K\u1ebft c\u1ea5u c\u1ee7a nh\u00e1nh xoay l\u00e0m b\u1eb1ng <a href=\"https:\/\/vi.wikipedia.org\/wiki\/Th%C3%A9p_kh%C3%B4ng_g%E1%BB%89\" target=\"_blank\" rel=\"noopener nofollow\" data-schema-attribute=\"\">inox 304<\/a> ch\u1ea5t l\u01b0\u1ee3ng cao; si\u00eau c\u1ee9ng c\u00e1p, b\u1ec1n ch\u1eafc n\u00ean xoay tr\u00f2n nh\u1ecbp nh\u00e0ng. Nh\u00e1nh inox b\u00ean trong khoang quay c\u0169ng d\u1ec5 d\u00e0ng th\u00e1o n\u1eafp \u0111\u1ec3 \u0111\u1eb7t th\u1ef1c ph\u1ea9m ho\u1eb7c \u0111\u1ec3 v\u1ec7 sinh.<\/span><span style=\"font-weight: 400;\"> C\u1eeda l\u00f2 \u0111\u01b0\u1ee3c l\u00e0m b\u1eb1ng k\u00ednh d\u00e0y trong su\u1ed1t v\u00e0 c\u00f3 \u0111\u00e8n chi\u1ebfu s\u00e1ng b\u00ean trong n\u00ean d\u1ec5 d\u00e0ng quan th\u1ef1c ph\u1ea9m b\u00ean trong.<\/span><\/p>\n<p><em><span style=\"font-weight: 400;\">L\u00f2 quay d\u00f9ng \u0111i\u1ec7n Berjaya ER001&nbsp;<\/span><\/em><span style=\"font-weight: 400;\">l\u00e0 m\u1ed9t s\u1ea3n ph\u1ea9m kh\u00f4ng th\u1ec3 thi\u1ebfu trong khu b\u1ebfp c\u00f4ng nghi\u1ec7p b\u1edfi thi\u1ebft k\u1ebf b\u1eaft m\u1eaft, c\u00f4ng su\u1ea5t v\u01b0\u1ee3t tr\u1ed9i gi\u00fap vi\u1ec7c n\u1ea5u n\u01b0\u1edbng c\u1ee7a b\u1ea1n tr\u1edf n\u00ean d\u1ec5 d\u00e0ng h\u01a1n bao gi\u1edd h\u1ebft. B\u1ea1n c\u0169ng c\u00f3 th\u1ec3 tham kh\u1ea3o th\u00eam nhi\u1ec1u s\u1ea3n ph\u1ea9m t\u01b0\u01a1ng t\u1ef1 v\u1edbi nh\u1eefng model <a href=\"https:\/\/thucpham.com\/bep-nuong-lo-nuong-cong-nghiep\/\">b\u1ebfp n\u01b0\u1edbng l\u00f2 n\u01b0\u1edbng c\u00f4ng nghi\u1ec7p<\/a> kh\u00e1c m\u00e0 ThucPham.com gi\u1edbi thi\u1ec7u v\u00e0 cung c\u1ea5p nh\u01b0: <span data-sheets-value=\"{&quot;1&quot;:2,&quot;2&quot;:&quot;L\u00f2 Quay Rotise D\u00f9ng Gas Berjaya&quot;}\" data-sheets-userformat=\"{&quot;2&quot;:14466,&quot;4&quot;:{&quot;1&quot;:2,&quot;2&quot;:16777215},&quot;10&quot;:2,&quot;14&quot;:{&quot;1&quot;:2,&quot;2&quot;:0},&quot;15&quot;:&quot;Arial&quot;,&quot;16&quot;:10}\"><a href=\"https:\/\/thucpham.com\/lo-quay-rotise-dung-gas-berjaya\/\">L\u00f2 Quay Rotise D\u00f9ng Gas Berjaya<\/a>, <a href=\"https:\/\/thucpham.com\/lo-quay-vit-dung-gas-loai-khong-co-tay-cam-berjaya\/\">L\u00f2 Quay V\u1ecbt D\u00f9ng Gas Lo\u1ea1i Kh\u00f4ng C\u00f3 Tay C\u1ea7m Berjaya<\/a>,&#8230;<\/span><\/span><\/p>\n","protected":false},"excerpt":{"rendered":"<ul>\n<li style=\"font-weight: 400;\"><span style=\"font-weight: 400;\">Thi\u1ebft k\u1ebf b\u1eb1ng th\u00e9p kh\u00f4ng g\u1ec9 d\u1ec5 d\u00e0ng l\u00e0m s\u1ea1ch, tu\u1ed5i th\u1ecd cao<\/span><\/li>\n<li style=\"font-weight: 400;\"><span style=\"font-weight: 400;\">C\u00f4ng t\u1eafc lu\u00e2n chuy\u1ec3n \u0111\u1ec3 d\u1ec5 d\u00e0ng l\u1ea5y th\u1ef1c ph\u1ea9m<\/span><\/li>\n<li style=\"font-weight: 400;\"><span style=\"font-weight: 400;\">C\u00e1c b\u1ed9 ph\u1eadn b\u00ean trong d\u1ec5 th\u00e1o r\u1eddi \u0111\u1ec3 v\u1ec7 sinh<\/span><\/li>\n<li style=\"font-weight: 400;\"><span style=\"font-weight: 400;\">Dung t\u00edch l\u00f2 l\u1edbn, n\u01b0\u1edbng c\u00f9ng l\u00fac m\u1ed9t s\u1ed1 l\u01b0\u1ee3ng l\u1edbn th\u1ef1c ph\u1ea9m<\/span><\/li>\n<li style=\"font-weight: 400;\"><span style=\"font-weight: 400;\">Thi\u1ebft l\u1eadp chu tr\u00ecnh n\u01b0\u1edbng b\u1eb1ng b\u1ed9 \u0111i\u1ec1u khi\u1ec3n \u0111i\u1ec7n t\u1eed<\/span><\/li>\n<\/ul>\n","protected":false},"featured_media":36588,"comment_status":"open","ping_status":"closed","template":"","meta":[],"product_cat":[202,247],"product_tag":[],"_links":{"self":[{"href":"https:\/\/thucpham.com\/vinacom\/wp-json\/wp\/v2\/product\/9399"}],"collection":[{"href":"https:\/\/thucpham.com\/vinacom\/wp-json\/wp\/v2\/product"}],"about":[{"href":"https:\/\/thucpham.com\/vinacom\/wp-json\/wp\/v2\/types\/product"}],"replies":[{"embeddable":true,"href":"https:\/\/thucpham.com\/vinacom\/wp-json\/wp\/v2\/comments?post=9399"}],"wp:featuredmedia":[{"embeddable":true,"href":"https:\/\/thucpham.com\/vinacom\/wp-json\/wp\/v2\/media\/36588"}],"wp:attachment":[{"href":"https:\/\/thucpham.com\/vinacom\/wp-json\/wp\/v2\/media?parent=9399"}],"wp:term":[{"taxonomy":"product_cat","embeddable":true,"href":"https:\/\/thucpham.com\/vinacom\/wp-json\/wp\/v2\/product_cat?post=9399"},{"taxonomy":"product_tag","embeddable":true,"href":"https:\/\/thucpham.com\/vinacom\/wp-json\/wp\/v2\/product_tag?post=9399"}],"curies":[{"name":"wp","href":"https:\/\/api.w.org\/{rel}","templated":true}]}}