{"id":9393,"date":"2020-07-02T22:25:59","date_gmt":"2020-07-02T22:25:59","guid":{"rendered":"https:\/\/thucpham.com\/?post_type=product&#038;p=9393"},"modified":"2022-04-04T16:08:48","modified_gmt":"2022-04-04T09:08:48","slug":"bep-nuong-than-da-dung-gas-modular-pk-90-80-grl-p","status":"publish","type":"product","link":"https:\/\/thucpham.com\/vinacom\/bep-nuong-than-da-dung-gas-modular-pk-90-80-grl-p\/","title":{"rendered":"B\u1ebfp N\u01b0\u1edbng Than \u0110\u00e1 D\u00f9ng Gas Modular PK 90\/80 GRL-P"},"content":{"rendered":"<p style=\"text-align: justify;\"><span style=\"font-family: helvetica, arial, sans-serif;\"><span style=\"font-weight: 400;\">M\u00f3n n\u01b0\u1edbng l\u00e0 m\u1ed9t trong nh\u1eefng m\u00f3n \u0103n \u0111\u01b0\u1ee3c nhi\u1ec1u ng\u01b0\u1eddi \u01b0a chu\u1ed9ng. Tuy nhi\u00ean khi n\u01b0\u1edbng th\u1ef1c ph\u1ea9m tr\u1ef1c ti\u1ebfp tr\u00ean than c\u1ee7i th\u00ec nh\u1eefng b\u1ee5i than s\u1ebd b\u00e1m tr\u00ean th\u1ef1c ph\u1ea9m g\u00e2y m\u1ea5t v\u1ec7 sinh an to\u00e0n th\u1ef1c ph\u1ea9m. Gi\u1ea3i ph\u00e1p an to\u00e0n cho \u0111\u1ed3 n\u01b0\u1edbng l\u00e0 s\u1eed d\u1ee5ng <\/span><b><i>b\u1ebfp n\u01b0\u1edbng than \u0111\u00e1 d\u00f9ng gas <\/i><\/b><b><i>Modular&nbsp; PK 90\/80 GRL-P<\/i><\/b><span style=\"font-weight: 400;\">. Chi\u1ebfc b\u1ebfp n\u00e0y s\u1eed d\u1ee5ng t<\/span><span style=\"font-weight: 400;\">han \u0111\u00e1 nham th\u1ea1ch, kh\u00f4ng ph\u00e1t sinh kh\u00f3i \u0111\u1ed9c PHA v\u00e0 PHAS v\u1eeba th\u00e2n thi\u1ec7n v\u1edbi m\u00f4i tr\u01b0\u1eddng v\u1eeba \u0111\u1ea3m b\u1ea3o an to\u00e0n cho s\u1ee9c kh\u1ecfe ng\u01b0\u1eddi s\u1eed d\u1ee5ng.&nbsp;<\/span><\/span><\/p>\n<p><img class=\"aligncenter\" src=\"https:\/\/thucpham.com\/wp-content\/uploads\/2020\/07\/bep-nuong-than-da-dung-gas-modular-pk-90-80-grl-p-005.jpg\" alt=\"B\u1ebfp N\u01b0\u1edbng Than \u0110\u00e1 D\u00f9ng Gas Modular PK 90\/80 GRL-P\" width=\"820\" height=\"656\" title=\"\"><\/p>\n<p style=\"text-align: center;\"><span style=\"font-family: helvetica, arial, sans-serif;\"><em>Th\u00f4ng tin s\u1ea3n ph\u1ea9m <i>b\u1ebfp n\u01b0\u1edbng than \u0111\u00e1 d\u00f9ng gas <\/i><i>Modular PK 90\/80 GRL-P<\/i><\/em><\/span><\/p>\n<h2><strong><span style=\"font-size: 85%;\">\u01afu \u0111i\u1ec3m b\u1ebfp n\u01b0\u1edbng than \u0111\u00e1 d\u00f9ng gas Modular PK 90\/80 GRL-P<\/span><\/strong><\/h2>\n<p style=\"text-align: justify;\"><span style=\"font-family: helvetica, arial, sans-serif;\"><span style=\"font-weight: 400;\">Ngo\u00e0i ra, <b>b\u1ebfp n\u01b0\u1edbng than \u0111\u00e1 d\u00f9ng gas <\/b><b>Modular PK 90\/80 GRL-P<\/b><\/span><span style=\"font-weight: 400;\"> s\u1eed d\u1ee5ng nhi\u00ean li\u1ec7u gas v\u00e0 than \u0111\u00e1 \u0111\u1ec3 n\u01b0\u1edbng, kh\u00f4ng ph\u1ee5 thu\u1ed9c v\u00e0o ngu\u1ed3n \u0111i\u1ec7n n\u00ean b\u1ea1n c\u00f3 th\u1ec3 d\u1ec5 d\u00e0ng mang b\u1ebfp \u0111\u1ebfn b\u1ea5t k\u1ef3 v\u1ecb tr\u00ed n\u00e0o mong mu\u1ed1n ho\u1eb7c nh\u1eefng \u0111\u1ecba \u0111i\u1ec3m thi\u1ebfu th\u1ed1n ngu\u1ed3n \u0111i\u1ec7n. B\u1ebfp c\u00f3 thi\u1ebft k\u1ebf hai v\u00f9ng n\u01b0\u1edbng v\u1edbi hai n\u00fam \u0111i\u1ec1u ch\u1ec9nh nhi\u1ec7t \u0111\u1ed9 t\u00e1ch bi\u1ec7t kh\u00f4ng b\u1ecb \u1ea3nh h\u01b0\u1edfng \u0111\u1ebfn nhau.<\/span><\/span><\/p>\n<p style=\"text-align: justify;\"><span style=\"font-family: helvetica, arial, sans-serif;\"><span style=\"font-weight: 400;\">B\u00ean c\u1ea1nh \u0111\u00f3, <\/span><span style=\"font-weight: 400;\">v\u1ec9 n\u01b0\u1edbng l\u00e0m b\u1eb1ng <a href=\"https:\/\/vi.wikipedia.org\/wiki\/Th%C3%A9p_kh%C3%B4ng_g%E1%BB%89\" target=\"_blank\" rel=\"noopener nofollow\" data-schema-attribute=\"\">inox cao c\u1ea5p<\/a> v\u00e0 quan tr\u1ecdng l\u00e0 kh\u00f4ng s\u1ea3n sinh ra ch\u1ea5t \u0111\u1ed9c h\u1ea1i khi n\u01b0\u1edbng \u1edf nhi\u1ec7t \u0111\u1ed9 cao. <\/span><b>B\u1ebfp n\u01b0\u1edbng than \u0111\u00e1 d\u00f9ng gas <\/b><b>Modular PK 90\/80 GRL-P<\/b> <span style=\"font-weight: 400;\">\u0111\u01b0\u1ee3c thi\u1ebft k\u1ebf th\u00eam ng\u0103n ch\u1ee9a m\u1ee1 th\u1eeba c\u00f3 t\u00e1c d\u1ee5ng tr\u1eef l\u01b0\u1ee3ng d\u1ea7u m\u1ee1 ti\u1ebft ra t\u1eeb th\u1ef1c ph\u1ea9m khi n\u01b0\u1edbng gi\u00fap khu v\u1ef1c b\u1ebfp n\u01b0\u1edbng lu\u00f4n s\u1ea1ch s\u1ebd.<\/span><\/span><\/p>\n<p><em><span style=\"font-family: helvetica, arial, sans-serif;\">B\u1ebfp n\u01b0\u1edbng than \u0111\u00e1 d\u00f9ng gas Modular PK 90\/80 GRL-P <\/span><\/em><span style=\"font-family: helvetica, arial, sans-serif;\">l\u00e0 m\u1ed9t s\u1ef1 l\u1ef1a ch\u1ecdn ho\u00e0n h\u1ea3o cho c\u00e1c nh\u00e0 \u0111\u1ea7u t\u01b0 c\u1ea7n s\u1ef1 l\u01b0u \u0111\u1ed9ng cao, c\u00f4ng su\u1ea5t l\u1edbn nh\u01b0ng chi ph\u00ed ph\u00f9 h\u1ee3p. B\u1ea1n c\u0169ng c\u00f3 th\u1ec3 tham kh\u1ea3o th\u00eam nhi\u1ec1u model <a href=\"https:\/\/thucpham.com\/bep-nuong-lo-nuong-cong-nghiep\/\">b\u1ebfp n\u01b0\u1edbng l\u00f2 n\u01b0\u1edbng c\u00f4ng nghi\u1ec7p<\/a> kh\u00e1c m\u00e0 ThucPham.com \u0111ang cung c\u1ea5p nh\u01b0: <span data-sheets-value=\"{&quot;1&quot;:2,&quot;2&quot;:&quot;B\u1ebfp N\u01b0\u1edbng Than \u0110\u00e1 D\u00f9ng Gas Modular PK 90\/80 GRL-T&quot;}\" data-sheets-userformat=\"{&quot;2&quot;:14466,&quot;4&quot;:{&quot;1&quot;:2,&quot;2&quot;:16777215},&quot;10&quot;:2,&quot;14&quot;:{&quot;1&quot;:2,&quot;2&quot;:0},&quot;15&quot;:&quot;Arial&quot;,&quot;16&quot;:10}\"><a href=\"https:\/\/thucpham.com\/bep-nuong-than-da-dung-gas-modular-pk-90-80-grl-t\/\">B\u1ebfp N\u01b0\u1edbng Than \u0110\u00e1 D\u00f9ng Gas Modular PK 90\/80 GRL-T<\/a>, <a href=\"https:\/\/thucpham.com\/lo-nuong-salamander-dung-gas-modular\/\">L\u00f2 N\u01b0\u1edbng Salamander D\u00f9ng Gas Modular<\/a>,&#8230;<\/span><\/span><\/p>\n","protected":false},"excerpt":{"rendered":"<ul>\n<li style=\"font-weight: 400;\"><span style=\"font-weight: 400; font-family: helvetica, arial, sans-serif;\">S\u1eed d\u1ee5ng than \u0111\u00e1 nham th\u1ea1ch th\u00e2n thi\u1ec7n v\u1edbi m\u00f4i tr\u01b0\u1eddng<\/span><\/li>\n<li style=\"font-weight: 400;\"><span style=\"font-weight: 400; font-family: helvetica, arial, sans-serif;\">N\u01b0\u1edbng th\u1ef1c ph\u1ea9m ch\u00edn nhanh v\u00e0 \u0111\u1ec1u m\u00e0 kh\u00f4ng lo ch\u00e1y kh\u00e9t<\/span><\/li>\n<li style=\"font-weight: 400;\"><span style=\"font-weight: 400; font-family: helvetica, arial, sans-serif;\">V\u1ec9 n\u01b0\u1edbng l\u00e0m b\u1eb1ng inox cao c\u1ea5p, b\u1ec1n ch\u1eafc<\/span><\/li>\n<li style=\"font-weight: 400;\"><span style=\"font-weight: 400; font-family: helvetica, arial, sans-serif;\">H\u1ec7 th\u1ed1ng \u0111\u00e1nh l\u1eeda t\u1ef1 \u0111\u1ed9ng Piezo cao c\u1ea5p, ch\u00ednh x\u00e1c<\/span><\/li>\n<li style=\"font-weight: 400;\"><span style=\"font-weight: 400; font-family: helvetica, arial, sans-serif;\">Hai v\u00f9ng n\u01b0\u1edbng v\u1edbi hai n\u00fam \u0111i\u1ec1u ch\u1ec9nh nhi\u1ec7t \u0111\u1ed9 \u0111\u1ed9c l\u1eadp<\/span><\/li>\n<\/ul>\n","protected":false},"featured_media":36486,"comment_status":"open","ping_status":"closed","template":"","meta":[],"product_cat":[202,247],"product_tag":[],"_links":{"self":[{"href":"https:\/\/thucpham.com\/vinacom\/wp-json\/wp\/v2\/product\/9393"}],"collection":[{"href":"https:\/\/thucpham.com\/vinacom\/wp-json\/wp\/v2\/product"}],"about":[{"href":"https:\/\/thucpham.com\/vinacom\/wp-json\/wp\/v2\/types\/product"}],"replies":[{"embeddable":true,"href":"https:\/\/thucpham.com\/vinacom\/wp-json\/wp\/v2\/comments?post=9393"}],"wp:featuredmedia":[{"embeddable":true,"href":"https:\/\/thucpham.com\/vinacom\/wp-json\/wp\/v2\/media\/36486"}],"wp:attachment":[{"href":"https:\/\/thucpham.com\/vinacom\/wp-json\/wp\/v2\/media?parent=9393"}],"wp:term":[{"taxonomy":"product_cat","embeddable":true,"href":"https:\/\/thucpham.com\/vinacom\/wp-json\/wp\/v2\/product_cat?post=9393"},{"taxonomy":"product_tag","embeddable":true,"href":"https:\/\/thucpham.com\/vinacom\/wp-json\/wp\/v2\/product_tag?post=9393"}],"curies":[{"name":"wp","href":"https:\/\/api.w.org\/{rel}","templated":true}]}}