{"id":9387,"date":"2020-06-30T11:14:54","date_gmt":"2020-06-30T04:14:54","guid":{"rendered":"https:\/\/thucpham.com\/?post_type=product&#038;p=9387"},"modified":"2022-03-16T11:36:38","modified_gmt":"2022-03-16T04:36:38","slug":"lo-hap-nuong-da-nang-5-khay-dung-dien-modular","status":"publish","type":"product","link":"https:\/\/thucpham.com\/vinacom\/lo-hap-nuong-da-nang-5-khay-dung-dien-modular\/","title":{"rendered":"L\u00f2 H\u1ea5p N\u01b0\u1edbng \u0110a N\u0103ng 5 Khay D\u00f9ng \u0110i\u1ec7n Modular FDE 051 P"},"content":{"rendered":"<h2><strong><span style=\"font-size: 85%;\">M\u00f4 t\u1ea3 s\u1ea3n ph\u1ea9m<\/span><\/strong><\/h2>\n<p style=\"text-align: justify;\"><span style=\"font-family: arial, helvetica, sans-serif;\"><span style=\"font-weight: 400;\">V\u1edbi 2 ch\u1ee9c n\u0103ng n\u01b0\u1edbng v\u00e0 h\u1ea5p trong c\u00f9ng 1 thi\u1ebft b\u1ecb, <\/span><b>l\u00f2 h\u1ea5p n\u01b0\u1edbng \u0111a n\u0103ng 5 khay d\u00f9ng \u0111i\u1ec7n Modular FDE 051 P <\/b><span style=\"font-weight: 400;\">l\u00e0 tr\u1ee3 th\u1ee7 <\/span><span style=\"font-weight: 400;\">\u0111\u1eafc l\u1ef1c gi\u00fap \u0111\u1ea7u b\u1ebfp ch\u1ebf bi\u1ebfn \u0111a d\u1ea1ng nhi\u1ec1u m\u00f3n \u0103n \u0111\u1ed3ng th\u1eddi gi\u00fap ti\u1ebft ki\u1ec7m th\u1eddi gian n\u1ea5u n\u01b0\u1edbng. Th\u1ef1c ph\u1ea9m \u0111\u01b0\u1ee3c h\u1ea5p v\u00e0 n\u01b0\u1edbng t\u1eeb chi\u1ebfc l\u00f2 n\u00e0y ch\u00edn nhanh, \u0111\u1ec1u, gi\u1eef m\u00e0u s\u1eafc \u0111\u1eb9p, kh\u00f4ng b\u1ecb kh\u00f4, v\u00e0 quan tr\u1ecdng l\u00e0 kh\u00f4ng l\u00e0m m\u1ea5t d\u01b0\u1ee1ng ch\u1ea5t, vitamin trong th\u1ef1c ph\u1ea9m.&nbsp;<\/span><\/span><\/p>\n<p><img class=\"aligncenter\" src=\"https:\/\/thucpham.com\/wp-content\/uploads\/2020\/06\/lo-hap-nuong-da-nang-5-khay-dung-dien-modular-05.jpg\" alt=\"\" width=\"820\" height=\"656\" title=\"\"><\/p>\n<p style=\"text-align: center;\"><span style=\"font-family: helvetica, arial, sans-serif;\"><em>Th\u00f4ng tin s\u1ea3n ph\u1ea9m <i>l\u00f2 h\u1ea5p n\u01b0\u1edbng \u0111a n\u0103ng 5 khay d\u00f9ng \u0111i\u1ec7n Modular<\/i><\/em><\/span><\/p>\n<h2><strong><span style=\"font-size: 85%;\">\u01afu \u0111i\u1ec3m <span style=\"font-family: arial, helvetica, sans-serif;\"><b>l\u00f2 h\u1ea5p n\u01b0\u1edbng \u0111a n\u0103ng 5 khay d\u00f9ng \u0111i\u1ec7n Modular<\/b><\/span><\/span><\/strong><\/h2>\n<h3><span style=\"font-size: 95%;\"><strong>Thi\u1ebft k\u1ebf ti\u1ec7n l\u1ee3i<\/strong><\/span><\/h3>\n<p style=\"text-align: justify;\"><span style=\"font-family: arial, helvetica, sans-serif;\"><b>L\u00f2 h\u1ea5p n\u01b0\u1edbng \u0111a n\u0103ng 5 khay d\u00f9ng \u0111i\u1ec7n Modular FDE 051 P <\/b>\u0111\u01b0\u1ee3c cho l\u00e0 m\u1ed9t tr\u1ee3 th\u1ee7 \u0111\u1eafc l\u1ef1c c\u1ee7a c\u00e1c \u0111\u1ea7u b\u1ebfp v\u1edbi 2 ch\u1ee9c n\u0103ng h\u1ea5p v\u00e0 n\u01b0\u1edbng ti\u1ec7n l\u1ee3i. S\u1ea3n ph\u1ea9m \u0111\u01b0\u1ee3c thi\u1ebft k\u1ebf nh\u1ecf g\u1ecdn, v\u1ebb ngo\u00e0i sang tr\u1ecdng nh\u01b0ng c\u00f4ng su\u1ea5t c\u0169ng v\u00f4 c\u00f9ng m\u1ea1nh m\u1ebd v\u1edbi 5 khay ri\u00eang bi\u1ec7t. B\u1ea1n c\u00f3 th\u1ec3 d\u1ec5 d\u00e0ng ch\u1ebf bi\u1ebfn nhi\u1ec1u m\u00f3n \u0103n kh\u00e1c nhau b\u1edfi ch\u1ebf \u0111\u1ed9 n\u1ea5u ti\u1ec7n l\u1ee3i \u0111\u01b0\u1ee3c \u0111i\u1ec1u khi\u1ec3n b\u1eb1ng b\u1ea3ng \u0111i\u1ec1u khi\u1ec3n nhi\u1ec7t \u0111\u1ed9 v\u00e0 l\u1edbp k\u00ednh c\u1eeda trong su\u1ed1t d\u1ec5 quan s\u00e1t.<\/span><\/p>\n<h3><span style=\"font-size: 95%;\"><strong>S\u1ea3n xu\u1ea5t t\u1eeb inox cao c\u1ea5p<\/strong><\/span><\/h3>\n<p style=\"text-align: justify;\"><span style=\"font-family: arial, helvetica, sans-serif;\"><span style=\"font-weight: 400;\">V\u1ecf ngo\u00e0i c\u1ee7a <span style=\"font-family: helvetica, arial, sans-serif;\"><b>l\u00f2 h\u1ea5p n\u01b0\u1edbng \u0111a n\u0103ng 5 khay d\u00f9ng \u0111i\u1ec7n Modular FDE 051 P<\/b><\/span> \u0111\u01b0\u1ee3c b\u1ecdc th\u00e9p nguy\u00ean kh\u1ed1i ch\u1eafc ch\u1eafn, c\u00f3 kh\u1ea3 n\u0103ng ch\u1ecbu nhi\u1ec7t, ch\u1ecbu l\u1ef1c t\u1ed1t, kh\u00f4ng b\u1ecb oxy h\u00f3a hay r\u1ec9 s\u1eaft d\u00f9 ph\u1ea3i l\u00e0m vi\u1ec7c li\u00ean t\u1ee5c trong m\u00f4i tr\u01b0\u1eddng n\u00f3ng \u1ea9m c\u1ee7a kh\u00f4ng gian b\u1ebfp. V\u1ec9 n\u01b0\u1edbng b\u00ean trong \u0111\u01b0\u1ee3c l\u00e0m b\u1eb1ng <a href=\"https:\/\/vi.wikipedia.org\/wiki\/Th%C3%A9p_kh%C3%B4ng_g%E1%BB%89\" target=\"_blank\" rel=\"noopener nofollow\" data-schema-attribute=\"\">inox cao c\u1ea5p<\/a> v\u00e0 an to\u00e0n cho s\u1ee9c kh\u1ecfe. C\u00e1c ch\u00e2n \u0111\u1ee9ng ch\u1eafc ch\u1eafn gi\u00fap thi\u1ebft b\u1ecb lu\u00f4n v\u1eefng ch\u00e3i trong khi s\u1eed d\u1ee5ng n\u1ea5u n\u01b0\u1edbng.<\/span><\/span><\/p>\n<h3><span style=\"font-size: 95%;\"><strong>C\u00f4ng su\u1ea5t ch\u1ebf bi\u1ebfn m\u1ea1nh m\u1ebd<\/strong><\/span><\/h3>\n<p style=\"text-align: justify;\"><span style=\"font-family: arial, helvetica, sans-serif;\"><span style=\"font-weight: 400;\"><b>L\u00f2 h\u1ea5p n\u01b0\u1edbng \u0111a n\u0103ng 5 khay d\u00f9ng \u0111i\u1ec7n Modular FDE 051 P<\/b><\/span><b><i> <\/i><\/b><span style=\"font-weight: 400;\">\u0111\u01b0\u1ee3c b\u1ed1 tr\u00ed 5 v\u1ec9 h\u1ea5p n\u01b0\u1edbng b\u00ean trong cho ph\u00e9p \u0111\u1eb7t \u0111\u01b0\u1ee3c s\u1ed1 l\u01b0\u1ee3ng l\u1edbn th\u1ef1c ph\u1ea9m, h\u1ea5p n\u01b0\u1edbng c\u00f9ng l\u00fac \u0111\u01b0\u1ee3c nhi\u1ec1u lo\u1ea1i th\u1ef1c ph\u1ea9m. Ngo\u00e0i ra, l\u00f2 h\u1ea5p n\u01b0\u1edbng \u0111\u01b0\u1ee3c trang b\u1ecb b\u1ea3ng \u0111i\u1ec1u khi\u1ec3n c\u00f3 \u0111\u1ed3ng h\u1ed3 hi\u1ec3n th\u1ecb ch\u00ednh x\u00e1c, cho ph\u00e9p ng\u01b0\u1eddi d\u00f9ng ki\u1ec3m so\u00e1t chu tr\u00ecnh n\u1ea5u c\u0169ng nh\u01b0 thi\u1ebft l\u1eadp nhi\u1ec1u ch\u1ebf \u0111\u1ed9 h\u1ea5p n\u01b0\u1edbng kh\u00e1c nhau. Qu\u1ea1t \u0111\u1ea3o chi\u1ec1u gi\u00fap t\u1ea3n nhi\u1ec7t \u0111\u1ec1u trong to\u00e0n b\u1ed9 khoang thi\u1ebft b\u1ecb gi\u00fap m\u00f3n \u0103n ch\u00edn \u0111\u1ec1u.<\/span><\/span><\/p>\n<h3><span style=\"font-size: 95%;\"><strong>Kh\u00e2u v\u1ec7 sinh thu\u1eadn ti\u1ec7n<\/strong><\/span><\/h3>\n<p style=\"text-align: justify;\">C\u00e1c khay \u0111\u01b0\u1ee3c l\u00e0m b\u1eb1ng c\u00e1c thanh inox \u0111an xen gi\u00fap d\u1ea7u m\u1ee1 ch\u1ea3y xu\u1ed1ng t\u1ea5m h\u1ee9ng d\u1ea7u m\u1ee1 b\u00ean d\u01b0\u1edbi d\u1ec5 d\u00e0ng \u0111\u1ea3m b\u1ea3o v\u1ec7 sinh. C\u00e1c khay c\u1ee7a <span style=\"font-family: arial, helvetica, sans-serif;\"><span style=\"font-weight: 400;\"><b>l\u00f2 h\u1ea5p n\u01b0\u1edbng \u0111a n\u0103ng 5 khay d\u00f9ng \u0111i\u1ec7n Modular FDE 051 P <\/b><\/span><\/span>\u0111\u1ec1u \u0111\u01b0\u1ee3c ch\u1ebf t\u1ea1o th\u00e1o l\u1eafp d\u1ec5 d\u00e0ng gi\u00fap vi\u1ec7c c\u1ecd r\u1eeda r\u1ea5t d\u1ec5 d\u00e0ng. B\u1ec1 m\u1eb7t l\u00e0m b\u1eb1ng inox cao c\u1ea5p ch\u1ed1ng b\u00e1m b\u1ee5i t\u1ed1t khi\u1ebfn b\u1ea1n ch\u1ec9 c\u1ea7n m\u1ed9t chi\u1ebfc kh\u0103n \u1ea9m l\u00e0 c\u00f3 th\u1ec3 \u0111em l\u1ea1i v\u1ebb ngo\u00e0i s\u00e1ng b\u00f3ng nh\u01b0 m\u1edbi. \u0110\u1eb7c bi\u1ec7t do d\u00f9ng \u0111i\u1ec7n n\u00ean l\u00f2 n\u01b0\u1edbng kh\u00f4ng c\u00f3 kh\u1ea3 n\u0103ng c\u00f3 kh\u00f3i b\u1ee5i, kh\u00f4ng b\u00e1m d\u00ednh b\u1ea9n.<\/p>\n<p><img class=\"aligncenter size-full wp-image-42024\" src=\"https:\/\/thucpham.com\/wp-content\/uploads\/2020\/06\/lo-hap-nuong-da-nang-5-khay-dung-dien-modular-001.jpg\" alt=\"L\u00f2 H\u1ea5p N\u01b0\u1edbng \u0110a N\u0103ng 5 Khay D\u00f9ng \u0110i\u1ec7n Modular FDE 051 P\" width=\"820\" height=\"656\" srcset=\"https:\/\/thucpham.com\/vinacom\/wp-content\/uploads\/2020\/06\/lo-hap-nuong-da-nang-5-khay-dung-dien-modular-001.jpg 820w, https:\/\/thucpham.com\/vinacom\/wp-content\/uploads\/2020\/06\/lo-hap-nuong-da-nang-5-khay-dung-dien-modular-001-300x240.jpg 300w, https:\/\/thucpham.com\/vinacom\/wp-content\/uploads\/2020\/06\/lo-hap-nuong-da-nang-5-khay-dung-dien-modular-001-768x614.jpg 768w, https:\/\/thucpham.com\/vinacom\/wp-content\/uploads\/2020\/06\/lo-hap-nuong-da-nang-5-khay-dung-dien-modular-001-24x19.jpg 24w, https:\/\/thucpham.com\/vinacom\/wp-content\/uploads\/2020\/06\/lo-hap-nuong-da-nang-5-khay-dung-dien-modular-001-36x29.jpg 36w, https:\/\/thucpham.com\/vinacom\/wp-content\/uploads\/2020\/06\/lo-hap-nuong-da-nang-5-khay-dung-dien-modular-001-48x38.jpg 48w, https:\/\/thucpham.com\/vinacom\/wp-content\/uploads\/2020\/06\/lo-hap-nuong-da-nang-5-khay-dung-dien-modular-001-510x408.jpg 510w\" sizes=\"(max-width: 820px) 100vw, 820px\" title=\"\"><\/p>\n<p style=\"text-align: justify;\"><span style=\"font-family: arial, helvetica, sans-serif;\"><span style=\"font-weight: 400;\"><b>L\u00f2 h\u1ea5p n\u01b0\u1edbng \u0111a n\u0103ng 5 khay d\u00f9ng \u0111i\u1ec7n Modular FDE 051 P <\/b>c\u00f3 th\u1ec3 ch\u1ebf bi\u1ebfn nhi\u1ec1u m\u00f3n \u0103n kh\u00e1c nhau, v\u1ebb ngo\u00e0i b\u1eaft m\u1eaft, c\u00f4ng su\u1ea5t m\u1ea1nh m\u1ebd lu\u00f4n l\u00e0 l\u1ef1a ch\u1ecdn h\u00e0ng \u0111\u1ea7u c\u1ee7a c\u00e1c \u0111\u1ea7u b\u1ebfp. N\u1ebfu b\u1ea1n c\u1ea7n model <a href=\"https:\/\/thucpham.com\/bep-nuong-lo-nuong-cong-nghiep\/\">b\u1ebfp n\u01b0\u1edbng l\u00f2 n\u01b0\u1edbng c\u00f4ng nghi\u1ec7p<\/a> c\u00f3 c\u00f4ng su\u1ea5t l\u1edbn h\u01a1n th\u00ec b\u1ea1n c\u00f3 th\u1ec3 tham kh\u1ea3o <span data-sheets-value=\"{&quot;1&quot;:2,&quot;2&quot;:&quot;L\u00f2 H\u1ea5p N\u01b0\u1edbng \u0110a N\u0103ng 10 Khay D\u00f9ng \u0110i\u1ec7n Modular&quot;}\" data-sheets-userformat=\"{&quot;2&quot;:14466,&quot;4&quot;:{&quot;1&quot;:2,&quot;2&quot;:16777215},&quot;10&quot;:2,&quot;14&quot;:{&quot;1&quot;:2,&quot;2&quot;:0},&quot;15&quot;:&quot;Arial&quot;,&quot;16&quot;:10}\"><a href=\"https:\/\/thucpham.com\/lo-hap-nuong-da-nang-10-khay-dung-dien-modular\/\">L\u00f2 H\u1ea5p N\u01b0\u1edbng \u0110a N\u0103ng 10 Khay D\u00f9ng \u0110i\u1ec7n Modular<\/a>. B\u1ea1n c\u0169ng c\u00f3 th\u1ec3 tham kh\u1ea3o model c\u00f9ng ph\u00e2n kh\u00fac nh\u01b0ng s\u1eed d\u1ee5ng gas nh\u01b0 <a href=\"https:\/\/thucpham.com\/lo-nuong-salamander-dung-gas-modular\/\">L\u00f2 N\u01b0\u1edbng Salamander D\u00f9ng Gas Modular<\/a>.<\/span><\/span><\/span><\/p>\n","protected":false},"excerpt":{"rendered":"<ul>\n<li style=\"font-weight: 400;\"><span style=\"font-weight: 400; font-family: helvetica, arial, sans-serif;\">2 ch\u1ee9c n\u0103ng h\u1ea5p v\u00e0 n\u01b0\u1edbng trong c\u00f9ng 1 thi\u1ebft b\u1ecb<\/span><\/li>\n<li style=\"font-weight: 400;\"><span style=\"font-weight: 400; font-family: helvetica, arial, sans-serif;\">T\u00edch h\u1ee3p 5 ng\u0103n \u0111\u1ef1ng th\u1ef1c ph\u1ea9m gi\u00fap ch\u1ebf bi\u1ebfn nhi\u1ec1u m\u00f3n c\u00f9ng l\u00fac<\/span><\/li>\n<li style=\"font-weight: 400;\"><span style=\"font-weight: 400; font-family: helvetica, arial, sans-serif;\">V\u1ecf ngo\u00e0i b\u1eb1ng th\u00e9p cao c\u1ea5p, c\u00e1ch \u0111i\u1ec7n t\u1ed1t, an to\u00e0n khi n\u1ea5u<\/span><\/li>\n<li style=\"font-weight: 400;\"><span style=\"font-weight: 400; font-family: helvetica, arial, sans-serif;\">Khay \u0111\u1ef1ng d\u1ea7u m\u1ee1 th\u1eeba, th\u00e1o ra \u0111\u01b0\u1ee3c \u0111\u1ec3 v\u1ec7 sinh s\u1ea1ch s\u1ebd<\/span><\/li>\n<li style=\"font-weight: 400;\"><span style=\"font-weight: 400; font-family: helvetica, arial, sans-serif;\">H\u1ec7 th\u1ed1ng gia nhi\u1ec7t nhanh, \u0111\u1ec1u, \u0111\u1ea3m b\u1ea3o m\u00f3n \u0103n nhanh ch\u00edn<\/span><\/li>\n<li style=\"font-weight: 400;\"><span style=\"font-weight: 400; font-family: helvetica, arial, sans-serif;\">D\u1ec5 d\u00e0ng l\u1eadp tr\u00ecnh ch\u1ebf \u0111\u1ed9 h\u1ea5p, n\u01b0\u1edbng cho nhi\u1ec1u lo\u1ea1i th\u1ef1c ph\u1ea9m<\/span><\/li>\n<\/ul>\n","protected":false},"featured_media":36461,"comment_status":"open","ping_status":"closed","template":"","meta":[],"product_cat":[202,247],"product_tag":[],"_links":{"self":[{"href":"https:\/\/thucpham.com\/vinacom\/wp-json\/wp\/v2\/product\/9387"}],"collection":[{"href":"https:\/\/thucpham.com\/vinacom\/wp-json\/wp\/v2\/product"}],"about":[{"href":"https:\/\/thucpham.com\/vinacom\/wp-json\/wp\/v2\/types\/product"}],"replies":[{"embeddable":true,"href":"https:\/\/thucpham.com\/vinacom\/wp-json\/wp\/v2\/comments?post=9387"}],"wp:featuredmedia":[{"embeddable":true,"href":"https:\/\/thucpham.com\/vinacom\/wp-json\/wp\/v2\/media\/36461"}],"wp:attachment":[{"href":"https:\/\/thucpham.com\/vinacom\/wp-json\/wp\/v2\/media?parent=9387"}],"wp:term":[{"taxonomy":"product_cat","embeddable":true,"href":"https:\/\/thucpham.com\/vinacom\/wp-json\/wp\/v2\/product_cat?post=9387"},{"taxonomy":"product_tag","embeddable":true,"href":"https:\/\/thucpham.com\/vinacom\/wp-json\/wp\/v2\/product_tag?post=9387"}],"curies":[{"name":"wp","href":"https:\/\/api.w.org\/{rel}","templated":true}]}}