{"id":9384,"date":"2020-06-30T11:11:04","date_gmt":"2020-06-30T11:11:04","guid":{"rendered":"https:\/\/thucpham.com\/?post_type=product&#038;p=9384"},"modified":"2022-03-16T10:55:09","modified_gmt":"2022-03-16T03:55:09","slug":"lo-nuong-salamander-dung-gas-modular","status":"publish","type":"product","link":"https:\/\/thucpham.com\/vinacom\/lo-nuong-salamander-dung-gas-modular\/","title":{"rendered":"L\u00f2 N\u01b0\u1edbng Salamander D\u00f9ng Gas Modular FU SG-GN 1\/1"},"content":{"rendered":"<h2><strong><span style=\"font-size: 85%;\">M\u00f4 t\u1ea3 s\u1ea3n ph\u1ea9m<\/span><\/strong><\/h2>\n<p style=\"text-align: justify;\"><span style=\"font-family: helvetica, arial, sans-serif;\"><b>L\u00f2 n\u01b0\u1edbng Salamander d\u00f9ng gas Modular FU SG-GN 1\/1 <\/b><span style=\"font-weight: 400;\">c\u00f3 thi\u1ebft k\u1ebf sang tr\u1ecdng, ch\u1ebf \u0111\u1ed9 n\u01b0\u1edbng th\u00f4ng minh, gia nhi\u1ec7t nhanh, ph\u00f9 h\u1ee3p v\u1edbi kh\u00f4ng gian b\u1ebfp c\u1ee7a kh\u00e1ch s\u1ea1n, si\u00eau th\u1ecb, nh\u00e0 h\u00e0ng hay c\u00e1c c\u1eeda h\u00e0ng n\u01b0\u1edbng chuy\u00ean nghi\u1ec7p. V\u1edbi chi\u1ebfc l\u00f2 n\u01b0\u1edbng n\u00e0y, b\u1ea1n c\u00f3 th\u1ec3 ch\u1ebf bi\u1ebfn \u0111\u01b0\u1ee3c v\u00f4 v\u00e0n m\u00f3n n\u01b0\u1edbng nh\u01b0 g\u00e0, v\u1ecbt, h\u1ea3i s\u1ea3n, rau c\u1ee7, x\u00fac x\u00edch, hamburger, c\u00e1c lo\u1ea1i b\u00e1nh,&#8230; L\u00f2 n\u01b0\u1edbng ho\u1ea1t \u0111\u1ed9ng m\u1ea1nh m\u1ebd, s\u1eed d\u1ee5ng \u0111\u01a1n gi\u1ea3n, b\u1ea3o tr\u00ec v\u00e0 v\u1ec7 sinh d\u1ec5 d\u00e0ng.<\/span><\/span><\/p>\n<p><img class=\"aligncenter\" src=\"https:\/\/thucpham.com\/wp-content\/uploads\/2020\/06\/lo-nuong-salamander-dung-gas-modular-005.jpg\" alt=\"L\u00f2 N\u01b0\u1edbng Salamander D\u00f9ng Gas Modular\" width=\"820\" height=\"656\" title=\"\"><\/p>\n<p style=\"text-align: center;\"><span style=\"font-family: helvetica, arial, sans-serif;\"><em>Th\u00f4ng tin s\u1ea3n ph\u1ea9m <i>l\u00f2 n\u01b0\u1edbng Salamander d\u00f9ng gas Modular<\/i><\/em> <em>FU SG-GN 1\/1<\/em><\/span><\/p>\n<h2><span style=\"font-size: 85%;\"><strong>\u01afu \u0111i\u1ec3m n\u1ed5i b\u1eadt<\/strong><\/span><\/h2>\n<h3><span style=\"font-size: 95%;\"><strong>C\u1ea5u t\u1ea1o t\u1eeb th\u00e9p cao c\u1ea5p<\/strong><\/span><\/h3>\n<p style=\"text-align: justify;\"><span style=\"font-family: helvetica, arial, sans-serif;\"><span style=\"font-weight: 400;\">K\u1ebft c\u1ea5u c\u1ee7a <b>l\u00f2 n\u01b0\u1edbng Salamander d\u00f9ng gas Modular FU SG-GN 1\/1<\/b><\/span><b>&nbsp;<\/b><span style=\"font-weight: 400;\">g\u1ea7n nh\u01b0 100% b\u1eb1ng <a href=\"https:\/\/vi.wikipedia.org\/wiki\/Th%C3%A9p_kh%C3%B4ng_g%E1%BB%89\" target=\"_blank\" rel=\"noopener nofollow\" data-schema-attribute=\"\">th\u00e9p cao c\u1ea5p<\/a>, ch\u1ed1ng va \u0111\u1eadp hi\u1ec7u qu\u1ea3, mang \u0111\u1ebfn tu\u1ed5i th\u1ecd cao cho l\u00f2 khi s\u1eed d\u1ee5ng. Ch\u1ea5t li\u1ec7u n\u00e0y c\u00f2n c\u00f3 \u01b0u \u0111i\u1ec3m l\u00e0 \u00edt b\u00e1m d\u00ednh b\u1ee5i b\u1ea9n, ch\u1ed1ng han g\u1ec9, oxy h\u00f3a hi\u1ec7u qu\u1ea3, v\u00e0 lu\u00f4n c\u00f3 v\u1ebb ngo\u00e0i s\u00e1ng b\u00f3ng nh\u01b0 m\u1edbi. Th\u00eam v\u00e0o \u0111\u00f3, v\u1ec9 n\u01b0\u1edbng l\u00e0m b\u1eb1ng inox ch\u1ea5t l\u01b0\u1ee3ng cao v\u1edbi c\u00e1c thanh inox x\u1ebfp song song nhau t\u1ea1o n\u00ean m\u1ed9t k\u1ebft c\u1ea5u ch\u1eafc ch\u1eafn.<\/span><\/span><\/p>\n<h3><span style=\"font-size: 95%;\"><strong>S\u1eed d\u1ee5ng d\u1ec5 d\u00e0ng an to\u00e0n<\/strong><\/span><\/h3>\n<p style=\"text-align: justify;\"><span style=\"font-family: helvetica, arial, sans-serif;\"><span style=\"font-weight: 400;\">Ch\u1ea5t li\u1ec7u inox kh\u00f4ng l\u00e0m s\u1ea3n sinh ch\u1ea5t \u0111\u1ed9c h\u1ea1i khi ti\u1ebfp x\u00fac v\u1edbi nhi\u1ec7t \u0111\u1ed9 cao n\u00ean khi n\u01b0\u1edbng th\u1ef1c ph\u1ea9m s\u1ebd s\u1ea1ch s\u1ebd v\u00e0 an to\u00e0n. H\u01a1n n\u1eefa, <b>l\u00f2 n\u01b0\u1edbng Salamander d\u00f9ng gas Modular FU SG-GN 1\/1<\/b> \u0111\u01b0\u1ee3c thi\u1ebft k\u1ebf kh\u00f4ng c\u00f3 c\u00e1nh c\u1eeda \u1edf ph\u00eda tr\u01b0\u1edbc, cho ph\u00e9p b\u1ea1n <\/span><span style=\"font-weight: 400;\">d\u1ec5 d\u00e0ng s\u1eed d\u1ee5ng v\u00e0 ki\u1ec3m so\u00e1t ch\u1eb7t ch\u1ebd qu\u00e1 tr\u00ecnh n\u01b0\u1edbng. C\u00e1c n\u00fam v\u1eb7t \u0111i\u1ec1u ch\u1ec9nh nhi\u1ec7t \u0111\u1ed9 c\u00f3 nhi\u1ec1u m\u1ee9c \u0111\u1ed9 kh\u00e1c nhau gi\u00fap b\u1ea1n ch\u1ebf bi\u1ebfn m\u00f3n \u0103n m\u1ed9t c\u00e1ch d\u1ec5 d\u00e0ng v\u00e0 lu\u00f4n th\u01a1m ngon. T\u1ea5m n\u01b0\u1edbng di chuy\u1ec3n l\u00ean xu\u1ed1ng d\u1ec5 d\u00e0ng v\u1edbi tay c\u1ea7m c\u00e1ch nhi\u1ec7t gi\u00fap b\u1ea1n d\u1ec5 d\u00e0ng ch\u1ebf bi\u1ebfn khi c\u00e1c m\u00f3n c\u00f3 k\u00edch c\u1ee1 kh\u00e1c nhau.<\/span><\/span><\/p>\n<h3><span style=\"font-size: 95%;\"><strong>B\u1ea3o tr\u00ec v\u00e0 v\u1ec7 sinh d\u1ec5 d\u00e0ng<\/strong><\/span><\/h3>\n<p>V\u1edbi thi\u1ebft k\u1ebf c\u00f3 c\u1ea5u t\u1ea1o \u0111\u01a1n gi\u1ea3n vi\u1ec7c b\u1ea3o tr\u00ec <span style=\"font-family: helvetica, arial, sans-serif;\"><span style=\"font-weight: 400;\"><b>l\u00f2 n\u01b0\u1edbng Salamander d\u00f9ng gas Modular FU SG-GN 1\/1 <\/b>r\u1ea5t thu\u1eadn ti\u1ec7n khi c\u1ea7n. C\u1ea5u t\u1ea1o th\u00e9p cao c\u1ea5p kh\u00f4ng b\u00e1m d\u00ednh gi\u00fap vi\u1ec7c v\u1ec7 sinh r\u1ea5t thu\u1eadn l\u1ee3i ch\u1ec9 v\u1edbi n\u01b0\u1edbc t\u1ea9y r\u1eeda th\u00f4ng th\u01b0\u1eddng. H\u01a1n n\u1eefa, ph\u00eda d\u01b0\u1edbi l\u00f2 n\u01b0\u1edbng c\u00f3 khay h\u1ee9ng d\u1ea7u m\u1ee1 th\u1eeba d\u1ec5 d\u00e0ng th\u00e1o l\u1eafp c\u1ecd r\u1eeda gi\u00fap \u0111\u1ea3m b\u1ea3o v\u1ec7 sinh c\u1ee7a l\u00f2.<\/span><\/span><\/p>\n<p><img class=\"aligncenter size-full wp-image-42018\" src=\"https:\/\/thucpham.com\/wp-content\/uploads\/2020\/06\/lo-nuong-salamander-dung-gas-modular-001.jpg\" alt=\"L\u00f2 N\u01b0\u1edbng Salamander D\u00f9ng Gas Modular FU SG-GN 1\/1\" width=\"820\" height=\"656\" srcset=\"https:\/\/thucpham.com\/vinacom\/wp-content\/uploads\/2020\/06\/lo-nuong-salamander-dung-gas-modular-001.jpg 820w, https:\/\/thucpham.com\/vinacom\/wp-content\/uploads\/2020\/06\/lo-nuong-salamander-dung-gas-modular-001-300x240.jpg 300w, https:\/\/thucpham.com\/vinacom\/wp-content\/uploads\/2020\/06\/lo-nuong-salamander-dung-gas-modular-001-768x614.jpg 768w, https:\/\/thucpham.com\/vinacom\/wp-content\/uploads\/2020\/06\/lo-nuong-salamander-dung-gas-modular-001-24x19.jpg 24w, https:\/\/thucpham.com\/vinacom\/wp-content\/uploads\/2020\/06\/lo-nuong-salamander-dung-gas-modular-001-36x29.jpg 36w, https:\/\/thucpham.com\/vinacom\/wp-content\/uploads\/2020\/06\/lo-nuong-salamander-dung-gas-modular-001-48x38.jpg 48w, https:\/\/thucpham.com\/vinacom\/wp-content\/uploads\/2020\/06\/lo-nuong-salamander-dung-gas-modular-001-510x408.jpg 510w\" sizes=\"(max-width: 820px) 100vw, 820px\" title=\"\"><\/p>\n<h2><strong><span style=\"font-size: 85%;\">L\u01b0u \u00fd khi d\u00f9ng l\u00f2 n\u01b0\u1edbng Salamander d\u00f9ng gas Modular<\/span><\/strong><\/h2>\n<ul>\n<li>L\u1eafp \u0111\u1eb7t l\u00f2 n\u01b0\u1edbng t\u1ea1i n\u01a1i b\u1eb1ng ph\u1eb3ng, kh\u00f4 tho\u00e1ng<\/li>\n<li>Lu\u00f4n ki\u1ec3m tra l\u00f2 n\u01b0\u1edbng tr\u01b0\u1edbc khi v\u1eadn h\u00e0nh<\/li>\n<li>\u0110i\u1ec1u ch\u1ec9nh nhi\u1ec7t \u0111\u1ed9 v\u00e0 chi\u1ec1u cao t\u1ea5m n\u01b0\u1edbng t\u00f9y lo\u1ea1i m\u00f3n \u0103n<\/li>\n<li>V\u1ec7 sinh v\u00e0 b\u1ea3o tr\u00ec l\u00f2 n\u01b0\u1edbng th\u01b0\u1eddng xuy\u00ean<\/li>\n<\/ul>\n<p><span style=\"font-family: helvetica, arial, sans-serif; color: #000000;\"><span style=\"font-weight: 400;\"><b>L\u00f2 n\u01b0\u1edbng Salamander d\u00f9ng gas Modular FU SG-GN 1\/1 <\/b>v\u1edbi thao t\u00e1c s\u1eed d\u1ee5ng d\u1ec5 d\u00e0ng, \u0111\u1ed9 b\u1ec1n b\u1ec9 cao, gi\u00e1 c\u1ea3 ph\u1ea3i ch\u0103ng s\u1ebd l\u00e0 l\u1ef1a ch\u1ecdn t\u1ed1i \u01b0u cho c\u00e1c c\u0103n b\u1ebfp nh\u1ecf. N\u1ebfu b\u1ea1n c\u00f3 kh\u00f4ng gian b\u1ebfp l\u1edbn th\u00ec c\u00f3 th\u1ec3 tham kh\u1ea3o model <\/span><\/span><span style=\"color: #000000;\"><a href=\"https:\/\/thucpham.com\/lo-hap-nuong-da-nang-10-khay-dung-dien-modular\/\">L\u00f2 H\u1ea5p N\u01b0\u1edbng \u0110a N\u0103ng 10 Khay D\u00f9ng \u0110i\u1ec7n Modular<\/a> hay model c\u00f9ng ph\u00e2n kh\u00fac nh\u01b0ng v\u1eadn h\u00e0nh b\u1eb1ng \u0111i\u1ec7n nh\u01b0 <span data-sheets-value=\"{&quot;1&quot;:2,&quot;2&quot;:&quot;L\u00f2 N\u01b0\u1edbng Salamander D\u00f9ng \u0110i\u1ec7n Modular&quot;}\" data-sheets-userformat=\"{&quot;2&quot;:14466,&quot;4&quot;:{&quot;1&quot;:2,&quot;2&quot;:16777215},&quot;10&quot;:2,&quot;14&quot;:{&quot;1&quot;:2,&quot;2&quot;:0},&quot;15&quot;:&quot;Arial&quot;,&quot;16&quot;:10}\"><a href=\"https:\/\/thucpham.com\/lo-nuong-salamander-dung-dien-modular\/\">L\u00f2 N\u01b0\u1edbng Salamander D\u00f9ng \u0110i\u1ec7n Modular<\/a>. B\u1ea1n c\u0169ng c\u00f3 th\u1ec3 tham kh\u1ea3o th\u00eam nhi\u1ec1u model <a href=\"https:\/\/thucpham.com\/bep-nuong-lo-nuong-cong-nghiep\/\">b\u1ebfp n\u01b0\u1edbng l\u00f2 n\u01b0\u1edbng c\u00f4ng nghi\u1ec7p<\/a> v\u1edbi nhi\u1ec1u ph\u00e2n kh\u00fac kh\u00e1c t\u1ea1i ThucPham.com \u0111\u1ec3 t\u00ecm ra cho m\u00ecnh m\u1ed9t s\u1ea3n ph\u1ea9m \u01b0ng \u00fd v\u00e0 ph\u00f9 h\u1ee3p nh\u1ea5t.<\/span><\/span><\/p>\n","protected":false},"excerpt":{"rendered":"<ul>\n<li style=\"font-weight: 400;\"><span style=\"font-weight: 400; font-family: helvetica, arial, sans-serif;\">V\u1ec9 n\u01b0\u1edbng l\u00e0m b\u1eb1ng inox cao c\u1ea5p, \u0111\u1ea3m b\u1ea3o an to\u00e0n th\u1ef1c ph\u1ea9m<\/span><\/li>\n<li style=\"font-weight: 400;\"><span style=\"font-weight: 400; font-family: helvetica, arial, sans-serif;\">H\u1ecdng \u0111\u1ed1t l\u00e0m b\u1eb1ng gang ch\u1ecbu nhi\u1ec7t, gia nhi\u1ec7t nhanh, m\u1ea1nh<\/span><\/li>\n<li style=\"font-weight: 400;\"><span style=\"font-weight: 400; font-family: helvetica, arial, sans-serif;\">N\u01b0\u1edbng \u0111a d\u1ea1ng nhi\u1ec1u lo\u1ea1i th\u1ef1c ph\u1ea9m<\/span><\/li>\n<li style=\"font-weight: 400;\"><span style=\"font-weight: 400; font-family: helvetica, arial, sans-serif;\">Khay h\u1ee9ng m\u1ee1 d\u1ec5 d\u00e0ng th\u00e1o l\u1eafp v\u1ec7 sinh<\/span><\/li>\n<li style=\"font-weight: 400;\"><span style=\"font-weight: 400; font-family: helvetica, arial, sans-serif;\">T\u00f9y ch\u1ec9nh nhi\u1ec7t \u0111\u1ed9 n\u01b0\u1edbng ph\u00f9 h\u1ee3p v\u1edbi t\u1eebng lo\u1ea1i th\u1ef1c ph\u1ea9m<\/span><\/li>\n<\/ul>\n","protected":false},"featured_media":36460,"comment_status":"open","ping_status":"closed","template":"","meta":[],"product_cat":[202,247],"product_tag":[],"_links":{"self":[{"href":"https:\/\/thucpham.com\/vinacom\/wp-json\/wp\/v2\/product\/9384"}],"collection":[{"href":"https:\/\/thucpham.com\/vinacom\/wp-json\/wp\/v2\/product"}],"about":[{"href":"https:\/\/thucpham.com\/vinacom\/wp-json\/wp\/v2\/types\/product"}],"replies":[{"embeddable":true,"href":"https:\/\/thucpham.com\/vinacom\/wp-json\/wp\/v2\/comments?post=9384"}],"wp:featuredmedia":[{"embeddable":true,"href":"https:\/\/thucpham.com\/vinacom\/wp-json\/wp\/v2\/media\/36460"}],"wp:attachment":[{"href":"https:\/\/thucpham.com\/vinacom\/wp-json\/wp\/v2\/media?parent=9384"}],"wp:term":[{"taxonomy":"product_cat","embeddable":true,"href":"https:\/\/thucpham.com\/vinacom\/wp-json\/wp\/v2\/product_cat?post=9384"},{"taxonomy":"product_tag","embeddable":true,"href":"https:\/\/thucpham.com\/vinacom\/wp-json\/wp\/v2\/product_tag?post=9384"}],"curies":[{"name":"wp","href":"https:\/\/api.w.org\/{rel}","templated":true}]}}