{"id":9377,"date":"2020-06-30T11:03:51","date_gmt":"2020-06-30T04:03:51","guid":{"rendered":"https:\/\/thucpham.com\/?post_type=product&#038;p=9377"},"modified":"2024-11-12T11:10:34","modified_gmt":"2024-11-12T04:10:34","slug":"lo-nuong-sogeco-5-khay-5xgn-2-3-1-2","status":"publish","type":"product","link":"https:\/\/thucpham.com\/vinacom\/lo-nuong-sogeco-5-khay-5xgn-2-3-1-2\/","title":{"rendered":"Lo\u0300 N\u01b0\u01a1\u0301ng Sogeco 5 Khay 5XGN 2\/3 \u2013 1\/2"},"content":{"rendered":"<h2><strong><span style=\"font-size: 85%;\">M\u00f4 t\u1ea3 s\u1ea3n ph\u1ea9m<\/span><\/strong><\/h2>\n<p style=\"text-align: justify;\"><span style=\"font-weight: 400;\">L\u00e0 m\u1ed9t trong nh\u1eefng thi\u1ebft b\u1ecb b\u1ebfp \u0111\u01b0\u1ee3c nhi\u1ec1u kh\u00e1ch h\u00e0ng tin d\u00f9ng <strong>lo\u0300 n\u01b0\u01a1\u0301ng Sogeco 5 khay 5XGN 2\/3 \u2013 1\/2 <\/strong>\u0111\u01b0\u1ee3c t\u00edch h\u1ee3p nh\u1eefng ph\u01b0\u01a1ng ph\u00e1p n\u1ea5u \u0103n ti\u00ean ti\u1ebfn, hi\u1ec7n \u0111\u1ea1i nh\u1ea5t, gi\u00fap t\u1ed1i \u0111a h\u00f3a th\u1eddi gian v\u00e0 gi\u1ea3m chi ph\u00ed \u0111\u1ea7u t\u01b0. L\u00f2 n\u01b0\u1edbng Sogeco 5 khay c\u00f3 thi\u1ebft k\u1ebf sang tr\u1ecdng, nh\u1ecf g\u1ecdn ti\u1ebft ki\u1ec7m kh\u00f4ng gian c\u1ed9ng v\u1edbi 5 khay \u0111\u00e1p \u1ee9ng t\u1ed1t cho nhu c\u1ea7u n\u1ea5u n\u01b0\u1edbng c\u1ee7a c\u00e1c kh\u00e1ch s\u1ea1n, qu\u00e1n \u0103n, khu c\u0103ng tin\u2026<\/span><\/p>\n<p><img class=\"aligncenter wp-image-11672 size-full\" title=\"Lo\u0300 N\u01b0\u01a1\u0301ng Sogeco 5 Khay 5XGN 2\/3 \u2013 1\/2\" src=\"https:\/\/thucpham.com\/wp-content\/uploads\/2020\/06\/lo-nuong-sogeco-5-khaybanner.jpg\" alt=\"Lo\u0300 N\u01b0\u01a1\u0301ng Sogeco 5 Khay 5XGN 2\/3 \u2013 1\/2\" width=\"820\" height=\"656\" srcset=\"https:\/\/thucpham.com\/vinacom\/wp-content\/uploads\/2020\/06\/lo-nuong-sogeco-5-khaybanner.jpg 820w, https:\/\/thucpham.com\/vinacom\/wp-content\/uploads\/2020\/06\/lo-nuong-sogeco-5-khaybanner-300x240.jpg 300w, https:\/\/thucpham.com\/vinacom\/wp-content\/uploads\/2020\/06\/lo-nuong-sogeco-5-khaybanner-768x614.jpg 768w, https:\/\/thucpham.com\/vinacom\/wp-content\/uploads\/2020\/06\/lo-nuong-sogeco-5-khaybanner-24x19.jpg 24w, https:\/\/thucpham.com\/vinacom\/wp-content\/uploads\/2020\/06\/lo-nuong-sogeco-5-khaybanner-36x29.jpg 36w, https:\/\/thucpham.com\/vinacom\/wp-content\/uploads\/2020\/06\/lo-nuong-sogeco-5-khaybanner-48x38.jpg 48w, https:\/\/thucpham.com\/vinacom\/wp-content\/uploads\/2020\/06\/lo-nuong-sogeco-5-khaybanner-510x408.jpg 510w\" sizes=\"(max-width: 820px) 100vw, 820px\" \/><\/p>\n<p style=\"text-align: center;\"><em>Th\u00f4ng tin s\u1ea3n ph\u1ea9m <span style=\"font-weight: 400;\">Lo\u0300 N\u01b0\u01a1\u0301ng Sogeco 5 Khay 5XGN 2\/3 \u2013 1\/2<\/span><\/em><\/p>\n<h2><span style=\"font-size: 85%;\"><strong>\u01afu \u0111i\u1ec3m Lo\u0300 N\u01b0\u01a1\u0301ng Sogeco 5 Khay 5XGN 2\/3 \u2013 1\/2<\/strong><\/span><\/h2>\n<h3><span style=\"font-size: 95%;\"><strong>Thi\u1ebft k\u1ebf hi\u1ec7n \u0111\u1ea1i ti\u1ec7n l\u1ee3i<\/strong><\/span><\/h3>\n<p><span style=\"font-weight: 400;\"><strong>Lo\u0300 N\u01b0\u01a1\u0301ng Sogeco 5 Khay 5XGN 2\/3 \u2013 1\/2 <\/strong>v\u1edbi thi\u1ebft k\u1ebf nh\u1ecf g\u1ecdn v\u1edbi v\u1ecf ngo\u00e0i b\u1ec1n ch\u1eafc c\u00f3 m\u00e0u \u0111en ch\u1ee7 \u0111\u1ea1o t\u1ea1o n\u00ean s\u1ef1 sang tr\u1ecdng cho c\u0103n b\u1ebfp c\u1ee7a b\u1ea1n. Ph\u1ea7n khay v\u00e0 v\u1ec9 n\u01b0\u1edbng c\u1ee7a s\u1ea3n ph\u1ea9m \u0111\u1ec1u \u0111\u01b0\u1ee3c l\u00e0m b\u1eb1ng <a href=\"https:\/\/vi.wikipedia.org\/wiki\/Th%C3%A9p_kh%C3%B4ng_g%E1%BB%89\" target=\"_blank\" rel=\"noopener nofollow\" data-schema-attribute=\"\">inox 304<\/a> b\u1ec1n ch\u1eafc, ch\u1ecbu l\u1ef1c v\u00e0 nhi\u1ec7t t\u1ed1t, \u0111\u1eb7c bi\u1ec7t kh\u00f4ng s\u1ea3n sinh ra c\u00e1c ch\u1ea5t \u0111\u1ed9c h\u1ea1i khi ti\u1ebfp x\u00fac nhi\u1ec7t \u0111\u1ed9 cao.<\/span><\/p>\n<h3><strong><span style=\"font-size: 95%;\">V\u1eadn h\u00e0nh d\u1ec5 d\u00e0ng<\/span><\/strong><\/h3>\n<p style=\"text-align: justify;\"><span style=\"font-weight: 400;\"><strong>Lo\u0300 N\u01b0\u01a1\u0301ng Sogeco 5 Khay 5XGN 2\/3 \u2013 1\/2 <\/strong>\u0111\u01b0\u1ee3c thi\u1ebft k\u1ebf v\u1edbi nhi\u1ec1u n\u00fam \u0111i\u1ec1u ch\u1ec9nh nhi\u1ec7t \u0111\u1ed9 v\u00e0 ch\u1ee9c n\u0103ng n\u01b0\u1edbng kh\u00e1c nhau gi\u00fap b\u1ea1n d\u1ec5 d\u00e0ng ch\u1ebf bi\u1ebfn m\u00f3n \u0103n \u0111\u00fang theo ch\u01b0\u01a1ng tr\u00ecnh n\u01b0\u1edbng v\u00e0 \u0111\u1ea3m b\u1ea3o ch\u00fang lu\u00f4n c\u00f3 ch\u1ea5t l\u01b0\u1ee3ng cao. Chu tr\u00ecnh n\u01b0\u1edbng \u0111\u01b0\u1ee3c ki\u1ec3m so\u00e1t b\u1eb1ng \u0111\u1ea7u d\u00f2 th\u1ef1c ph\u1ea9m \u0111\u1ea3m b\u1ea3o ch\u1ea5t l\u01b0\u1ee3ng m\u00f3n \u0103n lu\u00f4n tuy\u1ec7t v\u1eddi. B\u1ea1n c\u00f3 th\u1ec3 thi\u1ebft l\u1eadp c\u00e1c m\u1ee9c \u0111\u1ed9 n\u01b0\u1edbng t\u1ef1 \u0111\u1ed9ng v\u1edbi c\u00e1c m\u1ee9c nhi\u1ec7t \u0111\u1ed9 ti\u1ec7n l\u1ee3i cho l\u1ea7n n\u01b0\u1edbng sau kh\u00f4ng m\u1ea5t nhi\u1ec1u thao t\u00e1c.<\/span><\/p>\n<h3><strong><span style=\"font-size: 95%;\">T\u00edch h\u1ee3p nhi\u1ec1u c\u00f4ng n\u0103ng<\/span><\/strong><\/h3>\n<p style=\"text-align: justify;\"><span style=\"font-weight: 400;\"><strong>Lo\u0300 N\u01b0\u01a1\u0301ng Sogeco 5 Khay 5XGN 2\/3 \u2013 1\/2<\/strong> t\u00edch h\u1ee3p nhi\u1ec1u c\u00f4ng n\u0103ng v\u1edbi 5 ch\u01b0\u01a1ng tr\u00ecnh kh\u00e1c nhau: gi\u00e1 inox d\u00f9ng \u0111\u1ec3 n\u01b0\u1edbng g\u00e0, v\u1ecbt, c\u00e1; v\u1ec9 n\u01b0\u1edbng inox th\u00ec d\u00f9ng n\u01b0\u1edbng b\u00e1nh, n\u01b0\u1edbng th\u1ecbt; ch\u1ea3o nh\u00f4m \u0111\u1ec3 h\u00e2m n\u00f3ng th\u1ef1c ph\u1ea9m; gi\u00e1 chi\u00ean d\u00f9ng \u0111\u1ec3 chi\u00ean rau c\u1ee7; khay Teflon d\u00f9ng \u0111\u1ec3 n\u01b0\u1edbng b\u00e1nh v\u00e0 c\u00e1c lo\u1ea1i th\u1ef1c ph\u1ea9m kh\u00e1c.<\/span><\/p>\n<h3><span style=\"font-size: 95%;\"><strong>An to\u00e0n khi s\u1eed d\u1ee5ng<\/strong><\/span><\/h3>\n<p style=\"text-align: justify;\"><span style=\"font-weight: 400;\">Bu\u1ed3ng n\u01b0\u1edbng c\u1ee7a <strong>Lo\u0300 N\u01b0\u01a1\u0301ng Sogeco 5 Khay 5XGN 2\/3 \u2013 1\/2<\/strong> c\u0169ng \u0111\u1ea1t chu\u1ea9n an to\u00e0n v\u1ec7 sinh th\u1ef1c ph\u1ea9m, ho\u00e0n to\u00e0n kh\u00f4ng han g\u1ec9 v\u00e0 \u0111\u1ea3m b\u1ea3o s\u1ee9c kh\u1ecfe cho ng\u01b0\u1eddi d\u00f9ng. Ngo\u00e0i ra, l\u00f2 n\u01b0\u1edbng 5XGN 2\/3 \u2013 1\/2 c\u00f2n \u0111\u01b0\u1ee3c trang b\u1ecb th\u00eam h\u1ec7 th\u1ed1ng ki\u1ec3m so\u00e1t \u0111\u1ed9 \u1ea9m v\u00e0 kh\u00f4ng kh\u00ed trong bu\u1ed3ng n\u01b0\u1edbng, gi\u00fap duy tr\u00ec nhi\u1ec7t \u0111\u1ed9, \u0111\u1ed9 \u1ea9m t\u1ea1i khoang n\u01b0\u1edbng lu\u00f4n \u1ed5n \u0111\u1ecbnh. <\/span><span style=\"font-weight: 400;\">Th\u00eam v\u00e0o \u0111\u00f3, sau m\u1ed7i l\u1ea7n s\u1eed d\u1ee5ng, b\u1ea1n ch\u1ec9 vi\u1ec7c nh\u1ea5n n\u00fat r\u1eeda l\u00e0 l\u00f2 n\u01b0\u1edbng t\u1ef1 \u0111\u1ed9ng l\u00e0m s\u1ea1ch bu\u1ed3ng n\u01b0\u1edbng. Nh\u1edd c\u00f3 h\u1ec7 th\u1ed1ng t\u1ef1 \u0111\u1ed9ng v\u1ec7 sinh n\u00e0y gi\u00fap l\u00f2 n\u01b0\u1edbng s\u1ea1ch s\u1ebd h\u01a1n v\u00e0 t\u0103ng tu\u1ed5i th\u1ecd c\u1ee7a l\u00f2.<\/span><\/p>\n<p><img class=\"aligncenter size-full wp-image-42007\" src=\"https:\/\/thucpham.com\/wp-content\/uploads\/2020\/06\/lo-nuong-sogeco-5-khay-5xgn.jpg\" alt=\"Lo\u0300 N\u01b0\u01a1\u0301ng Sogeco 5 Khay 5XGN 2\/3 \u2013 1\/2\" width=\"820\" height=\"656\" srcset=\"https:\/\/thucpham.com\/vinacom\/wp-content\/uploads\/2020\/06\/lo-nuong-sogeco-5-khay-5xgn.jpg 820w, https:\/\/thucpham.com\/vinacom\/wp-content\/uploads\/2020\/06\/lo-nuong-sogeco-5-khay-5xgn-300x240.jpg 300w, https:\/\/thucpham.com\/vinacom\/wp-content\/uploads\/2020\/06\/lo-nuong-sogeco-5-khay-5xgn-768x614.jpg 768w, https:\/\/thucpham.com\/vinacom\/wp-content\/uploads\/2020\/06\/lo-nuong-sogeco-5-khay-5xgn-24x19.jpg 24w, https:\/\/thucpham.com\/vinacom\/wp-content\/uploads\/2020\/06\/lo-nuong-sogeco-5-khay-5xgn-36x29.jpg 36w, https:\/\/thucpham.com\/vinacom\/wp-content\/uploads\/2020\/06\/lo-nuong-sogeco-5-khay-5xgn-48x38.jpg 48w, https:\/\/thucpham.com\/vinacom\/wp-content\/uploads\/2020\/06\/lo-nuong-sogeco-5-khay-5xgn-510x408.jpg 510w\" sizes=\"(max-width: 820px) 100vw, 820px\" title=\"\"><\/p>\n<p><em><span style=\"font-weight: 400;\">Lo\u0300 N\u01b0\u01a1\u0301ng Sogeco 5 Khay 5XGN 2\/3 \u2013 1\/2 <\/span><\/em><span style=\"font-weight: 400;\">\u0111\u01b0\u1ee3c nh\u1eadp kh\u1ea9u ch\u00ednh h\u00e3ng t\u1eeb Italia \u0111ang c\u00f3 m\u1eb7t t\u1ea1i ThucPham.com. \u0110\u00e2y l\u00e0 m\u1ed9t l\u1ef1a ch\u1ecdn h\u00e0ng \u0111\u1ea7u cho c\u00e1c \u0111\u1ea7u b\u1ebfp v\u00e0 b\u1ea1n c\u0169ng c\u00f3 th\u1ec3 tham kh\u1ea3o th\u00eam c\u00e1c model <a href=\"https:\/\/thucpham.com\/bep-nuong-lo-nuong-cong-nghiep\/\">b\u1ebfp n\u01b0\u1edbng l\u00f2 n\u01b0\u1edbng c\u00f4ng nghi\u1ec7p<\/a> kh\u00e1c c\u00f3 nhi\u1ec1u t\u00ednh n\u0103ng v\u00e0 c\u00f4ng su\u1ea5t m\u1ea1nh m\u1ebd h\u01a1n nh\u01b0: <\/span><a href=\"https:\/\/thucpham.com\/lo-nuong-sogeco-10-khay-10xgn-2-1-hoi-nuoc-truc-tiep\/\">L\u00f2 N\u01b0\u1edbng Sogeco 10 Khay 10XGN 2\/1 H\u01a1i N\u01b0\u1edbc Tr\u1ef1c Ti\u1ebfp<\/a><span style=\"font-weight: 400;\"><span data-sheets-value=\"{&quot;1&quot;:2,&quot;2&quot;:&quot;L\u00f2 N\u01b0\u1edbng Sogeco 10 Khay 10XGN 2\/1 H\u01a1i N\u01b0\u1edbc Tr\u1ef1c Ti\u1ebfp&quot;}\" data-sheets-userformat=\"{&quot;2&quot;:14466,&quot;4&quot;:{&quot;1&quot;:2,&quot;2&quot;:16777215},&quot;10&quot;:2,&quot;14&quot;:{&quot;1&quot;:2,&quot;2&quot;:3358280},&quot;15&quot;:&quot;Arial&quot;,&quot;16&quot;:10}\">, <\/span><\/span><a href=\"https:\/\/thucpham.com\/lo-nuong-sogeco-20-khay-20xgn-1-1\/\">L\u00f2 N\u01b0\u1edbng Sogeco 20 Khay 20XGN 1\/1<\/a>,&#8230; H\u00e3y li\u00ean h\u1ec7 ngay v\u1edbi ch\u00fang t\u00f4i \u0111\u1ec3 \u0111\u01b0\u1ee3c t\u01b0 v\u1ea5n tr\u1ef1c ti\u1ebfp \u0111\u1ec3 \u0111\u01b0a ra \u0111\u01b0\u1ee3c l\u1ef1a ch\u1ecdn ph\u00f9 h\u1ee3p nh\u1ea5t cho b\u1ea1n.<\/p>\n","protected":false},"excerpt":{"rendered":"<ul>\n<li style=\"font-weight: 400;\"><span style=\"font-weight: 400;\">T\u00edch h\u1ee3p nhi\u1ec1u ch\u1ee9c n\u0103ng v\u1edbi 5 ch\u01b0\u01a1ng tr\u00ecnh n\u1ea5u n\u01b0\u1edbng kh\u00e1c nhau<\/span><\/li>\n<li style=\"font-weight: 400;\"><span style=\"font-weight: 400;\">B\u1ea3ng \u0111i\u1ec1u khi\u1ec3n b\u1eb1ng c\u01a1 c\u00f9ng v\u1edbi c\u00e1c m\u1ee9c \u0111\u1ed9 hi\u1ec3n th\u1ecb \u0111\u00e8n LED r\u00f5 r\u00e0ng<\/span><\/li>\n<li style=\"font-weight: 400;\"><span style=\"font-weight: 400;\">Qu\u1ea1t \u0111\u1ed1i l\u01b0u lu\u00e2n chuy\u1ec3n nhi\u1ec7t l\u01b0\u1ee3ng li\u00ean t\u1ee5c, \u0111\u1ea3m b\u1ea3o th\u1ef1c ph\u1ea9m th\u01a1m ngon.<\/span><\/li>\n<li style=\"font-weight: 400;\"><span style=\"font-weight: 400;\">H\u1ec7 th\u1ed1ng t\u1ef1 l\u00e0m s\u1ea1ch l\u00f2 ho\u1ea1t \u0111\u1ed9ng nhanh g\u1ecdn, d\u1ec5 d\u00e0ng<\/span><\/li>\n<li style=\"font-weight: 400;\"><span style=\"font-weight: 400;\">H\u1ec7 th\u1ed1ng \u0111\u1ea7u d\u00f2 th\u1ef1c ph\u1ea9m gi\u00fap ki\u1ec3m so\u00e1t qu\u00e1 tr\u00ecnh n\u1ea5u n\u01b0\u1edbng<\/span><\/li>\n<\/ul>\n","protected":false},"featured_media":36394,"comment_status":"open","ping_status":"closed","template":"","meta":[],"product_cat":[202,247],"product_tag":[],"_links":{"self":[{"href":"https:\/\/thucpham.com\/vinacom\/wp-json\/wp\/v2\/product\/9377"}],"collection":[{"href":"https:\/\/thucpham.com\/vinacom\/wp-json\/wp\/v2\/product"}],"about":[{"href":"https:\/\/thucpham.com\/vinacom\/wp-json\/wp\/v2\/types\/product"}],"replies":[{"embeddable":true,"href":"https:\/\/thucpham.com\/vinacom\/wp-json\/wp\/v2\/comments?post=9377"}],"wp:featuredmedia":[{"embeddable":true,"href":"https:\/\/thucpham.com\/vinacom\/wp-json\/wp\/v2\/media\/36394"}],"wp:attachment":[{"href":"https:\/\/thucpham.com\/vinacom\/wp-json\/wp\/v2\/media?parent=9377"}],"wp:term":[{"taxonomy":"product_cat","embeddable":true,"href":"https:\/\/thucpham.com\/vinacom\/wp-json\/wp\/v2\/product_cat?post=9377"},{"taxonomy":"product_tag","embeddable":true,"href":"https:\/\/thucpham.com\/vinacom\/wp-json\/wp\/v2\/product_tag?post=9377"}],"curies":[{"name":"wp","href":"https:\/\/api.w.org\/{rel}","templated":true}]}}