{"id":9369,"date":"2020-06-30T10:42:52","date_gmt":"2020-06-30T10:42:52","guid":{"rendered":"https:\/\/thucpham.com\/?post_type=product&#038;p=9369"},"modified":"2022-02-15T11:31:24","modified_gmt":"2022-02-15T04:31:24","slug":"bep-tu-ham-doi-shine-true","status":"publish","type":"product","link":"https:\/\/thucpham.com\/vinacom\/bep-tu-ham-doi-shine-true\/","title":{"rendered":"B\u1ebfp T\u1eeb H\u1ea7m \u0110\u00f4i Shine True STI-15KS402C"},"content":{"rendered":"<h2><strong><span style=\"font-size: 85%;\">Th\u00f4ng tin s\u1ea3n ph\u1ea9m<\/span><\/strong><\/h2>\n<p style=\"text-align: justify;\"><span style=\"font-family: arial, helvetica, sans-serif;\"><b>B\u1ebfp t\u1eeb h\u1ea7m \u0111\u00f4i Shine True STI-15KS402C<\/b><span style=\"font-weight: 400;\"> th\u01b0\u1eddng \u0111\u01b0\u1ee3c s\u1eed d\u1ee5ng trong c\u00e1c kh\u00e1ch s\u1ea1n, b\u1ebfp \u0103n t\u1eadp th\u1ec3, nh\u00e0 h\u00e0ng \u0111\u1ec3 n\u1ea5u c\u00e1c m\u00f3n h\u1ea7m, m\u00f3n kho, ninh x\u01b0\u01a1ng,&#8230; V\u1edbi thi\u1ebft k\u1ebf \u0111\u01a1n gi\u1ea3n, g\u1ecdn g\u00e0ng nh\u01b0ng l\u1ea1i r\u1ea5t tinh t\u1ebf, mang l\u1ea1i s\u1ef1 h\u00e0i h\u00f2a, sang tr\u1ecdng cho kh\u00f4ng gian ph\u00f2ng b\u1ebfp, do v\u1eady, chi\u1ebfc b\u1ebfp n\u00e0y \u0111ang th\u1eadt s\u1ef1 chi\u1ebfm \u01b0u th\u1ebf trong d\u00f2ng b\u1ebfp t\u1eeb c\u00f4ng nghi\u1ec7p hi\u1ec7n nay. <\/span><span style=\"font-weight: 400;\">\u0110\u00e2y c\u0169ng l\u00e0 s\u1ea3n ph\u1ea9m \u01b0u vi\u1ec7t \u0111\u01b0\u1ee3c l\u1ef1a ch\u1ecdn \u0111\u1ec3 thay th\u1ebf cho c\u00e1c d\u00f2ng b\u1ebfp h\u1ea7m b\u1eb1ng gas nh\u1eb1m t\u0103ng s\u1ef1 an to\u00e0n v\u00e0 gi\u1ea3m \u0111\u1ed9c h\u1ea1i t\u1edbi m\u00f4i tr\u01b0\u1eddng.&nbsp;<\/span><\/span><\/p>\n<p><img class=\"aligncenter\" src=\"https:\/\/thucpham.com\/wp-content\/uploads\/2020\/06\/bep-tu-ham-doi-shine-true-05.jpg\" alt=\"\" width=\"820\" height=\"656\" title=\"\"><\/p>\n<p style=\"text-align: center;\"><span style=\"font-family: arial, helvetica, sans-serif;\"><em>Th\u00f4ng tin s\u1ea3n ph\u1ea9m b<i>\u1ebfp t\u1eeb h\u1ea7m \u0111\u00f4i Shine True <span style=\"font-weight: 400;\">STI-15KS402C<\/span><\/i><\/em><\/span><\/p>\n<h2><strong><span style=\"font-size: 85%;\">\u01afu \u0111i\u1ec3m b\u1ebfp t\u1eeb h\u1ea7m \u0111\u00f4i Shine True STI-15KS402C<\/span><\/strong><\/h2>\n<h3><span style=\"font-size: 95%;\"><strong>Thi\u1ebft k\u1ebf t\u1ed1i \u01b0u sang tr\u1ecdng<\/strong><\/span><\/h3>\n<p style=\"text-align: justify;\"><span style=\"font-family: arial, helvetica, sans-serif;\"><span style=\"font-weight: 400;\"><strong>B\u1ebfp t\u1eeb h\u1ea7m \u0111\u00f4i Shine True STI-15KS402C <\/strong>\u0111\u01b0\u1ee3c thi\u1ebft k\u1ebf v\u1edbi k\u00edch th\u01b0\u1edbc <span class=\"specval\">1400x850x600\/600 mm v\u1edbi v\u1ebb ngo\u00e0i b\u1eaft m\u1eaft s\u00e1ng b\u00f3ng \u0111em l\u1ea1i v\u1ebb sang tr\u1ecdng ph\u00f9 h\u1ee3p v\u1edbi kh\u00f4ng gian b\u1ebfp l\u1edbn v\u00e0 v\u1eeba. S\u1ea3n ph\u1ea9m c\u00f3 hai b\u1ebfp n\u1ea5u ri\u00eang bi\u1ec7t v\u1edbi m\u1ee9c nhi\u1ec7t t\u00f9y ch\u1ec9nh n\u00e2ng cao n\u0103ng su\u1ea5t ch\u1ebf bi\u1ebfn th\u1ef1c ph\u1ea9m. Ngo\u00e0i ra b\u1ebfp c\u00f2n c\u00f3 4 ch\u00e2n \u0111\u1ee9ng inox ch\u1eafc ch\u1eafn tr\u00e1nh cho b\u1ebfp ti\u1ebfp x\u00fac v\u1edbi m\u1eb7t s\u00e0n \u1ea9m \u01b0\u1edbt v\u00e0 \u0111\u1ebf cao su gi\u00fap h\u1ea1n ch\u1ebf x\u00ea d\u1ecbch trong qu\u00e1 tr\u00ecnh n\u1ea5u n\u01b0\u1edbng. Vi\u1ec7c s\u1eed d\u1ee5ng \u0111i\u1ec7n l\u00e0 ngu\u1ed3n n\u0103ng l\u01b0\u1ee3ng c\u0169ng gi\u00fap b\u1ebfp v\u1eadn h\u00e0nh \u00eam \u00e1i v\u00e0 ti\u1ebft ki\u1ec7m chi ph\u00ed v\u1eadn h\u00e0nh r\u1ea5t nhi\u1ec1u.<\/span><\/span><\/span><\/p>\n<h3><span style=\"font-size: 95%;\"><strong>S\u1ea3n xu\u1ea5t t\u1eeb inox cao c\u1ea5p<\/strong><\/span><\/h3>\n<p style=\"text-align: justify;\"><span style=\"font-family: arial, helvetica, sans-serif;\"><span style=\"font-weight: 400;\"><strong>B\u1ebfp t\u1eeb h\u1ea7m \u0111\u00f4i Shine True STI-15KS402C <\/strong>c\u00f3 c\u1ea5u t\u1ea1o to\u00e0n b\u1ed9 th\u00e2n b\u1ebfp l\u00e0m b\u1eb1ng <a href=\"https:\/\/vi.wikipedia.org\/wiki\/Th%C3%A9p_kh%C3%B4ng_g%E1%BB%89\" target=\"_blank\" rel=\"noopener nofollow\" data-schema-attribute=\"\">inox cao c\u1ea5p kh\u00f4ng g\u1ec9<\/a> c\u00f3 \u0111\u1ed9 b\u1ec1n cao, kh\u1ea3 n\u0103ng ch\u1ed1ng va \u0111\u1eadp, ch\u1ed1ng nhi\u1ec7t t\u1ed1t, \u0111\u1eb7c bi\u1ec7t b\u1ebfp kh\u00f4ng b\u1ecb th\u00f4i nhi\u1ec5m kim lo\u1ea1i n\u00ean kh\u00f4ng \u1ea3nh h\u01b0\u1edfng \u0111\u1ed9c h\u1ea1i \u0111\u1ebfn m\u00f4i tr\u01b0\u1eddng. M\u1eb7t b\u1ebfp \u0111\u01b0\u1ee3c l\u00e0m b\u1eb1ng l\u1edbp k\u00ednh c\u01b0\u1eddng l\u1ef1c d\u00e0y ch\u1ed1ng va \u0111\u1eadp v\u00e0 ch\u1ed1ng b\u00e1m d\u00ednh cao. C\u00e1c vi\u1ec1n l\u00e0m b\u1eb1ng th\u00e9p d\u00e0y \u0111\u01b0\u1ee3c \u00e9p th\u1ee7y l\u1ef1c v\u00e0 m\u00e0i nh\u1eb5n c\u00e1c g\u00f3c c\u1ea1nh gi\u00fap c\u00e1ch nhi\u1ec7t v\u00e0 \u0111\u1ea3m b\u1ea3o an to\u00e0n cho ng\u01b0\u1eddi s\u1eed d\u1ee5ng.&nbsp;<\/span><\/span><\/p>\n<h3><span style=\"font-size: 95%;\"><strong>C\u00f4ng su\u1ea5t m\u1ea1nh m\u1ebd<\/strong><\/span><\/h3>\n<p style=\"text-align: justify;\"><span style=\"font-family: arial, helvetica, sans-serif;\"><span style=\"font-weight: 400;\">B\u1ebfp s\u1edf h\u1eefu 2 v\u00f9ng n\u1ea5u ri\u00eang bi\u1ec7t n\u00ean cho ph\u00e9p c\u00e1c \u0111\u1ea7u b\u1ebfp ch\u1ebf bi\u1ebfn nhi\u1ec1u m\u00f3n \u0103n, gi\u00fap ti\u1ebft ki\u1ec7m th\u1eddi gian n\u1ea5u n\u01b0\u1edbng v\u00e0 n\u00e2ng cao ch\u1ea5t l\u01b0\u1ee3ng ph\u1ee5c v\u1ee5 th\u1ef1c kh\u00e1ch. <strong>B\u1ebfp t\u1eeb h\u1ea7m \u0111\u00f4i Shine True STI-15KS402C<\/strong><\/span><b><i>&nbsp;<\/i><\/b><span style=\"font-weight: 400;\">ho\u1ea1t \u0111\u1ed9ng v\u1edbi c\u00f4ng su\u1ea5t m\u1ed7i b\u1ebfp l\u00e0 15kW, \u0111\u1ea3m b\u1ea3o th\u1ef1c ph\u1ea9m ch\u00edn nhanh ch\u00f3ng nh\u01b0ng v\u1eabn th\u01a1m ngon, tr\u00f2n v\u1ecb. Ngo\u00e0i ra, <\/span><span style=\"font-weight: 400;\">b\u1ea3ng \u0111i\u1ec1u khi\u1ec3n nhi\u1ec7t \u0111\u1ed9 v\u1edbi nhi\u1ec1u m\u1ee9c nhi\u1ec7t gi\u00fap ng\u01b0\u1eddi d\u00f9ng \u0111i\u1ec1u ch\u1ec9nh nhi\u1ec7t d\u1ec5 d\u00e0ng \u0111\u1ec3 ph\u00f9 h\u1ee3p v\u1edbi t\u1eebng m\u00f3n \u0103n.<\/span><\/span><\/p>\n<h3><strong><span style=\"font-size: 95%;\">Kh\u00e2u v\u1ec7 sinh thu\u1eadn ti\u1ec7n<\/span><\/strong><\/h3>\n<p style=\"text-align: justify;\"><span style=\"font-family: arial, helvetica, sans-serif;\"><span style=\"font-weight: 400;\"><strong>B\u1ebfp t\u1eeb h\u1ea7m \u0111\u00f4i Shine True STI-15KS402C<\/strong> c\u00f2n \u0111\u01b0\u1ee3c thi\u1ebft k\u1ebf c\u00f3 th\u00e0nh cao ph\u00eda sau, gi\u00fap ng\u0103n ch\u1eb7n th\u1ee9c \u0103n b\u1eafn v\u00e0o t\u01b0\u1eddng gi\u1eef v\u1ec7 sinh s\u1ea1ch s\u1ebd cho gian b\u1ebfp c\u1ee7a b\u1ea1n. B\u1ec1 m\u1eb7t s\u00e1ng b\u00f3ng, \u00edt b\u00e1m b\u1ee5i v\u00e0 d\u1ec5 d\u00e0ng c\u1ecd r\u1eeda gi\u00fap b\u1ea1n ch\u1ec9 m\u1ea5t v\u00e0i ph\u00fat v\u1ec7 sinh ch\u1ec9 v\u1edbi n\u01b0\u1edbc t\u1ea9y r\u1eeda th\u00f4ng th\u01b0\u1eddng l\u00e0 chi\u1ebfc b\u1ebfp l\u1ea1i s\u00e1ng b\u00f3ng nh\u01b0 m\u1edbi.<\/span><\/span><\/p>\n<p><img class=\"aligncenter size-full wp-image-41817\" src=\"https:\/\/thucpham.com\/wp-content\/uploads\/2020\/06\/bep-tu-ham-doi-shine-true-001.jpg\" alt=\"B\u1ebfp T\u1eeb H\u1ea7m \u0110\u00f4i Shine True STI-15KS402C\" width=\"820\" height=\"656\" srcset=\"https:\/\/thucpham.com\/vinacom\/wp-content\/uploads\/2020\/06\/bep-tu-ham-doi-shine-true-001.jpg 820w, https:\/\/thucpham.com\/vinacom\/wp-content\/uploads\/2020\/06\/bep-tu-ham-doi-shine-true-001-300x240.jpg 300w, https:\/\/thucpham.com\/vinacom\/wp-content\/uploads\/2020\/06\/bep-tu-ham-doi-shine-true-001-768x614.jpg 768w, https:\/\/thucpham.com\/vinacom\/wp-content\/uploads\/2020\/06\/bep-tu-ham-doi-shine-true-001-24x19.jpg 24w, https:\/\/thucpham.com\/vinacom\/wp-content\/uploads\/2020\/06\/bep-tu-ham-doi-shine-true-001-36x29.jpg 36w, https:\/\/thucpham.com\/vinacom\/wp-content\/uploads\/2020\/06\/bep-tu-ham-doi-shine-true-001-48x38.jpg 48w, https:\/\/thucpham.com\/vinacom\/wp-content\/uploads\/2020\/06\/bep-tu-ham-doi-shine-true-001-510x408.jpg 510w\" sizes=\"(max-width: 820px) 100vw, 820px\" title=\"\"><\/p>\n<p style=\"text-align: justify;\"><em><span style=\"font-family: arial, helvetica, sans-serif;\"><span style=\"font-weight: 400;\">B\u1ebfp t\u1eeb h\u1ea7m \u0111\u00f4i Shine True STI-15KS402C&nbsp;<\/span><\/span><\/em><span style=\"font-family: arial, helvetica, sans-serif;\"><span style=\"font-weight: 400;\">v\u1edbi v\u1ebb \u0111\u1eb9p sang tr\u1ecdng, c\u00f4ng su\u1ea5t m\u1ea1nh m\u1ebd v\u00e0 nhi\u1ec1u ti\u1ec7n l\u1ee3i n\u00e0y \u0111\u01b0\u1ee3c ThucPham.com ni\u00eam y\u1ebft v\u1edbi gi\u00e1 <strong>50.000.000&nbsp;<span class=\"woocommerce-Price-currencySymbol\">\u20ab<\/span><\/strong>. N\u1ebfu b\u1ea1n c\u00f3 kh\u00f4ng gian b\u1ebfp nh\u1ecf h\u01a1n th\u00ec b\u1ea1n c\u00f3 th\u1ec3 ch\u1ecdn <span data-sheets-value=\"{&quot;1&quot;:2,&quot;2&quot;:&quot;B\u1ebfp T\u1eeb H\u1ea7m \u0110\u01a1n Shine True&quot;}\" data-sheets-userformat=\"{&quot;2&quot;:14466,&quot;4&quot;:{&quot;1&quot;:2,&quot;2&quot;:16777215},&quot;10&quot;:2,&quot;14&quot;:{&quot;1&quot;:2,&quot;2&quot;:3358280},&quot;15&quot;:&quot;Arial&quot;,&quot;16&quot;:10}\"><a href=\"https:\/\/thucpham.com\/bep-tu-ham-don-shine-true\/\">B\u1ebfp T\u1eeb H\u1ea7m \u0110\u01a1n Shine True<\/a> v\u1edbi k\u00edch th\u01b0\u1edbc nh\u1ecf g\u1ecdn h\u01a1n. B\u1ea1n c\u0169ng c\u00f3 th\u1ec3 ch\u1ecdn model <a href=\"https:\/\/thucpham.com\/bep-ham-cong-nghiep\/\">b\u1ebfp h\u1ea7m c\u00f4ng nghi\u1ec7p<\/a> kh\u00e1c s\u1ea3n xu\u1ea5t trong n\u01b0\u1edbc cho ph\u00f9 h\u1ee3p nh\u01b0 <a href=\"https:\/\/thucpham.com\/bep-tu-doi-cong-nghiep-bang-viet-nam\/\">B\u1ebfp T\u1eeb \u0110\u00f4i C\u00f4ng Nghi\u1ec7p B\u1eb1ng Vi\u1ec7t Nam<\/a>,&#8230; c\u0169ng r\u1ea5t ch\u1ea5t l\u01b0\u1ee3ng ph\u00f9 h\u1ee3p v\u1edbi nhi\u1ec1u m\u00f4 h\u00ecnh kinh doanh kh\u00e1c nhau.<\/span><\/span><\/span><\/p>\n","protected":false},"excerpt":{"rendered":"<ul>\n<li style=\"font-weight: 400;\"><span style=\"font-weight: 400; font-family: helvetica, arial, sans-serif;\">S\u1ea3n xu\u1ea5t b\u1eb1ng ch\u1ea5t li\u1ec7u ch\u1ea5t l\u01b0\u1ee3ng cao, b\u1ec1n \u0111\u1eb9p<\/span><\/li>\n<li style=\"font-weight: 400;\"><span style=\"font-weight: 400; font-family: helvetica, arial, sans-serif;\">Thi\u1ebft k\u1ebf nhi\u1ec1u m\u1ee9c nhi\u1ec7t, ch\u1ebf bi\u1ebfn \u0111a d\u1ea1ng m\u00f3n \u0103n<\/span><\/li>\n<li style=\"font-weight: 400;\"><span style=\"font-weight: 400; font-family: helvetica, arial, sans-serif;\">C\u00f4ng su\u1ea5t l\u1edbn, th\u1eddi gian ninh h\u1ea7m nhanh ch\u00f3ng<\/span><\/li>\n<li style=\"font-weight: 400;\"><span style=\"font-weight: 400; font-family: helvetica, arial, sans-serif;\">V\u1eadn h\u00e0nh \u00eam \u00e1i, kh\u00f4ng g\u00e2y ti\u1ebfng \u1ed3n\u00a0<\/span><\/li>\n<li style=\"font-weight: 400;\"><span style=\"font-weight: 400; font-family: helvetica, arial, sans-serif;\">Ti\u1ebft ki\u1ec7m \u0111i\u1ec7n, an to\u00e0n khi s\u1eed d\u1ee5ng<\/span><\/li>\n<\/ul>\n","protected":false},"featured_media":36373,"comment_status":"open","ping_status":"closed","template":"","meta":[],"product_cat":[201,247],"product_tag":[],"_links":{"self":[{"href":"https:\/\/thucpham.com\/vinacom\/wp-json\/wp\/v2\/product\/9369"}],"collection":[{"href":"https:\/\/thucpham.com\/vinacom\/wp-json\/wp\/v2\/product"}],"about":[{"href":"https:\/\/thucpham.com\/vinacom\/wp-json\/wp\/v2\/types\/product"}],"replies":[{"embeddable":true,"href":"https:\/\/thucpham.com\/vinacom\/wp-json\/wp\/v2\/comments?post=9369"}],"wp:featuredmedia":[{"embeddable":true,"href":"https:\/\/thucpham.com\/vinacom\/wp-json\/wp\/v2\/media\/36373"}],"wp:attachment":[{"href":"https:\/\/thucpham.com\/vinacom\/wp-json\/wp\/v2\/media?parent=9369"}],"wp:term":[{"taxonomy":"product_cat","embeddable":true,"href":"https:\/\/thucpham.com\/vinacom\/wp-json\/wp\/v2\/product_cat?post=9369"},{"taxonomy":"product_tag","embeddable":true,"href":"https:\/\/thucpham.com\/vinacom\/wp-json\/wp\/v2\/product_tag?post=9369"}],"curies":[{"name":"wp","href":"https:\/\/api.w.org\/{rel}","templated":true}]}}