{"id":9363,"date":"2020-06-30T09:37:28","date_gmt":"2020-06-30T09:37:28","guid":{"rendered":"https:\/\/thucpham.com\/?post_type=product&#038;p=9363"},"modified":"2022-02-12T11:54:22","modified_gmt":"2022-02-12T04:54:22","slug":"bep-ham-don-co-thanh-viet-nam","status":"publish","type":"product","link":"https:\/\/thucpham.com\/vinacom\/bep-ham-don-co-thanh-viet-nam\/","title":{"rendered":"B\u1ebfp H\u1ea7m \u0110\u01a1n C\u00f3 Th\u00e0nh Vi\u1ec7t Nam"},"content":{"rendered":"<h2><strong><span style=\"font-size: 85%;\">Th\u00f4ng tin s\u1ea3n ph\u1ea9m<\/span><\/strong><\/h2>\n<p style=\"text-align: justify;\"><span style=\"font-family: arial, helvetica, sans-serif;\"><span style=\"font-weight: 400;\">C\u00e1c m\u00f3n canh, h\u1ea7m x\u01b0\u01a1ng hay m\u00f3n s\u00fap th\u01b0\u1eddng m\u1ea5t nhi\u1ec1u th\u1eddi gian \u0111\u1ec3 n\u1ea5u v\u00e0 d\u00f9ng nhi\u1ec7t \u0111\u1ed9 n\u1ea5u \u1edf m\u1ee9c v\u1eeba ph\u1ea3i. S\u1ef1 ra \u0111\u1eddi c\u1ee7a <\/span><b>b\u1ebfp <\/b><b>h\u1ea7m \u0111\u01a1n c\u00f3 th\u00e0nh Vi\u1ec7t Nam<\/b><span style=\"font-weight: 400;\"> \u0111\u01b0\u1ee3c xem nh\u01b0 m\u1ed9t thi\u1ebft b\u1ecb c\u1ea7n thi\u1ebft <\/span><span style=\"font-weight: 400;\">\u0111\u1ec3 gi\u00fap b\u1ea1n gi\u1ea3m t\u1ea3i th\u1eddi gian v\u00e0 c\u00f4ng s\u1ee9c cho nh\u1eefng m\u00f3n n\u00e0y. B\u1ebfp d\u00f9ng \u0111\u1ec3 n\u1ea5u nh\u1eefng n\u1ed3i c\u00f3 dung t\u00edch l\u1edbn v\u00e0 n\u1ed3i cao, s\u1eed d\u1ee5ng ph\u1ed5 bi\u1ebfn trong c\u00e1c khu b\u1ebfp l\u1edbn v\u00e0 t\u1ea7m trung.<\/span><\/span><\/p>\n<p style=\"text-align: justify;\"><img class=\"aligncenter\" src=\"https:\/\/thucpham.com\/wp-content\/uploads\/2020\/06\/bep-ham-don-co-thanh-viet-nam-05.jpg\" alt=\"B\u1ebfp H\u1ea7m \u0110\u01a1n C\u00f3 Th\u00e0nh Vi\u1ec7t Nam\" width=\"820\" height=\"656\" title=\"\"><\/p>\n<p style=\"text-align: center;\"><span style=\"font-family: arial, helvetica, sans-serif;\"><em>Th\u00f4ng tin s\u1ea3n ph\u1ea9m b\u1ebfp h\u1ea7m \u0111\u01a1n c\u00f3 th\u00e0nh Vi\u1ec7t Nam<\/em><\/span><\/p>\n<h2><strong><span style=\"font-size: 85%;\">\u01afu \u0111i\u1ec3m b\u1ebfp h\u1ea7m \u0111\u01a1n c\u00f3 th\u00e0nh Vi\u1ec7t Nam<\/span><\/strong><\/h2>\n<h3><strong>Thi\u1ebft k\u1ebf nh\u1ecf g\u1ecdn sang tr\u1ecdng<\/strong><\/h3>\n<p style=\"text-align: justify;\"><span style=\"font-family: arial, helvetica, sans-serif;\"><span style=\"font-weight: 400;\"><b>B\u1ebfp <\/b><b>h\u1ea7m \u0111\u01a1n c\u00f3 th\u00e0nh Vi\u1ec7t Nam <\/b>\u0111\u01b0\u1ee3c thi\u1ebft k\u1ebf nh\u1ecf g\u1ecdn v\u00e0 l\u1eafp r\u00e1p b\u1edfi c\u00e1c v\u1eadt li\u1ec7u ngo\u1ea1i nh\u1eadp mang l\u1ea1i v\u00e8 ngo\u00e0i sang tr\u1ecdng v\u00e0 ti\u1ebft ki\u1ec7m di\u1ec7n t\u00edch kh\u00f4ng gian b\u1ebfp khi l\u1eafp \u0111\u1eb7t. B\u1ebfp \u0111\u01b0\u1ee3c thi\u1ebft k\u1ebf v\u1edbi nh\u1eefng ph\u1ea7n ri\u00eang bi\u1ec7t v\u1edbi nhi\u1ec1u ch\u1ee9c n\u0103ng v\u00e0 c\u00f4ng d\u1ee5ng kh\u00e1c nhau. C\u00e1c c\u1ea1nh b\u1ebfp \u0111\u01b0\u1ee3c \u00e9p th\u1ee7y l\u1ef1c m\u00e0i nh\u1eb5n t\u1ea1o \u0111\u01b0\u1ee3c s\u1ef1 an to\u00e0n khi di chuy\u1ec3n v\u00e0 s\u1eed d\u1ee5ng. B\u1ebfp c\u00f3 c\u00f4ng su\u1ea5t cao gi\u00fap b\u1ea1n c\u00f3 th\u1ec3 h\u1ea7m c\u00e1c m\u00f3n \u0103n m\u1ed9t c\u00e1ch nhanh ch\u00f3ng \u0111\u1ea3m b\u1ea3o th\u1eddi gian ch\u1ebf bi\u1ebfn nhanh v\u00e0 ch\u1ea5t l\u01b0\u1ee3ng m\u00f3n \u0103n v\u1eabn \u0111\u1ea3m b\u1ea3o.<\/span><\/span><\/p>\n<h3><strong><span style=\"font-size: 95%;\">C\u1ea5u t\u1ea1o ch\u1ea5t li\u1ec7u cao c\u1ea5p<\/span><\/strong><\/h3>\n<p style=\"text-align: justify;\"><span style=\"font-family: arial, helvetica, sans-serif;\"><span style=\"font-weight: 400;\">Thi\u1ebft b\u1ecb \u0111\u01b0\u1ee3c s\u1ea3n xu\u1ea5t t\u1eeb v\u1eadt li\u1ec7u <a href=\"https:\/\/vi.wikipedia.org\/wiki\/Th%C3%A9p_kh%C3%B4ng_g%E1%BB%89\" target=\"_blank\" rel=\"noopener nofollow\" data-schema-attribute=\"\">inox cao c\u1ea5p<\/a>, ch\u1ed1ng g\u1ec9, ch\u1ed1ng \u0103n m\u00f2n, mang l\u1ea1i s\u1ef1 s\u00e1ng b\u00f3ng v\u00e0 s\u1ea1ch s\u1ebd cho khu b\u1ebfp c\u1ee7a b\u1ea1n. Ngo\u00e0i ra, ki\u1ec1ng <\/span><b>b\u1ebfp <\/b><b>h\u1ea7m \u0111\u01a1n c\u00f3 th\u00e0nh Vi\u1ec7t Nam<\/b><span style=\"font-weight: 400;\"> \u0111\u01b0\u1ee3c l\u00e0m b\u1eb1ng gang \u0111\u00fac, c\u00f3 kh\u1ea3 n\u0103ng ch\u1ecbu \u0111\u01b0\u1ee3c <\/span><span style=\"font-weight: 400;\">nhi\u1ec7t \u0111\u1ed9 cao v\u00e0 t\u1ea3i tr\u1ecdng l\u1edbn, cho ph\u00e9p b\u1ea1n tho\u1ea3i m\u00e1i \u0111\u1eb7t c\u00e1c n\u1ed3i l\u1edbn m\u00e0 kh\u00f4ng s\u1ee3 b\u1ecb \u0111\u1ed5 hay cong v\u00eanh b\u1ebfp. C\u00e1c h\u1ecdng \u0111\u1ed1t v\u00e0 \u0111\u01b0\u1eddng d\u1eabn c\u0169ng \u0111\u01b0\u1ee3c l\u00e0m b\u1eb1ng ch\u1ea5t li\u1ec7u ch\u1ecbu nhi\u1ec7t t\u1ed1t \u0111\u1ea3m b\u1ea3o an to\u00e0n khi s\u1eed d\u1ee5ng.<\/span><\/span><\/p>\n<h3><span style=\"font-size: 95%;\"><strong>V\u1eadn h\u00e0nh d\u1ec5 d\u00e0ng an to\u00e0n<\/strong><\/span><\/h3>\n<p style=\"text-align: justify;\"><span style=\"font-family: arial, helvetica, sans-serif;\"><span style=\"font-weight: 400;\"><b>B\u1ebfp <\/b><b>h\u1ea7m \u0111\u01a1n c\u00f3 th\u00e0nh Vi\u1ec7t Nam <\/b>\u0111\u01b0\u1ee3c v\u1eadn h\u00e0nh d\u1ec5 d\u00e0ng v\u1edbi n\u00fam \u0111i\u1ec1u ch\u1ec9nh nhi\u1ec7t \u0111\u1ed9 \u1edf nhi\u1ec1u m\u1ee9c kh\u00e1c nhau ph\u00f9 h\u1ecdp v\u1edbi nhi\u1ec1u m\u00f3n \u0103n. C\u00e1c vi\u1ec1n v\u00e0 th\u00e0nh b\u1ebfp d\u00e0y c\u00f3 kh\u1ea3 n\u0103ng c\u00e1ch nhi\u1ec7t t\u1ed1t v\u00e0 ch\u1ed1ng va \u0111\u1eadp cao. B\u1ebfp c\u00f2n c\u00f3 4 ch\u00e2n inox ch\u1eafc ch\u1eafn v\u00e0 c\u00f3 kh\u1ea3 n\u0103ng t\u00f9y ch\u1ec9nh \u0111\u1ed9 cao cho ph\u00f9 h\u1ee3p v\u1edbi c\u00e1c \u0111\u1ea7u b\u1ebfp kh\u00e1c nhau, \u0111\u1ebf ch\u00e2n b\u1eb1ng cao su c\u00f3 kh\u1ea3 n\u0103ng ch\u1ed1ng x\u00ea d\u1ecbch gi\u00fap b\u1ea1n y\u00ean t\u00e2m khi ch\u1ebf bi\u1ebfn.<\/span><\/span><\/p>\n<p style=\"text-align: justify;\"><span style=\"font-family: arial, helvetica, sans-serif;\"><span style=\"font-weight: 400;\">Th\u00e0nh b\u1ebfp \u0111\u01b0\u1ee3c thi\u1ebft k\u1ebf cao nh\u1eb1m \u0111\u1ea3m b\u1ea3o th\u1ee9c \u0103n trong qu\u00e1 tr\u00ecnh h\u1ea7m n\u1ea5u s\u1ebd kh\u00f4ng b\u1ecb d\u00ednh, b\u1eafn b\u1ea9n l\u00ean t\u01b0\u1eddng, gi\u00fap gi\u1eef g\u00ecn v\u1ec7 sinh s\u1ea1ch s\u1ebd cho khu b\u1ebfp v\u00e0 \u0111\u1ea3m b\u1ea3o an to\u00e0n v\u1ec7 sinh th\u1ef1c ph\u1ea9m. <b>B\u1ebfp <\/b><b>h\u1ea7m \u0111\u01a1n c\u00f3 th\u00e0nh Vi\u1ec7t Nam<\/b> c\u00f2n \u0111\u01b0\u1ee3c trang b\u1ecb v\u00f2i c\u1ea5p n\u01b0\u1edbc ngay tr\u00ean th\u00e0nh b\u1ebfp, gi\u00fap c\u00e1c \u0111\u1ea7u b\u1ebfp b\u1ed5 sung n\u01b0\u1edbc v\u00e0o m\u1ed9t h\u1ea7m d\u1ec5 d\u00e0ng v\u00e0 thu\u1eadn ti\u1ec7n h\u01a1n, mang l\u1ea1i \u0111\u1ed9 an to\u00e0n cao.<\/span><\/span><\/p>\n<h3><span style=\"font-size: 95%;\"><strong>Kh\u00e2u v\u1ec7 sinh thu\u1eadn ti\u1ec7n<\/strong><\/span><\/h3>\n<p style=\"text-align: justify;\"><span style=\"font-family: arial, helvetica, sans-serif;\"><span style=\"font-weight: 400;\"><b>B\u1ebfp <\/b><b>h\u1ea7m \u0111\u01a1n c\u00f3 th\u00e0nh Vi\u1ec7t Nam <\/b><\/span><\/span>v\u1edbi thi\u1ebft k\u1ebf c\u00e1c ph\u1ea7n ri\u00eang bi\u1ec7t v\u00e0 \u0111\u01b0\u1ee3c c\u1ea5u t\u1ea1o b\u1edfi inox cao c\u1ea5p l\u00e0 m\u1ed9t lo\u1ea1i inox s\u00e1ng b\u00f3ng, \u00edt b\u00e1m b\u1ee5i gi\u00fap b\u1ea1n d\u1ec5 d\u00e0ng v\u1ec7 sinh chi\u1ebfc b\u1ebfp m\u1ed9t c\u00e1ch d\u1ec5 d\u00e0ng. B\u1ec1 m\u1eb7t s\u00e1ng b\u00f3ng c\u0169ng ch\u1ed1ng b\u00e1m d\u00ednh gi\u00fap b\u1ea1n g\u1ea1t b\u1ecf th\u1ef1c ph\u1ea9m v\u01b0\u01a1ng v\u00e3i m\u1ed9t c\u00e1ch thu\u1eadn ti\u1ec7n. B\u1ea1n ch\u1ec9 c\u1ea7n b\u1ecf ra \u00edt ph\u00fat cu\u1ed1i m\u1ed7i bu\u1ed5i d\u00f9ng m\u1ed9t chi\u1ebfc kh\u0103n \u1ea9m v\u00e0 n\u01b0\u1edbc t\u1ea9y r\u1eeda th\u00f4ng th\u01b0\u1eddng l\u00e0 \u0111\u00e3 \u0111em l\u1ea1i v\u1ebb \u0111\u1eb9p v\u1ed1n c\u00f3 cho chi\u1ebfc b\u1ebfp. B\u1ebfp c\u00f2n \u0111\u01b0\u1ee3c thi\u1ebft k\u1ebf c\u00f3 th\u00e0nh ch\u1eafn ch\u1ed1ng b\u1eafn th\u1ee9c \u0103n d\u1ea7u m\u1ee1 l\u00ean t\u01b0\u1eddng \u0111\u1ea3m b\u1ea3o khu b\u1ebfp s\u1ea1ch s\u1ebd khi s\u1eed d\u1ee5ng.<\/p>\n<p><img class=\"aligncenter size-full wp-image-41683\" src=\"https:\/\/thucpham.com\/wp-content\/uploads\/2020\/06\/bep-ham-don-co-thanh-viet-nam-001.jpg\" alt=\"B\u1ebfp H\u1ea7m \u0110\u01a1n C\u00f3 Th\u00e0nh Vi\u1ec7t Nam\" width=\"820\" height=\"656\" srcset=\"https:\/\/thucpham.com\/vinacom\/wp-content\/uploads\/2020\/06\/bep-ham-don-co-thanh-viet-nam-001.jpg 820w, https:\/\/thucpham.com\/vinacom\/wp-content\/uploads\/2020\/06\/bep-ham-don-co-thanh-viet-nam-001-300x240.jpg 300w, https:\/\/thucpham.com\/vinacom\/wp-content\/uploads\/2020\/06\/bep-ham-don-co-thanh-viet-nam-001-768x614.jpg 768w, https:\/\/thucpham.com\/vinacom\/wp-content\/uploads\/2020\/06\/bep-ham-don-co-thanh-viet-nam-001-24x19.jpg 24w, https:\/\/thucpham.com\/vinacom\/wp-content\/uploads\/2020\/06\/bep-ham-don-co-thanh-viet-nam-001-36x29.jpg 36w, https:\/\/thucpham.com\/vinacom\/wp-content\/uploads\/2020\/06\/bep-ham-don-co-thanh-viet-nam-001-48x38.jpg 48w, https:\/\/thucpham.com\/vinacom\/wp-content\/uploads\/2020\/06\/bep-ham-don-co-thanh-viet-nam-001-510x408.jpg 510w\" sizes=\"(max-width: 820px) 100vw, 820px\" title=\"\"><\/p>\n<p><em><span style=\"font-family: arial, helvetica, sans-serif;\"><span style=\"font-weight: 400;\">B\u1ebfp h\u1ea7m \u0111\u01a1n c\u00f3 th\u00e0nh Vi\u1ec7t Nam <\/span><\/span><\/em><span style=\"font-family: arial, helvetica, sans-serif;\"><span style=\"font-weight: 400;\">\u0111\u01b0\u1ee3c ThucPham.com ni\u00eam y\u1ebft v\u1edbi gi\u00e1 <\/span><\/span><strong>7.750.000&nbsp;\u20ab<\/strong><span style=\"font-family: arial, helvetica, sans-serif;\"><span style=\"font-weight: 400;\"> l\u00e0 m\u1ed9t m\u1ee9c gi\u00e1 r\u1ea5t th\u1ea5p so v\u1edbi gi\u00e1 tr\u1ecb l\u1ee3i \u00edch kinh t\u1ebf m\u00e0 n\u00f3 mang l\u1ea1i cho ng\u01b0\u1eddi d\u00f9ng. N\u1ebfu b\u1ea1n c\u00f3 kh\u00f4ng gian khu b\u1ebfp c\u00f4ng nghi\u1ec7p r\u1ed9ng l\u1edbn h\u01a1n th\u00ec b\u1ea1n c\u00f3 th\u1ec3 tham kh\u1ea3o <span data-sheets-value=\"{&quot;1&quot;:2,&quot;2&quot;:&quot;B\u1ebfp H\u1ea7m \u0110\u00f4i C\u00f3 Th\u00e0nh Vi\u1ec7t Nam&quot;}\" data-sheets-userformat=\"{&quot;2&quot;:14466,&quot;4&quot;:{&quot;1&quot;:2,&quot;2&quot;:16777215},&quot;10&quot;:2,&quot;14&quot;:{&quot;1&quot;:2,&quot;2&quot;:3358280},&quot;15&quot;:&quot;Arial&quot;,&quot;16&quot;:10}\"><a href=\"https:\/\/thucpham.com\/bep-ham-doi-co-thanh-viet-nam\/\">B\u1ebfp H\u1ea7m \u0110\u00f4i C\u00f3 Th\u00e0nh Vi\u1ec7t Nam<\/a>. Ch\u00fang t\u00f4i c\u00f2n c\u00f3 r\u1ea5t nhi\u1ec1u s\u1ea3n ph\u1ea9m <a href=\"https:\/\/thucpham.com\/bep-ham-cong-nghiep\/\">b\u1ebfp h\u1ea7m c\u00f4ng nghi\u1ec7p<\/a> v\u1edbi nhi\u1ec1u model kh\u00e1c nhau v\u1edbi nhi\u1ec1u ph\u00e2n kh\u00fac nh\u01b0: <a href=\"https:\/\/thucpham.com\/bep-ham-don-dung-dien-cong-nghiep-kingsun-kdl-8kw-c\/\">B\u1ebfp H\u1ea7m \u0110\u01a1n D\u00f9ng \u0110i\u1ec7n C\u00f4ng Nghi\u1ec7p Kingsun KDL-8KW-C<\/a>,&#8230;<\/span><\/span><\/span><\/p>\n","protected":false},"excerpt":{"rendered":"<ul>\n<li style=\"font-weight: 400;\"><span style=\"font-weight: 400;\">Ki\u1ec3u d\u00e1ng nh\u1ecf g\u1ecdn, c\u00f4ng su\u1ea5t l\u1edbn<\/span><\/li>\n<li style=\"font-weight: 400;\"><span style=\"font-weight: 400;\">D\u1ec5 s\u1eed d\u1ee5ng, an to\u00e0n trong qu\u00e1 tr\u00ecnh v\u1eadn h\u00e0nh<\/span><\/li>\n<li style=\"font-weight: 400;\"><span style=\"font-weight: 400;\">\u1ee8ng d\u1ee5ng c\u00f4ng ngh\u1ec7 h\u00e0n ti\u00ean ti\u1ebfn, ch\u1ed1ng oxy h\u00f3a<\/span><\/li>\n<li style=\"font-weight: 400;\"><span style=\"font-weight: 400;\">Ch\u1ea5t li\u1ec7u inox cao c\u1ea5p, kh\u00f3 bi\u1ebfn d\u1ea1ng, ch\u1ecbu l\u1ef1c t\u1ed1t<\/span><\/li>\n<li style=\"font-weight: 400;\"><span style=\"font-weight: 400;\">Trang b\u1ecb v\u00f2i c\u1ea5p n\u01b0\u1edbc ngay tr\u00ean th\u00e0nh b\u1ebfp<\/span><\/li>\n<li style=\"font-weight: 400;\"><span style=\"font-weight: 400;\">Ki\u1ec1ng b\u1ebfp b\u1eb1ng gang b\u1ec1n ch\u1eafc<\/span><\/li>\n<\/ul>\n","protected":false},"featured_media":36363,"comment_status":"open","ping_status":"closed","template":"","meta":[],"product_cat":[201,247],"product_tag":[],"_links":{"self":[{"href":"https:\/\/thucpham.com\/vinacom\/wp-json\/wp\/v2\/product\/9363"}],"collection":[{"href":"https:\/\/thucpham.com\/vinacom\/wp-json\/wp\/v2\/product"}],"about":[{"href":"https:\/\/thucpham.com\/vinacom\/wp-json\/wp\/v2\/types\/product"}],"replies":[{"embeddable":true,"href":"https:\/\/thucpham.com\/vinacom\/wp-json\/wp\/v2\/comments?post=9363"}],"wp:featuredmedia":[{"embeddable":true,"href":"https:\/\/thucpham.com\/vinacom\/wp-json\/wp\/v2\/media\/36363"}],"wp:attachment":[{"href":"https:\/\/thucpham.com\/vinacom\/wp-json\/wp\/v2\/media?parent=9363"}],"wp:term":[{"taxonomy":"product_cat","embeddable":true,"href":"https:\/\/thucpham.com\/vinacom\/wp-json\/wp\/v2\/product_cat?post=9363"},{"taxonomy":"product_tag","embeddable":true,"href":"https:\/\/thucpham.com\/vinacom\/wp-json\/wp\/v2\/product_tag?post=9363"}],"curies":[{"name":"wp","href":"https:\/\/api.w.org\/{rel}","templated":true}]}}