{"id":9348,"date":"2020-06-30T09:18:45","date_gmt":"2020-06-30T02:18:45","guid":{"rendered":"https:\/\/thucpham.com\/?post_type=product&#038;p=9348"},"modified":"2023-12-19T13:35:42","modified_gmt":"2023-12-19T06:35:42","slug":"bep-chien-nhung-don-dung-dien-berjaya-df12-17","status":"publish","type":"product","link":"https:\/\/thucpham.com\/vinacom\/bep-chien-nhung-don-dung-dien-berjaya-df12-17\/","title":{"rendered":"B\u1ebfp Chi\u00ean Nh\u00fang \u0110\u01a1n D\u00f9ng \u0110i\u1ec7n Berjaya DF12-17"},"content":{"rendered":"<h2><strong><span style=\"font-size: 85%;\">Th\u00f4ng tin s\u1ea3n ph\u1ea9m<\/span><\/strong><\/h2>\n<p style=\"text-align: justify;\"><b>B\u1ebfp chi\u00ean nh\u00fang \u0111\u01a1n d\u00f9ng \u0111i\u1ec7n Berjaya DF12-17<\/b><span style=\"font-weight: 400;\"> \u0111\u01b0\u1ee3c s\u1ea3n xu\u1ea5t tr\u00ean d\u00e2y chuy\u1ec1n c\u00f4ng ngh\u1ec7 hi\u1ec7n \u0111\u1ea1i, thi\u1ebft k\u1ebf ho\u00e0n to\u00e0n b\u1eb1ng inox ch\u1ed1ng g\u1ec9 n\u00ean r\u1ea5t s\u1ea1ch s\u1ebd, v\u1ec7 sinh v\u00e0 lu\u00f4n gi\u1eef \u0111\u01b0\u1ee3c v\u1ebb ngo\u00e0i s\u00e1ng b\u00f3ng m\u00e0 v\u1eabn \u0111\u1ea3m b\u1ea3o t\u00ednh b\u1ec1n ch\u1eafc, an to\u00e0n cho s\u1ea3n ph\u1ea9m. S\u1ea3n ph\u1ea9m n\u00e0y l\u00e0 m\u1ed9t trong nh\u1eefng b\u1ebfp chi\u00ean nh\u00fang \u0111\u01b0\u1ee3c s\u1eed d\u1ee5ng r\u1ea5t ph\u1ed5 bi\u1ebfn t\u1ea1i c\u00e1c nh\u00e0 h\u00e0ng, kh\u00e1ch s\u1ea1n hay c\u1eeda h\u00e0ng \u0111\u1ed3 \u0103n ti\u1ec7n l\u1ee3i, gi\u1ea3i quy\u1ebft v\u1ea5n \u0111\u1ec1 chi\u00ean th\u1ef1c ph\u1ea9m nhanh ch\u00f3ng, gi\u00fap ti\u1ebft ki\u1ec7m c\u00f4ng s\u1ee9c, th\u1eddi gian t\u1ed1i \u0111a nh\u1ea5t.<\/span><\/p>\n<p><img class=\"size-full wp-image-11868 aligncenter\" src=\"https:\/\/thucpham.com\/wp-content\/uploads\/2020\/06\/bep-chien-nhung-don-dung-dien-berjaya-df12-17-banner.jpg\" alt=\"bep-chien-nhung-don-dung-dien-berjaya-df12-17\" width=\"820\" height=\"656\" srcset=\"https:\/\/thucpham.com\/vinacom\/wp-content\/uploads\/2020\/06\/bep-chien-nhung-don-dung-dien-berjaya-df12-17-banner.jpg 820w, https:\/\/thucpham.com\/vinacom\/wp-content\/uploads\/2020\/06\/bep-chien-nhung-don-dung-dien-berjaya-df12-17-banner-300x240.jpg 300w, https:\/\/thucpham.com\/vinacom\/wp-content\/uploads\/2020\/06\/bep-chien-nhung-don-dung-dien-berjaya-df12-17-banner-768x614.jpg 768w, https:\/\/thucpham.com\/vinacom\/wp-content\/uploads\/2020\/06\/bep-chien-nhung-don-dung-dien-berjaya-df12-17-banner-24x19.jpg 24w, https:\/\/thucpham.com\/vinacom\/wp-content\/uploads\/2020\/06\/bep-chien-nhung-don-dung-dien-berjaya-df12-17-banner-36x29.jpg 36w, https:\/\/thucpham.com\/vinacom\/wp-content\/uploads\/2020\/06\/bep-chien-nhung-don-dung-dien-berjaya-df12-17-banner-48x38.jpg 48w, https:\/\/thucpham.com\/vinacom\/wp-content\/uploads\/2020\/06\/bep-chien-nhung-don-dung-dien-berjaya-df12-17-banner-510x408.jpg 510w\" sizes=\"(max-width: 820px) 100vw, 820px\" title=\"\"><\/p>\n<p style=\"text-align: center;\"><em>Th\u00f4ng tin s\u1ea3n ph\u1ea9m b\u1ebfp chi\u00ean nh\u00fang \u0111\u01a1n d\u00f9ng \u0111i\u1ec7n Berjaya DF12-17<\/em><\/p>\n<h2><strong><span style=\"font-size: 85%;\">\u01afu \u0111i\u1ec3m n\u1ed5i b\u1eadt<\/span><\/strong><\/h2>\n<h3><span style=\"font-size: 95%;\"><strong>Thi\u1ebft k\u1ebf n\u1ed5i b\u1eadt<\/strong><\/span><\/h3>\n<p style=\"text-align: justify;\"><span style=\"font-weight: 400;\"><strong>B\u1ebfp chi\u00ean nh\u00fang \u0111\u01a1n d\u00f9ng \u0111i\u1ec7n Berjaya DF12-17<\/strong> \u0111\u01b0\u1ee3c thi\u1ebft k\u1ebf nh\u1ecf g\u1ecdn v\u1edbi nhi\u1ec1u t\u00ednh n\u0103ng \u01b0u vi\u1ec7t. To\u00e0n b\u1ed9 b\u1ebfp \u0111\u01b0\u1ee3c c\u1ea5u t\u1ea1o b\u1eb1ng ch\u1ea5t li\u1ec7u <a href=\"https:\/\/vi.wikipedia.org\/wiki\/Th%C3%A9p_kh%C3%B4ng_g%E1%BB%89\" target=\"_blank\" rel=\"noopener nofollow\" data-schema-attribute=\"\">inox cao c\u1ea5p AISI 304<\/a> b\u1ec1n b\u1ec9, ch\u1ed1ng oxy h\u00f3a, kh\u00f4ng th\u00f4i nhi\u1ec5m kim lo\u1ea1i n\u00ean lu\u00f4n \u0111\u1ea3m b\u1ea3o v\u1ec7 sinh an to\u00e0n th\u1ef1c ph\u1ea9m. H\u1ed9c chi\u00ean \u0111\u01b0\u1ee3c h\u00e0n k\u00edn b\u1eb1ng kh\u00ed argon \u0111\u1ea3m b\u1ea3o kh\u00f4ng r\u00f2 r\u1ec9 d\u1ea7u m\u1ee1, th\u00e0nh h\u1ed9c chi\u00ean cao v\u00e0 d\u1ea7y c\u00f3 kh\u1ea3 n\u0103ng c\u00e1ch nhi\u1ec7t t\u1ed1t.<\/span><\/p>\n<h3><strong><span style=\"font-size: 95%;\">Hi\u1ec7u n\u0103ng m\u1ea1nh m\u1ebd<\/span><\/strong><\/h3>\n<p style=\"text-align: justify;\"><span style=\"font-weight: 400;\"><strong>B\u1ebfp chi\u00ean nh\u00fang \u0111\u01a1n d\u00f9ng \u0111i\u1ec7n Berjaya DF12-17<\/strong> \u0111\u01b0\u1ee3c trang b\u1ecb 1 h\u1ed9c ch\u1ee9a d\u1ea7u v\u1edbi dung t\u00edch 9L v\u00e0 s\u00e2u 20 cm gi\u00fap c\u00e1c \u0111\u1ea7u b\u1ebfp c\u00f3 th\u1ec3 chi\u00ean nh\u00fang nhi\u1ec1u lo\u1ea1i th\u1ef1c ph\u1ea9m v\u1edbi k\u00edch th\u01b0\u1edbc kh\u00e1c nhau. Th\u00eam v\u00e0o \u0111\u00f3, nhi\u1ec7t \u0111\u1ed9 c\u1ee7a b\u1ebfp chi\u00ean t\u1eeb 195<\/span><span style=\"font-weight: 400;\">\u00b0C<\/span><span style=\"font-weight: 400;\"> \u0111\u1ebfn 210<\/span><span style=\"font-weight: 400;\">\u00b0C<\/span><span style=\"font-weight: 400;\">, l\u1ed3ng chi\u00ean r\u1ed9ng v\u00e0 s\u00e2u \u0111\u1ea3m b\u1ea3o m\u00f3n \u0103n sau khi chi\u00ean lu\u00f4n gi\u1eef nguy\u00ean v\u1eb9n \u0111\u01b0\u1ee3c h\u00ecnh d\u00e1ng c\u00f9ng v\u1edbi m\u00e0u s\u1eafc v\u00e0ng \u0111\u1ec1u, ngon gi\u00f2n, h\u1ea5p d\u1eabn.<\/span><\/p>\n<h3><strong><span style=\"font-size: 95%;\">An to\u00e0n v\u00e0 ti\u1ec7n l\u1ee3i<\/span><\/strong><\/h3>\n<p style=\"text-align: justify;\"><span style=\"font-weight: 400;\"><strong>B\u1ebfp chi\u00ean nh\u00fang \u0111\u01a1n d\u00f9ng \u0111i\u1ec7n Berjaya DF12-17 <\/strong>c\u00f3 h\u1ec7 th\u1ed1ng ng\u1eaft \u0111i\u1ec7n t\u1ef1 \u0111\u1ed9ng n\u1ebfu nhi\u1ec7t \u0111\u1ed9 v\u01b0\u1ee3t qu\u00e1 m\u1ee9c cho ph\u00e9p. Ngo\u00e0i ra, ph\u1ea7n tay c\u1ea7m c\u1ee7a r\u1ed5 chi\u00ean c\u1ee7a b\u1ebfp \u0111\u01b0\u1ee3c trang b\u1ecb l\u1edbp c\u00e1ch nhi\u1ec7t gi\u00fap b\u1ea1n c\u00f3 th\u1ec3 d\u1ec5 d\u00e0ng l\u1ea5y th\u1ee9c \u0103n sau khi chi\u00ean ra m\u00e0 kh\u00f4ng lo b\u1ecb b\u1ecfng tay. S\u1ea3n ph\u1ea9m b\u1ebfp Berjaya DF12-17 c\u00f2n c\u00f3 van th\u00e1o d\u1ea7u r\u1ea5t ti\u1ec7n l\u1ee3i, n\u1ebfu d\u1ea7u c\u00f2n th\u1eeba b\u1ea1n ch\u1ec9 c\u1ea7n m\u1edf van r\u1ed3i x\u1ea3 d\u1ea7u th\u1eeba ra.<\/span><\/p>\n<h3><strong><span style=\"font-size: 95%;\">Kh\u00e2u v\u1ec7 sinh thu\u1eadn ti\u1ec7n<\/span><\/strong><\/h3>\n<p style=\"text-align: justify;\"><span style=\"font-weight: 400;\"><strong>B\u1ebfp chi\u00ean nh\u00fang \u0111\u01a1n d\u00f9ng \u0111i\u1ec7n Berjaya DF12-17<\/strong> c\u00f3 thi\u1ebft k\u1ebf b\u1ec1n \u0111\u1eb9p, ch\u1eafc ch\u1eafn, c\u00e1c b\u1ed9 ph\u1eadn c\u1ee7a b\u1ebfp c\u00f3 th\u1ec3 d\u1ec5 d\u00e0ng th\u00e1o r\u1eddi \u0111\u1ec3 v\u1ec7 sinh, lau ch\u00f9i. B\u1ec1 m\u1eb7t c\u1ee7a b\u1ebfp v\u00e0 h\u1ed9c chi\u00ean c\u00f3 kh\u1ea3 n\u0103ng ch\u1ed1ng d\u00ednh, ch\u1ed1ng b\u00e1m b\u1ee5i t\u1ed1t gi\u00fap b\u1ea1n d\u1ec5 d\u00e0ng v\u1ec7 sinh b\u1eb1ng n\u01b0\u1edbc t\u1ea9y r\u1eeda th\u00f4ng th\u01b0\u1eddng.<\/span><\/p>\n<p><img class=\"aligncenter size-full wp-image-41502\" src=\"https:\/\/thucpham.com\/wp-content\/uploads\/2020\/06\/bep-chien-nhung-don-dung-dien-berjaya-df12-17-001.jpg\" alt=\"\u01afu \u0111i\u1ec3m b\u1ebfp chi\u00ean nh\u00fang \u0111\u01a1n d\u00f9ng \u0111i\u1ec7n Berjaya DF12-17\" width=\"820\" height=\"656\" srcset=\"https:\/\/thucpham.com\/vinacom\/wp-content\/uploads\/2020\/06\/bep-chien-nhung-don-dung-dien-berjaya-df12-17-001.jpg 820w, https:\/\/thucpham.com\/vinacom\/wp-content\/uploads\/2020\/06\/bep-chien-nhung-don-dung-dien-berjaya-df12-17-001-300x240.jpg 300w, https:\/\/thucpham.com\/vinacom\/wp-content\/uploads\/2020\/06\/bep-chien-nhung-don-dung-dien-berjaya-df12-17-001-768x614.jpg 768w, https:\/\/thucpham.com\/vinacom\/wp-content\/uploads\/2020\/06\/bep-chien-nhung-don-dung-dien-berjaya-df12-17-001-24x19.jpg 24w, https:\/\/thucpham.com\/vinacom\/wp-content\/uploads\/2020\/06\/bep-chien-nhung-don-dung-dien-berjaya-df12-17-001-36x29.jpg 36w, https:\/\/thucpham.com\/vinacom\/wp-content\/uploads\/2020\/06\/bep-chien-nhung-don-dung-dien-berjaya-df12-17-001-48x38.jpg 48w, https:\/\/thucpham.com\/vinacom\/wp-content\/uploads\/2020\/06\/bep-chien-nhung-don-dung-dien-berjaya-df12-17-001-510x408.jpg 510w\" sizes=\"(max-width: 820px) 100vw, 820px\" title=\"\"><\/p>\n<h2><strong><span style=\"font-size: 85%;\">S\u1eed d\u1ee5ng B\u1ebfp chi\u00ean nh\u00fang \u0111\u01a1n d\u00f9ng \u0111i\u1ec7n Berjaya DF12-17 c\u1ea7n l\u01b0u \u00fd<\/span><\/strong><\/h2>\n<ul>\n<li>L\u1eafp \u0111\u1eb7t b\u1ebfp n\u01a1i cao r\u00e1o g\u1ea7n ngu\u1ed3n cung c\u1ea5p \u0111i\u1ec7n \u1ed5n \u0111\u1ecbnh<\/li>\n<li>Th\u01b0\u1eddng xuy\u00ean thay d\u1ea7u c\u0169 b\u1eb1ng van x\u1ea3 d\u1ea7u \u0111\u1ec3 \u0111\u1ea3m b\u1ea3o ch\u1ea5t l\u01b0\u1ee3ng m\u00f3n \u0103n<\/li>\n<li>V\u1ec7 sinh b\u1ebfp sau khi s\u1eed d\u1ee5ng th\u01b0\u1eddng xuy\u00ean<\/li>\n<li>N\u1ebfu c\u00f3 s\u1ef1 c\u1ed1 c\u1ea7n b\u00e1o ngay cho k\u0129 thu\u1eadt s\u1eeda ch\u1eefa<\/li>\n<\/ul>\n<p style=\"text-align: justify;\"><em><span style=\"font-weight: 400;\">B\u1ebfp chi\u00ean nh\u00fang \u0111\u01a1n d\u00f9ng \u0111i\u1ec7n Berjaya DF12-17&nbsp;<\/span><\/em><span style=\"font-weight: 400;\">\u0111\u01b0\u1ee3c nh\u1eadp kh\u1ea9u nguy\u00ean chi\u1ebfc v\u1edbi nhi\u1ec1u \u01b0u \u0111i\u1ec3m s\u1ebd l\u00e0 l\u1ef1a ch\u1ecdn h\u00e0ng \u0111\u1ea7u cho c\u00e1c m\u00f4 h\u00ecnh kinh doanh v\u1eeba v\u00e0 nh\u1ecf. C\u00f2n n\u1ebfu b\u1ea1n c\u00f3 m\u00f4 h\u00ecnh kinh doanh l\u1edbn h\u01a1n c\u1ea7n <a href=\"https:\/\/thucpham.com\/bep-chien-nhung\/\">b\u1ebfp chi\u00ean nh\u00fang<\/a> c\u00f3 c\u00f4ng su\u1ea5t l\u1edbn th\u00ec b\u1ea1n c\u00f3 th\u1ec3 tham kh\u1ea3o th\u00eam c\u00e1c model nh\u01b0: <span data-sheets-value=\"{&quot;1&quot;:2,&quot;2&quot;:&quot;B\u1ebfp Chi\u00ean Nh\u00fang \u0110\u00f4i D\u00f9ng \u0110i\u1ec7n Berjaya SDF12D&quot;}\" data-sheets-userformat=\"{&quot;2&quot;:14466,&quot;4&quot;:{&quot;1&quot;:2,&quot;2&quot;:16777215},&quot;10&quot;:2,&quot;14&quot;:{&quot;1&quot;:2,&quot;2&quot;:3358280},&quot;15&quot;:&quot;Arial&quot;,&quot;16&quot;:10}\"><a href=\"https:\/\/thucpham.com\/bep-chien-nhung-doi-dung-dien-berjaya-sdf12d\/\">B\u1ebfp Chi\u00ean Nh\u00fang \u0110\u00f4i D\u00f9ng \u0110i\u1ec7n Berjaya SDF12D<\/a>, <a href=\"https:\/\/thucpham.com\/bep-chien-nhung-doi-dung-dien-co-chan-dung-berjaya\/\">B\u1ebfp Chi\u00ean Nh\u00fang \u0110\u00f4i D\u00f9ng \u0110i\u1ec7n C\u00f3 Ch\u00e2n \u0110\u1ee9ng Berjaya FSSDF12D<\/a>,&#8230;<\/span><\/span><\/p>\n","protected":false},"excerpt":{"rendered":"<ul>\n<li style=\"font-weight: 400;\"><span style=\"font-weight: 400;\">Thi\u1ebft k\u1ebf b\u1ec1n \u0111\u1eb9p, ch\u1eafc ch\u1eafn s\u00e1ng b\u00f3ng theo th\u1eddi gian<\/span><\/li>\n<li style=\"font-weight: 400;\"><span style=\"font-weight: 400;\">Thi\u1ebft k\u1ebf b\u00ean ngo\u00e0i b\u1eb1ng th\u00e9p kh\u00f4ng han g\u1ec9, v\u1ec7 sinh d\u1ec5 d\u00e0ng<\/span><\/li>\n<li style=\"font-weight: 400;\"><span style=\"font-weight: 400;\">Khoang ch\u1ee9a d\u1ea7u l\u00e0m b\u1eb1ng th\u00e9p ch\u1ed1ng g\u1ec9 v\u1edbi \u0111\u1ed9 s\u00e2u 20cm<\/span><\/li>\n<li style=\"font-weight: 400;\"><span style=\"font-weight: 400;\">Th\u00f9ng d\u1ea7u v\u1edbi dung t\u00edch 9L, chi\u00ean nh\u00fang th\u1ef1c ph\u1ea9m v\u1edbi kh\u1ed1i l\u01b0\u1ee3ng l\u1edbn<\/span><\/li>\n<li style=\"font-weight: 400;\"><span style=\"font-weight: 400;\">Tay c\u1ea7m c\u00e1ch \u0111i\u1ec7n, c\u00e1ch nhi\u1ec7t, an to\u00e0n khi s\u1eed d\u1ee5ng<\/span><\/li>\n<li style=\"font-weight: 400;\"><span style=\"font-weight: 400;\">B\u1ea3ng \u0111i\u1ec1u khi\u1ec3n nhi\u1ec7t b\u1eb1ng n\u00fam v\u1eb7n<\/span><\/li>\n<\/ul>\n","protected":false},"featured_media":36342,"comment_status":"open","ping_status":"closed","template":"","meta":[],"product_cat":[199,247],"product_tag":[],"_links":{"self":[{"href":"https:\/\/thucpham.com\/vinacom\/wp-json\/wp\/v2\/product\/9348"}],"collection":[{"href":"https:\/\/thucpham.com\/vinacom\/wp-json\/wp\/v2\/product"}],"about":[{"href":"https:\/\/thucpham.com\/vinacom\/wp-json\/wp\/v2\/types\/product"}],"replies":[{"embeddable":true,"href":"https:\/\/thucpham.com\/vinacom\/wp-json\/wp\/v2\/comments?post=9348"}],"wp:featuredmedia":[{"embeddable":true,"href":"https:\/\/thucpham.com\/vinacom\/wp-json\/wp\/v2\/media\/36342"}],"wp:attachment":[{"href":"https:\/\/thucpham.com\/vinacom\/wp-json\/wp\/v2\/media?parent=9348"}],"wp:term":[{"taxonomy":"product_cat","embeddable":true,"href":"https:\/\/thucpham.com\/vinacom\/wp-json\/wp\/v2\/product_cat?post=9348"},{"taxonomy":"product_tag","embeddable":true,"href":"https:\/\/thucpham.com\/vinacom\/wp-json\/wp\/v2\/product_tag?post=9348"}],"curies":[{"name":"wp","href":"https:\/\/api.w.org\/{rel}","templated":true}]}}