{"id":9345,"date":"2020-06-30T09:14:06","date_gmt":"2020-06-30T02:14:06","guid":{"rendered":"https:\/\/thucpham.com\/?post_type=product&#038;p=9345"},"modified":"2023-12-19T13:35:53","modified_gmt":"2023-12-19T06:35:53","slug":"bep-chien-nhung-doi-dung-dien-kingsun","status":"publish","type":"product","link":"https:\/\/thucpham.com\/vinacom\/bep-chien-nhung-doi-dung-dien-kingsun\/","title":{"rendered":"B\u1ebfp Chi\u00ean Nh\u00fang \u0110\u00f4i D\u00f9ng \u0110i\u1ec7n Kingsun"},"content":{"rendered":"<h2><strong><span style=\"font-size: 85%;\">Th\u00f4ng tin s\u1ea3n ph\u1ea9m<\/span><\/strong><\/h2>\n<p style=\"text-align: justify;\"><b>B\u1ebfp chi\u00ean nh\u00fang \u0111\u00f4i d\u00f9ng \u0111i\u1ec7n Kingsun<\/b><span style=\"font-weight: 400;\"><strong> WYB-751<\/strong> \u0111\u01b0\u1ee3c nh\u1eadp kh\u1ea9u tr\u1ef1c ti\u1ebfp t\u1eeb Trung Qu\u1ed1c, v\u1edbi thi\u1ebft k\u1ebf g\u1ecdn g\u00e0ng, d\u1ec5 d\u00e0ng l\u1eafp \u0111\u1eb7t \u1edf b\u1ea5t k\u1ef3 kh\u00f4ng gian b\u1ebfp n\u00e0o. B\u1ebfp c\u00f3 2 khoang chi\u00ean nh\u00fang r\u1ed9ng r\u00e3i, m\u1ed7i khoang \u0111\u1ec1u c\u00f3 gi\u1ecf chi\u00ean b\u1eb1ng inox v\u00e0 n\u1eafp \u0111\u1eady ri\u00eang, thu\u1eadn ti\u1ec7n \u0111\u1ec3 chi\u00ean nhi\u1ec1u lo\u1ea1i th\u1ef1c ph\u1ea9m kh\u00e1c nhau c\u00f9ng m\u1ed9t l\u00fac, \u0111i\u1ec1u n\u00e0y gi\u00fap ti\u1ebft ki\u1ec7m th\u1eddi gian v\u00e0 chi ph\u00ed \u0111\u00e1ng k\u1ec3.&nbsp;<\/span><\/p>\n<p><img class=\"size-full wp-image-11874 aligncenter\" src=\"https:\/\/thucpham.com\/wp-content\/uploads\/2020\/06\/bep-chien-nhung-doi-dung-dien-kingsun-banner.jpg\" alt=\"bep-chien-nhung-doi-dung-dien-kingsun\" width=\"820\" height=\"656\" srcset=\"https:\/\/thucpham.com\/vinacom\/wp-content\/uploads\/2020\/06\/bep-chien-nhung-doi-dung-dien-kingsun-banner.jpg 820w, https:\/\/thucpham.com\/vinacom\/wp-content\/uploads\/2020\/06\/bep-chien-nhung-doi-dung-dien-kingsun-banner-300x240.jpg 300w, https:\/\/thucpham.com\/vinacom\/wp-content\/uploads\/2020\/06\/bep-chien-nhung-doi-dung-dien-kingsun-banner-768x614.jpg 768w, https:\/\/thucpham.com\/vinacom\/wp-content\/uploads\/2020\/06\/bep-chien-nhung-doi-dung-dien-kingsun-banner-24x19.jpg 24w, https:\/\/thucpham.com\/vinacom\/wp-content\/uploads\/2020\/06\/bep-chien-nhung-doi-dung-dien-kingsun-banner-36x29.jpg 36w, https:\/\/thucpham.com\/vinacom\/wp-content\/uploads\/2020\/06\/bep-chien-nhung-doi-dung-dien-kingsun-banner-48x38.jpg 48w, https:\/\/thucpham.com\/vinacom\/wp-content\/uploads\/2020\/06\/bep-chien-nhung-doi-dung-dien-kingsun-banner-510x408.jpg 510w\" sizes=\"(max-width: 820px) 100vw, 820px\" title=\"\"><\/p>\n<p style=\"text-align: center;\"><em>Th\u00f4ng tin s\u1ea3n ph\u1ea9m b\u1ebfp chi\u00ean nh\u00fang \u0111\u00f4i d\u00f9ng \u0111i\u1ec7n Kingsun WYB-751<\/em><\/p>\n<h2><strong><span style=\"font-size: 85%;\">\u01afu \u0111i\u1ec3m n\u1ed5i b\u1eadt<\/span><\/strong><\/h2>\n<h3><strong><span style=\"font-size: 95%;\">Ch\u1ea5t li\u1ec7u cao c\u1ea5p<\/span><\/strong><\/h3>\n<p style=\"text-align: justify;\"><b>B\u1ebfp chi\u00ean nh\u00fang \u0111\u00f4i d\u00f9ng \u0111i\u1ec7n Kingsun<\/b><span style=\"font-weight: 400;\"><strong> WYB-751 <\/strong>\u0111\u01b0\u1ee3c c\u1ea5u t\u1ea1o ho\u00e0n to\u00e0n t\u1eeb inox cao c\u1ea5p c\u00f3 \u0111\u1ed9 b\u1ec1n, tu\u1ed5i th\u1ecd cao, kh\u00f4ng b\u1ecb \u0103n m\u00f2n, han g\u1ec9 hay m\u00e9o m\u00f3 trong qu\u00e1 tr\u00ecnh s\u1eed d\u1ee5ng. To\u00e0n b\u1ed9 khoang chi\u00ean \u0111\u01b0\u1ee3c l\u00e0m b\u1eb1ng <a href=\"https:\/\/vi.wikipedia.org\/wiki\/Th%C3%A9p_kh%C3%B4ng_g%E1%BB%89\" target=\"_blank\" rel=\"noopener nofollow\" data-schema-attribute=\"\">th\u00e9p kh\u00f4ng g\u1ec9<\/a> kh\u00f4ng th\u00f4i nhi\u1ec5m kim lo\u1ea1i n\u00ean r\u1ea5t \u0111\u1ea3m b\u1ea3o an to\u00e0n v\u1ec7 sinh cho ng\u01b0\u1eddi d\u00f9ng.<\/span><\/p>\n<h3><span style=\"font-size: 95%;\"><strong>An to\u00e0n khi s\u1eed d\u1ee5ng<\/strong><\/span><\/h3>\n<p style=\"text-align: justify;\"><span style=\"font-weight: 400;\"><b>B\u1ebfp chi\u00ean nh\u00fang \u0111\u00f4i d\u00f9ng \u0111i\u1ec7n Kingsun<\/b><strong> WYB-751 <\/strong>c\u00f3 2 khoang chi\u00ean c\u00f3 th\u00e0nh d\u1ea7y c\u00e1ch nhi\u1ec7t v\u00e0 c\u00f3 n\u1eafp \u0111\u1eady ch\u1ed1ng b\u1eafn d\u1ea7u m\u1ee1 gi\u00fap \u0111\u1ea3m b\u1ea3o an to\u00e0n cho \u0111\u1ea7u b\u1ebfp. Ngo\u00e0i ra, c\u00e1c b\u1ed9 ph\u1eadn c\u1ee7a b\u1ebfp chi\u00ean nh\u00fang \u0111\u00f4i d\u00f9ng \u0111i\u1ec7n Kingsun \u0111\u1ec1u \u0111\u01b0\u1ee3c c\u1eaft \u00e9p b\u1eb1ng c\u00f4ng ngh\u1ec7 th\u1ee7y l\u1ef1c, c\u00e1c g\u00f3c c\u1ea1nh \u0111\u01b0\u1ee3c m\u00e0i c\u1ea9n th\u1eadn n\u00ean \u0111\u1ea3m b\u1ea3o an to\u00e0n cho ng\u01b0\u1eddi d\u00f9ng. \u0110\u1eb7c bi\u1ec7t, thi\u1ebft b\u1ecb c\u00f2n c\u00f3 h\u1ec7 th\u1ed1ng \u0111i\u1ec1u khi\u1ec3n ng\u1eaft t\u1ef1 \u0111\u1ed9ng n\u1ebfu x\u1ea3y ra hi\u1ec7n t\u01b0\u1ee3ng qu\u00e1 nhi\u1ec7t \u0111i\u1ec1u n\u00e0y l\u00e0m t\u0103ng th\u00eam \u0111\u1ed9 an to\u00e0n cho ng\u01b0\u1eddi s\u1eed d\u1ee5ng.<\/span><\/p>\n<h3><span style=\"font-size: 95%;\"><strong>Hi\u1ec7u n\u0103ng v\u01b0\u1ee3t tr\u1ed9i<\/strong><\/span><\/h3>\n<p style=\"text-align: justify;\"><span style=\"font-weight: 400;\"><b>B\u1ebfp chi\u00ean nh\u00fang \u0111\u00f4i d\u00f9ng \u0111i\u1ec7n Kingsun<\/b><strong> WYB-751&nbsp;<\/strong>v\u1edbi kh\u1ea3 n\u0103ng gia nhi\u1ec7t nhanh v\u00e0 hai khoang chi\u00ean ri\u00eang bi\u1ec7t gi\u00fap b\u1ea1n ch\u1ebf bi\u1ebfn th\u1ee9c \u0103n m\u1ed9t c\u00e1ch nhanh ch\u00f3ng v\u00e0 ti\u1ebft ki\u1ec7m th\u1eddi gian, chi ph\u00ed. <\/span><span style=\"font-weight: 400;\">H\u01a1n th\u1ebf n\u1eefa, b\u1ebfp chi\u00ean Kingsun v\u1eadn h\u00e0nh b\u1eb1ng \u0111i\u1ec7n n\u0103ng n\u00ean lu\u00f4n \u0111\u1ea3m b\u1ea3o gia nhi\u1ec7t \u0111\u1ec1u gi\u00fap cho th\u1ef1c ph\u1ea9m \u0111\u01b0\u1ee3c chi\u00ean nh\u00fang \u1edf nhi\u1ec7t \u0111\u1ed9 \u1ed5n \u0111\u1ecbnh nh\u1ea5t.<\/span><\/p>\n<h3><span style=\"font-size: 95%;\"><strong>Kh\u00e2u v\u1ec7 sinh thu\u1eadn ti\u1ec7n<\/strong><\/span><\/h3>\n<p style=\"text-align: justify;\"><span style=\"font-weight: 400;\">V\u1edbi thi\u1ebft k\u1ebf linh ho\u1ea1t, c\u00e1c b\u1ed9 ph\u1eadn c\u1ee7a <strong>b<\/strong><b>\u1ebfp chi\u00ean nh\u00fang \u0111\u00f4i d\u00f9ng \u0111i\u1ec7n Kingsun<\/b><strong> WYB-751<\/strong> \u0111\u1ec1u c\u00f3 th\u1ec3 th\u00e1o r\u1eddi gi\u00fap cho b\u1ea1n d\u1ec5 d\u00e0ng lau ch\u00f9i v\u00e0 c\u1ecd r\u1eeda. B\u1ea1n ch\u1ec9 c\u1ea7n m\u1ed9t chi\u1ebfc kh\u0103n \u1ea9m v\u00e0 n\u01b0\u1edbc t\u1ea9y r\u1eeda th\u00f4ng th\u01b0\u1eddng l\u00e0 \u0111\u00e3 c\u00f3 th\u1ec3 \u0111em l\u1ea1i di\u1ec7n m\u1ea1o nh\u01b0 l\u00fac ban \u0111\u1ea7u cho chi\u1ebfc b\u1ebfp.<\/span><\/p>\n<p><img class=\"aligncenter size-full wp-image-41649\" src=\"https:\/\/thucpham.com\/wp-content\/uploads\/2020\/06\/bep-chien-nhung-doi-dung-dien-kingsun-001.jpg\" alt=\"\u01afu \u0110i\u1ec3m B\u1ebfp Chi\u00ean Nh\u00fang \u0110\u00f4i D\u00f9ng \u0110i\u1ec7n Kingsun WYB-751\" width=\"820\" height=\"656\" srcset=\"https:\/\/thucpham.com\/vinacom\/wp-content\/uploads\/2020\/06\/bep-chien-nhung-doi-dung-dien-kingsun-001.jpg 820w, https:\/\/thucpham.com\/vinacom\/wp-content\/uploads\/2020\/06\/bep-chien-nhung-doi-dung-dien-kingsun-001-300x240.jpg 300w, https:\/\/thucpham.com\/vinacom\/wp-content\/uploads\/2020\/06\/bep-chien-nhung-doi-dung-dien-kingsun-001-768x614.jpg 768w, https:\/\/thucpham.com\/vinacom\/wp-content\/uploads\/2020\/06\/bep-chien-nhung-doi-dung-dien-kingsun-001-24x19.jpg 24w, https:\/\/thucpham.com\/vinacom\/wp-content\/uploads\/2020\/06\/bep-chien-nhung-doi-dung-dien-kingsun-001-36x29.jpg 36w, https:\/\/thucpham.com\/vinacom\/wp-content\/uploads\/2020\/06\/bep-chien-nhung-doi-dung-dien-kingsun-001-48x38.jpg 48w, https:\/\/thucpham.com\/vinacom\/wp-content\/uploads\/2020\/06\/bep-chien-nhung-doi-dung-dien-kingsun-001-510x408.jpg 510w\" sizes=\"(max-width: 820px) 100vw, 820px\" title=\"\"><\/p>\n<h2><strong><span style=\"font-size: 85%;\">S\u1eed d\u1ee5ng b\u1ebfp chi\u00ean nh\u00fang \u0111\u00f4i d\u00f9ng \u0111i\u1ec7n Kingsun WYB-751 c\u1ea7n l\u01b0u \u00fd<\/span><\/strong><\/h2>\n<ul>\n<li>L\u1eafp \u0111\u1eb7t b\u1ebfp n\u01a1i cao r\u00e1o v\u1eeba t\u1ea7m \u0111\u1ea7u b\u1ebfp v\u00e0 g\u1ea7n ngu\u1ed3n \u0111i\u1ec7n<\/li>\n<li>Tr\u01b0\u1edbc khi v\u1eadn h\u00e0nh c\u1ea7n ki\u1ec3m tra b\u1ebfp tr\u01b0\u1edbc<\/li>\n<li>Lu\u00f4n \u0111i\u1ec1u ch\u1ec9nh nhi\u1ec7t \u0111\u1ed9 th\u00edch h\u1ee3p cho t\u1eebng m\u00f3n \u0103n<\/li>\n<li>Sau khi s\u1eed d\u1ee5ng xong ph\u1ea3i v\u1ec7 sinh th\u01b0\u1eddng xuy\u00ean<\/li>\n<\/ul>\n<p style=\"text-align: justify;\"><span style=\"font-weight: 400;\"><em>B\u1ebfp chi\u00ean nh\u00fang \u0111\u00f4i d\u00f9ng \u0111i\u1ec7n Kingsun WYB-751 l\u00e0 <\/em>s\u1ea3n ph\u1ea9m c\u1ee7a ThucPham.com \u0111\u01b0a ra th\u1ecb tr\u01b0\u1eddng \u0111\u1ea1t ti\u00eau chu\u1ea9n cao v\u1ec1 c\u1ea3 ch\u1ea5t l\u01b0\u1ee3ng l\u1eabn thi\u1ebft k\u1ebf. \u0110\u1ebfn v\u1edbi ch\u00fang t\u00f4i qu\u00fd kh\u00e1ch h\u00e0ng s\u1ebd h\u00e0i l\u00f2ng c\u1ea3 v\u1ec1 gi\u00e1 c\u1ea3 c\u0169ng nh\u01b0 ch\u1ea5t l\u01b0\u1ee3ng ph\u1ee5c v\u1ee5. B\u1ea1n c\u0169ng c\u00f3 th\u1ec3 tham kh\u1ea3o th\u00eam nhi\u1ec1u d\u00f2ng <a href=\"https:\/\/thucpham.com\/bep-chien-nhung\/\">b\u1ebfp chi\u00ean nh\u00fang<\/a> kh\u00e1c m\u00e0 ch\u00fang t\u00f4i cung c\u1ea5p nh\u01b0: <a href=\"https:\/\/thucpham.com\/bep-chien-nhung-don-dung-dien-verly\/\">B\u1ebfp Chi\u00ean Nh\u00fang \u0110\u01a1n D\u00f9ng \u0110i\u1ec7n Verly<\/a>, <span data-sheets-value=\"{&quot;1&quot;:2,&quot;2&quot;:&quot;B\u1ebfp Chi\u00ean Nh\u00fang \u0110\u01a1n D\u00f9ng \u0110i\u1ec7n Berjaya DF12-17&quot;}\" data-sheets-userformat=\"{&quot;2&quot;:14474,&quot;4&quot;:{&quot;1&quot;:2,&quot;2&quot;:16777215},&quot;6&quot;:{&quot;1&quot;:[{&quot;1&quot;:2,&quot;2&quot;:0,&quot;5&quot;:{&quot;1&quot;:2,&quot;2&quot;:0}},{&quot;1&quot;:0,&quot;2&quot;:0,&quot;3&quot;:3},{&quot;1&quot;:1,&quot;2&quot;:0,&quot;4&quot;:1}]},&quot;10&quot;:2,&quot;14&quot;:{&quot;1&quot;:2,&quot;2&quot;:3358280},&quot;15&quot;:&quot;Arial&quot;,&quot;16&quot;:10}\"><a href=\"https:\/\/thucpham.com\/bep-chien-nhung-don-dung-dien-berjaya-df12-17\/\">B\u1ebfp Chi\u00ean Nh\u00fang \u0110\u01a1n D\u00f9ng \u0110i\u1ec7n Berjaya DF12-17<\/a>,&#8230;<\/span><\/span><\/p>\n","protected":false},"excerpt":{"rendered":"<ul>\n<li style=\"font-weight: 400;\"><span style=\"font-weight: 400;\">Chi\u00ean nh\u00fang nhi\u1ec1u lo\u1ea1i th\u1ef1c ph\u1ea9m trong hai khoang chi\u00ean r\u1ed9ng<\/span><\/li>\n<li style=\"font-weight: 400;\"><span style=\"font-weight: 400;\">Th\u1ef1c ph\u1ea9m ch\u00edn nhanh, v\u00e0ng gi\u00f2n, h\u1ea5p d\u1eabn<\/span><\/li>\n<li style=\"font-weight: 400;\"><span style=\"font-weight: 400;\">Linh ho\u1ea1t \u0111i\u1ec1u ch\u1ec9nh nhi\u1ec7t \u0111\u1ed9 ph\u00f9 h\u1ee3p v\u1edbi t\u1eebng lo\u1ea1i th\u1ef1c ph\u1ea9m<\/span><\/li>\n<li style=\"font-weight: 400;\"><span style=\"font-weight: 400;\">C\u1eaft \u00e9p b\u1eb1ng c\u00f4ng ngh\u1ec7 th\u1ee7y l\u1ef1c<\/span><\/li>\n<li style=\"font-weight: 400;\"><span style=\"font-weight: 400;\">Thi\u1ebft k\u1ebf g\u1ecdn g\u00e0ng, d\u1ec5 d\u00e0ng l\u1eafp \u0111\u1eb7t v\u00e0 s\u1eed d\u1ee5ng<\/span><\/li>\n<li style=\"font-weight: 400;\"><span style=\"font-weight: 400;\">T\u1ef1 \u0111\u1ed9ng ng\u1eaft \u0111i\u1ec7n khi c\u00f3 hi\u1ec7n t\u01b0\u1ee3ng qu\u00e1 nhi\u1ec7t<\/span><\/li>\n<\/ul>\n","protected":false},"featured_media":36337,"comment_status":"open","ping_status":"closed","template":"","meta":[],"product_cat":[199,247],"product_tag":[],"_links":{"self":[{"href":"https:\/\/thucpham.com\/vinacom\/wp-json\/wp\/v2\/product\/9345"}],"collection":[{"href":"https:\/\/thucpham.com\/vinacom\/wp-json\/wp\/v2\/product"}],"about":[{"href":"https:\/\/thucpham.com\/vinacom\/wp-json\/wp\/v2\/types\/product"}],"replies":[{"embeddable":true,"href":"https:\/\/thucpham.com\/vinacom\/wp-json\/wp\/v2\/comments?post=9345"}],"wp:featuredmedia":[{"embeddable":true,"href":"https:\/\/thucpham.com\/vinacom\/wp-json\/wp\/v2\/media\/36337"}],"wp:attachment":[{"href":"https:\/\/thucpham.com\/vinacom\/wp-json\/wp\/v2\/media?parent=9345"}],"wp:term":[{"taxonomy":"product_cat","embeddable":true,"href":"https:\/\/thucpham.com\/vinacom\/wp-json\/wp\/v2\/product_cat?post=9345"},{"taxonomy":"product_tag","embeddable":true,"href":"https:\/\/thucpham.com\/vinacom\/wp-json\/wp\/v2\/product_tag?post=9345"}],"curies":[{"name":"wp","href":"https:\/\/api.w.org\/{rel}","templated":true}]}}