{"id":9342,"date":"2020-06-30T09:02:32","date_gmt":"2020-06-30T02:02:32","guid":{"rendered":"https:\/\/thucpham.com\/?post_type=product&#038;p=9342"},"modified":"2023-12-19T13:38:27","modified_gmt":"2023-12-19T06:38:27","slug":"bep-chien-nhung-don-dung-dien-verly","status":"publish","type":"product","link":"https:\/\/thucpham.com\/vinacom\/bep-chien-nhung-don-dung-dien-verly\/","title":{"rendered":"B\u1ebfp Chi\u00ean Nh\u00fang \u0110\u01a1n D\u00f9ng \u0110i\u1ec7n Verly"},"content":{"rendered":"<h2><span style=\"font-size: 85%;\"><strong>Th\u00f4ng tin s\u1ea3n ph\u1ea9m<\/strong><\/span><\/h2>\n<p style=\"text-align: justify;\"><span style=\"font-weight: 400;\">N\u1ebfu b\u1ea1n \u0111ang kinh doanh \u0111\u1ed3 chi\u00ean th\u00ec nh\u1ea5t \u0111\u1ecbnh kh\u00f4ng th\u1ec3 b\u1ecf qua s\u1ea3n ph\u1ea9m <strong>b\u1ebfp chi\u00ean nh\u00fang \u0111\u01a1n d\u00f9ng \u0111i\u1ec7n Verly HY-81<\/strong>. B\u1ea1n c\u00f3 th\u1ec3 ch\u1ebf bi\u1ebfn nhi\u1ec1u lo\u1ea1i \u0111\u1ed3 chi\u00ean r\u00e1n nh\u01b0 khoai t\u00e2y, khoai lang x\u00fac x\u00edch, nem chua, \u0111\u00f9i g\u00e0, c\u00e1nh g\u00e0, c\u00e1 vi\u00ean, ph\u00f4 mai que, b\u00e1nh khoai, b\u00e1nh ng\u00f4,&#8230; l\u00e0 m\u00f3n \u0103n \u0111\u01b0\u1ee3c y\u00eau th\u00edch \u1edf m\u1ecdi l\u1ee9a tu\u1ed5i. \u0110\u00e2y c\u0169ng l\u00e0 m\u1ed9t trong nh\u1eefng s\u1ea3n ph\u1ea9m \u0111\u01b0\u1ee3c b\u00e1n ch\u1ea1y t\u1ea1i ThucPham.com, h\u1ed7 tr\u1ee3 \u0111\u1eafc l\u1ef1c trong vi\u1ec7c chi\u00ean nh\u00fang nhi\u1ec1u lo\u1ea1i m\u00f3n \u0103n, gi\u00fap b\u1ea1n ti\u1ebft ki\u1ec7m \u0111\u01b0\u1ee3c th\u1eddi gian v\u00e0 c\u00f4ng s\u1ee9c.&nbsp;<\/span><\/p>\n<p><img class=\"aligncenter wp-image-11922 size-full\" src=\"https:\/\/thucpham.com\/wp-content\/uploads\/2020\/06\/bep-chien-nhung-don-verly-hy-81-banner.jpg\" alt=\"B\u1ebfp Chi\u00ean Nh\u00fang \u0110\u01a1n D\u00f9ng \u0110i\u1ec7n Verly HY-81\" width=\"820\" height=\"656\" srcset=\"https:\/\/thucpham.com\/vinacom\/wp-content\/uploads\/2020\/06\/bep-chien-nhung-don-verly-hy-81-banner.jpg 820w, https:\/\/thucpham.com\/vinacom\/wp-content\/uploads\/2020\/06\/bep-chien-nhung-don-verly-hy-81-banner-300x240.jpg 300w, https:\/\/thucpham.com\/vinacom\/wp-content\/uploads\/2020\/06\/bep-chien-nhung-don-verly-hy-81-banner-768x614.jpg 768w, https:\/\/thucpham.com\/vinacom\/wp-content\/uploads\/2020\/06\/bep-chien-nhung-don-verly-hy-81-banner-24x19.jpg 24w, https:\/\/thucpham.com\/vinacom\/wp-content\/uploads\/2020\/06\/bep-chien-nhung-don-verly-hy-81-banner-36x29.jpg 36w, https:\/\/thucpham.com\/vinacom\/wp-content\/uploads\/2020\/06\/bep-chien-nhung-don-verly-hy-81-banner-48x38.jpg 48w, https:\/\/thucpham.com\/vinacom\/wp-content\/uploads\/2020\/06\/bep-chien-nhung-don-verly-hy-81-banner-510x408.jpg 510w\" sizes=\"(max-width: 820px) 100vw, 820px\" title=\"\"><\/p>\n<p style=\"text-align: center;\"><em>Th\u00f4ng tin s\u1ea3n ph\u1ea9m b\u1ebfp chi\u00ean nh\u00fang \u0111\u01a1n d\u00f9ng \u0111i\u1ec7n Verly HY-81<\/em><\/p>\n<h2><strong><span style=\"font-size: 85%;\">\u01afu \u0111i\u1ec3m s\u1ea3n ph\u1ea9m<\/span><\/strong><\/h2>\n<h3><strong><span style=\"font-size: 95%;\">Thi\u1ebft k\u1ebf nh\u1ecf g\u1ecdn<\/span><\/strong><\/h3>\n<p style=\"text-align: justify;\"><span style=\"font-weight: 400;\">K\u00edch th\u01b0\u1edbc <strong>b\u1ebfp chi\u00ean nh\u00fang \u0111\u01a1n d\u00f9ng \u0111i\u1ec7n Verly HY-81<\/strong> r\u1ea5t nh\u1ecf g\u1ecdn, d\u1ec5 d\u00e0ng di chuy\u1ec3n \u1edf m\u1ecdi kh\u00f4ng gian b\u1ebfp. V\u1edbi k\u00edch th\u01b0\u1edbc t\u01b0\u01a1ng \u1ee9ng 27cm x 44cm x 29cm v\u00e0 dung t\u00edch th\u00f9ng chi\u00ean c\u1ee7a b\u1ebfp l\u00e0 6 l\u00edt, n\u00ean s\u1ea3n ph\u1ea9m r\u1ea5t ph\u00f9 h\u1ee3p cho nh\u1eefng qu\u00e1n \u0103n c\u00f3 quy m\u00f4 nh\u1ecf.<\/span><\/p>\n<h3><strong><span style=\"font-size: 95%;\">Ch\u1ea5t li\u1ec7u th\u00e9p cao c\u1ea5p<\/span><\/strong><\/h3>\n<p style=\"text-align: justify;\"><span style=\"font-weight: 400;\">B\u00ean c\u1ea1nh \u0111\u00f3, th\u00e2n <strong>b\u1ebfp chi\u00ean nh\u00fang \u0111\u01a1n d\u00f9ng \u0111i\u1ec7n Verly HY-81<\/strong> v\u00e0 khoang ch\u1ee9a d\u1ea7u \u0111\u01b0\u1ee3c l\u00e0m b\u1eb1ng <a href=\"https:\/\/vi.wikipedia.org\/wiki\/Th%C3%A9p_kh%C3%B4ng_g%E1%BB%89\" target=\"_blank\" rel=\"noopener nofollow\" data-schema-attribute=\"\">th\u00e9p cao c\u1ea5p AISI 304<\/a> ch\u1ed1ng han g\u1ec9, ch\u1ecbu nhi\u1ec7t t\u1ed1t, v\u00e0 an to\u00e0n cho s\u1ee9c kh\u1ecfe c\u1ee7a m\u1ecdi ng\u01b0\u1eddi. Ph\u1ea7n gi\u1ecf inox \u0111\u01b0\u1ee3c trang b\u1ecb tay c\u1ea7m c\u00e1ch nhi\u1ec7t r\u1ea5t ch\u1eafc ch\u1eafn. Th\u00f9ng ch\u1ee9a d\u1ea7u c\u00f3 n\u1eafp \u0111\u1eady inox d\u00e0y d\u1eb7n v\u00e0 che k\u00edn mi\u1ec7ng khoang ch\u1ee9a n\u00ean kh\u00f4ng g\u00e2y b\u1eafn d\u1ea7u m\u1ee1 ra ngo\u00e0i. <\/span><\/p>\n<h3><strong><span style=\"font-size: 95%;\">T\u00ednh n\u0103ng v\u01b0\u1ee3t tr\u1ed9i an to\u00e0n<\/span><\/strong><\/h3>\n<p style=\"text-align: justify;\"><span style=\"font-weight: 400;\"><strong>B\u1ebfp chi\u00ean nh\u00fang \u0111\u01a1n d\u00f9ng \u0111i\u1ec7n Verly HY-81<\/strong> v\u1edbi d\u1ea3i truy\u1ec1n nhi\u1ec7t d\u00e0i v\u00e0 kh\u1ea3 n\u0103ng d\u1eabn nhi\u1ec7t nhanh gi\u00fap ti\u1ebft ki\u1ec7m th\u1eddi gian v\u00e0 chi ph\u00ed. N\u00fam \u0111i\u1ec1u ch\u1ec9nh c\u1ee7a b\u1ebfp Verly c\u00f3 ch\u1ebf \u0111\u1ed9 c\u00e0i \u0111\u1eb7t nhi\u1ec7t \u0111\u1ed9 chi\u00ean nh\u00fang t\u1eeb 40\u00b0C \u0111\u1ebfn 200\u00b0C. M\u1ee9c nhi\u1ec7t chi\u00ean \u0111\u1ed9 \u0111\u01b0\u1ee3c \u0111i\u1ec1u ch\u1ec9nh theo t\u1eebng lo\u1ea1i \u0111\u1ed3 \u0103n \u0111\u1ec3 gi\u00fap b\u1ea3o \u0111\u1ea3m nhi\u1ec7t \u0111\u1ed9 th\u00edch h\u1ee3p cho m\u00f3n chi\u00ean th\u01a1m ngon h\u01a1n. \u0110\u1eb7c bi\u1ec7t b\u1ebfp c\u00f2n c\u00f3 ch\u1ebf \u0111\u1ed9 t\u1ef1 ng\u1eaft n\u1ebfu nhi\u1ec7t \u0111\u1ed9 v\u01b0\u1ee3t qu\u00e1 m\u1ee9c cho ph\u00e9p.<\/span><\/p>\n<h3><strong><span style=\"font-size: 95%;\">Kh\u00e2u v\u1ec7 sinh d\u1ec5 d\u00e0ng<\/span><\/strong><\/h3>\n<p style=\"text-align: justify;\"><span style=\"font-weight: 400;\">M\u1ed9t \u0111i\u1ec3m c\u1ed9ng n\u1eefa cho chi\u1ebfc <strong>b\u1ebfp chi\u00ean nh\u00fang \u0111\u01a1n d\u00f9ng \u0111i\u1ec7n Verly HY-81<\/strong> l\u00e0 b\u1ebfp c\u00f3 thi\u1ebft k\u1ebf v\u00f4 c\u00f9ng th\u00f4ng minh, d\u1ec5 d\u00e0ng th\u00e1o r\u1eddi \u0111\u1ec3 v\u1ec7 sinh. B\u1ea1n c\u00f3 th\u1ec3 v\u1ec7 sinh d\u1ec5 d\u00e0ng v\u1edbi n\u01b0\u1edbc r\u1eeda th\u00f4ng th\u01b0\u1eddng l\u00e0 c\u00f3 th\u1ec3 \u0111em l\u1ea1i s\u1ef1 b\u00f3ng lo\u00e1ng nh\u01b0 ban \u0111\u1ea7u cho chi\u1ebfc b\u1ebfp.<\/span><\/p>\n<p><img class=\"aligncenter size-full wp-image-41643\" src=\"https:\/\/thucpham.com\/wp-content\/uploads\/2020\/06\/bep-chien-nhung-don-verly-hy-81-001.jpg\" alt=\"\u01afu \u0110i\u1ec3m B\u1ebfp Chi\u00ean Nh\u00fang \u0110\u01a1n D\u00f9ng \u0110i\u1ec7n Verly HY-81\" width=\"820\" height=\"656\" srcset=\"https:\/\/thucpham.com\/vinacom\/wp-content\/uploads\/2020\/06\/bep-chien-nhung-don-verly-hy-81-001.jpg 820w, https:\/\/thucpham.com\/vinacom\/wp-content\/uploads\/2020\/06\/bep-chien-nhung-don-verly-hy-81-001-300x240.jpg 300w, https:\/\/thucpham.com\/vinacom\/wp-content\/uploads\/2020\/06\/bep-chien-nhung-don-verly-hy-81-001-768x614.jpg 768w, https:\/\/thucpham.com\/vinacom\/wp-content\/uploads\/2020\/06\/bep-chien-nhung-don-verly-hy-81-001-24x19.jpg 24w, https:\/\/thucpham.com\/vinacom\/wp-content\/uploads\/2020\/06\/bep-chien-nhung-don-verly-hy-81-001-36x29.jpg 36w, https:\/\/thucpham.com\/vinacom\/wp-content\/uploads\/2020\/06\/bep-chien-nhung-don-verly-hy-81-001-48x38.jpg 48w, https:\/\/thucpham.com\/vinacom\/wp-content\/uploads\/2020\/06\/bep-chien-nhung-don-verly-hy-81-001-510x408.jpg 510w\" sizes=\"(max-width: 820px) 100vw, 820px\" title=\"\"><\/p>\n<p style=\"text-align: center;\"><em>\u01afu \u0111i\u1ec3m s\u1ea3n ph\u1ea9m b\u1ebfp chi\u00ean nh\u00fang \u0111\u01a1n d\u00f9ng \u0111i\u1ec7n Verly HY-81<\/em><\/p>\n<h2><span style=\"font-size: 85%;\"><strong>L\u01b0u \u00fd khi d\u00f9ng b\u1ebfp chi\u00ean nh\u00fang \u0111\u01a1n d\u00f9ng \u0111i\u1ec7n Verly HY-81<\/strong><\/span><\/h2>\n<ul>\n<li>L\u1eafp \u0111\u1eb7t b\u1ebfp g\u1ea7n ngu\u1ed3n \u0111i\u1ec7n v\u00e0 \u0111\u1ec3 n\u01a1i cao r\u00e1o v\u1eeba t\u1ea7m \u0111\u1ea7u b\u1ebfp chi\u00ean n\u1ea5u<\/li>\n<li>Ki\u1ec3m tra b\u1ebfp tr\u01b0\u1edbc khi \u0111\u01b0a v\u00e0o s\u1eed d\u1ee5ng<\/li>\n<li>Lu\u00f4n v\u1ec7 sinh b\u1ebfp sau m\u1ed7i bu\u1ed5i s\u1eed d\u1ee5ng<\/li>\n<li>N\u1ebfu c\u00f3 hi\u1ec7n t\u01b0\u1ee3ng h\u1ecfng h\u00f3c ph\u1ea3i b\u00e1o ngay k\u1ef9 thu\u1eadt s\u1eeda ch\u1eefa<\/li>\n<\/ul>\n<p style=\"text-align: justify;\"><span style=\"font-weight: 400;\">B\u1ea1n mu\u1ed1n c\u00f3 gi\u1ea3i ph\u00e1p chi\u00ean ch\u00fang nhanh ch\u00f3ng, ti\u1ec7n l\u1ee3i, an to\u00e0n, hi\u1ec7u qu\u1ea3 cho qu\u00e1n \u0103n c\u1ee7a m\u00ecnh? H\u00e3y li\u00ean h\u1ec7 t\u1edbi ThucPham.com \u0111\u1ec3 \u0111\u1eb7t mua <em>b\u1ebfp chi\u00ean nh\u00fang \u0111\u01a1n d\u00f9ng \u0111i\u1ec7n Verly HY-81<\/em> ch\u00ednh h\u00e3ng; chu\u1ea9n ch\u1ea5t li\u1ec7u inox kh\u00f4ng g\u1ec9 v\u1edbi m\u1ee9c gi\u00e1 \u01b0u \u0111\u00e3i v\u00e0 ch\u00ednh s\u00e1ch h\u1eadu m\u00e3i c\u1ef1c t\u1ed1t.<\/span><\/p>\n<p style=\"text-align: justify;\">Ngo\u00e0i ra t\u00f9y v\u00e0o m\u00f4 h\u00ecnh kinh doanh v\u00e0 kinh ph\u00ed b\u1ea1n c\u0169ng c\u00f3 th\u1ec3 tham kh\u1ea3o th\u00eam c\u00e1c s\u1ea3n ph\u1ea9m <a href=\"https:\/\/thucpham.com\/bep-chien-nhung\/\">b\u1ebfp chi\u00ean nh\u00fang<\/a> kh\u00e1c v\u1edbi nhi\u1ec1u model m\u1edbi nh\u1ea5t \u0111\u01b0\u1ee3c ThucPham.com gi\u1edbi thi\u1ec7u nh\u01b0: <a href=\"https:\/\/thucpham.com\/bep-chien-nhung-doi-dung-dien-berjaya-sdf12d\/\">B\u1ebfp Chi\u00ean Nh\u00fang \u0110\u00f4i D\u00f9ng \u0110i\u1ec7n Berjaya SDF12D<\/a>, <a href=\"https:\/\/thucpham.com\/bep-chien-nhung-doi-dung-dien-modular\/\">B\u1ebfp Chi\u00ean Nh\u00fang \u0110\u00f4i D\u00f9ng \u0110i\u1ec7n Modular<\/a>,&#8230;<\/p>\n","protected":false},"excerpt":{"rendered":"<ul>\n<li style=\"font-weight: 400;\"><span style=\"font-weight: 400;\">K\u00edch th\u01b0\u1edbc nh\u1ecf g\u1ecdn n\u00ean d\u1ec5 d\u00e0ng l\u1eafp \u0111\u1eb7t v\u00e0 di chuy\u1ec3n<\/span><\/li>\n<li style=\"font-weight: 400;\"><span style=\"font-weight: 400;\">Th\u00e2n b\u1ebfp, th\u00f9ng ch\u1ee9a d\u1ea7u l\u00e0m b\u1eb1ng th\u00e9p cao c\u1ea5p, ch\u1ed1ng g\u1ec9<\/span><\/li>\n<li style=\"font-weight: 400;\"><span style=\"font-weight: 400;\">Nhi\u1ec7t \u0111\u1ed9 b\u1ebfp chi\u00ean lu\u00f4n \u1ed5n \u0111\u1ecbnh, \u0111\u1ea3m b\u1ea3o m\u00f3n \u0103n ch\u00edn \u0111\u1ec1u, gi\u00f2n<\/span><\/li>\n<li style=\"font-weight: 400;\"><span style=\"font-weight: 400;\">B\u1ebfp t\u1ef1 \u0111\u1ed9ng ng\u1eaft khi \u0111\u1ea1t nhi\u1ec7t \u0111\u1ed9 y\u00eau c\u1ea7u<\/span><\/li>\n<li style=\"font-weight: 400;\"><span style=\"font-weight: 400;\">H\u1ecdng \u0111\u1ed1t gia nhi\u1ec7t nhanh, cung c\u1ea5p n\u0103ng l\u01b0\u1ee3ng nhi\u1ec7t l\u1edbn<\/span><\/li>\n<li style=\"font-weight: 400;\"><span style=\"font-weight: 400;\">Thi\u1ebft k\u1ebf linh ho\u1ea1t, c\u00f3 th\u1ec3 th\u00e1o r\u1eddi c\u00e1c b\u1ed9 ph\u1eadn \u0111\u1ec3 v\u1ec7 sinh s\u1ea1ch s\u1ebd<\/span><\/li>\n<\/ul>\n","protected":false},"featured_media":36332,"comment_status":"open","ping_status":"closed","template":"","meta":[],"product_cat":[199,247],"product_tag":[],"_links":{"self":[{"href":"https:\/\/thucpham.com\/vinacom\/wp-json\/wp\/v2\/product\/9342"}],"collection":[{"href":"https:\/\/thucpham.com\/vinacom\/wp-json\/wp\/v2\/product"}],"about":[{"href":"https:\/\/thucpham.com\/vinacom\/wp-json\/wp\/v2\/types\/product"}],"replies":[{"embeddable":true,"href":"https:\/\/thucpham.com\/vinacom\/wp-json\/wp\/v2\/comments?post=9342"}],"wp:featuredmedia":[{"embeddable":true,"href":"https:\/\/thucpham.com\/vinacom\/wp-json\/wp\/v2\/media\/36332"}],"wp:attachment":[{"href":"https:\/\/thucpham.com\/vinacom\/wp-json\/wp\/v2\/media?parent=9342"}],"wp:term":[{"taxonomy":"product_cat","embeddable":true,"href":"https:\/\/thucpham.com\/vinacom\/wp-json\/wp\/v2\/product_cat?post=9342"},{"taxonomy":"product_tag","embeddable":true,"href":"https:\/\/thucpham.com\/vinacom\/wp-json\/wp\/v2\/product_tag?post=9342"}],"curies":[{"name":"wp","href":"https:\/\/api.w.org\/{rel}","templated":true}]}}