{"id":9333,"date":"2020-06-30T08:51:31","date_gmt":"2020-06-30T01:51:31","guid":{"rendered":"https:\/\/thucpham.com\/?post_type=product&#038;p=9333"},"modified":"2023-12-19T13:38:58","modified_gmt":"2023-12-19T06:38:58","slug":"bep-chien-nhung-doi-dung-gas-berjaya-gdf11d","status":"publish","type":"product","link":"https:\/\/thucpham.com\/vinacom\/bep-chien-nhung-doi-dung-gas-berjaya-gdf11d\/","title":{"rendered":"B\u1ebfp Chi\u00ean Nh\u00fang \u0110\u00f4i D\u00f9ng Gas Berjaya GDF11D"},"content":{"rendered":"<h2><strong><span style=\"font-size: 85%;\">Th\u00f4ng tin s\u1ea3n ph\u1ea9m<\/span><\/strong><\/h2>\n<p style=\"text-align: justify;\"><b>B\u1ebfp chi\u00ean nh\u00fang \u0111\u00f4i d\u00f9ng gas Berjaya GDF11D<\/b><span style=\"font-weight: 400;\"> l\u00e0 d\u00f2ng b\u1ebfp chi\u00ean nh\u00fang \u0111\u01b0\u1ee3c nh\u1eadp kh\u1ea9u tr\u1ef1c ti\u1ebfp t\u1eeb Malaysia, chuy\u00ean d\u1ee5ng trong c\u00e1c b\u1ebfp \u00c2u c\u1ee7a kh\u00e1ch s\u1ea1n, nh\u00e0 h\u00e0ng hay c\u1eeda h\u00e0ng \u0111\u1ed3 \u0103n nhanh. V\u1edbi kh\u1ea3 n\u0103ng chi\u00ean nh\u00fang nhanh ch\u00f3ng, thi\u1ebft k\u1ebf tinh t\u1ebf, sang tr\u1ecdng, \u0111\u1eb9p m\u1eaft, s\u1ea3n ph\u1ea9m b\u1ebfp chi\u00ean GDF11D \u0111ang \u0111\u01b0\u1ee3c nhi\u1ec1u kh\u00e1ch h\u00e0ng tin d\u00f9ng.<\/span><\/p>\n<p><img class=\"size-full wp-image-11872 aligncenter\" src=\"https:\/\/thucpham.com\/wp-content\/uploads\/2020\/06\/bep-chien-nhung-doi-dung-gas-berjaya-gdf11d-banner.jpg\" alt=\"bep-chien-nhung-doi-dung-gas-berjaya-gdf11d\" width=\"820\" height=\"656\" srcset=\"https:\/\/thucpham.com\/vinacom\/wp-content\/uploads\/2020\/06\/bep-chien-nhung-doi-dung-gas-berjaya-gdf11d-banner.jpg 820w, https:\/\/thucpham.com\/vinacom\/wp-content\/uploads\/2020\/06\/bep-chien-nhung-doi-dung-gas-berjaya-gdf11d-banner-300x240.jpg 300w, https:\/\/thucpham.com\/vinacom\/wp-content\/uploads\/2020\/06\/bep-chien-nhung-doi-dung-gas-berjaya-gdf11d-banner-768x614.jpg 768w, https:\/\/thucpham.com\/vinacom\/wp-content\/uploads\/2020\/06\/bep-chien-nhung-doi-dung-gas-berjaya-gdf11d-banner-24x19.jpg 24w, https:\/\/thucpham.com\/vinacom\/wp-content\/uploads\/2020\/06\/bep-chien-nhung-doi-dung-gas-berjaya-gdf11d-banner-36x29.jpg 36w, https:\/\/thucpham.com\/vinacom\/wp-content\/uploads\/2020\/06\/bep-chien-nhung-doi-dung-gas-berjaya-gdf11d-banner-48x38.jpg 48w, https:\/\/thucpham.com\/vinacom\/wp-content\/uploads\/2020\/06\/bep-chien-nhung-doi-dung-gas-berjaya-gdf11d-banner-510x408.jpg 510w\" sizes=\"(max-width: 820px) 100vw, 820px\" title=\"\"><\/p>\n<p style=\"text-align: center;\"><em>Th\u00f4ng tin s\u1ea3n ph\u1ea9m b\u1ebfp chi\u00ean nh\u00fang \u0111\u00f4i d\u00f9ng gas Berjaya GDF11D<\/em><\/p>\n<h2><strong><span style=\"font-size: 85%;\">\u01afu \u0111i\u1ec3m s\u1ea3n ph\u1ea9m<\/span><\/strong><\/h2>\n<h3><strong><span style=\"font-size: 95%;\">C\u1ea5u t\u1ea1o th\u00e9p cao c\u1ea5p<\/span><\/strong><\/h3>\n<p style=\"text-align: justify;\"><span style=\"font-weight: 400;\">To\u00e0n b\u1ed9 th\u00e2n <strong>b\u1ebfp chi\u00ean nh\u00fang \u0111\u00f4i d\u00f9ng gas Berjaya GDF11D<\/strong> \u0111\u01b0\u1ee3c c\u1ea5u t\u1ea1o b\u1eb1ng <a href=\"https:\/\/vi.wikipedia.org\/wiki\/Th%C3%A9p_kh%C3%B4ng_g%E1%BB%89\" target=\"_blank\" rel=\"noopener nofollow\" data-schema-attribute=\"\">inox cao c\u1ea5p AISI 304<\/a> c\u00f3 \u0111\u1ed9 b\u1ec1n cao, ch\u1ed1ng va \u0111\u1eadp v\u00e0 v\u1ebb ngo\u00e0i s\u00e1ng b\u00f3ng sang tr\u1ecdng. Ngo\u00e0i ra, l\u1ed3ng chi\u00ean v\u00e0 khoang chi\u00ean c\u1ee7a <\/span><span style=\"font-weight: 400;\">b\u1ebfp \u0111\u01b0\u1ee3c thi\u1ebft k\u1ebf ho\u00e0n to\u00e0n t\u1eeb inox ch\u1ea5t l\u01b0\u1ee3ng cao kh\u00f4ng g\u00e2y han g\u1ec9 v\u00e0 kh\u00f4ng th\u00f4i nhi\u1ec5m kim lo\u1ea1i \u0111\u1ea3m b\u1ea3o v\u1ec7 sinh an to\u00e0n th\u1ef1c ph\u1ea9m.<\/span><\/p>\n<h3><strong><span style=\"font-size: 95%;\">An to\u00e0n khi s\u1eed d\u1ee5ng<\/span><\/strong><\/h3>\n<p style=\"text-align: justify;\"><span style=\"font-weight: 400;\">B\u00ean c\u1ea1nh \u0111\u00f3, th\u00e0nh khoang \u0111\u01b0\u1ee3c trang b\u1ecb m\u1ed9t l\u1edbp gi\u1eef nhi\u1ec7t \u0111\u1ea3m b\u1ea3o nhi\u1ec7t kh\u00f4ng b\u1ecb th\u1ea5t tho\u00e1t ra b\u00ean ngo\u00e0i v\u00e0 kh\u00f4ng g\u00e2y b\u1ecfng cho ng\u01b0\u1eddi d\u00f9ng. Tay c\u1ea7m c\u1ee7a l\u1ed3ng chi\u00ean c\u0169ng c\u00f3 th\u00eam l\u1edbp c\u00e1ch nhi\u1ec7t, cho ph\u00e9p ng\u01b0\u1eddi d\u00f9ng l\u1ea5y th\u1ef1c ph\u1ea9m ra d\u1ec5 d\u00e0ng m\u00e0 kh\u00f4ng g\u00e2y b\u1ecfng tay. Th\u00eam m\u1ed9t \u0111i\u1ec3m ti\u1ec7n l\u1ee3i c\u1ee7a chi\u1ebfc b\u1ebfp n\u00e0y l\u00e0 c\u00f3 van d\u1ea7u x\u1ea3; khi mu\u1ed1n thay d\u1ea7u b\u1ea1n ch\u1ec9 c\u1ea7n m\u1edf van r\u1ed3i x\u1ea3 d\u1ea7u ra.<\/span><\/p>\n<p style=\"text-align: justify;\"><span style=\"font-weight: 400;\">\u0110\u1eb7c bi\u1ec7t, \u0111\u1ea7u \u0111\u1ed1t c\u1ee7a <strong>b\u1ebfp chi\u00ean nh\u00fang \u0111\u00f4i d\u00f9ng gas Berjaya GDF11D<\/strong> s\u1ebd t\u1ef1 ng\u1eaft khi nhi\u1ec7t \u0111\u1ed9 c\u1ee7a d\u1ea7u \u0111\u1ea1t t\u1edbi 230\u00baC.&nbsp; Nh\u1edd c\u00f3 n\u00fam v\u1eb7n nhi\u1ec7t \u0111\u1ed9 n\u00ean ng\u01b0\u1eddi d\u00f9ng c\u00f3 th\u1ec3 d\u1ec5 d\u00e0ng \u0111i\u1ec1u ch\u1ec9nh nhi\u1ec7t \u0111\u1ed9 t\u00f9y theo t\u1eebng lo\u1ea1i th\u1ef1c ph\u1ea9m. B\u1ebfp c\u00f2n \u0111\u01b0\u1ee3c trang b\u1ecb th\u00eam n\u1eafp \u0111\u1eady b\u1eb1ng inox kh\u00f4ng han g\u1ec9 gi\u00fap che ch\u1eafn trong qu\u00e1 tr\u00ecnh chi\u00ean r\u00e1n tr\u00e1nh b\u1ecb b\u1eafn d\u1ea7u m\u1ee1 ra ngo\u00e0i.&nbsp;<\/span><\/p>\n<h3><strong><span style=\"font-size: 95%;\">C\u00f4ng su\u1ea5t v\u01b0\u1ee3t tr\u1ed9i ti\u1ebft ki\u1ec7m<\/span><\/strong><\/h3>\n<p style=\"text-align: justify;\"><span style=\"font-weight: 400;\"><strong>B\u1ebfp chi\u00ean nh\u00fang \u0111\u00f4i d\u00f9ng gas Berjaya GDF11D<\/strong> c\u00f3 kh\u1ea3 n\u0103ng chi\u00ean nh\u00fang l\u01b0\u1ee3ng l\u1edbn th\u1ef1c ph\u1ea9m ch\u1ec9 trong m\u1ed9t l\u1ea7n b\u1edfi b\u1ebfp c\u00f3 2 khoang ch\u1ee9a d\u1ea7u v\u1edbi dung t\u00edch 11L m\u1ed7i khoang \u0111i\u1ec1u n\u00e0y gi\u00fap ti\u1ebft ki\u1ec7m th\u1eddi gian, c\u00f4ng s\u1ee9c v\u00e0 l\u01b0\u1ee3ng gas s\u1eed d\u1ee5ng. V\u1edbi t\u1ed5ng c\u00f4ng su\u1ea5t gas l\u00ean t\u1edbi 44000 BTU\/Hr th\u00ec vi\u1ec7c l\u00e0m d\u1ea7u s\u00f4i nhanh v\u00f4 c\u00f9ng d\u1ec5 d\u00e0ng v\u00e0 v\u1edbi n\u00fam v\u1eb7n \u0111i\u1ec1u khi\u1ec3n nhi\u1ec7t \u0111\u1ed9 \u1edf m\u1ed7i khoang chi\u00ean v\u1edbi c\u00e1c m\u1ee9c nhi\u1ec7t kh\u00e1c nhau gi\u00fap b\u1ea1n c\u00f3 th\u1ec3 chi\u00ean c\u00e1c th\u1ef1c ph\u1ea9m kh\u00e1c nhau trong c\u00f9ng m\u1ed9t l\u00fac.<\/span><\/p>\n<h3><strong><span style=\"font-size: 95%;\">Kh\u00e2u v\u1ec7 sinh thu\u1eadn ti\u1ec7n<\/span><\/strong><\/h3>\n<p style=\"text-align: justify;\"><span style=\"font-weight: 400;\"><strong>B\u1ebfp chi\u00ean nh\u00fang \u0111\u00f4i d\u00f9ng gas Berjaya GDF11D<\/strong><\/span> \u0111\u01b0\u1ee3c thi\u1ebft k\u1ebf v\u1edbi c\u00e1c b\u1ed9 ph\u1eadn c\u00f3 th\u1ec3 th\u00e1o r\u1eddi l\u00e0m b\u1eb1ng inox cao c\u1ea5p ch\u1ed1ng b\u00e1m d\u00ednh v\u00e0 ch\u1ed1ng b\u00e1m b\u1ee5i gi\u00fap vi\u1ec7c lau ch\u00f9i, c\u1ecd r\u1eeda v\u1ec7 sinh r\u1ea5t thu\u1eadn ti\u1ec7n. B\u1ebfp c\u00f2n trang b\u1ecb n\u1eafp \u0111\u1eady khoang chi\u00ean khi kh\u00f4ng d\u00f9ng \u0111\u1ebfn \u0111\u1ea3m b\u1ea3o d\u1ea7u kh\u00f4ng b\u1ecb b\u1ee5i b\u1ea9n bay v\u00e0o.<\/p>\n<p><img class=\"aligncenter size-full wp-image-41571\" src=\"https:\/\/thucpham.com\/wp-content\/uploads\/2020\/06\/bep-chien-nhung-doi-dung-gas-berjaya-gdf11d-001.jpg\" alt=\"\u01afu \u0111i\u1ec3m b\u1ebfp chi\u00ean nh\u00fang \u0111\u00f4i d\u00f9ng gas Berjaya GDF11D\" width=\"820\" height=\"656\" srcset=\"https:\/\/thucpham.com\/vinacom\/wp-content\/uploads\/2020\/06\/bep-chien-nhung-doi-dung-gas-berjaya-gdf11d-001.jpg 820w, https:\/\/thucpham.com\/vinacom\/wp-content\/uploads\/2020\/06\/bep-chien-nhung-doi-dung-gas-berjaya-gdf11d-001-300x240.jpg 300w, https:\/\/thucpham.com\/vinacom\/wp-content\/uploads\/2020\/06\/bep-chien-nhung-doi-dung-gas-berjaya-gdf11d-001-768x614.jpg 768w, https:\/\/thucpham.com\/vinacom\/wp-content\/uploads\/2020\/06\/bep-chien-nhung-doi-dung-gas-berjaya-gdf11d-001-24x19.jpg 24w, https:\/\/thucpham.com\/vinacom\/wp-content\/uploads\/2020\/06\/bep-chien-nhung-doi-dung-gas-berjaya-gdf11d-001-36x29.jpg 36w, https:\/\/thucpham.com\/vinacom\/wp-content\/uploads\/2020\/06\/bep-chien-nhung-doi-dung-gas-berjaya-gdf11d-001-48x38.jpg 48w, https:\/\/thucpham.com\/vinacom\/wp-content\/uploads\/2020\/06\/bep-chien-nhung-doi-dung-gas-berjaya-gdf11d-001-510x408.jpg 510w\" sizes=\"(max-width: 820px) 100vw, 820px\" title=\"\"><\/p>\n<h2><strong><span style=\"font-size: 85%;\">L\u01b0u \u00fd khi d\u00f9ng B\u1ebfp chi\u00ean nh\u00fang \u0111\u00f4i d\u00f9ng gas Berjaya GDF11D<\/span><\/strong><\/h2>\n<ul>\n<li>L\u1eafp \u0111\u1eb7t b\u1ebfp n\u01a1i cao r\u00e1o, tr\u00e1nh \u1ea9m \u01b0\u1edbt<\/li>\n<li>Ki\u1ec3m tra l\u1ea1i b\u1ebfp tr\u01b0\u1edbc khi s\u1eed d\u1ee5ng<\/li>\n<li>T\u00f9y ch\u1ec9nh nhi\u1ec7t \u0111\u1ed9 ph\u00f9 h\u1ee3p v\u1edbi t\u1eebng m\u00f3n \u0103n<\/li>\n<li>X\u1ea3 d\u1ea7u c\u0169 th\u01b0\u1eddng xuy\u00ean \u0111\u1ec3 \u0111\u1ea3m b\u1ea3o ch\u1ea5t l\u01b0\u1ee3ng m\u00f3n \u0103n<\/li>\n<li>V\u1ec7 sinh b\u1ebfp sau m\u1ed7i l\u1ea7n s\u1eed d\u1ee5ng<\/li>\n<\/ul>\n<p style=\"text-align: justify;\">V\u1edbi thi\u1ebft k\u1ebf sang tr\u1ecdng, nhi\u1ec1u \u01b0u \u0111i\u1ec3m <em><span style=\"font-weight: 400;\">b\u1ebfp chi\u00ean nh\u00fang \u0111\u00f4i d\u00f9ng gas Berjaya GDF11D <\/span><\/em><span style=\"font-weight: 400;\">s\u1ebd l\u00e0 l\u1ef1a ch\u1ecdn h\u00e0ng \u0111\u1ea7u c\u1ee7a c\u00e1c nh\u00e0 h\u00e0ng, kh\u00e1ch s\u1ea1n l\u1edbn. N\u1ebfu b\u1ea1n c\u00f3 kh\u00f4ng gian nh\u1ecf h\u1eb9p, kinh ph\u00ed th\u1ea5p th\u00ec c\u0169ng c\u00f3 th\u1ec3 ch\u1ecdn <span data-sheets-value=\"{&quot;1&quot;:2,&quot;2&quot;:&quot;B\u1ebfp Chi\u00ean Nh\u00fang \u0110\u00f4i D\u00f9ng \u0110i\u1ec7n Berjaya SDF12D&quot;}\" data-sheets-userformat=\"{&quot;2&quot;:14466,&quot;4&quot;:{&quot;1&quot;:2,&quot;2&quot;:16777215},&quot;10&quot;:2,&quot;14&quot;:{&quot;1&quot;:2,&quot;2&quot;:3358280},&quot;15&quot;:&quot;Arial&quot;,&quot;16&quot;:10}\"><a href=\"https:\/\/thucpham.com\/bep-chien-nhung-doi-dung-dien-berjaya-sdf12d\/\">B\u1ebfp Chi\u00ean Nh\u00fang \u0110\u00f4i D\u00f9ng \u0110i\u1ec7n Berjaya SDF12D<\/a> hay <a href=\"https:\/\/thucpham.com\/bep-chien-nhung-don-dung-gas-berjaya-gdf12\/\">B\u1ebfp Chi\u00ean Nh\u00fang \u0110\u01a1n D\u00f9ng Gas Berjaya GDF12<\/a>. B\u1ea1n c\u0169ng c\u00f3 th\u1ec3 tham kh\u1ea3o th\u00eam nhi\u1ec1u lo\u1ea1i <a href=\"https:\/\/thucpham.com\/bep-chien-nhung\/\">b\u1ebfp chi\u00ean nh\u00fang<\/a> kh\u00e1c v\u1edbi nhi\u1ec1u m\u1eabu m\u00e3 v\u00e0 m\u1ee9c gi\u00e1 kh\u00e1c nhau m\u00e0 Thucpham.com \u0111ang rao b\u00e1n.<\/span><\/span><\/p>\n","protected":false},"excerpt":{"rendered":"<ul>\n<li style=\"font-weight: 400;\"><span style=\"font-weight: 400;\">Khoang chi\u00ean \u0111\u01b0\u1ee3c l\u00e0m t\u1eeb inox c\u00f3 \u0111\u1ed9 b\u1ec1n cao, kh\u00f4ng bi\u1ebfn d\u1ea1ng<\/span><\/li>\n<li style=\"font-weight: 400;\"><span style=\"font-weight: 400;\">Trang b\u1ecb van x\u1ea3 d\u1ea7u ti\u1ec7n l\u1ee3i<\/span><\/li>\n<li style=\"font-weight: 400;\"><span style=\"font-weight: 400;\">Hai khoang chi\u00ean c\u00f3 dung t\u00edch 11L x 2<\/span><\/li>\n<li style=\"font-weight: 400;\"><span style=\"font-weight: 400;\">Tay c\u1ea7m c\u1ee7a l\u1ed3ng chi\u00ean \u0111\u01b0\u1ee3c trang b\u1ecb h\u1ee3p ch\u1ea5t c\u00e1ch nhi\u1ec7t<\/span><\/li>\n<li style=\"font-weight: 400;\"><span style=\"font-weight: 400;\">Th\u00e0nh khoang chi\u00ean c\u00f3 l\u1edbp gi\u1eef nhi\u1ec7t, h\u1ea1n ch\u1ebf nhi\u1ec7t \u00e0o ra ngo\u00e0i<\/span><\/li>\n<li style=\"font-weight: 400;\"><span style=\"font-weight: 400;\">M\u1ed7i khoang chi\u00ean c\u00f3 m\u1ed9t b\u1ea3ng \u0111i\u1ec1u khi\u1ec3n ri\u00eang bi\u1ec7t<\/span><\/li>\n<li style=\"font-weight: 400;\"><span style=\"font-weight: 400;\">\u0110\u1ea7u \u0111\u1ed1t t\u1ef1 ng\u1eaft khi nhi\u1ec7t \u0111\u1ed9 \u0111\u1ea1t \u0111\u1ebfn m\u1ee9c cho ph\u00e9p<\/span><\/li>\n<\/ul>\n","protected":false},"featured_media":36317,"comment_status":"open","ping_status":"closed","template":"","meta":[],"product_cat":[199,247],"product_tag":[],"_links":{"self":[{"href":"https:\/\/thucpham.com\/vinacom\/wp-json\/wp\/v2\/product\/9333"}],"collection":[{"href":"https:\/\/thucpham.com\/vinacom\/wp-json\/wp\/v2\/product"}],"about":[{"href":"https:\/\/thucpham.com\/vinacom\/wp-json\/wp\/v2\/types\/product"}],"replies":[{"embeddable":true,"href":"https:\/\/thucpham.com\/vinacom\/wp-json\/wp\/v2\/comments?post=9333"}],"wp:featuredmedia":[{"embeddable":true,"href":"https:\/\/thucpham.com\/vinacom\/wp-json\/wp\/v2\/media\/36317"}],"wp:attachment":[{"href":"https:\/\/thucpham.com\/vinacom\/wp-json\/wp\/v2\/media?parent=9333"}],"wp:term":[{"taxonomy":"product_cat","embeddable":true,"href":"https:\/\/thucpham.com\/vinacom\/wp-json\/wp\/v2\/product_cat?post=9333"},{"taxonomy":"product_tag","embeddable":true,"href":"https:\/\/thucpham.com\/vinacom\/wp-json\/wp\/v2\/product_tag?post=9333"}],"curies":[{"name":"wp","href":"https:\/\/api.w.org\/{rel}","templated":true}]}}