{"id":9321,"date":"2020-06-30T08:34:07","date_gmt":"2020-06-30T08:34:07","guid":{"rendered":"https:\/\/thucpham.com\/?post_type=product&#038;p=9321"},"modified":"2022-01-24T14:52:36","modified_gmt":"2022-01-24T07:52:36","slug":"bep-chien-nhung-don-dung-dien-berjaya-sdf12","status":"publish","type":"product","link":"https:\/\/thucpham.com\/vinacom\/bep-chien-nhung-don-dung-dien-berjaya-sdf12\/","title":{"rendered":"B\u1ebfp Chi\u00ean Nh\u00fang \u0110\u01a1n D\u00f9ng \u0110i\u1ec7n Berjaya SDF12"},"content":{"rendered":"<h2><span style=\"font-size: 85%;\"><strong>Th\u00f4ng tin s\u1ea3n ph\u1ea9m<\/strong><\/span><\/h2>\n<p style=\"text-align: justify;\"><span style=\"font-weight: 400;\"><strong>B\u1ebfp chi\u00ean nh\u00fang \u0111\u01a1n d\u00f9ng \u0111i\u1ec7n Berjaya SDF12<\/strong> l\u00e0 m\u1ed9t thi\u1ebft b\u1ecb nh\u00e0 b\u1ebfp ti\u1ec7n d\u1ee5ng, d\u00f9ng \u0111\u1ec3 ch\u1ebf bi\u1ebfn c\u00e1c m\u00f3n \u0103n chi\u00ean r\u00e1n ng\u1eadp d\u1ea7u nh\u01b0 khoai t\u00e2y, khoai lang, h\u1ea3i s\u1ea3n, c\u00e1 vi\u00ean, g\u00e0,\u2026 B\u1ebfp c\u00f3 nhi\u1ec7t \u0111\u1ed9 t\u1eeb 195<\/span><b>\u00b0<\/b><span style=\"font-weight: 400;\">C<\/span><span style=\"font-weight: 400;\"> \u0111\u1ebfn 210 <\/span><b>\u00b0<\/b><span style=\"font-weight: 400;\">C<\/span><span style=\"font-weight: 400;\"> k\u1ebft h\u1ee3p v\u1edbi n\u00fam v\u1eb7n \u0111\u1ec3 \u0111i\u1ec1u ch\u1ec9nh nhi\u1ec7t \u0111\u1ed9, \u0111\u1ea3m b\u1ea3o \u0111\u1ed3 \u0103n lu\u00f4n ch\u00edn \u0111\u1ec1u, c\u00f3 m\u00e0u v\u00e0ng \u0111\u1eb9p m\u1eaft.<\/span><\/p>\n<p><img class=\"size-full wp-image-11862 aligncenter\" src=\"https:\/\/thucpham.com\/wp-content\/uploads\/2020\/06\/bep-chien-nhung-don-dung-dien-berjaya-sdf12-banner.jpg\" alt=\"bep-chien-nhung-don-dung-dien-berjaya-sdf12\" width=\"820\" height=\"656\" srcset=\"https:\/\/thucpham.com\/vinacom\/wp-content\/uploads\/2020\/06\/bep-chien-nhung-don-dung-dien-berjaya-sdf12-banner.jpg 820w, https:\/\/thucpham.com\/vinacom\/wp-content\/uploads\/2020\/06\/bep-chien-nhung-don-dung-dien-berjaya-sdf12-banner-300x240.jpg 300w, https:\/\/thucpham.com\/vinacom\/wp-content\/uploads\/2020\/06\/bep-chien-nhung-don-dung-dien-berjaya-sdf12-banner-768x614.jpg 768w, https:\/\/thucpham.com\/vinacom\/wp-content\/uploads\/2020\/06\/bep-chien-nhung-don-dung-dien-berjaya-sdf12-banner-24x19.jpg 24w, https:\/\/thucpham.com\/vinacom\/wp-content\/uploads\/2020\/06\/bep-chien-nhung-don-dung-dien-berjaya-sdf12-banner-36x29.jpg 36w, https:\/\/thucpham.com\/vinacom\/wp-content\/uploads\/2020\/06\/bep-chien-nhung-don-dung-dien-berjaya-sdf12-banner-48x38.jpg 48w, https:\/\/thucpham.com\/vinacom\/wp-content\/uploads\/2020\/06\/bep-chien-nhung-don-dung-dien-berjaya-sdf12-banner-510x408.jpg 510w\" sizes=\"(max-width: 820px) 100vw, 820px\" title=\"\"><\/p>\n<p style=\"text-align: center;\"><em>Th\u00f4ng tin s\u1ea3n ph\u1ea9m b\u1ebfp chi\u00ean nh\u00fang \u0111\u01a1n d\u00f9ng \u0111i\u1ec7n Berjaya SDF12<\/em><\/p>\n<h2><strong><span style=\"font-size: 85%;\">\u01afu \u0111i\u1ec3m n\u1ed5i b\u1eadt<\/span><\/strong><\/h2>\n<h3><span style=\"font-size: 95%;\"><strong>Thi\u1ebft k\u1ebf hi\u1ec7n \u0111\u1ea1i<\/strong><\/span><\/h3>\n<p style=\"text-align: justify;\"><span style=\"font-weight: 400;\"><strong>B\u1ebfp chi\u00ean nh\u00fang \u0111\u01a1n d\u00f9ng \u0111i\u1ec7n Berjaya SDF12<\/strong> \u0111\u01b0\u1ee3c l\u00e0m b\u1eb1ng <a href=\"https:\/\/vi.wikipedia.org\/wiki\/Th%C3%A9p_kh%C3%B4ng_g%E1%BB%89\" target=\"_blank\" rel=\"noopener nofollow\" data-schema-attribute=\"\">inox cao c\u1ea5p kh\u00f4ng g\u1ec9<\/a>, kh\u00f4ng b\u00e1m b\u1ea9n, d\u1ea7u m\u1ee1, r\u1ea5t d\u1ec5 lau ch\u00f9i v\u00e0 \u0111\u1eb7c bi\u1ec7t lu\u00f4n s\u00e1ng b\u00f3ng, b\u1ec1n \u0111\u1eb9p trong su\u1ed1t qu\u00e1 tr\u00ecnh s\u1eed d\u1ee5ng. B\u00ean c\u1ea1nh \u0111\u00f3, l\u1edbp v\u1ecf b\u1ecdc ngo\u00e0i, n\u1eafp \u0111\u1eady v\u00e0 r\u1ed5 \u0111\u1ef1ng c\u1ee7a s\u1ea3n ph\u1ea9m \u0111\u1ec1u \u0111\u01b0\u1ee3c thi\u1ebft k\u1ebf b\u1eb1ng inox ch\u1ea5t l\u01b0\u1ee3ng cao n\u00ean c\u00f3 tu\u1ed5i th\u1ecd l\u00e2u d\u00e0i v\u00e0 d\u1ec5 d\u00e0ng th\u00e1o ra \u0111\u1ec3 v\u1ec7 sinh. <\/span><\/p>\n<h3><strong><span style=\"font-size: 95%;\">C\u00f4ng su\u1ea5t v\u01b0\u1ee3t tr\u1ed9i<\/span><\/strong><\/h3>\n<p style=\"text-align: justify;\"><span style=\"font-weight: 400;\"><strong>B\u1ebfp chi\u00ean nh\u00fang \u0111\u01a1n d\u00f9ng \u0111i\u1ec7n Berjaya SDF12<\/strong> ho\u1ea1t \u0111\u1ed9ng v\u1edbi c\u00f4ng su\u1ea5t 3.5 kW n\u00ean thi\u1ebft b\u1ecb \u0111\u01b0\u1ee3c cung c\u1ea5p nhi\u1ec7t n\u0103ng kh\u00e1 l\u1edbn, gi\u00fap m\u00f3n \u0103n \u0111\u01b0\u1ee3c ch\u1ebf bi\u1ebfn nhanh ch\u00f3ng. Chi\u1ebfc b\u1ebfp n\u00e0y kh\u00f4ng ch\u1ec9 gi\u00fap ch\u1ebf bi\u1ebfn m\u00f3n \u0103n nhanh ch\u00f3ng m\u00e0 c\u00f2n gi\u00fap chi\u00ean r\u00e1n m\u1ed9t l\u01b0\u1ee3ng l\u1edbn \u0111\u1ed3 \u0103n trong m\u1ed9t m\u1ebb v\u00ec h\u1ed9c ch\u1ee9a d\u1ea7u c\u00f3 dung t\u00edch 9L, ti\u1ebft ki\u1ec7m th\u1eddi gian v\u00e0 c\u00f4ng s\u1ee9c cho c\u00e1c \u0111\u1ea7u b\u1ebfp.<\/span><\/p>\n<h3><strong><span style=\"font-size: 95%;\">An to\u00e0n khi s\u1eed d\u1ee5ng<\/span><\/strong><\/h3>\n<p style=\"text-align: justify;\"><span style=\"font-weight: 400;\">Ngo\u00e0i ra, <strong>b\u1ebfp chi\u00ean nh\u00fang \u0111\u01a1n d\u00f9ng \u0111i\u1ec7n Berjaya SDF12<\/strong> c\u00f2n c\u00f3 ch\u1ebf \u0111\u1ed9 t\u1ef1 ng\u1eaft ngu\u1ed3n \u0111i\u1ec7n khi nhi\u1ec7t \u0111\u1ed9 \u0111\u1ea1t m\u1ee9c \u0111\u00e3 c\u00e0i \u0111\u1eb7t v\u00e0 \u0111i\u1ec1u ch\u1ec9nh tr\u01b0\u1edbc \u0111\u00f3, v\u1edbi c\u01a1 ch\u1ebf n\u00e0y ng\u01b0\u1eddi d\u00f9ng s\u1ebd ti\u1ebft ki\u1ec7m \u0111\u01b0\u1ee3c kh\u00e1 l\u1edbn l\u01b0\u1ee3ng \u0111i\u1ec7n n\u0103ng. Khoang ch\u1ee9a d\u1ea7u \u0111\u01b0\u1ee3c trang b\u1ecb m\u1ed9t l\u1edbp c\u00e1ch nhi\u1ec7t \u1edf b\u00ean ngo\u00e0i, kh\u00f4ng g\u00e2y b\u1ecfng cho b\u1ea1n khi l\u1ee1 tay ch\u1ea1m v\u00e0o khi b\u1ebfp \u0111ang n\u00f3ng. Tay c\u1ea7m r\u1ed5 chi\u00ean c\u0169ng \u0111\u01b0\u1ee3c l\u00e0m b\u1eb1ng l\u1edbp nh\u1ef1a c\u00e1ch nhi\u1ec7t gi\u00fap thao t\u00e1c ch\u1ebf bi\u1ebfn an to\u00e0n, kh\u00f4ng b\u1ecb n\u00f3ng.<\/span><\/p>\n<h3><strong><span style=\"font-size: 95%;\">V\u1eadn h\u00e0nh d\u1ec5 d\u00e0ng<\/span><\/strong><\/h3>\n<p style=\"text-align: justify;\"><span style=\"font-weight: 400;\"><strong>B\u1ebfp chi\u00ean nh\u00fang \u0111\u01a1n d\u00f9ng \u0111i\u1ec7n Berjaya SDF12 <\/strong>c\u00f3 b\u1ed9 \u0111i\u1ec1u khi\u1ec3n nhi\u1ec7t v\u1edbi \u0111\u00e8n Led b\u00e1o t\u00ecnh tr\u1ea1ng b\u1ebfp v\u00e0 n\u00fam v\u1eb7n \u0111i\u1ec1u ch\u1ec9nh nhi\u1ec7t \u0111\u1ed9 gi\u00fap b\u1ea1n ki\u1ec3m so\u00e1t t\u1ed1t t\u00ecnh tr\u1ea1ng nhi\u1ec7t \u0111\u1ed9 c\u1ee7a b\u1ebfp m\u1ed9t c\u00e1ch d\u1ec5 d\u00e0ng. B\u00ean d\u01b0\u1edbi b\u1ebfp c\u00f2n c\u00f3 van x\u1ea3 d\u1ea7u th\u1eeba gi\u00fap b\u1ea1n d\u1ec5 d\u00e0ng thay d\u1ea7u c\u0169 \u0111\u1ec3 \u0111\u1ea3m b\u1ea3o ch\u1ea5t l\u01b0\u1ee3ng m\u00f3n \u0103n. Kh\u00e2u v\u1ec7 sinh cho b\u1ebfp sau m\u1ed7i l\u1ea7n s\u1eed d\u1ee5ng c\u0169ng th\u1eadt d\u1ec5 d\u00e0ng b\u1edfi ch\u1ea5t li\u1ec7u v\u00e0 c\u1ea5u t\u1ea1o c\u1ee7a b\u1ebfp.<\/span><\/p>\n<p><img class=\"aligncenter size-full wp-image-41496\" src=\"https:\/\/thucpham.com\/wp-content\/uploads\/2020\/06\/bep-chien-nhung-don-dung-dien-berjaya-sdf12-001.jpg\" alt=\"\u01afu \u0110i\u1ec3m B\u1ebfp Chi\u00ean Nh\u00fang \u0110\u01a1n D\u00f9ng \u0110i\u1ec7n Berjaya SDF12\" width=\"820\" height=\"656\" srcset=\"https:\/\/thucpham.com\/vinacom\/wp-content\/uploads\/2020\/06\/bep-chien-nhung-don-dung-dien-berjaya-sdf12-001.jpg 820w, https:\/\/thucpham.com\/vinacom\/wp-content\/uploads\/2020\/06\/bep-chien-nhung-don-dung-dien-berjaya-sdf12-001-300x240.jpg 300w, https:\/\/thucpham.com\/vinacom\/wp-content\/uploads\/2020\/06\/bep-chien-nhung-don-dung-dien-berjaya-sdf12-001-768x614.jpg 768w, https:\/\/thucpham.com\/vinacom\/wp-content\/uploads\/2020\/06\/bep-chien-nhung-don-dung-dien-berjaya-sdf12-001-24x19.jpg 24w, https:\/\/thucpham.com\/vinacom\/wp-content\/uploads\/2020\/06\/bep-chien-nhung-don-dung-dien-berjaya-sdf12-001-36x29.jpg 36w, https:\/\/thucpham.com\/vinacom\/wp-content\/uploads\/2020\/06\/bep-chien-nhung-don-dung-dien-berjaya-sdf12-001-48x38.jpg 48w, https:\/\/thucpham.com\/vinacom\/wp-content\/uploads\/2020\/06\/bep-chien-nhung-don-dung-dien-berjaya-sdf12-001-510x408.jpg 510w\" sizes=\"(max-width: 820px) 100vw, 820px\" title=\"\"><\/p>\n<h2><strong><span style=\"font-size: 85%;\">L\u01b0u \u00fd khi d\u00f9ng b\u1ebfp chi\u00ean nh\u00fang \u0111\u01a1n d\u00f9ng \u0111i\u1ec7n Berjaya SDF12<\/span><\/strong><\/h2>\n<ul>\n<li>L\u1eafp \u0111\u1eb7t b\u1ebfp n\u01a1i cao r\u00e1o v\u1eeba t\u1ea7m \u0111\u1ea7u b\u1ebfp v\u00e0 tr\u00e1nh \u1ea9m th\u1ea5p<\/li>\n<li>\u0110i\u1ec1u ch\u1ec9nh nhi\u1ec7t \u0111\u1ed9 ph\u00f9 h\u1ee3p v\u1edbi t\u1eebng m\u00f3n \u0103n<\/li>\n<li>Sau khi s\u1eed d\u1ee5ng b\u1ebfp nh\u1edb v\u1ec7 sinh c\u1ea9n th\u1eadn \u0111\u1ec3 \u0111\u1ea3m b\u1ea3o \u0111\u1ed9 b\u1ec1n b\u1ec9 c\u1ee7a b\u1ebfp<\/li>\n<li>Khi s\u1eed d\u1ee5ng n\u1ebfu th\u1ea5y c\u00f3 d\u1ea5u hi\u1ec7u b\u1ea5t th\u01b0\u1eddng ph\u1ea3i li\u00ean h\u1ec7 ngay k\u0129 thu\u1eadt \u0111\u1ec3 ki\u1ec3m tra<\/li>\n<\/ul>\n<p style=\"text-align: justify;\"><span style=\"font-weight: 400;\">V\u1edbi thi\u1ebft k\u1ebf \u0111\u1eb9p m\u1eaft, nhi\u1ec1u t\u00ednh n\u0103ng \u01b0u vi\u1ec7t, <em>b\u1ebfp chi\u00ean nh\u00fang \u0111\u01a1n d\u00f9ng \u0111i\u1ec7n Berjaya SDF12<\/em> l\u00e0 m\u1ed9t thi\u1ebft b\u1ecb kh\u00f4ng th\u1ec3 thi\u1ebfu trong c\u00e1c kh\u00e1ch s\u1ea1n, nh\u00e0 h\u00e0ng \u0111\u1ed3 \u0103n nhanh, nh\u00e0 h\u00e0ng chuy\u00ean ph\u1ee5c v\u1ee5 m\u00f3n \u00c2u hay h\u1ec7 th\u1ed1ng c\u1eeda h\u00e0ng KFC. B\u1ea1n c\u00f3 th\u1ec3 tham kh\u1ea3o th\u00eam c\u00e1c m\u1eabu <a href=\"https:\/\/thucpham.com\/bep-chien-nhung\/\">b\u1ebfp chi\u00ean nh\u00fang<\/a> kh\u00e1c m\u00e0 Thucpham.com gi\u1edbi thi\u1ec7u sau \u0111\u00e2y nh\u01b0: <\/span><a href=\"https:\/\/thucpham.com\/bep-chien-nhung-don-dung-dien-berjaya-df23s1b-17\/\">B\u1ebfp Chi\u00ean Nh\u00fang \u0110\u01a1n D\u00f9ng \u0110i\u1ec7n Berjaya DF23S1B-17<\/a>, <a href=\"https:\/\/thucpham.com\/bep-chien-nhung-doi-dung-dien-berjaya-sdf12d\/\">B\u1ebfp Chi\u00ean Nh\u00fang \u0110\u00f4i D\u00f9ng \u0110i\u1ec7n Berjaya SDF12D<\/a>,&#8230; h\u00e3y l\u1ef1a ch\u1ecdn cho m\u00ecnh m\u1ed9t s\u1ea3n ph\u1ea9m \u01b0ng \u00fd v\u00e0 ph\u00f9 h\u1ee3p nh\u1ea5t.<\/p>\n","protected":false},"excerpt":{"rendered":"<ul>\n<li style=\"font-weight: 400;\"><span style=\"font-weight: 400;\">Th\u00e2n b\u1ebfp \u0111\u01b0\u1ee3c l\u00e0m b\u1eb1ng th\u00e9p kh\u00f4ng g\u1ec9, b\u1ec1n ch\u1eafc<\/span><\/li>\n<li style=\"font-weight: 400;\"><span style=\"font-weight: 400;\">Ch\u1ebf \u0111\u1ed9 t\u1ef1 ng\u1eaft ngu\u1ed3n \u0111i\u1ec7n khi \u0111\u1ea1t \u0111\u1ebfn nhi\u1ec7t \u0111\u1ed9 \u0111\u00e3 \u0111\u01b0\u1ee3c c\u00e0i \u0111\u1eb7t\u00a0<\/span><\/li>\n<li style=\"font-weight: 400;\"><span style=\"font-weight: 400;\">Van x\u1ea3 d\u1ea7u \u0111i\u1ec7n, d\u1ec5 d\u00e0ng thay l\u01b0\u1ee3ng d\u1ea7u th\u1eeba sau khi \u0111\u00e3 s\u1eed d\u1ee5ng<\/span><\/li>\n<li style=\"font-weight: 400;\"><span style=\"font-weight: 400;\">Thi\u1ebft k\u1ebf linh ho\u1ea1t, c\u00f3 th\u1ec3 th\u00e1o r\u1eddi c\u00e1c b\u1ed9 ph\u1eadn \u0111\u1ec3 v\u1ec7 sinh<\/span><\/li>\n<li style=\"font-weight: 400;\"><span style=\"font-weight: 400;\">Th\u00f9ng ch\u1ee9a d\u1ea7u \u0111\u01b0\u1ee3c trang b\u1ecb 1 l\u1edbp c\u00e1ch nhi\u1ec7t, an to\u00e0n cho d\u00f9ng<\/span><\/li>\n<li style=\"font-weight: 400;\"><span style=\"font-weight: 400;\">Khay chi\u00ean s\u00e2u gi\u00fap chi\u00ean nhi\u1ec1u th\u1ef1c ph\u1ea9m v\u1edbi k\u00edch th\u01b0\u1edbc kh\u00e1c nhau<\/span><\/li>\n<li style=\"font-weight: 400;\"><span style=\"font-weight: 400;\">N\u00fam v\u1eb7n t\u00f9y ch\u1ec9nh nhi\u1ec7t \u0111\u1ed9 thu\u1eadn ti\u1ec7n<\/span><\/li>\n<\/ul>\n","protected":false},"featured_media":36295,"comment_status":"open","ping_status":"closed","template":"","meta":[],"product_cat":[199,247],"product_tag":[],"_links":{"self":[{"href":"https:\/\/thucpham.com\/vinacom\/wp-json\/wp\/v2\/product\/9321"}],"collection":[{"href":"https:\/\/thucpham.com\/vinacom\/wp-json\/wp\/v2\/product"}],"about":[{"href":"https:\/\/thucpham.com\/vinacom\/wp-json\/wp\/v2\/types\/product"}],"replies":[{"embeddable":true,"href":"https:\/\/thucpham.com\/vinacom\/wp-json\/wp\/v2\/comments?post=9321"}],"wp:featuredmedia":[{"embeddable":true,"href":"https:\/\/thucpham.com\/vinacom\/wp-json\/wp\/v2\/media\/36295"}],"wp:attachment":[{"href":"https:\/\/thucpham.com\/vinacom\/wp-json\/wp\/v2\/media?parent=9321"}],"wp:term":[{"taxonomy":"product_cat","embeddable":true,"href":"https:\/\/thucpham.com\/vinacom\/wp-json\/wp\/v2\/product_cat?post=9321"},{"taxonomy":"product_tag","embeddable":true,"href":"https:\/\/thucpham.com\/vinacom\/wp-json\/wp\/v2\/product_tag?post=9321"}],"curies":[{"name":"wp","href":"https:\/\/api.w.org\/{rel}","templated":true}]}}